{"id":1688,"date":"2016-07-11T18:44:45","date_gmt":"2016-07-11T18:44:45","guid":{"rendered":"https:\/\/www.amidacareny.org\/es\/?page_id=1688"},"modified":"2016-07-11T18:45:39","modified_gmt":"2016-07-11T18:45:39","slug":"site-map","status":"publish","type":"page","link":"https:\/\/www.amidacareny.org\/es\/site-map\/","title":{"rendered":"Site Map"},"content":{"rendered":"<div class=\"wsp-container\"><h2 class=\"wsp-pages-title\">P\u00e1ginas<\/h2>\n<ul class=\"wsp-pages-list\">\n<li class=\"page_item page-item-4383\"><a href=\"https:\/\/www.amidacareny.org\/es\/abogacia-organizaciones\/\">Abogac\u00eda Organizaciones<\/a><\/li>\n<li class=\"page_item page-item-4500\"><a href=\"https:\/\/www.amidacareny.org\/es\/actualizaciones-de-coronavirus-para-nuestros-socios\/\">Actualizaciones de coronavirus para nuestros socios<\/a><\/li>\n<li class=\"page_item page-item-4378\"><a href=\"https:\/\/www.amidacareny.org\/es\/agencias-gubernamentales-y-organizacion-de-la-salud\/\">Agencias gubernamentales y organizaci\u00f3n de la salud<\/a><\/li>\n<li class=\"page_item page-item-4686 page_item_has_children parent\"><a href=\"https:\/\/www.amidacareny.org\/es\/lo-atencion-de-salud-parece-como\/\">As\u00ed es como se ve la atenci\u00f3n m\u00e9dica<\/a>\n<ul class='children'>\n\t<li class=\"page_item page-item-4689\"><a href=\"https:\/\/www.amidacareny.org\/es\/lo-atencion-de-salud-parece-como\/asi-es-como-se-ve-la-atencion-medica-agradecer\/\">As\u00ed es como se ve la atenci\u00f3n m\u00e9dica Agradecer<\/a><\/li>\n<\/ul>\n<\/li>\n<li class=\"page_item page-item-5930\"><a href=\"https:\/\/www.amidacareny.org\/es\/bienvenido-a-e\/\">Bienvenido\/a\/e<\/a><\/li>\n<li class=\"page_item page-item-5177\"><a href=\"https:\/\/www.amidacareny.org\/es\/booking\/\">Booking<\/a><\/li>\n<li class=\"page_item page-item-5181\"><a href=\"https:\/\/www.amidacareny.org\/es\/booking-details\/\">Booking Details<\/a><\/li>\n<li class=\"page_item page-item-4422\"><a href=\"https:\/\/www.amidacareny.org\/es\/monthly-calendar\/\">Calendario<\/a><\/li>\n<li class=\"page_item page-item-4622\"><a href=\"https:\/\/www.amidacareny.org\/es\/censo-2020\/\">Censo 2020<\/a><\/li>\n<li class=\"page_item page-item-4375\"><a href=\"https:\/\/www.amidacareny.org\/es\/comprension-adiccion\/\">Comprensi\u00f3n Adicci\u00f3n<\/a><\/li>\n<li class=\"page_item page-item-4666 page_item_has_children parent\"><a href=\"https:\/\/www.amidacareny.org\/es\/de-pie-fuerte\/\">De pie fuerte<\/a>\n<ul class='children'>\n\t<li class=\"page_item page-item-4669\"><a href=\"https:\/\/www.amidacareny.org\/es\/de-pie-fuerte\/de-pie-fuerte-agradecer\/\">De pie fuerte Agradecer<\/a><\/li>\n<\/ul>\n<\/li>\n<li class=\"page_item page-item-5404 page_item_has_children parent\"><a href=\"https:\/\/www.amidacareny.org\/es\/mas-informacion\/\">Empezar<\/a>\n<ul class='children'>\n\t<li class=\"page_item page-item-5409\"><a href=\"https:\/\/www.amidacareny.org\/es\/mas-informacion\/gracias\/\">Gracias<\/a><\/li>\n<\/ul>\n<\/li>\n<li class=\"page_item page-item-6061\"><a href=\"https:\/\/www.amidacareny.org\/es\/mas-informacion-new\/\">Empezar<\/a><\/li>\n<li class=\"page_item page-item-5345\"><a href=\"https:\/\/www.amidacareny.org\/es\/etn_category\/\">Etn Category<\/a><\/li>\n<li class=\"page_item page-item-5347\"><a href=\"https:\/\/www.amidacareny.org\/es\/etn-speaker-category\/\">Etn Speaker Category<\/a><\/li>\n<li class=\"page_item page-item-5346\"><a href=\"https:\/\/www.amidacareny.org\/es\/etn-tags\/\">Etn Tags<\/a><\/li>\n<li class=\"page_item page-item-5182\"><a href=\"https:\/\/www.amidacareny.org\/es\/event-organizers\/\">Event Organizers<\/a><\/li>\n<li class=\"page_item page-item-5175\"><a href=\"https:\/\/www.amidacareny.org\/es\/event-sites-locations\/\">Event Sites &#038; Locations<\/a><\/li>\n<li class=\"page_item page-item-5179\"><a href=\"https:\/\/www.amidacareny.org\/es\/event-types\/\">Event Types<\/a><\/li>\n<li class=\"page_item page-item-5348 page_item_has_children parent\"><a href=\"https:\/\/www.amidacareny.org\/es\/eventos\/\">Eventos<\/a>\n<ul class='children'>\n\t<li class=\"page_item page-item-5350\"><a href=\"https:\/\/www.amidacareny.org\/es\/eventos\/categorias\/\">Categor\u00edas<\/a><\/li>\n\t<li class=\"page_item page-item-5351\"><a href=\"https:\/\/www.amidacareny.org\/es\/eventos\/etiquetas\/\">Etiquetas<\/a><\/li>\n\t<li class=\"page_item page-item-5352\"><a href=\"https:\/\/www.amidacareny.org\/es\/eventos\/mis-reservas\/\">Mis Reservas<\/a><\/li>\n\t<li class=\"page_item page-item-5349\"><a href=\"https:\/\/www.amidacareny.org\/es\/eventos\/ubicaciones\/\">Ubicaciones<\/a><\/li>\n<\/ul>\n<\/li>\n<li class=\"page_item page-item-4361\"><a href=\"https:\/\/www.amidacareny.org\/es\/event-directory\/\">Events<\/a><\/li>\n<li class=\"page_item page-item-5176\"><a href=\"https:\/\/www.amidacareny.org\/es\/events\/\">Events<\/a><\/li>\n<li class=\"page_item page-item-4387\"><a href=\"https:\/\/www.amidacareny.org\/es\/hepatitis-c\/\">Hepatitis C<\/a><\/li>\n<li class=\"page_item page-item-5661\"><a href=\"https:\/\/www.amidacareny.org\/es\/intercambio-de-informacion-de-salud\/\">Intercambio <br> de informaci\u00f3n <br> de salud<\/a><\/li>\n<li class=\"page_item page-item-4909 page_item_has_children parent\"><a href=\"https:\/\/www.amidacareny.org\/es\/nos-encanta-lo-que-eres\/\">Nos Encanta Lo Que Eres<\/a>\n<ul class='children'>\n\t<li class=\"page_item page-item-4913\"><a href=\"https:\/\/www.amidacareny.org\/es\/nos-encanta-lo-que-eres\/nos-encanta-lo-que-eres-gracias\/\">Nos Encanta Lo Que Eres-Gracias<\/a><\/li>\n<\/ul>\n<\/li>\n<li class=\"page_item page-item-2\"><a href=\"https:\/\/www.amidacareny.org\/es\/\">P\u00e1gina de Inicio<\/a><\/li>\n<li class=\"page_item page-item-5174\"><a href=\"https:\/\/www.amidacareny.org\/es\/performers\/\">Performers<\/a><\/li>\n<li class=\"page_item page-item-4385\"><a href=\"https:\/\/www.amidacareny.org\/es\/prevencion-del-vih\/\">Prevenci\u00f3n del VIH<\/a><\/li>\n<li class=\"page_item page-item-5493\"><a href=\"https:\/\/www.amidacareny.org\/es\/recertificacion\/\">Recertificaci\u00f3n<\/a><\/li>\n<li class=\"page_item page-item-4366\"><a href=\"https:\/\/www.amidacareny.org\/es\/recursos-lgbtq\/\">Recursos LGBTQ<\/a><\/li>\n<li class=\"page_item page-item-4365\"><a href=\"https:\/\/www.amidacareny.org\/es\/recursos-para-el-vih\/\">Recursos para el VIH<\/a><\/li>\n<li class=\"page_item page-item-5860\"><a href=\"https:\/\/www.amidacareny.org\/es\/servicios-de-salud-sexual-y-prevencion-del-vih\/\">Servicios de salud sexual y prevenci\u00f3n del VIH<\/a><\/li>\n<li class=\"page_item page-item-5415\"><a href=\"https:\/\/www.amidacareny.org\/es\/servicios-odontologicos-y-oftalmologicos\/\">Servicios Odontol\u00f3gicos y Oftalmol\u00f3gicos<\/a><\/li>\n<li class=\"page_item page-item-4388\"><a href=\"https:\/\/www.amidacareny.org\/es\/sin-hogar\/\">Sin hogar<\/a><\/li>\n<li class=\"page_item page-item-5180\"><a href=\"https:\/\/www.amidacareny.org\/es\/submit-event\/\">Submit Event<\/a><\/li>\n<li class=\"page_item page-item-4386\"><a href=\"https:\/\/www.amidacareny.org\/es\/tratamiento-del-vih\/\">Tratamiento del VIH<\/a><\/li>\n<li class=\"page_item page-item-5178\"><a href=\"https:\/\/www.amidacareny.org\/es\/user-profile\/\">User Profile<\/a><\/li>\n<li class=\"page_item page-item-646 page_item_has_children parent\"><a href=\"https:\/\/www.amidacareny.org\/es\/como-contactarnos\/\">C\u00f3mo Contactarnos<\/a>\n<ul class='children'>\n\t<li class=\"page_item page-item-648\"><a href=\"https:\/\/www.amidacareny.org\/es\/como-contactarnos\/reporta-un-fraude\/\">Reporta un Fraude<\/a><\/li>\n<\/ul>\n<\/li>\n<li class=\"page_item page-item-554 page_item_has_children parent\"><a href=\"https:\/\/www.amidacareny.org\/es\/nuestro-plan-medicaid-live-life-plus\/\">Nuestro Plan Medicaid \u00abLive Life Plus\u00bb<\/a>\n<ul class='children'>\n\t<li class=\"page_item page-item-4205\"><a href=\"https:\/\/www.amidacareny.org\/es\/nuestro-plan-medicaid-live-life-plus\/prep-y-pep\/\">PrEP y PEP<\/a><\/li>\n\t<li class=\"page_item page-item-4170\"><a href=\"https:\/\/www.amidacareny.org\/es\/nuestro-plan-medicaid-live-life-plus\/servicios-de-salud-transgenero\/\">Servicios de Salud Transg\u00e9nero \/ TGNB<\/a><\/li>\n\t<li class=\"page_item page-item-4181\"><a href=\"https:\/\/www.amidacareny.org\/es\/nuestro-plan-medicaid-live-life-plus\/servicios-para-ninos\/\">Servicios para ni\u00f1os<\/a><\/li>\n\t<li class=\"page_item page-item-564\"><a href=\"https:\/\/www.amidacareny.org\/es\/nuestro-plan-medicaid-live-life-plus\/tu-equipo-de-cuidado\/\">Tu Equipo de Cuidado<\/a><\/li>\n\t<li class=\"page_item page-item-851\"><a href=\"https:\/\/www.amidacareny.org\/es\/nuestro-plan-medicaid-live-life-plus\/nuestra-red-de-proveedores\/\">Nuestra Red de Proveedores<\/a><\/li>\n\t<li class=\"page_item page-item-572\"><a href=\"https:\/\/www.amidacareny.org\/es\/nuestro-plan-medicaid-live-life-plus\/informacion-de-farmacia\/\">Informaci\u00f3n de Farmacia<\/a><\/li>\n\t<li class=\"page_item page-item-803\"><a href=\"https:\/\/www.amidacareny.org\/es\/nuestro-plan-medicaid-live-life-plus\/salud-del-comportamiento\/\">Salud del Comportamiento<\/a><\/li>\n\t<li class=\"page_item page-item-6059\"><a href=\"https:\/\/www.amidacareny.org\/es\/nuestro-plan-medicaid-live-life-plus\/inscribete-a-nuestro-plan-new\/\">Inscr\u00edbete a Nuestro Plan New<\/a><\/li>\n\t<li class=\"page_item page-item-562\"><a href=\"https:\/\/www.amidacareny.org\/es\/nuestro-plan-medicaid-live-life-plus\/preguntas-frequentes\/\">Preguntas Frequentes<\/a><\/li>\n<\/ul>\n<\/li>\n<li class=\"page_item page-item-614\"><a href=\"https:\/\/www.amidacareny.org\/es\/provider-services\/\">Servicios para proveedores<\/a><\/li>\n<li class=\"page_item page-item-540 page_item_has_children parent\"><a href=\"https:\/\/www.amidacareny.org\/es\/sobre-nosotros\/\">Sobre Nosotros<\/a>\n<ul class='children'>\n\t<li class=\"page_item page-item-5532\"><a href=\"https:\/\/www.amidacareny.org\/es\/sobre-nosotros\/20-anos-de-servicio\/\">20 a\u00f1os de servicio<\/a><\/li>\n\t<li class=\"page_item page-item-1747\"><a href=\"https:\/\/www.amidacareny.org\/es\/sobre-nosotros\/nuestros-proveedores\/\">Nuestros Proveedores<\/a><\/li>\n\t<li class=\"page_item page-item-1801\"><a href=\"https:\/\/www.amidacareny.org\/es\/sobre-nosotros\/nuestro-modelo-de-cuidado\/\">Nuestro Modelo de Cuidado<\/a><\/li>\n\t<li class=\"page_item page-item-2286\"><a href=\"https:\/\/www.amidacareny.org\/es\/sobre-nosotros\/junta-directiva\/\">Junta Directiva<\/a><\/li>\n\t<li class=\"page_item page-item-546\"><a href=\"https:\/\/www.amidacareny.org\/es\/sobre-nosotros\/cumplimiento-corporativo\/\">Cumplimiento Corporativo<\/a><\/li>\n\t<li class=\"page_item page-item-2803 page_item_has_children parent\"><a href=\"https:\/\/www.amidacareny.org\/es\/sobre-nosotros\/defensa-e-investigacion\/\">Defensa e Investigaci\u00f3n<\/a>\n\t<ul class='children'>\n\t\t<li class=\"page_item page-item-4645\"><a href=\"https:\/\/www.amidacareny.org\/es\/sobre-nosotros\/defensa-e-investigacion\/vota\/\">VOTEMOS 2024<\/a><\/li>\n\t<\/ul>\n<\/li>\n\t<li class=\"page_item page-item-548\"><a href=\"https:\/\/www.amidacareny.org\/es\/sobre-nosotros\/apoya-nuestro-trabajo\/\">Apoya Nuestro Trabajo<\/a><\/li>\n\t<li class=\"page_item page-item-550\"><a href=\"https:\/\/www.amidacareny.org\/es\/sobre-nosotros\/carreras\/\">Carreras<\/a><\/li>\n<\/ul>\n<\/li>\n<li class=\"page_item page-item-596 page_item_has_children parent\"><a href=\"https:\/\/www.amidacareny.org\/es\/para-miembros\/\">Programas y Servicios para Socios<\/a>\n<ul class='children'>\n\t<li class=\"page_item page-item-4352\"><a href=\"https:\/\/www.amidacareny.org\/es\/para-miembros\/cuidado-coordinado\/\">Cuidados Coordinados<\/a><\/li>\n\t<li class=\"page_item page-item-4842\"><a href=\"https:\/\/www.amidacareny.org\/es\/para-miembros\/entrega-de-comidas\/\">Entrega de comidas<\/a><\/li>\n\t<li class=\"page_item page-item-4813\"><a href=\"https:\/\/www.amidacareny.org\/es\/para-miembros\/faqs-de-socios\/\">FAQs de Socios<\/a><\/li>\n\t<li class=\"page_item page-item-3802\"><a href=\"https:\/\/www.amidacareny.org\/es\/para-miembros\/manual-para-socios\/\">Manual para Socios<\/a><\/li>\n\t<li class=\"page_item page-item-4752 page_item_has_children parent\"><a href=\"https:\/\/www.amidacareny.org\/es\/para-miembros\/my-amida-care\/\">My Amida Care<\/a>\n\t<ul class='children'>\n\t\t<li class=\"page_item page-item-4816\"><a href=\"https:\/\/www.amidacareny.org\/es\/para-miembros\/my-amida-care\/agradecer\/\">Agradecer<\/a><\/li>\n\t\t<li class=\"page_item page-item-4824\"><a href=\"https:\/\/www.amidacareny.org\/es\/para-miembros\/my-amida-care\/mi-amida-care-forma\/\">Formulario de registro de My Amida Care<\/a><\/li>\n\t<\/ul>\n<\/li>\n\t<li class=\"page_item page-item-4501\"><a href=\"https:\/\/www.amidacareny.org\/es\/para-miembros\/noticias-para-socios\/\">Noticias para Socios<\/a><\/li>\n\t<li class=\"page_item page-item-598\"><a href=\"https:\/\/www.amidacareny.org\/es\/para-miembros\/beneficios-de-tu-plan\/\">Beneficios de tu Plan<\/a><\/li>\n\t<li class=\"page_item page-item-602\"><a href=\"https:\/\/www.amidacareny.org\/es\/para-miembros\/programas-y-servicios-para-socios\/\">Programas y Servicios para Socios<\/a><\/li>\n\t<li class=\"page_item page-item-604 page_item_has_children parent\"><a href=\"https:\/\/www.amidacareny.org\/es\/para-miembros\/gana-incentivos-saludables\/\">Gana Incentivos Saludables<\/a>\n\t<ul class='children'>\n\t\t<li class=\"page_item page-item-1547\"><a href=\"https:\/\/www.amidacareny.org\/es\/para-miembros\/gana-incentivos-saludables\/healthy-rewards-faqs\/\">Healthy Rewards FAQs<\/a><\/li>\n\t\t<li class=\"page_item page-item-4866\"><a href=\"https:\/\/www.amidacareny.org\/es\/para-miembros\/gana-incentivos-saludables\/live-well\/\">Live Well<\/a><\/li>\n\t\t<li class=\"page_item page-item-1716\"><a href=\"https:\/\/www.amidacareny.org\/es\/para-miembros\/gana-incentivos-saludables\/preguntas-mas-frecuentes-sobre-healthy-rewards\/\">Healthy Rewards FAQs &#8211; Spanish<\/a><\/li>\n\t<\/ul>\n<\/li>\n\t<li class=\"page_item page-item-606\"><a href=\"https:\/\/www.amidacareny.org\/es\/para-miembros\/programa-para-el-bienestar-vive-tu-vida-live-your-life\/\">Programa de bienestar Vive tu vida<\/a><\/li>\n\t<li class=\"page_item page-item-4070\"><a href=\"https:\/\/www.amidacareny.org\/es\/para-miembros\/programa-viva-su-vida-indetectable\/\">Programa Vive tu Vida Indetectable<\/a><\/li>\n\t<li class=\"page_item page-item-608\"><a href=\"https:\/\/www.amidacareny.org\/es\/para-miembros\/las-voces-de-nuestros-socios\/\">Las Voces de Nuestros Socios<\/a><\/li>\n<\/ul>\n<\/li>\n<li class=\"page_item page-item-2765\"><a href=\"https:\/\/www.amidacareny.org\/es\/amida-cares-dsrip-initiatives\/\">Amida Care\u2019s DSRIP Initiatives<\/a><\/li>\n<li class=\"page_item page-item-612 page_item_has_children parent\"><a href=\"https:\/\/www.amidacareny.org\/es\/for-providers\/\">For Providers<\/a>\n<ul class='children'>\n\t<li class=\"page_item page-item-616\"><a href=\"https:\/\/www.amidacareny.org\/es\/for-providers\/find-a-provider\/\">Encuentre un Proveedor<\/a><\/li>\n\t<li class=\"page_item page-item-618 page_item_has_children parent\"><a href=\"https:\/\/www.amidacareny.org\/es\/for-providers\/become-an-amida-care-provider\/\">Convi\u00e9rtete en un proveedor<\/a>\n\t<ul class='children'>\n\t\t<li class=\"page_item page-item-1192\"><a href=\"https:\/\/www.amidacareny.org\/es\/for-providers\/become-an-amida-care-provider\/primary-care-provider-credentialing-criteria\/\">Primary Care Provider Credentialing Criteria<\/a><\/li>\n\t<\/ul>\n<\/li>\n\t<li class=\"page_item page-item-620 page_item_has_children parent\"><a href=\"https:\/\/www.amidacareny.org\/es\/for-providers\/provider-news\/\">Provider News<\/a>\n\t<ul class='children'>\n\t\t<li class=\"page_item page-item-1094\"><a href=\"https:\/\/www.amidacareny.org\/es\/for-providers\/provider-news\/newsletter-archive\/\">Newsletter Archive<\/a><\/li>\n\t\t<li class=\"page_item page-item-622\"><a href=\"https:\/\/www.amidacareny.org\/es\/for-providers\/provider-news\/utilization-management\/\">Utilization Management<\/a><\/li>\n\t\t<li class=\"page_item page-item-624\"><a href=\"https:\/\/www.amidacareny.org\/es\/for-providers\/provider-news\/restricted-recipient-program\/\">Restricted Recipient Program<\/a><\/li>\n\t\t<li class=\"page_item page-item-628\"><a href=\"https:\/\/www.amidacareny.org\/es\/for-providers\/provider-news\/provider-resources\/\">Recursos del proveedor<\/a><\/li>\n\t\t<li class=\"page_item page-item-630\"><a href=\"https:\/\/www.amidacareny.org\/es\/for-providers\/provider-news\/formulary\/\">Formulary<\/a><\/li>\n\t\t<li class=\"page_item page-item-632\"><a href=\"https:\/\/www.amidacareny.org\/es\/for-providers\/provider-news\/faqs\/\">FAQS<\/a><\/li>\n\t<\/ul>\n<\/li>\n<\/ul>\n<\/li>\n<li class=\"page_item page-item-634 page_item_has_children parent\"><a href=\"https:\/\/www.amidacareny.org\/es\/media-center\/\">Media Center<\/a>\n<ul class='children'>\n\t<li class=\"page_item page-item-685 page_item_has_children parent\"><a href=\"https:\/\/www.amidacareny.org\/es\/media-center\/eventos\/\">Eventos<\/a>\n\t<ul class='children'>\n\t\t<li class=\"page_item page-item-2365 page_item_has_children parent\"><a href=\"https:\/\/www.amidacareny.org\/es\/media-center\/eventos\/eventos-para-socios\/\">Eventos para Socios<\/a>\n\t\t<ul class='children'>\n\t\t\t<li class=\"page_item page-item-3933\"><a href=\"https:\/\/www.amidacareny.org\/es\/media-center\/eventos\/eventos-para-socios\/archivo-vive-tu-vida-live-your-life\/\">Archivo \u201cVive tu Vida\u201d (Live Your Life)<\/a><\/li>\n\t\t<\/ul>\n<\/li>\n\t<\/ul>\n<\/li>\n\t<li class=\"page_item page-item-3429\"><a href=\"https:\/\/www.amidacareny.org\/es\/media-center\/lgbtq-youth-resources-page\/\">LGBTQ Youth Resources<\/a><\/li>\n\t<li class=\"page_item page-item-5452\"><a href=\"https:\/\/www.amidacareny.org\/es\/media-center\/panel-de-oradores\/\">Panel de oradores<\/a><\/li>\n\t<li class=\"page_item page-item-636\"><a href=\"https:\/\/www.amidacareny.org\/es\/media-center\/amida-care-news\/\">Amida Care News<\/a><\/li>\n\t<li class=\"page_item page-item-1205\"><a href=\"https:\/\/www.amidacareny.org\/es\/media-center\/media-coverage\/\">Media Coverage<\/a><\/li>\n\t<li class=\"page_item page-item-638\"><a href=\"https:\/\/www.amidacareny.org\/es\/media-center\/press-releases\/\">Press Releases<\/a><\/li>\n\t<li class=\"page_item page-item-5628\"><a href=\"https:\/\/www.amidacareny.org\/es\/media-center\/detalles-sobre-nosotros\/\">Detalles Sobre Nosotros<\/a><\/li>\n\t<li class=\"page_item page-item-1521\"><a href=\"https:\/\/www.amidacareny.org\/es\/media-center\/media-tools\/\">Media Tools<\/a><\/li>\n<\/ul>\n<\/li>\n<li class=\"page_item page-item-644\"><a href=\"https:\/\/www.amidacareny.org\/es\/contactanos\/\">Cont\u00e1ctanos<\/a><\/li>\n<li class=\"page_item page-item-938 page_item_has_children parent\"><a href=\"https:\/\/www.amidacareny.org\/es\/recursos-de-salud\/\">Recursos de Salud<\/a>\n<ul class='children'>\n\t<li class=\"page_item page-item-2056\"><a href=\"https:\/\/www.amidacareny.org\/es\/recursos-de-salud\/amida-care-prep-abcs\/\">Amida Care PrEP ABC&#8217;s<\/a><\/li>\n\t<li class=\"page_item page-item-4377\"><a href=\"https:\/\/www.amidacareny.org\/es\/recursos-de-salud\/educacion-sanitaria\/\">Educaci\u00f3n sanitaria<\/a><\/li>\n\t<li class=\"page_item page-item-2029\"><a href=\"https:\/\/www.amidacareny.org\/es\/recursos-de-salud\/trans-health-resources\/\">Trans Health Resources<\/a><\/li>\n\t<li class=\"page_item page-item-610 page_item_has_children parent\"><a href=\"https:\/\/www.amidacareny.org\/es\/recursos-de-salud\/publicaciones\/\">Publicaciones<\/a>\n\t<ul class='children'>\n\t\t<li class=\"page_item page-item-1467\"><a href=\"https:\/\/www.amidacareny.org\/es\/recursos-de-salud\/publicaciones\/archivo\/\">Archivo<\/a><\/li>\n\t<\/ul>\n<\/li>\n<\/ul>\n<\/li>\n<li class=\"page_item page-item-698\"><a href=\"https:\/\/www.amidacareny.org\/es\/declaracion-de-privacidad\/\">Declaraci\u00f3n de Privacidad<\/a><\/li>\n<li class=\"page_item page-item-700\"><a href=\"https:\/\/www.amidacareny.org\/es\/terminos-de-uso\/\">T\u00e9rminos de Uso<\/a><\/li>\n<\/ul>\n<\/div>\n","protected":false},"excerpt":{"rendered":"","protected":false},"author":1,"featured_media":0,"parent":0,"menu_order":400,"comment_status":"closed","ping_status":"closed","template":"","meta":{"_acf_changed":false,"footnotes":""},"class_list":["post-1688","page","type-page","status-publish","hentry"],"acf":[],"yoast_head":"<!-- This site is optimized with the Yoast SEO plugin v27.3 - https:\/\/yoast.com\/product\/yoast-seo-wordpress\/ -->\n<title>Site Map - Amida Care: Espanol<\/title>\n<meta name=\"robots\" content=\"index, follow, max-snippet:-1, max-image-preview:large, max-video-preview:-1\" \/>\n<link rel=\"canonical\" href=\"https:\/\/www.amidacareny.org\/es\/site-map\/\" class=\"yoast-seo-meta-tag\" \/>\n<meta property=\"og:locale\" content=\"es_ES\" class=\"yoast-seo-meta-tag\" \/>\n<meta property=\"og:type\" content=\"article\" class=\"yoast-seo-meta-tag\" \/>\n<meta property=\"og:title\" content=\"Site Map - Amida Care: Espanol\" class=\"yoast-seo-meta-tag\" \/>\n<meta property=\"og:url\" content=\"https:\/\/www.amidacareny.org\/es\/site-map\/\" class=\"yoast-seo-meta-tag\" \/>\n<meta property=\"og:site_name\" content=\"Amida Care: Espanol\" class=\"yoast-seo-meta-tag\" \/>\n<meta property=\"article:modified_time\" content=\"2016-07-11T18:45:39+00:00\" class=\"yoast-seo-meta-tag\" \/>\n<meta name=\"twitter:card\" content=\"summary_large_image\" class=\"yoast-seo-meta-tag\" \/>\n<script type=\"application\/ld+json\" class=\"yoast-schema-graph\">{\"@context\":\"https:\\\/\\\/schema.org\",\"@graph\":[{\"@type\":\"WebPage\",\"@id\":\"https:\\\/\\\/www.amidacareny.org\\\/es\\\/site-map\\\/\",\"url\":\"https:\\\/\\\/www.amidacareny.org\\\/es\\\/site-map\\\/\",\"name\":\"Site Map - Amida Care: Espanol\",\"isPartOf\":{\"@id\":\"https:\\\/\\\/www.amidacareny.org\\\/es\\\/#website\"},\"datePublished\":\"2016-07-11T18:44:45+00:00\",\"dateModified\":\"2016-07-11T18:45:39+00:00\",\"breadcrumb\":{\"@id\":\"https:\\\/\\\/www.amidacareny.org\\\/es\\\/site-map\\\/#breadcrumb\"},\"inLanguage\":\"es\",\"potentialAction\":[{\"@type\":\"ReadAction\",\"target\":[\"https:\\\/\\\/www.amidacareny.org\\\/es\\\/site-map\\\/\"]}]},{\"@type\":\"BreadcrumbList\",\"@id\":\"https:\\\/\\\/www.amidacareny.org\\\/es\\\/site-map\\\/#breadcrumb\",\"itemListElement\":[{\"@type\":\"ListItem\",\"position\":1,\"name\":\"Portada\",\"item\":\"https:\\\/\\\/www.amidacareny.org\\\/es\\\/\"},{\"@type\":\"ListItem\",\"position\":2,\"name\":\"Site Map\"}]},{\"@type\":\"WebSite\",\"@id\":\"https:\\\/\\\/www.amidacareny.org\\\/es\\\/#website\",\"url\":\"https:\\\/\\\/www.amidacareny.org\\\/es\\\/\",\"name\":\"Amida Care: Espanol\",\"description\":\"Proveedor de planes de salud sin fines de lucro en NYC.\",\"potentialAction\":[{\"@type\":\"SearchAction\",\"target\":{\"@type\":\"EntryPoint\",\"urlTemplate\":\"https:\\\/\\\/www.amidacareny.org\\\/es\\\/?s={search_term_string}\"},\"query-input\":{\"@type\":\"PropertyValueSpecification\",\"valueRequired\":true,\"valueName\":\"search_term_string\"}}],\"inLanguage\":\"es\"}]}<\/script>\n<!-- \/ Yoast SEO plugin. -->","yoast_head_json":{"title":"Site Map - Amida Care: Espanol","robots":{"index":"index","follow":"follow","max-snippet":"max-snippet:-1","max-image-preview":"max-image-preview:large","max-video-preview":"max-video-preview:-1"},"canonical":"https:\/\/www.amidacareny.org\/es\/site-map\/","og_locale":"es_ES","og_type":"article","og_title":"Site Map - Amida Care: Espanol","og_url":"https:\/\/www.amidacareny.org\/es\/site-map\/","og_site_name":"Amida Care: Espanol","article_modified_time":"2016-07-11T18:45:39+00:00","twitter_card":"summary_large_image","schema":{"@context":"https:\/\/schema.org","@graph":[{"@type":"WebPage","@id":"https:\/\/www.amidacareny.org\/es\/site-map\/","url":"https:\/\/www.amidacareny.org\/es\/site-map\/","name":"Site Map - Amida Care: Espanol","isPartOf":{"@id":"https:\/\/www.amidacareny.org\/es\/#website"},"datePublished":"2016-07-11T18:44:45+00:00","dateModified":"2016-07-11T18:45:39+00:00","breadcrumb":{"@id":"https:\/\/www.amidacareny.org\/es\/site-map\/#breadcrumb"},"inLanguage":"es","potentialAction":[{"@type":"ReadAction","target":["https:\/\/www.amidacareny.org\/es\/site-map\/"]}]},{"@type":"BreadcrumbList","@id":"https:\/\/www.amidacareny.org\/es\/site-map\/#breadcrumb","itemListElement":[{"@type":"ListItem","position":1,"name":"Portada","item":"https:\/\/www.amidacareny.org\/es\/"},{"@type":"ListItem","position":2,"name":"Site Map"}]},{"@type":"WebSite","@id":"https:\/\/www.amidacareny.org\/es\/#website","url":"https:\/\/www.amidacareny.org\/es\/","name":"Amida Care: Espanol","description":"Proveedor de planes de salud sin fines de lucro en NYC.","potentialAction":[{"@type":"SearchAction","target":{"@type":"EntryPoint","urlTemplate":"https:\/\/www.amidacareny.org\/es\/?s={search_term_string}"},"query-input":{"@type":"PropertyValueSpecification","valueRequired":true,"valueName":"search_term_string"}}],"inLanguage":"es"}]}},"_links":{"self":[{"href":"https:\/\/www.amidacareny.org\/es\/wp-json\/wp\/v2\/pages\/1688","targetHints":{"allow":["GET"]}}],"collection":[{"href":"https:\/\/www.amidacareny.org\/es\/wp-json\/wp\/v2\/pages"}],"about":[{"href":"https:\/\/www.amidacareny.org\/es\/wp-json\/wp\/v2\/types\/page"}],"author":[{"embeddable":true,"href":"https:\/\/www.amidacareny.org\/es\/wp-json\/wp\/v2\/users\/1"}],"replies":[{"embeddable":true,"href":"https:\/\/www.amidacareny.org\/es\/wp-json\/wp\/v2\/comments?post=1688"}],"version-history":[{"count":0,"href":"https:\/\/www.amidacareny.org\/es\/wp-json\/wp\/v2\/pages\/1688\/revisions"}],"wp:attachment":[{"href":"https:\/\/www.amidacareny.org\/es\/wp-json\/wp\/v2\/media?parent=1688"}],"curies":[{"name":"wp","href":"https:\/\/api.w.org\/{rel}","templated":true}]}}