{"id":1801,"date":"2016-07-26T13:28:12","date_gmt":"2016-07-26T13:28:12","guid":{"rendered":"https:\/\/www.amidacareny.org\/es\/?page_id=1801"},"modified":"2023-03-23T08:49:13","modified_gmt":"2023-03-23T12:49:13","slug":"nuestro-modelo-de-cuidado","status":"publish","type":"page","link":"https:\/\/www.amidacareny.org\/es\/sobre-nosotros\/nuestro-modelo-de-cuidado\/","title":{"rendered":"Nuestro Modelo de Cuidado"},"content":{"rendered":"<h2><span style=\"color: #ea2529;\">Dando Nuestro M\u00e1ximo<\/span><\/h2>\n<p>Amida Care trabaja en estrecha colaboraci\u00f3n con nuestros socios ofreci\u00e9ndoles un\u00a0<a href=\"https:\/\/www.amidacareny.org\/es\/nuestro-plan\/nuestro-plan-medicaid-live-life-plus\/tu-equipo-de-cuidado\/\" target=\"_blank\" rel=\"noopener noreferrer\">equipo dedicado<\/a> de proveedores, trabajadores sociales, navegadores de salud, especialistas en salud mental y un hogar m\u00e9dico designado.<\/p>\n<p>Nuestro objetivo m\u00e1s importante es ayudar a cada socio a vivir una vida m\u00e1s sana en todos los sentidos. Logramos esto alentando a nuestros socios y a sus m\u00e9dicos a trabajar en conjunto para tomar las mejores decisiones para la mejor atenci\u00f3n relacionada a chequeos de diagn\u00f3stico, especialistas, hospitalizaci\u00f3n, cuidado en el hogar, salud mental, cuidado de la vista y m\u00e1s. Los proveedores de atenci\u00f3n de Amida cubren todas las necesidades especiales y complejas de sus pacientes, incluyendo la administraci\u00f3n de atenci\u00f3n m\u00e9dica completa y asistencia con los desaf\u00edos de estilo de vida que pueden surgir.<\/p>\n<h3><span style=\"color: #ea2529;\">El historial de primera de Amida Care se basa en varios principios:<\/span><\/h3>\n<ul>\n<li><strong><span style=\"color: #ea2529;\">Abogac\u00eda<\/span><\/strong>\u00a0&#8211; Un Coordinador de Cuidado en Amida Care ayuda a los socios a recibir los beneficios y servicios a los que tienen derecho, incluyendo transporte y cuidado de salud en el hogar.<\/li>\n<li><strong><span style=\"color: #ea2529;\">Disponibilidad<\/span><\/strong> &#8211; El manejo de casos de base comunitaria ayuda con asuntos como vivienda, asistencia legal y recertificaci\u00f3n de Medicaid.<\/li>\n<li><span style=\"color: #ea2529;\"><b><strong>Acceso\u00a0<\/strong><\/b><\/span>&#8211; Amida Care tiene una gran red de proveedores y coordina citas para que los socios sean atentidos lo m\u00e1s r\u00e1pido posible. Muchos proveedores atienden a los socios en sus oficinas privadas, no en cl\u00ednicas.<\/li>\n<li><strong><span style=\"color: #ea2529;\">Acci\u00f3n R\u00e1pida<\/span><\/strong>\u00a0&#8211; Debido a que las decisiones son tomadas por el Proveedor de Atenci\u00f3n Primaria (PCP) y el Director M\u00e9dico de Amida Care, los servicios son aprobados m\u00e1s r\u00e1pido.<\/li>\n<li><strong><span style=\"color: #ea2529;\">Coordinaci\u00f3n<\/span><\/strong>\u00a0&#8211; Amida Care trabaja en estrecha colaboraci\u00f3n con cada socio, los hospitales, los especialistas y los manejadores comunitarios de casos.<\/li>\n<li><strong><span style=\"color: #ea2529;\">Participaci\u00f3n De los Socios<\/span><\/strong>\u00a0&#8211; Las oportunidades para los socios incluyen posiciones con estipendio y servir en el Consejo Asesor de Socios (MAC por sus siglas en ingl\u00e9s) o en la Junta Directiva.<\/li>\n<\/ul>\n<p>As\u00ed como tratamos de dar nuestro m\u00e1ximo para nuestros compa\u00f1eros de trabajo, amigos y vecinos, hacemos lo mismo para nuestros socios y proveedores.<\/p>\n<p>Creemos en dar lo m\u00e1ximo para ti. Estas no son palabras huecas, sino la base de cada decisi\u00f3n que tomamos mientras trabajamos para mejorar el acceso a una atenci\u00f3n m\u00e9dica de calidad.<\/p>\n","protected":false},"excerpt":{"rendered":"<p>Dando Nuestro M\u00e1ximo Amida Care trabaja en estrecha colaboraci\u00f3n con nuestros socios ofreci\u00e9ndoles un\u00a0equipo dedicado de proveedores, trabajadores sociales, navegadores de salud, especialistas en salud&#8230;<\/p>\n","protected":false},"author":1,"featured_media":0,"parent":540,"menu_order":1,"comment_status":"closed","ping_status":"closed","template":"","meta":{"_acf_changed":false,"footnotes":""},"class_list":["post-1801","page","type-page","status-publish","hentry"],"acf":[],"yoast_head":"<!-- This site is optimized with the Yoast SEO plugin v27.3 - https:\/\/yoast.com\/product\/yoast-seo-wordpress\/ -->\n<title>Nuestro Modelo de Cuidado | Amida Care: Espa\u00f1ol<\/title>\n<meta name=\"robots\" content=\"index, follow, max-snippet:-1, max-image-preview:large, max-video-preview:-1\" \/>\n<link rel=\"canonical\" href=\"https:\/\/www.amidacareny.org\/es\/sobre-nosotros\/nuestro-modelo-de-cuidado\/\" class=\"yoast-seo-meta-tag\" \/>\n<meta property=\"og:locale\" content=\"es_ES\" class=\"yoast-seo-meta-tag\" \/>\n<meta property=\"og:type\" content=\"article\" class=\"yoast-seo-meta-tag\" \/>\n<meta property=\"og:title\" content=\"Nuestro Modelo de Cuidado | Amida Care: Espa\u00f1ol\" class=\"yoast-seo-meta-tag\" \/>\n<meta property=\"og:description\" content=\"Dando Nuestro M\u00e1ximo Amida Care trabaja en estrecha colaboraci\u00f3n con nuestros socios ofreci\u00e9ndoles un\u00a0equipo dedicado de proveedores, trabajadores sociales, navegadores de salud, especialistas en salud...\" class=\"yoast-seo-meta-tag\" \/>\n<meta property=\"og:url\" content=\"https:\/\/www.amidacareny.org\/es\/sobre-nosotros\/nuestro-modelo-de-cuidado\/\" class=\"yoast-seo-meta-tag\" \/>\n<meta property=\"og:site_name\" content=\"Amida Care: Espanol\" class=\"yoast-seo-meta-tag\" \/>\n<meta property=\"article:modified_time\" content=\"2023-03-23T12:49:13+00:00\" class=\"yoast-seo-meta-tag\" \/>\n<meta name=\"twitter:card\" content=\"summary_large_image\" class=\"yoast-seo-meta-tag\" \/>\n<meta name=\"twitter:label1\" content=\"Tiempo de lectura\" class=\"yoast-seo-meta-tag\" \/>\n\t<meta name=\"twitter:data1\" content=\"2 minutos\" class=\"yoast-seo-meta-tag\" \/>\n<script type=\"application\/ld+json\" class=\"yoast-schema-graph\">{\"@context\":\"https:\\\/\\\/schema.org\",\"@graph\":[{\"@type\":\"WebPage\",\"@id\":\"https:\\\/\\\/www.amidacareny.org\\\/es\\\/sobre-nosotros\\\/nuestro-modelo-de-cuidado\\\/\",\"url\":\"https:\\\/\\\/www.amidacareny.org\\\/es\\\/sobre-nosotros\\\/nuestro-modelo-de-cuidado\\\/\",\"name\":\"Nuestro Modelo de Cuidado | Amida Care: Espa\u00f1ol\",\"isPartOf\":{\"@id\":\"https:\\\/\\\/www.amidacareny.org\\\/es\\\/#website\"},\"datePublished\":\"2016-07-26T13:28:12+00:00\",\"dateModified\":\"2023-03-23T12:49:13+00:00\",\"breadcrumb\":{\"@id\":\"https:\\\/\\\/www.amidacareny.org\\\/es\\\/sobre-nosotros\\\/nuestro-modelo-de-cuidado\\\/#breadcrumb\"},\"inLanguage\":\"es\",\"potentialAction\":[{\"@type\":\"ReadAction\",\"target\":[\"https:\\\/\\\/www.amidacareny.org\\\/es\\\/sobre-nosotros\\\/nuestro-modelo-de-cuidado\\\/\"]}]},{\"@type\":\"BreadcrumbList\",\"@id\":\"https:\\\/\\\/www.amidacareny.org\\\/es\\\/sobre-nosotros\\\/nuestro-modelo-de-cuidado\\\/#breadcrumb\",\"itemListElement\":[{\"@type\":\"ListItem\",\"position\":1,\"name\":\"Portada\",\"item\":\"https:\\\/\\\/www.amidacareny.org\\\/es\\\/\"},{\"@type\":\"ListItem\",\"position\":2,\"name\":\"Sobre Nosotros\",\"item\":\"https:\\\/\\\/www.amidacareny.org\\\/es\\\/sobre-nosotros\\\/\"},{\"@type\":\"ListItem\",\"position\":3,\"name\":\"Nuestro Modelo de Cuidado\"}]},{\"@type\":\"WebSite\",\"@id\":\"https:\\\/\\\/www.amidacareny.org\\\/es\\\/#website\",\"url\":\"https:\\\/\\\/www.amidacareny.org\\\/es\\\/\",\"name\":\"Amida Care: Espanol\",\"description\":\"Proveedor de planes de salud sin fines de lucro en NYC.\",\"potentialAction\":[{\"@type\":\"SearchAction\",\"target\":{\"@type\":\"EntryPoint\",\"urlTemplate\":\"https:\\\/\\\/www.amidacareny.org\\\/es\\\/?s={search_term_string}\"},\"query-input\":{\"@type\":\"PropertyValueSpecification\",\"valueRequired\":true,\"valueName\":\"search_term_string\"}}],\"inLanguage\":\"es\"}]}<\/script>\n<!-- \/ Yoast SEO plugin. -->","yoast_head_json":{"title":"Nuestro Modelo de Cuidado | Amida Care: Espa\u00f1ol","robots":{"index":"index","follow":"follow","max-snippet":"max-snippet:-1","max-image-preview":"max-image-preview:large","max-video-preview":"max-video-preview:-1"},"canonical":"https:\/\/www.amidacareny.org\/es\/sobre-nosotros\/nuestro-modelo-de-cuidado\/","og_locale":"es_ES","og_type":"article","og_title":"Nuestro Modelo de Cuidado | Amida Care: Espa\u00f1ol","og_description":"Dando Nuestro M\u00e1ximo Amida Care trabaja en estrecha colaboraci\u00f3n con nuestros socios ofreci\u00e9ndoles un\u00a0equipo dedicado de proveedores, trabajadores sociales, navegadores de salud, especialistas en salud...","og_url":"https:\/\/www.amidacareny.org\/es\/sobre-nosotros\/nuestro-modelo-de-cuidado\/","og_site_name":"Amida Care: Espanol","article_modified_time":"2023-03-23T12:49:13+00:00","twitter_card":"summary_large_image","twitter_misc":{"Tiempo de lectura":"2 minutos"},"schema":{"@context":"https:\/\/schema.org","@graph":[{"@type":"WebPage","@id":"https:\/\/www.amidacareny.org\/es\/sobre-nosotros\/nuestro-modelo-de-cuidado\/","url":"https:\/\/www.amidacareny.org\/es\/sobre-nosotros\/nuestro-modelo-de-cuidado\/","name":"Nuestro Modelo de Cuidado | Amida Care: Espa\u00f1ol","isPartOf":{"@id":"https:\/\/www.amidacareny.org\/es\/#website"},"datePublished":"2016-07-26T13:28:12+00:00","dateModified":"2023-03-23T12:49:13+00:00","breadcrumb":{"@id":"https:\/\/www.amidacareny.org\/es\/sobre-nosotros\/nuestro-modelo-de-cuidado\/#breadcrumb"},"inLanguage":"es","potentialAction":[{"@type":"ReadAction","target":["https:\/\/www.amidacareny.org\/es\/sobre-nosotros\/nuestro-modelo-de-cuidado\/"]}]},{"@type":"BreadcrumbList","@id":"https:\/\/www.amidacareny.org\/es\/sobre-nosotros\/nuestro-modelo-de-cuidado\/#breadcrumb","itemListElement":[{"@type":"ListItem","position":1,"name":"Portada","item":"https:\/\/www.amidacareny.org\/es\/"},{"@type":"ListItem","position":2,"name":"Sobre Nosotros","item":"https:\/\/www.amidacareny.org\/es\/sobre-nosotros\/"},{"@type":"ListItem","position":3,"name":"Nuestro Modelo de Cuidado"}]},{"@type":"WebSite","@id":"https:\/\/www.amidacareny.org\/es\/#website","url":"https:\/\/www.amidacareny.org\/es\/","name":"Amida Care: Espanol","description":"Proveedor de planes de salud sin fines de lucro en NYC.","potentialAction":[{"@type":"SearchAction","target":{"@type":"EntryPoint","urlTemplate":"https:\/\/www.amidacareny.org\/es\/?s={search_term_string}"},"query-input":{"@type":"PropertyValueSpecification","valueRequired":true,"valueName":"search_term_string"}}],"inLanguage":"es"}]}},"_links":{"self":[{"href":"https:\/\/www.amidacareny.org\/es\/wp-json\/wp\/v2\/pages\/1801","targetHints":{"allow":["GET"]}}],"collection":[{"href":"https:\/\/www.amidacareny.org\/es\/wp-json\/wp\/v2\/pages"}],"about":[{"href":"https:\/\/www.amidacareny.org\/es\/wp-json\/wp\/v2\/types\/page"}],"author":[{"embeddable":true,"href":"https:\/\/www.amidacareny.org\/es\/wp-json\/wp\/v2\/users\/1"}],"replies":[{"embeddable":true,"href":"https:\/\/www.amidacareny.org\/es\/wp-json\/wp\/v2\/comments?post=1801"}],"version-history":[{"count":0,"href":"https:\/\/www.amidacareny.org\/es\/wp-json\/wp\/v2\/pages\/1801\/revisions"}],"up":[{"embeddable":true,"href":"https:\/\/www.amidacareny.org\/es\/wp-json\/wp\/v2\/pages\/540"}],"wp:attachment":[{"href":"https:\/\/www.amidacareny.org\/es\/wp-json\/wp\/v2\/media?parent=1801"}],"curies":[{"name":"wp","href":"https:\/\/api.w.org\/{rel}","templated":true}]}}