{"id":4070,"date":"2019-04-18T10:15:17","date_gmt":"2019-04-18T14:15:17","guid":{"rendered":"https:\/\/www.amidacareny.org\/es\/?page_id=4070"},"modified":"2024-04-28T21:29:48","modified_gmt":"2024-04-29T01:29:48","slug":"programa-viva-su-vida-indetectable","status":"publish","type":"page","link":"https:\/\/www.amidacareny.org\/es\/para-miembros\/programa-viva-su-vida-indetectable\/","title":{"rendered":"Programa Vive tu Vida Indetectable"},"content":{"rendered":"<h2><a href=\"https:\/\/www.amidacareny.org\/wp-content\/uploads\/sites\/2\/Healthy-Rewards-Art-05.jpg\"><img loading=\"lazy\" decoding=\"async\" class=\"alignnone wp-image-4862 size-full\" src=\"https:\/\/www.amidacareny.org\/wp-content\/uploads\/sites\/2\/Healthy-Rewards-Art-05.jpg\" alt=\"\" width=\"913\" height=\"188\" srcset=\"https:\/\/www.amidacareny.org\/wp-content\/uploads\/sites\/2\/Healthy-Rewards-Art-05.jpg 913w, https:\/\/www.amidacareny.org\/wp-content\/uploads\/sites\/2\/Healthy-Rewards-Art-05-300x62.jpg 300w, https:\/\/www.amidacareny.org\/wp-content\/uploads\/sites\/2\/Healthy-Rewards-Art-05-768x158.jpg 768w, https:\/\/www.amidacareny.org\/wp-content\/uploads\/sites\/2\/Healthy-Rewards-Art-05-320x66.jpg 320w, https:\/\/www.amidacareny.org\/wp-content\/uploads\/sites\/2\/Healthy-Rewards-Art-05-640x132.jpg 640w, https:\/\/www.amidacareny.org\/wp-content\/uploads\/sites\/2\/Healthy-Rewards-Art-05-360x74.jpg 360w, https:\/\/www.amidacareny.org\/wp-content\/uploads\/sites\/2\/Healthy-Rewards-Art-05-720x148.jpg 720w, https:\/\/www.amidacareny.org\/wp-content\/uploads\/sites\/2\/Healthy-Rewards-Art-05-800x165.jpg 800w, https:\/\/www.amidacareny.org\/wp-content\/uploads\/sites\/2\/Healthy-Rewards-Art-05-100x21.jpg 100w\" sizes=\"auto, (max-width: 913px) 100vw, 913px\" \/><\/a><\/h2>\n<p>El programa Live Undetectable (Vive indetectable) de Amida Care ayuda a nuestros socios que viven con el VIH a lograr y mantener la supresi\u00f3n viral. Si los socios se inscriben en el programa y se vuelven o est\u00e1n actualmente con supresi\u00f3n viral (carga viral de menos de 200 copias\/ml), son elegibles para recibir un incentivo financiero de $100 por cada per\u00edodo de tres meses que est\u00e9n suprimidos (hasta $400 por calendario a\u00f1o).<\/p>\n<h2><span style=\"color: #0082c9;\">Amida Care quiere ayudar a sus socios que viven con VIH a Vivir su vida&#8230; \u00a1Indetectable!<\/span><\/h2>\n<p><a href=\"https:\/\/www.amidacareny.org\/wp-content\/uploads\/sites\/2\/LIve-Undetectable-Pic-1.jpg\"><img loading=\"lazy\" decoding=\"async\" class=\"wp-image-4871 size-full aligncenter\" src=\"https:\/\/www.amidacareny.org\/wp-content\/uploads\/sites\/2\/LIve-Undetectable-Pic-1.jpg\" alt=\"\" width=\"493\" height=\"275\" srcset=\"https:\/\/www.amidacareny.org\/wp-content\/uploads\/sites\/2\/LIve-Undetectable-Pic-1.jpg 493w, https:\/\/www.amidacareny.org\/wp-content\/uploads\/sites\/2\/LIve-Undetectable-Pic-1-300x167.jpg 300w, https:\/\/www.amidacareny.org\/wp-content\/uploads\/sites\/2\/LIve-Undetectable-Pic-1-320x178.jpg 320w, https:\/\/www.amidacareny.org\/wp-content\/uploads\/sites\/2\/LIve-Undetectable-Pic-1-360x201.jpg 360w, https:\/\/www.amidacareny.org\/wp-content\/uploads\/sites\/2\/LIve-Undetectable-Pic-1-100x56.jpg 100w\" sizes=\"auto, (max-width: 493px) 100vw, 493px\" \/><\/a><\/p>\n<h3><span style=\"color: #902c8e;\"><span style=\"color: #0082c9;\"><strong>\u00bfQu\u00e9 significa ser indetectable?<\/strong><\/span><\/span><\/h3>\n<p>Para la mayor\u00eda de las personas que viven con VIH, tomar medicamentos antirretrovirales (ARV) exactamente seg\u00fan lo indicado por su Proveedor de Atenci\u00f3n Primaria (PCP, por sus siglas en ingl\u00e9s) disminuir\u00e1 la cantidad de VIH en sangre a un nivel muy bajo. Esto a veces se denomina carga viral \u00abindetectable\u00bb o \u00absupresi\u00f3n de la carga viral\u00bb.\u00a0 Las personas que viven con VIH que alcanzan una carga viral indetectable viven m\u00e1s tiempo, son m\u00e1s sanas y no pueden transmitir el VIH sexualmente a otras personas.<\/p>\n<h3><span style=\"color: #0082c9;\"><strong>\u00bfQu\u00e9 es el programa Vive tu Vida Indetectable (LYLU, por sus siglas en ingl\u00e9s) de Amida Care?<\/strong><\/span><\/h3>\n<p>\u00a1El programa LYLU le ayuda a tomar sus medicamentos antirretrovirales con regularidad y ser indetectable! \u00a0Si se inscribe en el programa y su carga viral ya no es detectable o se vuelve indetectable, <strong>usted recibir\u00e1 $100 por cada trimestre (per\u00edodo de tres meses) que permanece indetectable.<\/strong> Amida Care lo pondr\u00e1 en contacto con los servicios de apoyo decididos por usted y su PCP para ayudarlo a lograr este objetivo.<\/p>\n<h3><span style=\"color: #0082c9;\"><strong>Conozca m\u00e1s&#8230;<\/strong><\/span><\/h3>\n<p>Programa Healthy Rewards (recompensa saludables): <strong><a href=\"https:\/\/www.amidacareny.org\/wp-content\/uploads\/sites\/2\/Healthy-Rewards-SPA-for-WEB-Z-4.16.21.pdf\" target=\"_blank\" rel=\"noopener\">Espa\u00f1ol<\/a> | <a href=\"https:\/\/www.amidacareny.org\/wp-content\/uploads\/sites\/2\/HealthyRewardsBrochure_033121_D8251_approved040621.pdf\" target=\"_blank\" rel=\"noopener\">Ingl\u00e9s<\/a><\/strong><\/p>\n<p>Para saber si es elegible para inscribirse en el programa LU, hable con su PCP, hable con un Representante de Servicios al Socio de Amida Care al 1-800-556-0689 \/ TTY 711, o envie un correo electr\u00f3nico a <a href=\"mailto:member-services@amidacareny.org\">member-services@amidacareny.org<\/a>.<\/p>\n","protected":false},"excerpt":{"rendered":"<p>El programa Live Undetectable (Vive indetectable) de Amida Care ayuda a nuestros socios que viven con el VIH a lograr y mantener la supresi\u00f3n viral&#8230;.<\/p>\n","protected":false},"author":13,"featured_media":0,"parent":596,"menu_order":5,"comment_status":"closed","ping_status":"closed","template":"","meta":{"_acf_changed":false,"footnotes":""},"class_list":["post-4070","page","type-page","status-publish","hentry"],"acf":[],"yoast_head":"<!-- This site is optimized with the Yoast SEO plugin v27.3 - https:\/\/yoast.com\/product\/yoast-seo-wordpress\/ -->\n<title>Programa Vive tu Vida Indetectable - Amida Care: Espanol<\/title>\n<meta name=\"description\" content=\"El programa Live Undetectable (Vive indetectable) de Amida Care ayuda a nuestros socios que viven con el VIH a lograr y mantener la ...\" class=\"yoast-seo-meta-tag\" \/>\n<meta name=\"robots\" content=\"index, follow, max-snippet:-1, max-image-preview:large, max-video-preview:-1\" \/>\n<link rel=\"canonical\" href=\"https:\/\/www.amidacareny.org\/es\/para-miembros\/programa-viva-su-vida-indetectable\/\" class=\"yoast-seo-meta-tag\" \/>\n<meta property=\"og:locale\" content=\"es_ES\" class=\"yoast-seo-meta-tag\" \/>\n<meta property=\"og:type\" content=\"article\" class=\"yoast-seo-meta-tag\" \/>\n<meta property=\"og:title\" content=\"Programa Vive tu Vida Indetectable - Amida Care: Espanol\" class=\"yoast-seo-meta-tag\" \/>\n<meta property=\"og:description\" content=\"El programa Live Undetectable (Vive indetectable) de Amida Care ayuda a nuestros socios que viven con el VIH a lograr y mantener la ...\" class=\"yoast-seo-meta-tag\" \/>\n<meta property=\"og:url\" content=\"https:\/\/www.amidacareny.org\/es\/para-miembros\/programa-viva-su-vida-indetectable\/\" class=\"yoast-seo-meta-tag\" \/>\n<meta property=\"og:site_name\" content=\"Amida Care: Espanol\" class=\"yoast-seo-meta-tag\" \/>\n<meta property=\"article:modified_time\" content=\"2024-04-29T01:29:48+00:00\" class=\"yoast-seo-meta-tag\" \/>\n<meta property=\"og:image\" content=\"https:\/\/www.amidacareny.org\/wp-content\/uploads\/sites\/2\/Healthy-Rewards-Art-05.jpg\" class=\"yoast-seo-meta-tag\" \/>\n<meta name=\"twitter:card\" content=\"summary_large_image\" class=\"yoast-seo-meta-tag\" \/>\n<meta name=\"twitter:label1\" content=\"Tiempo de lectura\" class=\"yoast-seo-meta-tag\" \/>\n\t<meta name=\"twitter:data1\" content=\"2 minutos\" class=\"yoast-seo-meta-tag\" \/>\n<script type=\"application\/ld+json\" class=\"yoast-schema-graph\">{\"@context\":\"https:\\\/\\\/schema.org\",\"@graph\":[{\"@type\":\"WebPage\",\"@id\":\"https:\\\/\\\/www.amidacareny.org\\\/es\\\/para-miembros\\\/programa-viva-su-vida-indetectable\\\/\",\"url\":\"https:\\\/\\\/www.amidacareny.org\\\/es\\\/para-miembros\\\/programa-viva-su-vida-indetectable\\\/\",\"name\":\"Programa Vive tu Vida Indetectable - Amida Care: Espanol\",\"isPartOf\":{\"@id\":\"https:\\\/\\\/www.amidacareny.org\\\/es\\\/#website\"},\"primaryImageOfPage\":{\"@id\":\"https:\\\/\\\/www.amidacareny.org\\\/es\\\/para-miembros\\\/programa-viva-su-vida-indetectable\\\/#primaryimage\"},\"image\":{\"@id\":\"https:\\\/\\\/www.amidacareny.org\\\/es\\\/para-miembros\\\/programa-viva-su-vida-indetectable\\\/#primaryimage\"},\"thumbnailUrl\":\"https:\\\/\\\/www.amidacareny.org\\\/wp-content\\\/uploads\\\/sites\\\/2\\\/Healthy-Rewards-Art-05.jpg\",\"datePublished\":\"2019-04-18T14:15:17+00:00\",\"dateModified\":\"2024-04-29T01:29:48+00:00\",\"description\":\"El programa Live Undetectable (Vive indetectable) de Amida Care ayuda a nuestros socios que viven con el VIH a lograr y mantener la ...\",\"breadcrumb\":{\"@id\":\"https:\\\/\\\/www.amidacareny.org\\\/es\\\/para-miembros\\\/programa-viva-su-vida-indetectable\\\/#breadcrumb\"},\"inLanguage\":\"es\",\"potentialAction\":[{\"@type\":\"ReadAction\",\"target\":[\"https:\\\/\\\/www.amidacareny.org\\\/es\\\/para-miembros\\\/programa-viva-su-vida-indetectable\\\/\"]}]},{\"@type\":\"ImageObject\",\"inLanguage\":\"es\",\"@id\":\"https:\\\/\\\/www.amidacareny.org\\\/es\\\/para-miembros\\\/programa-viva-su-vida-indetectable\\\/#primaryimage\",\"url\":\"https:\\\/\\\/www.amidacareny.org\\\/wp-content\\\/uploads\\\/sites\\\/2\\\/Healthy-Rewards-Art-05.jpg\",\"contentUrl\":\"https:\\\/\\\/www.amidacareny.org\\\/wp-content\\\/uploads\\\/sites\\\/2\\\/Healthy-Rewards-Art-05.jpg\"},{\"@type\":\"BreadcrumbList\",\"@id\":\"https:\\\/\\\/www.amidacareny.org\\\/es\\\/para-miembros\\\/programa-viva-su-vida-indetectable\\\/#breadcrumb\",\"itemListElement\":[{\"@type\":\"ListItem\",\"position\":1,\"name\":\"Portada\",\"item\":\"https:\\\/\\\/www.amidacareny.org\\\/es\\\/\"},{\"@type\":\"ListItem\",\"position\":2,\"name\":\"Programas y Servicios para Socios\",\"item\":\"https:\\\/\\\/www.amidacareny.org\\\/es\\\/para-miembros\\\/\"},{\"@type\":\"ListItem\",\"position\":3,\"name\":\"Programa Vive tu Vida Indetectable\"}]},{\"@type\":\"WebSite\",\"@id\":\"https:\\\/\\\/www.amidacareny.org\\\/es\\\/#website\",\"url\":\"https:\\\/\\\/www.amidacareny.org\\\/es\\\/\",\"name\":\"Amida Care: Espanol\",\"description\":\"Proveedor de planes de salud sin fines de lucro en NYC.\",\"potentialAction\":[{\"@type\":\"SearchAction\",\"target\":{\"@type\":\"EntryPoint\",\"urlTemplate\":\"https:\\\/\\\/www.amidacareny.org\\\/es\\\/?s={search_term_string}\"},\"query-input\":{\"@type\":\"PropertyValueSpecification\",\"valueRequired\":true,\"valueName\":\"search_term_string\"}}],\"inLanguage\":\"es\"}]}<\/script>\n<!-- \/ Yoast SEO plugin. -->","yoast_head_json":{"title":"Programa Vive tu Vida Indetectable - Amida Care: Espanol","description":"El programa Live Undetectable (Vive indetectable) de Amida Care ayuda a nuestros socios que viven con el VIH a lograr y mantener la ...","robots":{"index":"index","follow":"follow","max-snippet":"max-snippet:-1","max-image-preview":"max-image-preview:large","max-video-preview":"max-video-preview:-1"},"canonical":"https:\/\/www.amidacareny.org\/es\/para-miembros\/programa-viva-su-vida-indetectable\/","og_locale":"es_ES","og_type":"article","og_title":"Programa Vive tu Vida Indetectable - Amida Care: Espanol","og_description":"El programa Live Undetectable (Vive indetectable) de Amida Care ayuda a nuestros socios que viven con el VIH a lograr y mantener la ...","og_url":"https:\/\/www.amidacareny.org\/es\/para-miembros\/programa-viva-su-vida-indetectable\/","og_site_name":"Amida Care: Espanol","article_modified_time":"2024-04-29T01:29:48+00:00","og_image":[{"url":"https:\/\/www.amidacareny.org\/wp-content\/uploads\/sites\/2\/Healthy-Rewards-Art-05.jpg","type":"","width":"","height":""}],"twitter_card":"summary_large_image","twitter_misc":{"Tiempo de lectura":"2 minutos"},"schema":{"@context":"https:\/\/schema.org","@graph":[{"@type":"WebPage","@id":"https:\/\/www.amidacareny.org\/es\/para-miembros\/programa-viva-su-vida-indetectable\/","url":"https:\/\/www.amidacareny.org\/es\/para-miembros\/programa-viva-su-vida-indetectable\/","name":"Programa Vive tu Vida Indetectable - Amida Care: Espanol","isPartOf":{"@id":"https:\/\/www.amidacareny.org\/es\/#website"},"primaryImageOfPage":{"@id":"https:\/\/www.amidacareny.org\/es\/para-miembros\/programa-viva-su-vida-indetectable\/#primaryimage"},"image":{"@id":"https:\/\/www.amidacareny.org\/es\/para-miembros\/programa-viva-su-vida-indetectable\/#primaryimage"},"thumbnailUrl":"https:\/\/www.amidacareny.org\/wp-content\/uploads\/sites\/2\/Healthy-Rewards-Art-05.jpg","datePublished":"2019-04-18T14:15:17+00:00","dateModified":"2024-04-29T01:29:48+00:00","description":"El programa Live Undetectable (Vive indetectable) de Amida Care ayuda a nuestros socios que viven con el VIH a lograr y mantener la ...","breadcrumb":{"@id":"https:\/\/www.amidacareny.org\/es\/para-miembros\/programa-viva-su-vida-indetectable\/#breadcrumb"},"inLanguage":"es","potentialAction":[{"@type":"ReadAction","target":["https:\/\/www.amidacareny.org\/es\/para-miembros\/programa-viva-su-vida-indetectable\/"]}]},{"@type":"ImageObject","inLanguage":"es","@id":"https:\/\/www.amidacareny.org\/es\/para-miembros\/programa-viva-su-vida-indetectable\/#primaryimage","url":"https:\/\/www.amidacareny.org\/wp-content\/uploads\/sites\/2\/Healthy-Rewards-Art-05.jpg","contentUrl":"https:\/\/www.amidacareny.org\/wp-content\/uploads\/sites\/2\/Healthy-Rewards-Art-05.jpg"},{"@type":"BreadcrumbList","@id":"https:\/\/www.amidacareny.org\/es\/para-miembros\/programa-viva-su-vida-indetectable\/#breadcrumb","itemListElement":[{"@type":"ListItem","position":1,"name":"Portada","item":"https:\/\/www.amidacareny.org\/es\/"},{"@type":"ListItem","position":2,"name":"Programas y Servicios para Socios","item":"https:\/\/www.amidacareny.org\/es\/para-miembros\/"},{"@type":"ListItem","position":3,"name":"Programa Vive tu Vida Indetectable"}]},{"@type":"WebSite","@id":"https:\/\/www.amidacareny.org\/es\/#website","url":"https:\/\/www.amidacareny.org\/es\/","name":"Amida Care: Espanol","description":"Proveedor de planes de salud sin fines de lucro en NYC.","potentialAction":[{"@type":"SearchAction","target":{"@type":"EntryPoint","urlTemplate":"https:\/\/www.amidacareny.org\/es\/?s={search_term_string}"},"query-input":{"@type":"PropertyValueSpecification","valueRequired":true,"valueName":"search_term_string"}}],"inLanguage":"es"}]}},"_links":{"self":[{"href":"https:\/\/www.amidacareny.org\/es\/wp-json\/wp\/v2\/pages\/4070","targetHints":{"allow":["GET"]}}],"collection":[{"href":"https:\/\/www.amidacareny.org\/es\/wp-json\/wp\/v2\/pages"}],"about":[{"href":"https:\/\/www.amidacareny.org\/es\/wp-json\/wp\/v2\/types\/page"}],"author":[{"embeddable":true,"href":"https:\/\/www.amidacareny.org\/es\/wp-json\/wp\/v2\/users\/13"}],"replies":[{"embeddable":true,"href":"https:\/\/www.amidacareny.org\/es\/wp-json\/wp\/v2\/comments?post=4070"}],"version-history":[{"count":0,"href":"https:\/\/www.amidacareny.org\/es\/wp-json\/wp\/v2\/pages\/4070\/revisions"}],"up":[{"embeddable":true,"href":"https:\/\/www.amidacareny.org\/es\/wp-json\/wp\/v2\/pages\/596"}],"wp:attachment":[{"href":"https:\/\/www.amidacareny.org\/es\/wp-json\/wp\/v2\/media?parent=4070"}],"curies":[{"name":"wp","href":"https:\/\/api.w.org\/{rel}","templated":true}]}}