{"id":4365,"date":"2020-06-20T08:34:30","date_gmt":"2020-06-20T12:34:30","guid":{"rendered":"https:\/\/www.amidacareny.org\/es\/?page_id=4365"},"modified":"2025-11-25T13:10:22","modified_gmt":"2025-11-25T18:10:22","slug":"recursos-para-el-vih","status":"publish","type":"page","link":"https:\/\/www.amidacareny.org\/es\/recursos-para-el-vih\/","title":{"rendered":"Recursos para el VIH"},"content":{"rendered":"<h3><span style=\"color: #902c8e;\">\u00bfQu\u00e9 es el VIH?<\/span><\/h3>\n<p><a href=\"https:\/\/www.amidacareny.org\/wp-content\/uploads\/sites\/2\/cdc-hiv-consumer-info-sheet-hiv-101_Part2.pdf\" target=\"_blank\" rel=\"noopener\"><img loading=\"lazy\" decoding=\"async\" class=\"alignnone size-medium wp-image-4941\" src=\"https:\/\/www.amidacareny.org\/wp-content\/uploads\/sites\/2\/cdc-hiv-consumer-info-sheet-hiv-101_Part2-230x300.jpg\" alt=\"\" width=\"230\" height=\"300\" srcset=\"https:\/\/www.amidacareny.org\/wp-content\/uploads\/sites\/2\/cdc-hiv-consumer-info-sheet-hiv-101_Part2-230x300.jpg 230w, https:\/\/www.amidacareny.org\/wp-content\/uploads\/sites\/2\/cdc-hiv-consumer-info-sheet-hiv-101_Part2-786x1024.jpg 786w, https:\/\/www.amidacareny.org\/wp-content\/uploads\/sites\/2\/cdc-hiv-consumer-info-sheet-hiv-101_Part2-768x1001.jpg 768w, https:\/\/www.amidacareny.org\/wp-content\/uploads\/sites\/2\/cdc-hiv-consumer-info-sheet-hiv-101_Part2-1178x1536.jpg 1178w, https:\/\/www.amidacareny.org\/wp-content\/uploads\/sites\/2\/cdc-hiv-consumer-info-sheet-hiv-101_Part2-320x417.jpg 320w, https:\/\/www.amidacareny.org\/wp-content\/uploads\/sites\/2\/cdc-hiv-consumer-info-sheet-hiv-101_Part2-640x834.jpg 640w, https:\/\/www.amidacareny.org\/wp-content\/uploads\/sites\/2\/cdc-hiv-consumer-info-sheet-hiv-101_Part2-360x469.jpg 360w, https:\/\/www.amidacareny.org\/wp-content\/uploads\/sites\/2\/cdc-hiv-consumer-info-sheet-hiv-101_Part2-720x939.jpg 720w, https:\/\/www.amidacareny.org\/wp-content\/uploads\/sites\/2\/cdc-hiv-consumer-info-sheet-hiv-101_Part2-1080x1408.jpg 1080w, https:\/\/www.amidacareny.org\/wp-content\/uploads\/sites\/2\/cdc-hiv-consumer-info-sheet-hiv-101_Part2-800x1043.jpg 800w, https:\/\/www.amidacareny.org\/wp-content\/uploads\/sites\/2\/cdc-hiv-consumer-info-sheet-hiv-101_Part2-1024x1335.jpg 1024w, https:\/\/www.amidacareny.org\/wp-content\/uploads\/sites\/2\/cdc-hiv-consumer-info-sheet-hiv-101_Part2-100x130.jpg 100w, https:\/\/www.amidacareny.org\/wp-content\/uploads\/sites\/2\/cdc-hiv-consumer-info-sheet-hiv-101_Part2.jpg 1275w\" sizes=\"auto, (max-width: 230px) 100vw, 230px\" \/><\/a><\/p>\n<p>Informaci\u00f3n b\u00e1sica detallada sobre el VIH. <strong><a href=\"https:\/\/www.cdc.gov\/hiv\/spanish\/basics\/whatishiv.html\" target=\"_blank\" rel=\"noopener\">Pulse aqu\u00ed<\/a><\/strong><\/p>\n<h3><span style=\"color: #902c8e;\">El VIH y los Hispanos o Latinos<\/span><\/h3>\n<p><span style=\"color: #000000;\">El VIH sigue siendo una amenaza grave para la salud de las comunidades hispanas o latinas. <strong><a href=\"https:\/\/www.cdc.gov\/hiv\/spanish\/group\/racialethnic\/hispaniclatinos\/index.html?CDC_AA_refVal=https%3A%2F%2Fwww.cdc.gov%2Fhiv%2Fspanish%2Fgroup%2Fracialethnic%2Flatinos.html\" target=\"_blank\" rel=\"noopener\">Inf\u00f3rmese aqu\u00ed.<\/a><\/strong><\/span><\/p>\n<h3><span style=\"color: #902c8e;\">\u00bfQu\u00e9 es el estigma y la discriminaci\u00f3n por el VIH?<\/span><\/h3>\n<p>Qu\u00e9 son y c\u00f3mo reconocerlos,\u00a0<strong><a href=\"https:\/\/www.cdc.gov\/hiv\/spanish\/basics\/hiv-stigma\/index.html\" target=\"_blank\" rel=\"noopener\">inf\u00f3rmese aqu\u00ed.<\/a><br \/>\n<\/strong><\/p>\n<h3><span style=\"color: #902c8e;\">PrEP, PEP y Salud Sexual<a href=\"https:\/\/www.amidacareny.org\/wp-content\/uploads\/sites\/2\/ac-brochure-2025-08-PrEP-PEP-V7_spa-US_Page_1.jpg\"><img loading=\"lazy\" decoding=\"async\" class=\"size-medium wp-image-6101 alignright\" src=\"https:\/\/www.amidacareny.org\/wp-content\/uploads\/sites\/2\/ac-brochure-2025-08-PrEP-PEP-V7_spa-US_Page_1-121x300.jpg\" alt=\"\" width=\"121\" height=\"300\" srcset=\"https:\/\/www.amidacareny.org\/wp-content\/uploads\/sites\/2\/ac-brochure-2025-08-PrEP-PEP-V7_spa-US_Page_1-121x300.jpg 121w, https:\/\/www.amidacareny.org\/wp-content\/uploads\/sites\/2\/ac-brochure-2025-08-PrEP-PEP-V7_spa-US_Page_1-100x247.jpg 100w, https:\/\/www.amidacareny.org\/wp-content\/uploads\/sites\/2\/ac-brochure-2025-08-PrEP-PEP-V7_spa-US_Page_1.jpg 253w\" sizes=\"auto, (max-width: 121px) 100vw, 121px\" \/><\/a><\/span><\/h3>\n<h4>Consulte las Preguntas Frecuentes e Informaci\u00f3n sobre PrEP, PEP y Salud Sexual en nuestro folleto: <a href=\"https:\/\/www.amidacareny.org\/wp-content\/uploads\/sites\/2\/ac-brochure-2025-08-PrEP-PEP-V7_spa-US.pdf\" target=\"_blank\" rel=\"noopener\"><strong>Pulse aqu\u00ed<\/strong><\/a><\/h4>\n<h4>Nuevos productos de acci\u00f3n prolongada contra el VIH: <a href=\"https:\/\/www.amidacareny.org\/wp-content\/uploads\/sites\/2\/AC-2025-10-LAIBrochure-V4_spa-US.pdf\" target=\"_blank\" rel=\"noopener\"><strong>Pulse aqu\u00ed<\/strong><\/a><\/h4>\n<p>&nbsp;<\/p>\n<h3><span style=\"color: #902c8e;\">Otros Recursos<\/span><\/h3>\n<ul class=\"two-column\">\n<li><a href=\"https:\/\/www.amidacareny.org\/es\/media-center\/lgbtq-youth-resources-page\/\">Encuentra recursos para los\u00a0j\u00f3venes LGBTQ<\/a><\/li>\n<li><a href=\"https:\/\/www.positivelyaware.com\/hiv-drug-guide\"> Eche un vistazo a la gu\u00eda de drogas contra el VIH de Positively Aware<\/a><\/li>\n<li><a href=\"https:\/\/www.amidacareny.org\/es\/for-members\/health-resources\/amida-care-prep-abcs\/\">Conoce m\u00e1s acerca del PrEP\u00a0(pre-exposure prophylaxis)<\/a><\/li>\n<\/ul>\n<p>&nbsp;<\/p>\n<p><a class=\"btn red no-margin\" href=\"\/es\/recursos-de-salud\/\">Volver a los recursos de salud<\/a><\/p>\n","protected":false},"excerpt":{"rendered":"<p>\u00bfQu\u00e9 es el VIH? Informaci\u00f3n b\u00e1sica detallada sobre el VIH. Pulse aqu\u00ed El VIH y los Hispanos o Latinos El VIH sigue siendo una amenaza&#8230;<\/p>\n","protected":false},"author":1,"featured_media":0,"parent":0,"menu_order":0,"comment_status":"closed","ping_status":"closed","template":"","meta":{"_acf_changed":false,"footnotes":""},"class_list":["post-4365","page","type-page","status-publish","hentry"],"acf":[],"yoast_head":"<!-- This site is optimized with the Yoast SEO plugin v27.3 - https:\/\/yoast.com\/product\/yoast-seo-wordpress\/ -->\n<title>Recursos para el VIH - Amida Care: Espanol<\/title>\n<meta name=\"description\" content=\"Haga clic aqui para ver nuestros recursos para el VIH. El VIH sigue siendo una amenaza grave para la salud de las comunidades hispanas ...\" class=\"yoast-seo-meta-tag\" \/>\n<meta name=\"robots\" content=\"index, follow, max-snippet:-1, max-image-preview:large, max-video-preview:-1\" \/>\n<link rel=\"canonical\" href=\"https:\/\/www.amidacareny.org\/es\/recursos-para-el-vih\/\" class=\"yoast-seo-meta-tag\" \/>\n<meta property=\"og:locale\" content=\"es_ES\" class=\"yoast-seo-meta-tag\" \/>\n<meta property=\"og:type\" content=\"article\" class=\"yoast-seo-meta-tag\" \/>\n<meta property=\"og:title\" content=\"Recursos para el VIH - Amida Care: Espanol\" class=\"yoast-seo-meta-tag\" \/>\n<meta property=\"og:description\" content=\"Haga clic aqui para ver nuestros recursos para el VIH. El VIH sigue siendo una amenaza grave para la salud de las comunidades hispanas ...\" class=\"yoast-seo-meta-tag\" \/>\n<meta property=\"og:url\" content=\"https:\/\/www.amidacareny.org\/es\/recursos-para-el-vih\/\" class=\"yoast-seo-meta-tag\" \/>\n<meta property=\"og:site_name\" content=\"Amida Care: Espanol\" class=\"yoast-seo-meta-tag\" \/>\n<meta property=\"article:modified_time\" content=\"2025-11-25T18:10:22+00:00\" class=\"yoast-seo-meta-tag\" \/>\n<meta property=\"og:image\" content=\"https:\/\/www.amidacareny.org\/wp-content\/uploads\/sites\/2\/cdc-hiv-consumer-info-sheet-hiv-101_Part2.jpg\" class=\"yoast-seo-meta-tag\" \/>\n\t<meta property=\"og:image:width\" content=\"1275\" class=\"yoast-seo-meta-tag\" \/>\n\t<meta property=\"og:image:height\" content=\"1662\" class=\"yoast-seo-meta-tag\" \/>\n\t<meta property=\"og:image:type\" content=\"image\/jpeg\" class=\"yoast-seo-meta-tag\" \/>\n<meta name=\"twitter:card\" content=\"summary_large_image\" class=\"yoast-seo-meta-tag\" \/>\n<meta name=\"twitter:label1\" content=\"Tiempo de lectura\" class=\"yoast-seo-meta-tag\" \/>\n\t<meta name=\"twitter:data1\" content=\"1 minuto\" class=\"yoast-seo-meta-tag\" \/>\n<script type=\"application\/ld+json\" class=\"yoast-schema-graph\">{\"@context\":\"https:\\\/\\\/schema.org\",\"@graph\":[{\"@type\":\"WebPage\",\"@id\":\"https:\\\/\\\/www.amidacareny.org\\\/es\\\/recursos-para-el-vih\\\/\",\"url\":\"https:\\\/\\\/www.amidacareny.org\\\/es\\\/recursos-para-el-vih\\\/\",\"name\":\"Recursos para el VIH - Amida Care: Espanol\",\"isPartOf\":{\"@id\":\"https:\\\/\\\/www.amidacareny.org\\\/es\\\/#website\"},\"primaryImageOfPage\":{\"@id\":\"https:\\\/\\\/www.amidacareny.org\\\/es\\\/recursos-para-el-vih\\\/#primaryimage\"},\"image\":{\"@id\":\"https:\\\/\\\/www.amidacareny.org\\\/es\\\/recursos-para-el-vih\\\/#primaryimage\"},\"thumbnailUrl\":\"https:\\\/\\\/www.amidacareny.org\\\/wp-content\\\/uploads\\\/sites\\\/2\\\/cdc-hiv-consumer-info-sheet-hiv-101_Part2-230x300.jpg\",\"datePublished\":\"2020-06-20T12:34:30+00:00\",\"dateModified\":\"2025-11-25T18:10:22+00:00\",\"description\":\"Haga clic aqui para ver nuestros recursos para el VIH. El VIH sigue siendo una amenaza grave para la salud de las comunidades hispanas ...\",\"breadcrumb\":{\"@id\":\"https:\\\/\\\/www.amidacareny.org\\\/es\\\/recursos-para-el-vih\\\/#breadcrumb\"},\"inLanguage\":\"es\",\"potentialAction\":[{\"@type\":\"ReadAction\",\"target\":[\"https:\\\/\\\/www.amidacareny.org\\\/es\\\/recursos-para-el-vih\\\/\"]}]},{\"@type\":\"ImageObject\",\"inLanguage\":\"es\",\"@id\":\"https:\\\/\\\/www.amidacareny.org\\\/es\\\/recursos-para-el-vih\\\/#primaryimage\",\"url\":\"https:\\\/\\\/www.amidacareny.org\\\/wp-content\\\/uploads\\\/sites\\\/2\\\/cdc-hiv-consumer-info-sheet-hiv-101_Part2-230x300.jpg\",\"contentUrl\":\"https:\\\/\\\/www.amidacareny.org\\\/wp-content\\\/uploads\\\/sites\\\/2\\\/cdc-hiv-consumer-info-sheet-hiv-101_Part2-230x300.jpg\"},{\"@type\":\"BreadcrumbList\",\"@id\":\"https:\\\/\\\/www.amidacareny.org\\\/es\\\/recursos-para-el-vih\\\/#breadcrumb\",\"itemListElement\":[{\"@type\":\"ListItem\",\"position\":1,\"name\":\"Portada\",\"item\":\"https:\\\/\\\/www.amidacareny.org\\\/es\\\/\"},{\"@type\":\"ListItem\",\"position\":2,\"name\":\"Recursos para el VIH\"}]},{\"@type\":\"WebSite\",\"@id\":\"https:\\\/\\\/www.amidacareny.org\\\/es\\\/#website\",\"url\":\"https:\\\/\\\/www.amidacareny.org\\\/es\\\/\",\"name\":\"Amida Care: Espanol\",\"description\":\"Proveedor de planes de salud sin fines de lucro en NYC.\",\"potentialAction\":[{\"@type\":\"SearchAction\",\"target\":{\"@type\":\"EntryPoint\",\"urlTemplate\":\"https:\\\/\\\/www.amidacareny.org\\\/es\\\/?s={search_term_string}\"},\"query-input\":{\"@type\":\"PropertyValueSpecification\",\"valueRequired\":true,\"valueName\":\"search_term_string\"}}],\"inLanguage\":\"es\"}]}<\/script>\n<!-- \/ Yoast SEO plugin. -->","yoast_head_json":{"title":"Recursos para el VIH - Amida Care: Espanol","description":"Haga clic aqui para ver nuestros recursos para el VIH. El VIH sigue siendo una amenaza grave para la salud de las comunidades hispanas ...","robots":{"index":"index","follow":"follow","max-snippet":"max-snippet:-1","max-image-preview":"max-image-preview:large","max-video-preview":"max-video-preview:-1"},"canonical":"https:\/\/www.amidacareny.org\/es\/recursos-para-el-vih\/","og_locale":"es_ES","og_type":"article","og_title":"Recursos para el VIH - Amida Care: Espanol","og_description":"Haga clic aqui para ver nuestros recursos para el VIH. El VIH sigue siendo una amenaza grave para la salud de las comunidades hispanas ...","og_url":"https:\/\/www.amidacareny.org\/es\/recursos-para-el-vih\/","og_site_name":"Amida Care: Espanol","article_modified_time":"2025-11-25T18:10:22+00:00","og_image":[{"width":1275,"height":1662,"url":"https:\/\/www.amidacareny.org\/wp-content\/uploads\/sites\/2\/cdc-hiv-consumer-info-sheet-hiv-101_Part2.jpg","type":"image\/jpeg"}],"twitter_card":"summary_large_image","twitter_misc":{"Tiempo de lectura":"1 minuto"},"schema":{"@context":"https:\/\/schema.org","@graph":[{"@type":"WebPage","@id":"https:\/\/www.amidacareny.org\/es\/recursos-para-el-vih\/","url":"https:\/\/www.amidacareny.org\/es\/recursos-para-el-vih\/","name":"Recursos para el VIH - Amida Care: Espanol","isPartOf":{"@id":"https:\/\/www.amidacareny.org\/es\/#website"},"primaryImageOfPage":{"@id":"https:\/\/www.amidacareny.org\/es\/recursos-para-el-vih\/#primaryimage"},"image":{"@id":"https:\/\/www.amidacareny.org\/es\/recursos-para-el-vih\/#primaryimage"},"thumbnailUrl":"https:\/\/www.amidacareny.org\/wp-content\/uploads\/sites\/2\/cdc-hiv-consumer-info-sheet-hiv-101_Part2-230x300.jpg","datePublished":"2020-06-20T12:34:30+00:00","dateModified":"2025-11-25T18:10:22+00:00","description":"Haga clic aqui para ver nuestros recursos para el VIH. El VIH sigue siendo una amenaza grave para la salud de las comunidades hispanas ...","breadcrumb":{"@id":"https:\/\/www.amidacareny.org\/es\/recursos-para-el-vih\/#breadcrumb"},"inLanguage":"es","potentialAction":[{"@type":"ReadAction","target":["https:\/\/www.amidacareny.org\/es\/recursos-para-el-vih\/"]}]},{"@type":"ImageObject","inLanguage":"es","@id":"https:\/\/www.amidacareny.org\/es\/recursos-para-el-vih\/#primaryimage","url":"https:\/\/www.amidacareny.org\/wp-content\/uploads\/sites\/2\/cdc-hiv-consumer-info-sheet-hiv-101_Part2-230x300.jpg","contentUrl":"https:\/\/www.amidacareny.org\/wp-content\/uploads\/sites\/2\/cdc-hiv-consumer-info-sheet-hiv-101_Part2-230x300.jpg"},{"@type":"BreadcrumbList","@id":"https:\/\/www.amidacareny.org\/es\/recursos-para-el-vih\/#breadcrumb","itemListElement":[{"@type":"ListItem","position":1,"name":"Portada","item":"https:\/\/www.amidacareny.org\/es\/"},{"@type":"ListItem","position":2,"name":"Recursos para el VIH"}]},{"@type":"WebSite","@id":"https:\/\/www.amidacareny.org\/es\/#website","url":"https:\/\/www.amidacareny.org\/es\/","name":"Amida Care: Espanol","description":"Proveedor de planes de salud sin fines de lucro en NYC.","potentialAction":[{"@type":"SearchAction","target":{"@type":"EntryPoint","urlTemplate":"https:\/\/www.amidacareny.org\/es\/?s={search_term_string}"},"query-input":{"@type":"PropertyValueSpecification","valueRequired":true,"valueName":"search_term_string"}}],"inLanguage":"es"}]}},"_links":{"self":[{"href":"https:\/\/www.amidacareny.org\/es\/wp-json\/wp\/v2\/pages\/4365","targetHints":{"allow":["GET"]}}],"collection":[{"href":"https:\/\/www.amidacareny.org\/es\/wp-json\/wp\/v2\/pages"}],"about":[{"href":"https:\/\/www.amidacareny.org\/es\/wp-json\/wp\/v2\/types\/page"}],"author":[{"embeddable":true,"href":"https:\/\/www.amidacareny.org\/es\/wp-json\/wp\/v2\/users\/1"}],"replies":[{"embeddable":true,"href":"https:\/\/www.amidacareny.org\/es\/wp-json\/wp\/v2\/comments?post=4365"}],"version-history":[{"count":0,"href":"https:\/\/www.amidacareny.org\/es\/wp-json\/wp\/v2\/pages\/4365\/revisions"}],"wp:attachment":[{"href":"https:\/\/www.amidacareny.org\/es\/wp-json\/wp\/v2\/media?parent=4365"}],"curies":[{"name":"wp","href":"https:\/\/api.w.org\/{rel}","templated":true}]}}