{"id":4385,"date":"2020-06-20T12:18:17","date_gmt":"2020-06-20T16:18:17","guid":{"rendered":"https:\/\/www.amidacareny.org\/es\/?page_id=4385"},"modified":"2023-09-07T08:36:41","modified_gmt":"2023-09-07T12:36:41","slug":"prevencion-del-vih","status":"publish","type":"page","link":"https:\/\/www.amidacareny.org\/es\/prevencion-del-vih\/","title":{"rendered":"Prevenci\u00f3n del VIH"},"content":{"rendered":"<p><span style=\"color: #000000;\">El Estado de Nueva York tiene un plan para poner fin a la epidemia de VIH\/SIDA en nuestro estado para el a\u00f1o 2020 y proporciona muchas ideas sobre los pasos que puede tomar para evitar contraer el VIH:<\/span><\/p>\n<ul>\n<li><span style=\"color: #000000;\">Hable con su m\u00e9dico o vaya a una cl\u00ednica para hacerse una prueba de VIH.<\/span><\/li>\n<li><span style=\"color: #000000;\">Hable con su proveedor de atenci\u00f3n m\u00e9dica sobre si la profilaxis previa a la exposici\u00f3n (PrEP) es adecuada para usted. PrEP es un r\u00e9gimen de tratamiento que tiene m\u00e1s del 90% de eficacia en la prevenci\u00f3n de la infecci\u00f3n por VIH.<\/span><\/li>\n<li><span style=\"color: #000000;\">Practica sexo m\u00e1s seguro si tienes m\u00e1s de una pareja sexual o no conoces el estado de VIH de tu pareja.<\/span><\/li>\n<li><span style=\"color: #000000;\">Si tiene VIH, reciba tratamiento para mantenerse saludable y prevenir la transmisi\u00f3n a otros.<\/span><\/li>\n<li><span style=\"color: #000000;\">Hable con sus hijos sobre la prevenci\u00f3n del VIH.<\/span><\/li>\n<\/ul>\n<p>&nbsp;<\/p>\n<h4>Medicamentos para la prevenci\u00f3n del VIH<\/h4>\n<p><span style=\"color: #000000;\"> Los medicamentos PrEP y PEP son altamente efectivos para detener las nuevas infecciones por VIH. Usados en combinaci\u00f3n con condones, pruebas regulares del VIH y conversaciones abiertas con parejas sexuales, la PrEP y la PEP pueden reducir en gran medida las posibilidades de que una persona se infecte.<\/span><\/p>\n<p><span style=\"color: #000000;\">La primera, llamada profilaxis previa a la exposici\u00f3n o PrEP, es una combinaci\u00f3n de medicamentos que se toman en una p\u00edldora todos los d\u00edas para ayudar a las personas VIH negativas a mantenerse negativas.<\/span><\/p>\n<h4>\u00bfEs la PrEP adecuada para usted?<\/h4>\n<p>Aquellos que pueden querer considerar PrEP incluyen:<\/p>\n<ul>\n<li><span style=\"color: #000000;\">Personas en una relaci\u00f3n con una pareja seropositiva<\/span><\/li>\n<li><span style=\"color: #000000;\">Personas que no usan regularmente condones cuando tienen relaciones sexuales<\/span><\/li>\n<li><span style=\"color: #000000;\">Personas que han sido diagnosticadas con una infecci\u00f3n de transmisi\u00f3n sexual (ITS) en los \u00faltimos seis meses<\/span><\/li>\n<li><span style=\"color: #000000;\">Cualquier persona que haya compartido equipo al inyectar drogas<\/span><\/li>\n<\/ul>\n<h4>\u00bfEs PEP adecuado para usted?<\/h4>\n<p><span style=\"color: #000000;\"> La segunda opci\u00f3n, llamada profilaxis post-exposici\u00f3n o PEP, se usa solo en una emergencia cuando se da cuenta de que puede haber estado expuesto al VIH. PEP implica tomar un curso corto de medicamentos, generalmente durante un mes, despu\u00e9s de una posible exposici\u00f3n.<\/span><\/p>\n<p><span style=\"color: #000000;\">Act\u00faa r\u00e1pido si crees que has estado expuesto al VIH. Los expertos m\u00e9dicos de Amida Care dicen que debe comunicarse con su proveedor de atenci\u00f3n m\u00e9dica o sala de emergencias del hospital dentro de las 72 horas si existe alguna posibilidad de que est\u00e9 en riesgo. Las situaciones que requieren una acci\u00f3n inmediata incluyen:<\/span><\/p>\n<ul>\n<li><span style=\"color: #000000;\">un cond\u00f3n con fugas durante las relaciones sexuales con una pareja VIH-positiva<\/span><\/li>\n<li><span style=\"color: #000000;\">sexo anal sin cond\u00f3n con una pareja que sea VIH positiva o cuyo estado sea desconocido<\/span><\/li>\n<li><span style=\"color: #000000;\">asalto sexual<\/span><\/li>\n<li><span style=\"color: #000000;\">compartiendo agujas de inyecci\u00f3n de drogas con alguien que sea VIH positivo o cuyo estado no se conoce<\/span><\/li>\n<\/ul>\n<h4>Para M\u00e1s Informaci\u00f3n<\/h4>\n<p><span style=\"color: #000000;\"> Para obtener m\u00e1s informaci\u00f3n, hable con su m\u00e9dico y visite sitios web gubernamentales de confianza, como el <span style=\"color: #0000ff;\"><a style=\"color: #0000ff;\" href=\"https:\/\/www.cdc.gov\/hiv\/default.html\">Centros para el Control y la Prevenci\u00f3n de Enfermedades de los Estados Unidos<\/a>. <a style=\"color: #0000ff;\" href=\"https:\/\/a816-healthpsi.nyc.gov\/NYCHealthMap\">Busque un sitio de pruebas de VIH o servicios de VIH cerca de usted.<\/a><\/span><br \/>\n<span style=\"color: #000000;\"><strong>Amida Care<\/strong> puede ayudar. Amida Care es un Plan de Salud para Necesidades Especiales (SNP) que brinda cobertura de salud integral, a bajo o sin costo, para los neoyorquinos elegibles para Medicaid que califican para nuestro plan Live Life Plus. Las respuestas confidenciales est\u00e1n disponibles en 1-855-GO-AMIDA (1-855-462-6432) (TTY 711).<\/span><\/p>\n","protected":false},"excerpt":{"rendered":"<p>El Estado de Nueva York tiene un plan para poner fin a la epidemia de VIH\/SIDA en nuestro estado para el a\u00f1o 2020 y proporciona&#8230;<\/p>\n","protected":false},"author":1,"featured_media":0,"parent":0,"menu_order":0,"comment_status":"closed","ping_status":"closed","template":"","meta":{"_acf_changed":false,"footnotes":""},"class_list":["post-4385","page","type-page","status-publish","hentry"],"acf":[],"yoast_head":"<!-- This site is optimized with the Yoast SEO plugin v27.3 - https:\/\/yoast.com\/product\/yoast-seo-wordpress\/ -->\n<title>Prevenci\u00f3n del VIH - Amida Care: Espanol<\/title>\n<meta name=\"description\" content=\"Prevenci\u00f3n del VIH. El Estado de Nueva York tiene un plan para poner fin a la epidemia de VIH\/SIDA en nuestro estado para el a\u00f1o 2020.\" class=\"yoast-seo-meta-tag\" \/>\n<meta name=\"robots\" content=\"index, follow, max-snippet:-1, max-image-preview:large, max-video-preview:-1\" \/>\n<link rel=\"canonical\" href=\"https:\/\/www.amidacareny.org\/es\/prevencion-del-vih\/\" class=\"yoast-seo-meta-tag\" \/>\n<meta property=\"og:locale\" content=\"es_ES\" class=\"yoast-seo-meta-tag\" \/>\n<meta property=\"og:type\" content=\"article\" class=\"yoast-seo-meta-tag\" \/>\n<meta property=\"og:title\" content=\"Prevenci\u00f3n del VIH - Amida Care: Espanol\" class=\"yoast-seo-meta-tag\" \/>\n<meta property=\"og:description\" content=\"Prevenci\u00f3n del VIH. El Estado de Nueva York tiene un plan para poner fin a la epidemia de VIH\/SIDA en nuestro estado para el a\u00f1o 2020.\" class=\"yoast-seo-meta-tag\" \/>\n<meta property=\"og:url\" content=\"https:\/\/www.amidacareny.org\/es\/prevencion-del-vih\/\" class=\"yoast-seo-meta-tag\" \/>\n<meta property=\"og:site_name\" content=\"Amida Care: Espanol\" class=\"yoast-seo-meta-tag\" \/>\n<meta property=\"article:modified_time\" content=\"2023-09-07T12:36:41+00:00\" class=\"yoast-seo-meta-tag\" \/>\n<meta name=\"twitter:card\" content=\"summary_large_image\" class=\"yoast-seo-meta-tag\" \/>\n<meta name=\"twitter:label1\" content=\"Tiempo de lectura\" class=\"yoast-seo-meta-tag\" \/>\n\t<meta name=\"twitter:data1\" content=\"3 minutos\" class=\"yoast-seo-meta-tag\" \/>\n<script type=\"application\/ld+json\" class=\"yoast-schema-graph\">{\"@context\":\"https:\\\/\\\/schema.org\",\"@graph\":[{\"@type\":\"WebPage\",\"@id\":\"https:\\\/\\\/www.amidacareny.org\\\/es\\\/prevencion-del-vih\\\/\",\"url\":\"https:\\\/\\\/www.amidacareny.org\\\/es\\\/prevencion-del-vih\\\/\",\"name\":\"Prevenci\u00f3n del VIH - Amida Care: Espanol\",\"isPartOf\":{\"@id\":\"https:\\\/\\\/www.amidacareny.org\\\/es\\\/#website\"},\"datePublished\":\"2020-06-20T16:18:17+00:00\",\"dateModified\":\"2023-09-07T12:36:41+00:00\",\"description\":\"Prevenci\u00f3n del VIH. El Estado de Nueva York tiene un plan para poner fin a la epidemia de VIH\\\/SIDA en nuestro estado para el a\u00f1o 2020.\",\"breadcrumb\":{\"@id\":\"https:\\\/\\\/www.amidacareny.org\\\/es\\\/prevencion-del-vih\\\/#breadcrumb\"},\"inLanguage\":\"es\",\"potentialAction\":[{\"@type\":\"ReadAction\",\"target\":[\"https:\\\/\\\/www.amidacareny.org\\\/es\\\/prevencion-del-vih\\\/\"]}]},{\"@type\":\"BreadcrumbList\",\"@id\":\"https:\\\/\\\/www.amidacareny.org\\\/es\\\/prevencion-del-vih\\\/#breadcrumb\",\"itemListElement\":[{\"@type\":\"ListItem\",\"position\":1,\"name\":\"Portada\",\"item\":\"https:\\\/\\\/www.amidacareny.org\\\/es\\\/\"},{\"@type\":\"ListItem\",\"position\":2,\"name\":\"Prevenci\u00f3n del VIH\"}]},{\"@type\":\"WebSite\",\"@id\":\"https:\\\/\\\/www.amidacareny.org\\\/es\\\/#website\",\"url\":\"https:\\\/\\\/www.amidacareny.org\\\/es\\\/\",\"name\":\"Amida Care: Espanol\",\"description\":\"Proveedor de planes de salud sin fines de lucro en NYC.\",\"potentialAction\":[{\"@type\":\"SearchAction\",\"target\":{\"@type\":\"EntryPoint\",\"urlTemplate\":\"https:\\\/\\\/www.amidacareny.org\\\/es\\\/?s={search_term_string}\"},\"query-input\":{\"@type\":\"PropertyValueSpecification\",\"valueRequired\":true,\"valueName\":\"search_term_string\"}}],\"inLanguage\":\"es\"}]}<\/script>\n<!-- \/ Yoast SEO plugin. -->","yoast_head_json":{"title":"Prevenci\u00f3n del VIH - Amida Care: Espanol","description":"Prevenci\u00f3n del VIH. El Estado de Nueva York tiene un plan para poner fin a la epidemia de VIH\/SIDA en nuestro estado para el a\u00f1o 2020.","robots":{"index":"index","follow":"follow","max-snippet":"max-snippet:-1","max-image-preview":"max-image-preview:large","max-video-preview":"max-video-preview:-1"},"canonical":"https:\/\/www.amidacareny.org\/es\/prevencion-del-vih\/","og_locale":"es_ES","og_type":"article","og_title":"Prevenci\u00f3n del VIH - Amida Care: Espanol","og_description":"Prevenci\u00f3n del VIH. El Estado de Nueva York tiene un plan para poner fin a la epidemia de VIH\/SIDA en nuestro estado para el a\u00f1o 2020.","og_url":"https:\/\/www.amidacareny.org\/es\/prevencion-del-vih\/","og_site_name":"Amida Care: Espanol","article_modified_time":"2023-09-07T12:36:41+00:00","twitter_card":"summary_large_image","twitter_misc":{"Tiempo de lectura":"3 minutos"},"schema":{"@context":"https:\/\/schema.org","@graph":[{"@type":"WebPage","@id":"https:\/\/www.amidacareny.org\/es\/prevencion-del-vih\/","url":"https:\/\/www.amidacareny.org\/es\/prevencion-del-vih\/","name":"Prevenci\u00f3n del VIH - Amida Care: Espanol","isPartOf":{"@id":"https:\/\/www.amidacareny.org\/es\/#website"},"datePublished":"2020-06-20T16:18:17+00:00","dateModified":"2023-09-07T12:36:41+00:00","description":"Prevenci\u00f3n del VIH. El Estado de Nueva York tiene un plan para poner fin a la epidemia de VIH\/SIDA en nuestro estado para el a\u00f1o 2020.","breadcrumb":{"@id":"https:\/\/www.amidacareny.org\/es\/prevencion-del-vih\/#breadcrumb"},"inLanguage":"es","potentialAction":[{"@type":"ReadAction","target":["https:\/\/www.amidacareny.org\/es\/prevencion-del-vih\/"]}]},{"@type":"BreadcrumbList","@id":"https:\/\/www.amidacareny.org\/es\/prevencion-del-vih\/#breadcrumb","itemListElement":[{"@type":"ListItem","position":1,"name":"Portada","item":"https:\/\/www.amidacareny.org\/es\/"},{"@type":"ListItem","position":2,"name":"Prevenci\u00f3n del VIH"}]},{"@type":"WebSite","@id":"https:\/\/www.amidacareny.org\/es\/#website","url":"https:\/\/www.amidacareny.org\/es\/","name":"Amida Care: Espanol","description":"Proveedor de planes de salud sin fines de lucro en NYC.","potentialAction":[{"@type":"SearchAction","target":{"@type":"EntryPoint","urlTemplate":"https:\/\/www.amidacareny.org\/es\/?s={search_term_string}"},"query-input":{"@type":"PropertyValueSpecification","valueRequired":true,"valueName":"search_term_string"}}],"inLanguage":"es"}]}},"_links":{"self":[{"href":"https:\/\/www.amidacareny.org\/es\/wp-json\/wp\/v2\/pages\/4385","targetHints":{"allow":["GET"]}}],"collection":[{"href":"https:\/\/www.amidacareny.org\/es\/wp-json\/wp\/v2\/pages"}],"about":[{"href":"https:\/\/www.amidacareny.org\/es\/wp-json\/wp\/v2\/types\/page"}],"author":[{"embeddable":true,"href":"https:\/\/www.amidacareny.org\/es\/wp-json\/wp\/v2\/users\/1"}],"replies":[{"embeddable":true,"href":"https:\/\/www.amidacareny.org\/es\/wp-json\/wp\/v2\/comments?post=4385"}],"version-history":[{"count":0,"href":"https:\/\/www.amidacareny.org\/es\/wp-json\/wp\/v2\/pages\/4385\/revisions"}],"wp:attachment":[{"href":"https:\/\/www.amidacareny.org\/es\/wp-json\/wp\/v2\/media?parent=4385"}],"curies":[{"name":"wp","href":"https:\/\/api.w.org\/{rel}","templated":true}]}}