{"id":4388,"date":"2020-06-20T12:27:23","date_gmt":"2020-06-20T16:27:23","guid":{"rendered":"https:\/\/www.amidacareny.org\/es\/?page_id=4388"},"modified":"2024-01-02T08:36:37","modified_gmt":"2024-01-02T13:36:37","slug":"sin-hogar","status":"publish","type":"page","link":"https:\/\/www.amidacareny.org\/es\/sin-hogar\/","title":{"rendered":"Sin hogar"},"content":{"rendered":"<p>La falta de vivienda en la ciudad de Nueva York ha alcanzado niveles r\u00e9cord no vistos desde la Gran Depresi\u00f3n. M\u00e1s de 63,000 personas est\u00e1n en refugios de la ciudad de Nueva York todos los d\u00edas. Alrededor de un tercio de ellos son ni\u00f1os.<\/p>\n<p>La principal causa de la falta de vivienda es la falta de vivienda asequible. Los estadounidenses gastan cerca de la mitad de sus ingresos en vivienda, dej\u00e1ndolos con menos dinero para comida, ropa y atenci\u00f3n m\u00e9dica.<\/p>\n<h4>Cuidado de la Salud<\/h4>\n<p>La vivienda es cuidado de la salud. La mala salud es tanto una causa como un resultado de la falta de vivienda. La falta de acceso a la atenci\u00f3n m\u00e9dica a menudo resulta en la falta de vivienda, y muchos se ven obligados a elegir entre pagar la vivienda o las facturas m\u00e9dicas. Seg\u00fan el National Health Care for the Homeless Council, la mitad de todas las quiebras personales en los Estados Unidos son causadas por problemas de salud.<\/p>\n<p>Estar sin hogar comienza una peligrosa espiral descendente. Las personas sin hogar tienen entre tres y seis veces m\u00e1s probabilidades de enfermarse que las personas alojadas (National Health Care for the Homeless Council). Enfrentan una amplia gama de enfermedades agudas y cr\u00f3nicas, tanto f\u00edsicas como mentales, as\u00ed como una mayor posibilidad de trauma, como un asalto f\u00edsico o una violaci\u00f3n.<\/p>\n<p>Los problemas de salud menores pueden convertirse en enfermedades graves cuando las personas no tienen acceso a tratamiento m\u00e9dico de rutina o a un lugar consistente para vivir. Las afecciones comunes como la presi\u00f3n arterial alta, la diabetes y el asma empeoran porque no hay un lugar seguro para almacenar los medicamentos adecuadamente. Los problemas de salud conductual, como la depresi\u00f3n o el alcoholismo, a menudo se desarrollan o empeoran.<\/p>\n<h4>VIH<\/h4>\n<p>Seg\u00fan la Coalici\u00f3n Nacional para las personas sin hogar, la falta de vivienda y el VIH \/ SIDA tambi\u00e9n est\u00e1n relacionados. Las condiciones de estar sin hogar aumentan el riesgo de contraer el VIH. Dado que el VIH se dirige al sistema inmunol\u00f3gico, las personas sin hogar no siempre tienen la capacidad de combatir las enfermedades, y su riesgo de contraer el VIH y las enfermedades asociadas es a\u00fan mayor.<\/p>\n<h4>Acceso a la atenci\u00f3n m\u00e9dica para personas sin hogar<\/h4>\n<p>Las personas sin hogar en la ciudad de Nueva York, independientemente de su estado serol\u00f3gico, pueden ser elegibles para el Plan de Salud de Necesidades Especiales (SNP) de Medicaid de Amida Care, <a href=\"https:\/\/www.amidacareny.org\/our-plans\/our-medicaid-live-life-plus-plan\/\">Live Life Plus<\/a>.<\/p>\n<p>Amida Care fue establecida como una organizaci\u00f3n sin fines de lucro en 2003 por varias organizaciones de salud comunitarias de la ciudad de Nueva York que reconocieron la importancia de proporcionar un modelo coordinado de atenci\u00f3n a las personas que viven con VIH \/ SIDA. En 2014, las personas sin hogar, independientemente de su estado serol\u00f3gico, se convirtieron en elegibles para inscribirse en el plan de salud, que est\u00e1 dise\u00f1ado espec\u00edficamente para involucrar a las personas vulnerables en la atenci\u00f3n y proporcionar servicios de apoyo social integrados.<\/p>\n<p>El equipo de Amida Care trabaja en estrecha colaboraci\u00f3n con numerosas organizaciones comunitarias y agencias estatales para ayudar a miles de neoyorquinos a obtener la atenci\u00f3n y el apoyo individualizados que necesitan, incluidos los servicios vitales de salud y sociales.<\/p>\n<h4>M\u00e1s Informaci\u00f3n<\/h4>\n<p>Amida Care puede ayudar. Amida Care es un Plan de Salud para Necesidades Especiales (SNP) que brinda cobertura de salud integral, a bajo o sin costo, para los neoyorquinos elegibles para Medicaid que califican para nuestro plan. Las respuestas confidenciales est\u00e1n disponibles en 1-855-GO-AMIDA (1-855-462-6432) (TTY 711).<\/p>\n","protected":false},"excerpt":{"rendered":"<p>La falta de vivienda en la ciudad de Nueva York ha alcanzado niveles r\u00e9cord no vistos desde la Gran Depresi\u00f3n. M\u00e1s de 63,000 personas est\u00e1n&#8230;<\/p>\n","protected":false},"author":1,"featured_media":0,"parent":0,"menu_order":0,"comment_status":"closed","ping_status":"closed","template":"","meta":{"_acf_changed":false,"footnotes":""},"class_list":["post-4388","page","type-page","status-publish","hentry"],"acf":[],"yoast_head":"<!-- This site is optimized with the Yoast SEO plugin v27.3 - https:\/\/yoast.com\/product\/yoast-seo-wordpress\/ -->\n<title>Sin hogar - Amida Care: Espanol<\/title>\n<meta name=\"description\" content=\"Sin hogar. La falta de vivienda en la ciudad de Nueva York ha alcanzado niveles r\u00e9cord no vistos desde la Gran Depresi\u00f3n.\" class=\"yoast-seo-meta-tag\" \/>\n<meta name=\"robots\" content=\"index, follow, max-snippet:-1, max-image-preview:large, max-video-preview:-1\" \/>\n<link rel=\"canonical\" href=\"https:\/\/www.amidacareny.org\/es\/sin-hogar\/\" class=\"yoast-seo-meta-tag\" \/>\n<meta property=\"og:locale\" content=\"es_ES\" class=\"yoast-seo-meta-tag\" \/>\n<meta property=\"og:type\" content=\"article\" class=\"yoast-seo-meta-tag\" \/>\n<meta property=\"og:title\" content=\"Sin hogar - Amida Care: Espanol\" class=\"yoast-seo-meta-tag\" \/>\n<meta property=\"og:description\" content=\"Sin hogar. La falta de vivienda en la ciudad de Nueva York ha alcanzado niveles r\u00e9cord no vistos desde la Gran Depresi\u00f3n.\" class=\"yoast-seo-meta-tag\" \/>\n<meta property=\"og:url\" content=\"https:\/\/www.amidacareny.org\/es\/sin-hogar\/\" class=\"yoast-seo-meta-tag\" \/>\n<meta property=\"og:site_name\" content=\"Amida Care: Espanol\" class=\"yoast-seo-meta-tag\" \/>\n<meta property=\"article:modified_time\" content=\"2024-01-02T13:36:37+00:00\" class=\"yoast-seo-meta-tag\" \/>\n<meta name=\"twitter:card\" content=\"summary_large_image\" class=\"yoast-seo-meta-tag\" \/>\n<meta name=\"twitter:label1\" content=\"Tiempo de lectura\" class=\"yoast-seo-meta-tag\" \/>\n\t<meta name=\"twitter:data1\" content=\"3 minutos\" class=\"yoast-seo-meta-tag\" \/>\n<script type=\"application\/ld+json\" class=\"yoast-schema-graph\">{\"@context\":\"https:\\\/\\\/schema.org\",\"@graph\":[{\"@type\":\"WebPage\",\"@id\":\"https:\\\/\\\/www.amidacareny.org\\\/es\\\/sin-hogar\\\/\",\"url\":\"https:\\\/\\\/www.amidacareny.org\\\/es\\\/sin-hogar\\\/\",\"name\":\"Sin hogar - Amida Care: Espanol\",\"isPartOf\":{\"@id\":\"https:\\\/\\\/www.amidacareny.org\\\/es\\\/#website\"},\"datePublished\":\"2020-06-20T16:27:23+00:00\",\"dateModified\":\"2024-01-02T13:36:37+00:00\",\"description\":\"Sin hogar. La falta de vivienda en la ciudad de Nueva York ha alcanzado niveles r\u00e9cord no vistos desde la Gran Depresi\u00f3n.\",\"breadcrumb\":{\"@id\":\"https:\\\/\\\/www.amidacareny.org\\\/es\\\/sin-hogar\\\/#breadcrumb\"},\"inLanguage\":\"es\",\"potentialAction\":[{\"@type\":\"ReadAction\",\"target\":[\"https:\\\/\\\/www.amidacareny.org\\\/es\\\/sin-hogar\\\/\"]}]},{\"@type\":\"BreadcrumbList\",\"@id\":\"https:\\\/\\\/www.amidacareny.org\\\/es\\\/sin-hogar\\\/#breadcrumb\",\"itemListElement\":[{\"@type\":\"ListItem\",\"position\":1,\"name\":\"Portada\",\"item\":\"https:\\\/\\\/www.amidacareny.org\\\/es\\\/\"},{\"@type\":\"ListItem\",\"position\":2,\"name\":\"Sin hogar\"}]},{\"@type\":\"WebSite\",\"@id\":\"https:\\\/\\\/www.amidacareny.org\\\/es\\\/#website\",\"url\":\"https:\\\/\\\/www.amidacareny.org\\\/es\\\/\",\"name\":\"Amida Care: Espanol\",\"description\":\"Proveedor de planes de salud sin fines de lucro en NYC.\",\"potentialAction\":[{\"@type\":\"SearchAction\",\"target\":{\"@type\":\"EntryPoint\",\"urlTemplate\":\"https:\\\/\\\/www.amidacareny.org\\\/es\\\/?s={search_term_string}\"},\"query-input\":{\"@type\":\"PropertyValueSpecification\",\"valueRequired\":true,\"valueName\":\"search_term_string\"}}],\"inLanguage\":\"es\"}]}<\/script>\n<!-- \/ Yoast SEO plugin. -->","yoast_head_json":{"title":"Sin hogar - Amida Care: Espanol","description":"Sin hogar. La falta de vivienda en la ciudad de Nueva York ha alcanzado niveles r\u00e9cord no vistos desde la Gran Depresi\u00f3n.","robots":{"index":"index","follow":"follow","max-snippet":"max-snippet:-1","max-image-preview":"max-image-preview:large","max-video-preview":"max-video-preview:-1"},"canonical":"https:\/\/www.amidacareny.org\/es\/sin-hogar\/","og_locale":"es_ES","og_type":"article","og_title":"Sin hogar - Amida Care: Espanol","og_description":"Sin hogar. La falta de vivienda en la ciudad de Nueva York ha alcanzado niveles r\u00e9cord no vistos desde la Gran Depresi\u00f3n.","og_url":"https:\/\/www.amidacareny.org\/es\/sin-hogar\/","og_site_name":"Amida Care: Espanol","article_modified_time":"2024-01-02T13:36:37+00:00","twitter_card":"summary_large_image","twitter_misc":{"Tiempo de lectura":"3 minutos"},"schema":{"@context":"https:\/\/schema.org","@graph":[{"@type":"WebPage","@id":"https:\/\/www.amidacareny.org\/es\/sin-hogar\/","url":"https:\/\/www.amidacareny.org\/es\/sin-hogar\/","name":"Sin hogar - Amida Care: Espanol","isPartOf":{"@id":"https:\/\/www.amidacareny.org\/es\/#website"},"datePublished":"2020-06-20T16:27:23+00:00","dateModified":"2024-01-02T13:36:37+00:00","description":"Sin hogar. La falta de vivienda en la ciudad de Nueva York ha alcanzado niveles r\u00e9cord no vistos desde la Gran Depresi\u00f3n.","breadcrumb":{"@id":"https:\/\/www.amidacareny.org\/es\/sin-hogar\/#breadcrumb"},"inLanguage":"es","potentialAction":[{"@type":"ReadAction","target":["https:\/\/www.amidacareny.org\/es\/sin-hogar\/"]}]},{"@type":"BreadcrumbList","@id":"https:\/\/www.amidacareny.org\/es\/sin-hogar\/#breadcrumb","itemListElement":[{"@type":"ListItem","position":1,"name":"Portada","item":"https:\/\/www.amidacareny.org\/es\/"},{"@type":"ListItem","position":2,"name":"Sin hogar"}]},{"@type":"WebSite","@id":"https:\/\/www.amidacareny.org\/es\/#website","url":"https:\/\/www.amidacareny.org\/es\/","name":"Amida Care: Espanol","description":"Proveedor de planes de salud sin fines de lucro en NYC.","potentialAction":[{"@type":"SearchAction","target":{"@type":"EntryPoint","urlTemplate":"https:\/\/www.amidacareny.org\/es\/?s={search_term_string}"},"query-input":{"@type":"PropertyValueSpecification","valueRequired":true,"valueName":"search_term_string"}}],"inLanguage":"es"}]}},"_links":{"self":[{"href":"https:\/\/www.amidacareny.org\/es\/wp-json\/wp\/v2\/pages\/4388","targetHints":{"allow":["GET"]}}],"collection":[{"href":"https:\/\/www.amidacareny.org\/es\/wp-json\/wp\/v2\/pages"}],"about":[{"href":"https:\/\/www.amidacareny.org\/es\/wp-json\/wp\/v2\/types\/page"}],"author":[{"embeddable":true,"href":"https:\/\/www.amidacareny.org\/es\/wp-json\/wp\/v2\/users\/1"}],"replies":[{"embeddable":true,"href":"https:\/\/www.amidacareny.org\/es\/wp-json\/wp\/v2\/comments?post=4388"}],"version-history":[{"count":0,"href":"https:\/\/www.amidacareny.org\/es\/wp-json\/wp\/v2\/pages\/4388\/revisions"}],"wp:attachment":[{"href":"https:\/\/www.amidacareny.org\/es\/wp-json\/wp\/v2\/media?parent=4388"}],"curies":[{"name":"wp","href":"https:\/\/api.w.org\/{rel}","templated":true}]}}