{"id":4645,"date":"2020-09-15T17:50:40","date_gmt":"2020-09-15T21:50:40","guid":{"rendered":"https:\/\/www.amidacareny.org\/es\/?page_id=4645"},"modified":"2024-09-06T11:05:41","modified_gmt":"2024-09-06T15:05:41","slug":"vota","status":"publish","type":"page","link":"https:\/\/www.amidacareny.org\/es\/sobre-nosotros\/defensa-e-investigacion\/vota\/","title":{"rendered":"VOTEMOS 2024"},"content":{"rendered":"<h1><span style=\"color: #90c53d;\"><strong>\u00a1Votemos!\u00a0<\/strong><\/span><\/h1>\n<h3><span style=\"color: #8e4b9d;\"><strong>Hagamos o\u00edr nuestras voces<\/strong><\/span><\/h3>\n<p><iframe loading=\"lazy\" title=\"YouTube video player\" src=\"\/\/www.youtube.com\/embed\/videoseries?si=vvuJGJQR684dkfEx&amp;list=PLHyi5iLlzM3YLRwortTPpAkXEipuwWldG\" width=\"560\" height=\"315\" frameborder=\"0\" allowfullscreen=\"allowfullscreen\"><\/iframe><\/p>\n<p>Usa tu poder y vota. En nuestra democracia, votar nos da una voz fuerte para responsabilizar a nuestros representantes electos por las decisiones que toman en nuestro nombre.<\/p>\n<p><span style=\"color: #000000;\"><strong>El primer paso es registrarse. \u00a1Ponte en acci\u00f3n!<\/strong><\/span><\/p>\n<p><a href=\"https:\/\/www.amidacareny.org\/wp-content\/uploads\/Vote-LateralArt.jpg\"><img loading=\"lazy\" decoding=\"async\" class=\"wp-image-6235 size-full alignleft\" src=\"https:\/\/www.amidacareny.org\/wp-content\/uploads\/Vote-LateralArt.jpg\" alt=\"\" width=\"184\" height=\"900\" \/><\/a><\/p>\n<p>Reg\u00edstrate para votar en el Estado de New York el 26 de octubre de 2024. Puedes registrarte en l\u00ednea, en persona o por correo<\/p>\n<p>Si necesitas m\u00e1s informaci\u00f3n, los residentes de New York City pueden visitar <a href=\"https:\/\/vote.nyc\/page\/register-vote\">https:\/\/vote.nyc\/page\/register-vote<\/a>. Los residentes del estado de New York que vivan fuera de la ciudad deben visitar <a href=\"https:\/\/elections.ny.gov\/voter-registration-process\">https:\/\/elections.ny.gov\/voter-registration-process<\/a>.<\/p>\n<p>Si ya has votado antes, confirma que sigues registrado: https:\/\/voterlookup.elections.ny.gov\/ o llama al 1-866-868-3692.<\/p>\n<p>Si vives en otro estado en los EE. UU., visita <a href=\"https:\/\/vote.gov\/es\/registrar\">https:\/\/vote.gov\/es\/registrar<\/a>.<\/p>\n<h3><strong><span style=\"color: #8e4b9d;\">Usa tu voz: Vota<\/span><\/strong><\/h3>\n<p>El estado de New York permite votar en persona, votar anticipadamente o votar por correo. Consulta a continuaci\u00f3n para conocer enlaces \u00fatiles.<br \/>\nConsulta esta gu\u00eda para obtener m\u00e1s informaci\u00f3n sobre las opciones de votaci\u00f3n en otros estados de los EE. UU. <a href=\"https:\/\/vote.gov\/es\/guide-to-voting\">https:\/\/vote.gov\/es\/guide-to-voting<\/a>.<\/p>\n<p><strong>Vota en persona <\/strong><\/p>\n<ul>\n<li>Vota anticipadamente durante las dos semanas previas al d\u00eda de las elecciones (del s\u00e1bado, 26 de octubre al domingo, 3 de noviembre de 2024): <a href=\"https:\/\/elections.ny.gov\/early-voting\">https:\/\/elections.ny.gov\/early-voting<\/a><\/li>\n<li>O vota en tu centro de votaci\u00f3n el martes, 5 de noviembre de 2024: <a href=\"https:\/\/findmypollsite.vote.nyc\/\">https:\/\/findmypollsite.vote.nyc\/<\/a> o llama al 311 para encontrar un centro de votaci\u00f3n<\/li>\n<\/ul>\n<p><strong>Vota por correo<\/strong><\/p>\n<ul>\n<li>Cualquier votante registrado puede solicitar una boleta de votaci\u00f3n anticipada por correo. Dir\u00edgete a tu junta electoral local o presenta tu solicitud en l\u00ednea. Los residentes de la Ciudad de New York pueden visitar<a href=\"https:\/\/vote.nyc\/RequestBallot\"> https:\/\/vote.nyc\/RequestBallot<\/a>. Los residentes del estado de New York que vivan fuera de la ciudad deben visitar<\/li>\n<li style=\"list-style-type: none;\"><a href=\"https:\/\/ballotapplication.elections.ny.gov\/home\/absentee\">https:\/\/ballotapplication.elections.ny.gov\/home\/absentee<\/a><\/li>\n<\/ul>\n<p>&nbsp;<\/p>\n<p>Recursos adicionales<\/p>\n<p>Votar despu\u00e9s del encarcelamiento: <a href=\"https:\/\/elections.ny.gov\/voting-after-incarceration\">https:\/\/elections.ny.gov\/voting-after-incarceration<\/a><\/p>\n<p>C\u00f3mo votar siendo una persona trans: consejos del Centro Nacional para la Igualdad Transg\u00e9nero: <a href=\"https:\/\/transequality.org\/sites\/default\/files\/docs\/resources\/voting%20while%20trans.pdf\">https:\/\/transequality.org\/sites\/default\/files\/docs\/resources\/voting%20while%20trans.pdf<\/a><\/p>\n<h1><a href=\"https:\/\/www.amidacareny.org\/wp-content\/uploads\/FriendsFamily.jpg\"><img loading=\"lazy\" decoding=\"async\" class=\"alignnone wp-image-6236 size-full\" src=\"https:\/\/www.amidacareny.org\/wp-content\/uploads\/FriendsFamily.jpg\" alt=\"\" width=\"800\" height=\"244\" \/><\/a><\/h1>\n","protected":false},"excerpt":{"rendered":"<p>\u00a1Votemos!\u00a0 Hagamos o\u00edr nuestras voces Usa tu poder y vota. En nuestra democracia, votar nos da una voz fuerte para responsabilizar a nuestros representantes electos&#8230;<\/p>\n","protected":false},"author":13,"featured_media":0,"parent":2803,"menu_order":0,"comment_status":"closed","ping_status":"closed","template":"","meta":{"_acf_changed":false,"footnotes":""},"class_list":["post-4645","page","type-page","status-publish","hentry"],"acf":[],"yoast_head":"<!-- This site is optimized with the Yoast SEO plugin v27.3 - https:\/\/yoast.com\/product\/yoast-seo-wordpress\/ -->\n<title>VOTEMOS 2024 - Amida Care: Espanol<\/title>\n<meta name=\"robots\" content=\"index, follow, max-snippet:-1, max-image-preview:large, max-video-preview:-1\" \/>\n<link rel=\"canonical\" href=\"https:\/\/www.amidacareny.org\/es\/sobre-nosotros\/defensa-e-investigacion\/vota\/\" class=\"yoast-seo-meta-tag\" \/>\n<meta property=\"og:locale\" content=\"es_ES\" class=\"yoast-seo-meta-tag\" \/>\n<meta property=\"og:type\" content=\"article\" class=\"yoast-seo-meta-tag\" \/>\n<meta property=\"og:title\" content=\"VOTEMOS 2024 - Amida Care: Espanol\" class=\"yoast-seo-meta-tag\" \/>\n<meta property=\"og:description\" content=\"\u00a1Votemos!\u00a0 Hagamos o\u00edr nuestras voces Usa tu poder y vota. En nuestra democracia, votar nos da una voz fuerte para responsabilizar a nuestros representantes electos...\" class=\"yoast-seo-meta-tag\" \/>\n<meta property=\"og:url\" content=\"https:\/\/www.amidacareny.org\/es\/sobre-nosotros\/defensa-e-investigacion\/vota\/\" class=\"yoast-seo-meta-tag\" \/>\n<meta property=\"og:site_name\" content=\"Amida Care: Espanol\" class=\"yoast-seo-meta-tag\" \/>\n<meta property=\"article:modified_time\" content=\"2024-09-06T15:05:41+00:00\" class=\"yoast-seo-meta-tag\" \/>\n<meta property=\"og:image\" content=\"https:\/\/www.amidacareny.org\/wp-content\/uploads\/Vote-LateralArt.jpg\" class=\"yoast-seo-meta-tag\" \/>\n<meta name=\"twitter:card\" content=\"summary_large_image\" class=\"yoast-seo-meta-tag\" \/>\n<meta name=\"twitter:label1\" content=\"Tiempo de lectura\" class=\"yoast-seo-meta-tag\" \/>\n\t<meta name=\"twitter:data1\" content=\"2 minutos\" class=\"yoast-seo-meta-tag\" \/>\n<script type=\"application\/ld+json\" class=\"yoast-schema-graph\">{\"@context\":\"https:\\\/\\\/schema.org\",\"@graph\":[{\"@type\":\"WebPage\",\"@id\":\"https:\\\/\\\/www.amidacareny.org\\\/es\\\/sobre-nosotros\\\/defensa-e-investigacion\\\/vota\\\/\",\"url\":\"https:\\\/\\\/www.amidacareny.org\\\/es\\\/sobre-nosotros\\\/defensa-e-investigacion\\\/vota\\\/\",\"name\":\"VOTEMOS 2024 - Amida Care: Espanol\",\"isPartOf\":{\"@id\":\"https:\\\/\\\/www.amidacareny.org\\\/es\\\/#website\"},\"primaryImageOfPage\":{\"@id\":\"https:\\\/\\\/www.amidacareny.org\\\/es\\\/sobre-nosotros\\\/defensa-e-investigacion\\\/vota\\\/#primaryimage\"},\"image\":{\"@id\":\"https:\\\/\\\/www.amidacareny.org\\\/es\\\/sobre-nosotros\\\/defensa-e-investigacion\\\/vota\\\/#primaryimage\"},\"thumbnailUrl\":\"https:\\\/\\\/www.amidacareny.org\\\/wp-content\\\/uploads\\\/Vote-LateralArt.jpg\",\"datePublished\":\"2020-09-15T21:50:40+00:00\",\"dateModified\":\"2024-09-06T15:05:41+00:00\",\"breadcrumb\":{\"@id\":\"https:\\\/\\\/www.amidacareny.org\\\/es\\\/sobre-nosotros\\\/defensa-e-investigacion\\\/vota\\\/#breadcrumb\"},\"inLanguage\":\"es\",\"potentialAction\":[{\"@type\":\"ReadAction\",\"target\":[\"https:\\\/\\\/www.amidacareny.org\\\/es\\\/sobre-nosotros\\\/defensa-e-investigacion\\\/vota\\\/\"]}]},{\"@type\":\"ImageObject\",\"inLanguage\":\"es\",\"@id\":\"https:\\\/\\\/www.amidacareny.org\\\/es\\\/sobre-nosotros\\\/defensa-e-investigacion\\\/vota\\\/#primaryimage\",\"url\":\"https:\\\/\\\/www.amidacareny.org\\\/wp-content\\\/uploads\\\/Vote-LateralArt.jpg\",\"contentUrl\":\"https:\\\/\\\/www.amidacareny.org\\\/wp-content\\\/uploads\\\/Vote-LateralArt.jpg\"},{\"@type\":\"BreadcrumbList\",\"@id\":\"https:\\\/\\\/www.amidacareny.org\\\/es\\\/sobre-nosotros\\\/defensa-e-investigacion\\\/vota\\\/#breadcrumb\",\"itemListElement\":[{\"@type\":\"ListItem\",\"position\":1,\"name\":\"Portada\",\"item\":\"https:\\\/\\\/www.amidacareny.org\\\/es\\\/\"},{\"@type\":\"ListItem\",\"position\":2,\"name\":\"Sobre Nosotros\",\"item\":\"https:\\\/\\\/www.amidacareny.org\\\/es\\\/sobre-nosotros\\\/\"},{\"@type\":\"ListItem\",\"position\":3,\"name\":\"Defensa e Investigaci\u00f3n\",\"item\":\"https:\\\/\\\/www.amidacareny.org\\\/es\\\/sobre-nosotros\\\/defensa-e-investigacion\\\/\"},{\"@type\":\"ListItem\",\"position\":4,\"name\":\"VOTEMOS 2024\"}]},{\"@type\":\"WebSite\",\"@id\":\"https:\\\/\\\/www.amidacareny.org\\\/es\\\/#website\",\"url\":\"https:\\\/\\\/www.amidacareny.org\\\/es\\\/\",\"name\":\"Amida Care: Espanol\",\"description\":\"Proveedor de planes de salud sin fines de lucro en NYC.\",\"potentialAction\":[{\"@type\":\"SearchAction\",\"target\":{\"@type\":\"EntryPoint\",\"urlTemplate\":\"https:\\\/\\\/www.amidacareny.org\\\/es\\\/?s={search_term_string}\"},\"query-input\":{\"@type\":\"PropertyValueSpecification\",\"valueRequired\":true,\"valueName\":\"search_term_string\"}}],\"inLanguage\":\"es\"}]}<\/script>\n<!-- \/ Yoast SEO plugin. -->","yoast_head_json":{"title":"VOTEMOS 2024 - Amida Care: Espanol","robots":{"index":"index","follow":"follow","max-snippet":"max-snippet:-1","max-image-preview":"max-image-preview:large","max-video-preview":"max-video-preview:-1"},"canonical":"https:\/\/www.amidacareny.org\/es\/sobre-nosotros\/defensa-e-investigacion\/vota\/","og_locale":"es_ES","og_type":"article","og_title":"VOTEMOS 2024 - Amida Care: Espanol","og_description":"\u00a1Votemos!\u00a0 Hagamos o\u00edr nuestras voces Usa tu poder y vota. En nuestra democracia, votar nos da una voz fuerte para responsabilizar a nuestros representantes electos...","og_url":"https:\/\/www.amidacareny.org\/es\/sobre-nosotros\/defensa-e-investigacion\/vota\/","og_site_name":"Amida Care: Espanol","article_modified_time":"2024-09-06T15:05:41+00:00","og_image":[{"url":"https:\/\/www.amidacareny.org\/wp-content\/uploads\/Vote-LateralArt.jpg","type":"","width":"","height":""}],"twitter_card":"summary_large_image","twitter_misc":{"Tiempo de lectura":"2 minutos"},"schema":{"@context":"https:\/\/schema.org","@graph":[{"@type":"WebPage","@id":"https:\/\/www.amidacareny.org\/es\/sobre-nosotros\/defensa-e-investigacion\/vota\/","url":"https:\/\/www.amidacareny.org\/es\/sobre-nosotros\/defensa-e-investigacion\/vota\/","name":"VOTEMOS 2024 - Amida Care: Espanol","isPartOf":{"@id":"https:\/\/www.amidacareny.org\/es\/#website"},"primaryImageOfPage":{"@id":"https:\/\/www.amidacareny.org\/es\/sobre-nosotros\/defensa-e-investigacion\/vota\/#primaryimage"},"image":{"@id":"https:\/\/www.amidacareny.org\/es\/sobre-nosotros\/defensa-e-investigacion\/vota\/#primaryimage"},"thumbnailUrl":"https:\/\/www.amidacareny.org\/wp-content\/uploads\/Vote-LateralArt.jpg","datePublished":"2020-09-15T21:50:40+00:00","dateModified":"2024-09-06T15:05:41+00:00","breadcrumb":{"@id":"https:\/\/www.amidacareny.org\/es\/sobre-nosotros\/defensa-e-investigacion\/vota\/#breadcrumb"},"inLanguage":"es","potentialAction":[{"@type":"ReadAction","target":["https:\/\/www.amidacareny.org\/es\/sobre-nosotros\/defensa-e-investigacion\/vota\/"]}]},{"@type":"ImageObject","inLanguage":"es","@id":"https:\/\/www.amidacareny.org\/es\/sobre-nosotros\/defensa-e-investigacion\/vota\/#primaryimage","url":"https:\/\/www.amidacareny.org\/wp-content\/uploads\/Vote-LateralArt.jpg","contentUrl":"https:\/\/www.amidacareny.org\/wp-content\/uploads\/Vote-LateralArt.jpg"},{"@type":"BreadcrumbList","@id":"https:\/\/www.amidacareny.org\/es\/sobre-nosotros\/defensa-e-investigacion\/vota\/#breadcrumb","itemListElement":[{"@type":"ListItem","position":1,"name":"Portada","item":"https:\/\/www.amidacareny.org\/es\/"},{"@type":"ListItem","position":2,"name":"Sobre Nosotros","item":"https:\/\/www.amidacareny.org\/es\/sobre-nosotros\/"},{"@type":"ListItem","position":3,"name":"Defensa e Investigaci\u00f3n","item":"https:\/\/www.amidacareny.org\/es\/sobre-nosotros\/defensa-e-investigacion\/"},{"@type":"ListItem","position":4,"name":"VOTEMOS 2024"}]},{"@type":"WebSite","@id":"https:\/\/www.amidacareny.org\/es\/#website","url":"https:\/\/www.amidacareny.org\/es\/","name":"Amida Care: Espanol","description":"Proveedor de planes de salud sin fines de lucro en NYC.","potentialAction":[{"@type":"SearchAction","target":{"@type":"EntryPoint","urlTemplate":"https:\/\/www.amidacareny.org\/es\/?s={search_term_string}"},"query-input":{"@type":"PropertyValueSpecification","valueRequired":true,"valueName":"search_term_string"}}],"inLanguage":"es"}]}},"_links":{"self":[{"href":"https:\/\/www.amidacareny.org\/es\/wp-json\/wp\/v2\/pages\/4645","targetHints":{"allow":["GET"]}}],"collection":[{"href":"https:\/\/www.amidacareny.org\/es\/wp-json\/wp\/v2\/pages"}],"about":[{"href":"https:\/\/www.amidacareny.org\/es\/wp-json\/wp\/v2\/types\/page"}],"author":[{"embeddable":true,"href":"https:\/\/www.amidacareny.org\/es\/wp-json\/wp\/v2\/users\/13"}],"replies":[{"embeddable":true,"href":"https:\/\/www.amidacareny.org\/es\/wp-json\/wp\/v2\/comments?post=4645"}],"version-history":[{"count":0,"href":"https:\/\/www.amidacareny.org\/es\/wp-json\/wp\/v2\/pages\/4645\/revisions"}],"up":[{"embeddable":true,"href":"https:\/\/www.amidacareny.org\/es\/wp-json\/wp\/v2\/pages\/2803"}],"wp:attachment":[{"href":"https:\/\/www.amidacareny.org\/es\/wp-json\/wp\/v2\/media?parent=4645"}],"curies":[{"name":"wp","href":"https:\/\/api.w.org\/{rel}","templated":true}]}}