{"id":4842,"date":"2021-04-21T10:27:06","date_gmt":"2021-04-21T14:27:06","guid":{"rendered":"https:\/\/www.amidacareny.org\/es\/?page_id=4842"},"modified":"2025-03-14T17:32:52","modified_gmt":"2025-03-14T21:32:52","slug":"entrega-de-comidas","status":"publish","type":"page","link":"https:\/\/www.amidacareny.org\/es\/para-miembros\/entrega-de-comidas\/","title":{"rendered":"Entrega de comidas"},"content":{"rendered":"<p><b>Para socios: programas y servicios<\/b><\/p>\n<h2>Comidas adaptadas m\u00e9dicamente<\/h2>\n<p>A partir del <b>1 de noviembre de 2020<\/b>, Amida Care ofrece a sus socios (seg\u00fan su elegibilidad) un servicio de entrega de comidas a domicilio especialmente dise\u00f1adas para sus necesidades m\u00e9dicas. Amida Care se ha asociado con God&#8217;s Love We Deliver, el principal proveedor de comidas a domicilio en el \u00e1rea de New York, para ofrecer este servicio. God&#8217;s Love cocina y entrega comidas de alta calidad y brinda asesoramiento nutricional a los socios de Amida Care que, debido a una enfermedad cr\u00f3nica, no pueden comprar ni cocinar por s\u00ed mismos. Las comidas se entregan directamente en tu domicilio.<\/p>\n<p>Estas comidas, dise\u00f1adas para mejorar tu salud y bienestar, se personalizan para satisfacer tus necesidades m\u00e9dicas y son aprobadas por un Dietista-Nutricionista Registrado (Registered Dietitian Nutritionist, RDN) despu\u00e9s de una evaluaci\u00f3n nutricional y una remisi\u00f3n de tu proveedor de atenci\u00f3n m\u00e9dica.<\/p>\n<p>Si est\u00e1s interesado en recibir estos servicios, contin\u00faa leyendo para ver si eres elegible.<\/p>\n<h2>Elegibilidad<\/h2>\n<p>Para ser elegible para recibir Comidas M\u00e9dicamente Adaptadas, debes haber sido socio activo durante los \u00faltimos 12 meses y cumplir con uno de los siguientes criterios:<\/p>\n<ul>\n<li style=\"font-weight: 400;\" aria-level=\"1\">Dos o m\u00e1s hospitalizaciones relacionadas con c\u00e1ncer, diabetes, insuficiencia card\u00edaca y\/o VIH\/SIDA en los \u00faltimos 12 meses.<\/li>\n<li style=\"font-weight: 400;\" aria-level=\"1\">Cinco o m\u00e1s visitas al departamento de emergencias relacionadas con c\u00e1ncer, diabetes, insuficiencia card\u00edaca y\/o VIH\/SIDA en los \u00faltimos 12 meses.<\/li>\n<li style=\"font-weight: 400;\" aria-level=\"1\">Una hospitalizaci\u00f3n Y cuatro visitas al departamento de emergencias relacionadas con c\u00e1ncer, diabetes, insuficiencia card\u00edaca y\/o VIH\/SIDA en los \u00faltimos 12 meses.<\/li>\n<li style=\"font-weight: 400;\" aria-level=\"1\">Recibir o ser elegible para recibir 20 horas o m\u00e1s por semana de cuidado de Asistente para el Cuidado Personal (Personal Care Assistant, PCA) con tiempo asignado para la preparaci\u00f3n de comidas.<\/li>\n<\/ul>\n<p>*Nota: el servicio de Comidas M\u00e9dicamente Adaptadas se proporcionar\u00e1 en lugar de la preparaci\u00f3n de comidas por parte del PCA, lo que resultar\u00e1 en una reducci\u00f3n en la cantidad de horas de PCA recibidas cada semana, durante un per\u00edodo de 6 meses.<\/p>\n<p>Para obtener m\u00e1s informaci\u00f3n, comun\u00edcate con Servicios al Socio de Amida Care al <a href=\"tel:18005560689\">1.800.556.0689<\/a> o env\u00eda un correo electr\u00f3nico a Comidas M\u00e9dicamente Adaptadas: <a href=\"mailto:MTMinterested@amidacareny.org\">MTMinterested@amidacareny.org<\/a><\/p>\n","protected":false},"excerpt":{"rendered":"<p>Para socios: programas y servicios Comidas adaptadas m\u00e9dicamente A partir del 1 de noviembre de 2020, Amida Care ofrece a sus socios (seg\u00fan su elegibilidad)&#8230;<\/p>\n","protected":false},"author":13,"featured_media":0,"parent":596,"menu_order":0,"comment_status":"closed","ping_status":"closed","template":"","meta":{"_acf_changed":false,"footnotes":""},"class_list":["post-4842","page","type-page","status-publish","hentry"],"acf":[],"yoast_head":"<!-- This site is optimized with the Yoast SEO plugin v27.3 - https:\/\/yoast.com\/product\/yoast-seo-wordpress\/ -->\n<title>Entrega de comidas - Amida Care: Espanol<\/title>\n<meta name=\"robots\" content=\"index, follow, max-snippet:-1, max-image-preview:large, max-video-preview:-1\" \/>\n<link rel=\"canonical\" href=\"https:\/\/www.amidacareny.org\/es\/para-miembros\/entrega-de-comidas\/\" class=\"yoast-seo-meta-tag\" \/>\n<meta property=\"og:locale\" content=\"es_ES\" class=\"yoast-seo-meta-tag\" \/>\n<meta property=\"og:type\" content=\"article\" class=\"yoast-seo-meta-tag\" \/>\n<meta property=\"og:title\" content=\"Entrega de comidas - Amida Care: Espanol\" class=\"yoast-seo-meta-tag\" \/>\n<meta property=\"og:description\" content=\"Para socios: programas y servicios Comidas adaptadas m\u00e9dicamente A partir del 1 de noviembre de 2020, Amida Care ofrece a sus socios (seg\u00fan su elegibilidad)...\" class=\"yoast-seo-meta-tag\" \/>\n<meta property=\"og:url\" content=\"https:\/\/www.amidacareny.org\/es\/para-miembros\/entrega-de-comidas\/\" class=\"yoast-seo-meta-tag\" \/>\n<meta property=\"og:site_name\" content=\"Amida Care: Espanol\" class=\"yoast-seo-meta-tag\" \/>\n<meta property=\"article:modified_time\" content=\"2025-03-14T21:32:52+00:00\" class=\"yoast-seo-meta-tag\" \/>\n<meta name=\"twitter:card\" content=\"summary_large_image\" class=\"yoast-seo-meta-tag\" \/>\n<meta name=\"twitter:label1\" content=\"Tiempo de lectura\" class=\"yoast-seo-meta-tag\" \/>\n\t<meta name=\"twitter:data1\" content=\"2 minutos\" class=\"yoast-seo-meta-tag\" \/>\n<script type=\"application\/ld+json\" class=\"yoast-schema-graph\">{\"@context\":\"https:\\\/\\\/schema.org\",\"@graph\":[{\"@type\":\"WebPage\",\"@id\":\"https:\\\/\\\/www.amidacareny.org\\\/es\\\/para-miembros\\\/entrega-de-comidas\\\/\",\"url\":\"https:\\\/\\\/www.amidacareny.org\\\/es\\\/para-miembros\\\/entrega-de-comidas\\\/\",\"name\":\"Entrega de comidas - Amida Care: Espanol\",\"isPartOf\":{\"@id\":\"https:\\\/\\\/www.amidacareny.org\\\/es\\\/#website\"},\"datePublished\":\"2021-04-21T14:27:06+00:00\",\"dateModified\":\"2025-03-14T21:32:52+00:00\",\"breadcrumb\":{\"@id\":\"https:\\\/\\\/www.amidacareny.org\\\/es\\\/para-miembros\\\/entrega-de-comidas\\\/#breadcrumb\"},\"inLanguage\":\"es\",\"potentialAction\":[{\"@type\":\"ReadAction\",\"target\":[\"https:\\\/\\\/www.amidacareny.org\\\/es\\\/para-miembros\\\/entrega-de-comidas\\\/\"]}]},{\"@type\":\"BreadcrumbList\",\"@id\":\"https:\\\/\\\/www.amidacareny.org\\\/es\\\/para-miembros\\\/entrega-de-comidas\\\/#breadcrumb\",\"itemListElement\":[{\"@type\":\"ListItem\",\"position\":1,\"name\":\"Portada\",\"item\":\"https:\\\/\\\/www.amidacareny.org\\\/es\\\/\"},{\"@type\":\"ListItem\",\"position\":2,\"name\":\"Programas y Servicios para Socios\",\"item\":\"https:\\\/\\\/www.amidacareny.org\\\/es\\\/para-miembros\\\/\"},{\"@type\":\"ListItem\",\"position\":3,\"name\":\"Entrega de comidas\"}]},{\"@type\":\"WebSite\",\"@id\":\"https:\\\/\\\/www.amidacareny.org\\\/es\\\/#website\",\"url\":\"https:\\\/\\\/www.amidacareny.org\\\/es\\\/\",\"name\":\"Amida Care: Espanol\",\"description\":\"Proveedor de planes de salud sin fines de lucro en NYC.\",\"potentialAction\":[{\"@type\":\"SearchAction\",\"target\":{\"@type\":\"EntryPoint\",\"urlTemplate\":\"https:\\\/\\\/www.amidacareny.org\\\/es\\\/?s={search_term_string}\"},\"query-input\":{\"@type\":\"PropertyValueSpecification\",\"valueRequired\":true,\"valueName\":\"search_term_string\"}}],\"inLanguage\":\"es\"}]}<\/script>\n<!-- \/ Yoast SEO plugin. -->","yoast_head_json":{"title":"Entrega de comidas - Amida Care: Espanol","robots":{"index":"index","follow":"follow","max-snippet":"max-snippet:-1","max-image-preview":"max-image-preview:large","max-video-preview":"max-video-preview:-1"},"canonical":"https:\/\/www.amidacareny.org\/es\/para-miembros\/entrega-de-comidas\/","og_locale":"es_ES","og_type":"article","og_title":"Entrega de comidas - Amida Care: Espanol","og_description":"Para socios: programas y servicios Comidas adaptadas m\u00e9dicamente A partir del 1 de noviembre de 2020, Amida Care ofrece a sus socios (seg\u00fan su elegibilidad)...","og_url":"https:\/\/www.amidacareny.org\/es\/para-miembros\/entrega-de-comidas\/","og_site_name":"Amida Care: Espanol","article_modified_time":"2025-03-14T21:32:52+00:00","twitter_card":"summary_large_image","twitter_misc":{"Tiempo de lectura":"2 minutos"},"schema":{"@context":"https:\/\/schema.org","@graph":[{"@type":"WebPage","@id":"https:\/\/www.amidacareny.org\/es\/para-miembros\/entrega-de-comidas\/","url":"https:\/\/www.amidacareny.org\/es\/para-miembros\/entrega-de-comidas\/","name":"Entrega de comidas - Amida Care: Espanol","isPartOf":{"@id":"https:\/\/www.amidacareny.org\/es\/#website"},"datePublished":"2021-04-21T14:27:06+00:00","dateModified":"2025-03-14T21:32:52+00:00","breadcrumb":{"@id":"https:\/\/www.amidacareny.org\/es\/para-miembros\/entrega-de-comidas\/#breadcrumb"},"inLanguage":"es","potentialAction":[{"@type":"ReadAction","target":["https:\/\/www.amidacareny.org\/es\/para-miembros\/entrega-de-comidas\/"]}]},{"@type":"BreadcrumbList","@id":"https:\/\/www.amidacareny.org\/es\/para-miembros\/entrega-de-comidas\/#breadcrumb","itemListElement":[{"@type":"ListItem","position":1,"name":"Portada","item":"https:\/\/www.amidacareny.org\/es\/"},{"@type":"ListItem","position":2,"name":"Programas y Servicios para Socios","item":"https:\/\/www.amidacareny.org\/es\/para-miembros\/"},{"@type":"ListItem","position":3,"name":"Entrega de comidas"}]},{"@type":"WebSite","@id":"https:\/\/www.amidacareny.org\/es\/#website","url":"https:\/\/www.amidacareny.org\/es\/","name":"Amida Care: Espanol","description":"Proveedor de planes de salud sin fines de lucro en NYC.","potentialAction":[{"@type":"SearchAction","target":{"@type":"EntryPoint","urlTemplate":"https:\/\/www.amidacareny.org\/es\/?s={search_term_string}"},"query-input":{"@type":"PropertyValueSpecification","valueRequired":true,"valueName":"search_term_string"}}],"inLanguage":"es"}]}},"_links":{"self":[{"href":"https:\/\/www.amidacareny.org\/es\/wp-json\/wp\/v2\/pages\/4842","targetHints":{"allow":["GET"]}}],"collection":[{"href":"https:\/\/www.amidacareny.org\/es\/wp-json\/wp\/v2\/pages"}],"about":[{"href":"https:\/\/www.amidacareny.org\/es\/wp-json\/wp\/v2\/types\/page"}],"author":[{"embeddable":true,"href":"https:\/\/www.amidacareny.org\/es\/wp-json\/wp\/v2\/users\/13"}],"replies":[{"embeddable":true,"href":"https:\/\/www.amidacareny.org\/es\/wp-json\/wp\/v2\/comments?post=4842"}],"version-history":[{"count":0,"href":"https:\/\/www.amidacareny.org\/es\/wp-json\/wp\/v2\/pages\/4842\/revisions"}],"up":[{"embeddable":true,"href":"https:\/\/www.amidacareny.org\/es\/wp-json\/wp\/v2\/pages\/596"}],"wp:attachment":[{"href":"https:\/\/www.amidacareny.org\/es\/wp-json\/wp\/v2\/media?parent=4842"}],"curies":[{"name":"wp","href":"https:\/\/api.w.org\/{rel}","templated":true}]}}