{"id":4866,"date":"2021-04-29T16:43:27","date_gmt":"2021-04-29T20:43:27","guid":{"rendered":"https:\/\/www.amidacareny.org\/es\/?page_id=4866"},"modified":"2024-04-28T21:22:07","modified_gmt":"2024-04-29T01:22:07","slug":"live-well","status":"publish","type":"page","link":"https:\/\/www.amidacareny.org\/es\/para-miembros\/gana-incentivos-saludables\/live-well\/","title":{"rendered":"Live Well"},"content":{"rendered":"<h2><span style=\"color: #902c8e;\">LIVE WELL\u00a0<\/span><\/h2>\n<p><a href=\"https:\/\/www.amidacareny.org\/wp-content\/uploads\/Live-Well-Pic.jpg\"><img loading=\"lazy\" decoding=\"async\" class=\"alignleft wp-image-6845 size-medium\" src=\"https:\/\/www.amidacareny.org\/wp-content\/uploads\/Live-Well-Pic-300x178.jpg\" alt=\"\" width=\"300\" height=\"178\" \/><\/a><\/p>\n<p>\u00a1El cuidar de ti paga! Como socio del plan de Medicaid Amida Care Live Life Plus, eres elegible para ganar hasta <strong><span style=\"color: #902c8e;\">$125 por a\u00f1o<\/span><span style=\"color: #ff0000;\">*<\/span> en Healthy Rewards<\/strong> <strong>(recompensas saludables)<\/strong> por completar citas\/ex\u00e1menes m\u00e9dicos, dentales y de salud conductual y ciertas evaluaciones de salud. \u00a1Tus recompensas se acreditar\u00e1n en tu Tarjeta Prepaga Visa\u00aePrepaid Card Healthy Rewards a medida que las obtengas, as\u00ed que aseg\u00farate de <strong>GUARDAR TU TARJETA<\/strong> cuando la recibas! (La mayor\u00eda de las recompensas son activadas por reclamaciones y pueden demorar hasta 45 d\u00edas en procesarse).<\/p>\n<p>Habla con tu proveedor sobre si estas pruebas de detecci\u00f3n son adecuadas para ti y con qu\u00e9 frecuencia debes completarlas.<\/p>\n<p><span style=\"color: #ff0000;\"><strong>*<\/strong><\/span> Los pagos Live Well no pueden superar los $125 por socio en un per\u00edodo de doce (12) meses. Tarjeta Healthy Rewards (Recompensas Saludables) se desactivar\u00e1 6 meses despu\u00e9s de la fecha de cancelaci\u00f3n de tu inscripci\u00f3n en Amida Care. Todos los fondos deben usarse antes de que se desactive la tarjeta.<\/p>\n<h3><strong><span style=\"color: #902c8e;\">RECUERDA:<\/span><\/strong><\/h3>\n<ul>\n<li>Activa tu tarjeta de inmediato.<a href=\"https:\/\/www.amidacareny.org\/wp-content\/uploads\/sites\/2\/admin-ajax.png\"><img loading=\"lazy\" decoding=\"async\" class=\"alignright wp-image-4868 size-medium\" src=\"https:\/\/www.amidacareny.org\/wp-content\/uploads\/sites\/2\/admin-ajax-300x188.png\" alt=\"\" width=\"300\" height=\"188\" srcset=\"https:\/\/www.amidacareny.org\/wp-content\/uploads\/sites\/2\/admin-ajax-300x188.png 300w, https:\/\/www.amidacareny.org\/wp-content\/uploads\/sites\/2\/admin-ajax-320x201.png 320w, https:\/\/www.amidacareny.org\/wp-content\/uploads\/sites\/2\/admin-ajax-360x226.png 360w, https:\/\/www.amidacareny.org\/wp-content\/uploads\/sites\/2\/admin-ajax-100x63.png 100w, https:\/\/www.amidacareny.org\/wp-content\/uploads\/sites\/2\/admin-ajax.png 400w\" sizes=\"auto, (max-width: 300px) 100vw, 300px\" \/><\/a><\/li>\n<li>Trata tu tarjeta como si fuera dinero en efectivo \u2013 gu\u00e1rdala en un lugar seguro<\/li>\n<li>Anota tu n\u00famero de tarjeta de 16 d\u00edgitos en un lugar seguro. Necesitar\u00e1s el n\u00famero si tu tarjeta se pierde o es robada.<\/li>\n<li>Guarda tu tarjeta \u2013 se rellenar\u00e1 con nuevos incentivos.<\/li>\n<li>Tu tarjeta no puede ser convertida en dinero en efectivo o utilizada en cajeros autom\u00e1ticos (ATM por sus siglas en ingl\u00e9s).<\/li>\n<\/ul>\n<p>Para m\u00e1s informaci\u00f3n, llama a Servicios para Socios al <strong>1-800-556-0689 (TTY 711)<\/strong><\/p>\n<ul>\n<li>Preguntas m\u00e1s frecuentes del programa de Incentivos Saludables\u00a0\u00a0<a href=\"https:\/\/amidastg.wpengine.com\/wp-content\/uploads\/sites\/2\/Translation-Complete-Frequently-Asked-Questions-About-the-Amida-Care-Healthy-Rewards-Visa-Card_Spanish-Latin-America_Final-with-logo.pdf\" target=\"_blank\" rel=\"noopener\">Espa\u00f1ol<\/a>\u00a0|\u00a0<a href=\"https:\/\/amidastg.wpengine.com\/wp-content\/uploads\/sites\/2\/Frequently-Asked-Questions-About-the-Amida-Care-Healthy-Rewards-Visa-Card-w-logo.pdf\" target=\"_blank\" rel=\"noopener\">Ingl\u00e9s<\/a><\/li>\n<li>Programa de Incentivos Saludables (<em>Healthy Rewards<\/em>) de Amida Care \u00a0<a href=\"https:\/\/www.amidacareny.org\/wp-content\/uploads\/sites\/2\/Healthy-Rewards-SPA-for-WEB-Z-4.16.21.pdf\" target=\"_blank\" rel=\"noopener\">Espa\u00f1ol<\/a>\u00a0|\u00a0<a href=\"https:\/\/www.amidacareny.org\/wp-content\/uploads\/sites\/2\/HealthyRewardsBrochure_033121_D8251_approved040621.pdf\" target=\"_blank\" rel=\"noopener\">Ingl\u00e9s<\/a><\/li>\n<\/ul>\n","protected":false},"excerpt":{"rendered":"<p>LIVE WELL\u00a0 \u00a1El cuidar de ti paga! Como socio del plan de Medicaid Amida Care Live Life Plus, eres elegible para ganar hasta $125 por&#8230;<\/p>\n","protected":false},"author":13,"featured_media":0,"parent":604,"menu_order":0,"comment_status":"closed","ping_status":"closed","template":"","meta":{"_acf_changed":false,"footnotes":""},"class_list":["post-4866","page","type-page","status-publish","hentry"],"acf":[],"yoast_head":"<!-- This site is optimized with the Yoast SEO plugin v27.3 - https:\/\/yoast.com\/product\/yoast-seo-wordpress\/ -->\n<title>Live Well - Amida Care: Espanol<\/title>\n<meta name=\"description\" content=\"Amidaa Care - \u00a1El cuidar de ti paga! Como socio del plan de Medicaid Amida Care Live Life Plus, eres elegible para ganar hasta $125 por a\u00f1o\" class=\"yoast-seo-meta-tag\" \/>\n<meta name=\"robots\" content=\"index, follow, max-snippet:-1, max-image-preview:large, max-video-preview:-1\" \/>\n<link rel=\"canonical\" href=\"https:\/\/www.amidacareny.org\/es\/para-miembros\/gana-incentivos-saludables\/live-well\/\" class=\"yoast-seo-meta-tag\" \/>\n<meta property=\"og:locale\" content=\"es_ES\" class=\"yoast-seo-meta-tag\" \/>\n<meta property=\"og:type\" content=\"article\" class=\"yoast-seo-meta-tag\" \/>\n<meta property=\"og:title\" content=\"Live Well - Amida Care: Espanol\" class=\"yoast-seo-meta-tag\" \/>\n<meta property=\"og:description\" content=\"Amidaa Care - \u00a1El cuidar de ti paga! Como socio del plan de Medicaid Amida Care Live Life Plus, eres elegible para ganar hasta $125 por a\u00f1o\" class=\"yoast-seo-meta-tag\" \/>\n<meta property=\"og:url\" content=\"https:\/\/www.amidacareny.org\/es\/para-miembros\/gana-incentivos-saludables\/live-well\/\" class=\"yoast-seo-meta-tag\" \/>\n<meta property=\"og:site_name\" content=\"Amida Care: Espanol\" class=\"yoast-seo-meta-tag\" \/>\n<meta property=\"article:modified_time\" content=\"2024-04-29T01:22:07+00:00\" class=\"yoast-seo-meta-tag\" \/>\n<meta property=\"og:image\" content=\"https:\/\/www.amidacareny.org\/wp-content\/uploads\/Live-Well-Pic-300x178.jpg\" class=\"yoast-seo-meta-tag\" \/>\n<meta name=\"twitter:card\" content=\"summary_large_image\" class=\"yoast-seo-meta-tag\" \/>\n<meta name=\"twitter:label1\" content=\"Tiempo de lectura\" class=\"yoast-seo-meta-tag\" \/>\n\t<meta name=\"twitter:data1\" content=\"2 minutos\" class=\"yoast-seo-meta-tag\" \/>\n<script type=\"application\/ld+json\" class=\"yoast-schema-graph\">{\"@context\":\"https:\\\/\\\/schema.org\",\"@graph\":[{\"@type\":\"WebPage\",\"@id\":\"https:\\\/\\\/www.amidacareny.org\\\/es\\\/para-miembros\\\/gana-incentivos-saludables\\\/live-well\\\/\",\"url\":\"https:\\\/\\\/www.amidacareny.org\\\/es\\\/para-miembros\\\/gana-incentivos-saludables\\\/live-well\\\/\",\"name\":\"Live Well - Amida Care: Espanol\",\"isPartOf\":{\"@id\":\"https:\\\/\\\/www.amidacareny.org\\\/es\\\/#website\"},\"primaryImageOfPage\":{\"@id\":\"https:\\\/\\\/www.amidacareny.org\\\/es\\\/para-miembros\\\/gana-incentivos-saludables\\\/live-well\\\/#primaryimage\"},\"image\":{\"@id\":\"https:\\\/\\\/www.amidacareny.org\\\/es\\\/para-miembros\\\/gana-incentivos-saludables\\\/live-well\\\/#primaryimage\"},\"thumbnailUrl\":\"https:\\\/\\\/www.amidacareny.org\\\/wp-content\\\/uploads\\\/Live-Well-Pic-300x178.jpg\",\"datePublished\":\"2021-04-29T20:43:27+00:00\",\"dateModified\":\"2024-04-29T01:22:07+00:00\",\"description\":\"Amidaa Care - \u00a1El cuidar de ti paga! Como socio del plan de Medicaid Amida Care Live Life Plus, eres elegible para ganar hasta $125 por a\u00f1o\",\"breadcrumb\":{\"@id\":\"https:\\\/\\\/www.amidacareny.org\\\/es\\\/para-miembros\\\/gana-incentivos-saludables\\\/live-well\\\/#breadcrumb\"},\"inLanguage\":\"es\",\"potentialAction\":[{\"@type\":\"ReadAction\",\"target\":[\"https:\\\/\\\/www.amidacareny.org\\\/es\\\/para-miembros\\\/gana-incentivos-saludables\\\/live-well\\\/\"]}]},{\"@type\":\"ImageObject\",\"inLanguage\":\"es\",\"@id\":\"https:\\\/\\\/www.amidacareny.org\\\/es\\\/para-miembros\\\/gana-incentivos-saludables\\\/live-well\\\/#primaryimage\",\"url\":\"https:\\\/\\\/www.amidacareny.org\\\/wp-content\\\/uploads\\\/Live-Well-Pic-300x178.jpg\",\"contentUrl\":\"https:\\\/\\\/www.amidacareny.org\\\/wp-content\\\/uploads\\\/Live-Well-Pic-300x178.jpg\"},{\"@type\":\"BreadcrumbList\",\"@id\":\"https:\\\/\\\/www.amidacareny.org\\\/es\\\/para-miembros\\\/gana-incentivos-saludables\\\/live-well\\\/#breadcrumb\",\"itemListElement\":[{\"@type\":\"ListItem\",\"position\":1,\"name\":\"Portada\",\"item\":\"https:\\\/\\\/www.amidacareny.org\\\/es\\\/\"},{\"@type\":\"ListItem\",\"position\":2,\"name\":\"Programas y Servicios para Socios\",\"item\":\"https:\\\/\\\/www.amidacareny.org\\\/es\\\/para-miembros\\\/\"},{\"@type\":\"ListItem\",\"position\":3,\"name\":\"Gana Incentivos Saludables\",\"item\":\"https:\\\/\\\/www.amidacareny.org\\\/es\\\/para-miembros\\\/gana-incentivos-saludables\\\/\"},{\"@type\":\"ListItem\",\"position\":4,\"name\":\"Live Well\"}]},{\"@type\":\"WebSite\",\"@id\":\"https:\\\/\\\/www.amidacareny.org\\\/es\\\/#website\",\"url\":\"https:\\\/\\\/www.amidacareny.org\\\/es\\\/\",\"name\":\"Amida Care: Espanol\",\"description\":\"Proveedor de planes de salud sin fines de lucro en NYC.\",\"potentialAction\":[{\"@type\":\"SearchAction\",\"target\":{\"@type\":\"EntryPoint\",\"urlTemplate\":\"https:\\\/\\\/www.amidacareny.org\\\/es\\\/?s={search_term_string}\"},\"query-input\":{\"@type\":\"PropertyValueSpecification\",\"valueRequired\":true,\"valueName\":\"search_term_string\"}}],\"inLanguage\":\"es\"}]}<\/script>\n<!-- \/ Yoast SEO plugin. -->","yoast_head_json":{"title":"Live Well - Amida Care: Espanol","description":"Amidaa Care - \u00a1El cuidar de ti paga! Como socio del plan de Medicaid Amida Care Live Life Plus, eres elegible para ganar hasta $125 por a\u00f1o","robots":{"index":"index","follow":"follow","max-snippet":"max-snippet:-1","max-image-preview":"max-image-preview:large","max-video-preview":"max-video-preview:-1"},"canonical":"https:\/\/www.amidacareny.org\/es\/para-miembros\/gana-incentivos-saludables\/live-well\/","og_locale":"es_ES","og_type":"article","og_title":"Live Well - Amida Care: Espanol","og_description":"Amidaa Care - \u00a1El cuidar de ti paga! Como socio del plan de Medicaid Amida Care Live Life Plus, eres elegible para ganar hasta $125 por a\u00f1o","og_url":"https:\/\/www.amidacareny.org\/es\/para-miembros\/gana-incentivos-saludables\/live-well\/","og_site_name":"Amida Care: Espanol","article_modified_time":"2024-04-29T01:22:07+00:00","og_image":[{"url":"https:\/\/www.amidacareny.org\/wp-content\/uploads\/Live-Well-Pic-300x178.jpg","type":"","width":"","height":""}],"twitter_card":"summary_large_image","twitter_misc":{"Tiempo de lectura":"2 minutos"},"schema":{"@context":"https:\/\/schema.org","@graph":[{"@type":"WebPage","@id":"https:\/\/www.amidacareny.org\/es\/para-miembros\/gana-incentivos-saludables\/live-well\/","url":"https:\/\/www.amidacareny.org\/es\/para-miembros\/gana-incentivos-saludables\/live-well\/","name":"Live Well - Amida Care: Espanol","isPartOf":{"@id":"https:\/\/www.amidacareny.org\/es\/#website"},"primaryImageOfPage":{"@id":"https:\/\/www.amidacareny.org\/es\/para-miembros\/gana-incentivos-saludables\/live-well\/#primaryimage"},"image":{"@id":"https:\/\/www.amidacareny.org\/es\/para-miembros\/gana-incentivos-saludables\/live-well\/#primaryimage"},"thumbnailUrl":"https:\/\/www.amidacareny.org\/wp-content\/uploads\/Live-Well-Pic-300x178.jpg","datePublished":"2021-04-29T20:43:27+00:00","dateModified":"2024-04-29T01:22:07+00:00","description":"Amidaa Care - \u00a1El cuidar de ti paga! Como socio del plan de Medicaid Amida Care Live Life Plus, eres elegible para ganar hasta $125 por a\u00f1o","breadcrumb":{"@id":"https:\/\/www.amidacareny.org\/es\/para-miembros\/gana-incentivos-saludables\/live-well\/#breadcrumb"},"inLanguage":"es","potentialAction":[{"@type":"ReadAction","target":["https:\/\/www.amidacareny.org\/es\/para-miembros\/gana-incentivos-saludables\/live-well\/"]}]},{"@type":"ImageObject","inLanguage":"es","@id":"https:\/\/www.amidacareny.org\/es\/para-miembros\/gana-incentivos-saludables\/live-well\/#primaryimage","url":"https:\/\/www.amidacareny.org\/wp-content\/uploads\/Live-Well-Pic-300x178.jpg","contentUrl":"https:\/\/www.amidacareny.org\/wp-content\/uploads\/Live-Well-Pic-300x178.jpg"},{"@type":"BreadcrumbList","@id":"https:\/\/www.amidacareny.org\/es\/para-miembros\/gana-incentivos-saludables\/live-well\/#breadcrumb","itemListElement":[{"@type":"ListItem","position":1,"name":"Portada","item":"https:\/\/www.amidacareny.org\/es\/"},{"@type":"ListItem","position":2,"name":"Programas y Servicios para Socios","item":"https:\/\/www.amidacareny.org\/es\/para-miembros\/"},{"@type":"ListItem","position":3,"name":"Gana Incentivos Saludables","item":"https:\/\/www.amidacareny.org\/es\/para-miembros\/gana-incentivos-saludables\/"},{"@type":"ListItem","position":4,"name":"Live Well"}]},{"@type":"WebSite","@id":"https:\/\/www.amidacareny.org\/es\/#website","url":"https:\/\/www.amidacareny.org\/es\/","name":"Amida Care: Espanol","description":"Proveedor de planes de salud sin fines de lucro en NYC.","potentialAction":[{"@type":"SearchAction","target":{"@type":"EntryPoint","urlTemplate":"https:\/\/www.amidacareny.org\/es\/?s={search_term_string}"},"query-input":{"@type":"PropertyValueSpecification","valueRequired":true,"valueName":"search_term_string"}}],"inLanguage":"es"}]}},"_links":{"self":[{"href":"https:\/\/www.amidacareny.org\/es\/wp-json\/wp\/v2\/pages\/4866","targetHints":{"allow":["GET"]}}],"collection":[{"href":"https:\/\/www.amidacareny.org\/es\/wp-json\/wp\/v2\/pages"}],"about":[{"href":"https:\/\/www.amidacareny.org\/es\/wp-json\/wp\/v2\/types\/page"}],"author":[{"embeddable":true,"href":"https:\/\/www.amidacareny.org\/es\/wp-json\/wp\/v2\/users\/13"}],"replies":[{"embeddable":true,"href":"https:\/\/www.amidacareny.org\/es\/wp-json\/wp\/v2\/comments?post=4866"}],"version-history":[{"count":0,"href":"https:\/\/www.amidacareny.org\/es\/wp-json\/wp\/v2\/pages\/4866\/revisions"}],"up":[{"embeddable":true,"href":"https:\/\/www.amidacareny.org\/es\/wp-json\/wp\/v2\/pages\/604"}],"wp:attachment":[{"href":"https:\/\/www.amidacareny.org\/es\/wp-json\/wp\/v2\/media?parent=4866"}],"curies":[{"name":"wp","href":"https:\/\/api.w.org\/{rel}","templated":true}]}}