{"id":540,"date":"2016-03-09T22:50:24","date_gmt":"2016-03-09T22:50:24","guid":{"rendered":"https:\/\/www.amidacareny.org\/es\/about-us\/who-we-are\/"},"modified":"2023-11-14T15:40:24","modified_gmt":"2023-11-14T20:40:24","slug":"sobre-nosotros","status":"publish","type":"page","link":"https:\/\/www.amidacareny.org\/es\/sobre-nosotros\/","title":{"rendered":"Sobre Nosotros"},"content":{"rendered":"<h2><span style=\"color: #ea2529;\">Sobre Nosotros<\/span><\/h2>\n<p>Amida Care es un plan comunitario de salud privado sin fines de lucro que se especializa en proporcionar cobertura de salud completa y atenci\u00f3n coordinada a los socios de\u00a0<a href=\"https:\/\/www.amidacareny.org\/es\/nuestro-plan\/nuestro-plan-medicaid-live-life-plus\/\">Medicaid<\/a>\u00a0con enfermedades cr\u00f3nicas, incluyendo el VIH\/SIDA y <a href=\"https:\/\/www.amidacareny.org\/es\/nuestro-plan\/nuestro-plan-medicaid-live-life-plus\/salud-del-comportamiento\/\">trastornos de la salud del comportamiento.<\/a> Actualmente atendemos a m\u00e1s de \u00a09,360 socios en los cinco condados de la Ciudad de Nueva York, incluyendo a personas que viven con VIH\/SIDA o que est\u00e1n sin hogar (no importa su estatus de VIH). Amida Care ha mejorado la calidad de la atenci\u00f3n de salud y reducido los costos mediante el desarrollo de programas innovadores y un modelo de cuidado de salud en el hogar.<\/p>\n<h3><span style=\"color: #ea2529;\">Nuestra Misi\u00f3n<\/span><\/h3>\n<p>La misi\u00f3n de Amida Care es brindar acceso a atenci\u00f3n completa y servicios coordinados que faciliten los resultados positivos para la salud y el bienestar general de nuestros socios.<\/p>\n<p><a href=\"https:\/\/www.amidacareny.org\/wp-content\/uploads\/image-collage2.jpg\"><img loading=\"lazy\" decoding=\"async\" class=\"alignnone wp-image-2847\" src=\"https:\/\/www.amidacareny.org\/wp-content\/uploads\/image-collage2-300x75.jpg\" alt=\"image-collage2\" width=\"800\" height=\"200\" srcset=\"https:\/\/www.amidacareny.org\/wp-content\/uploads\/sites\/2\/image-collage2-300x75.jpg 300w, https:\/\/www.amidacareny.org\/wp-content\/uploads\/sites\/2\/image-collage2-768x192.jpg 768w, https:\/\/www.amidacareny.org\/wp-content\/uploads\/sites\/2\/image-collage2-100x25.jpg 100w, https:\/\/www.amidacareny.org\/wp-content\/uploads\/sites\/2\/image-collage2.jpg 800w\" sizes=\"auto, (max-width: 800px) 100vw, 800px\" \/><\/a><\/p>\n<h3><\/h3>\n<h3><span style=\"color: #ea2529;\">Nuestra Historia<\/span><\/h3>\n<p>En 1999, el Departamento de Salud del Estado de Nueva York, en colaboraci\u00f3n con el Instituto del SIDA, proporcion\u00f3 fondos para el desarrollo de programas personalizados para el manejo de enfermedades cr\u00f3nicas. En respuesta, seis proveedores de servicios comunitarios de VIH\/SIDA en la Ciudad de Nueva York se reunieron para desarrollar y lanzar Amida Care (entonces llamado \u201cVida Care\u201d) en el a\u00f1o 2003.<\/p>\n<p>Amida Care ha desarrollado un modelo de atenci\u00f3n altamente eficaz y especializado para brindar atenci\u00f3n individualizada y apoyo a las personas con VIH\/SIDA y otros problemas cr\u00f3nicos de salud. Hoy d\u00eda, Amida Care es el plan de salud de necesidades especiales (<em>Special Needs Plan<\/em>, SNP, en ingl\u00e9s) m\u00e1s grande en el Estado de Nueva York.<\/p>\n<h3><span style=\"color: #ea2529;\">Declaraci\u00f3n De Diversidad<\/span><\/h3>\n<p><a href=\"https:\/\/www.amidacareny.org\/es\/assets\/sites\/2\/diversity-Justtheword.jpg\"><img loading=\"lazy\" decoding=\"async\" class=\"alignnone wp-image-3544\" src=\"https:\/\/www.amidacareny.org\/es\/assets\/sites\/2\/diversity-Justtheword-300x79.jpg\" alt=\"\" width=\"800\" height=\"210\" srcset=\"https:\/\/www.amidacareny.org\/wp-content\/uploads\/sites\/2\/diversity-Justtheword-300x79.jpg 300w, https:\/\/www.amidacareny.org\/wp-content\/uploads\/sites\/2\/diversity-Justtheword-768x202.jpg 768w, https:\/\/www.amidacareny.org\/wp-content\/uploads\/sites\/2\/diversity-Justtheword-100x26.jpg 100w, https:\/\/www.amidacareny.org\/wp-content\/uploads\/sites\/2\/diversity-Justtheword.jpg 800w\" sizes=\"auto, (max-width: 800px) 100vw, 800px\" \/><\/a><br \/>\nAmida Care respeta nuestra rica diversidad fomentando un ambiente acogedor donde la singularidad de cada persona no s\u00f3lo es aceptada, sino celebrada. Estamos comprometidos con la inclusi\u00f3n y la eliminaci\u00f3n total de la discriminaci\u00f3n en todas sus manifestaciones, desde las personas a quienes empleamos hasta las personas a quienes proveemos servicios. Continuaremos desarrollando, promoviendo y manteniendo una cultura que valora la igualdad y aprovecha la diversidad e inclusi\u00f3n en todo lo que hacemos.<\/p>\n","protected":false},"excerpt":{"rendered":"<p>Sobre Nosotros Amida Care es un plan comunitario de salud privado sin fines de lucro que se especializa en proporcionar cobertura de salud completa y&#8230;<\/p>\n","protected":false},"author":1,"featured_media":0,"parent":0,"menu_order":1,"comment_status":"closed","ping_status":"closed","template":"","meta":{"_acf_changed":false,"footnotes":""},"class_list":["post-540","page","type-page","status-publish","hentry"],"acf":[],"yoast_head":"<!-- This site is optimized with the Yoast SEO plugin v27.3 - https:\/\/yoast.com\/product\/yoast-seo-wordpress\/ -->\n<title>Quienes somos | Amida Care: Espa\u00f1ol<\/title>\n<meta name=\"description\" content=\"Learn about nonprofit\u00a0community health plan provider Amida Care and the types of coverage they provide the Medicaid and Medicare members of New York City.\" class=\"yoast-seo-meta-tag\" \/>\n<meta name=\"robots\" content=\"index, follow, max-snippet:-1, max-image-preview:large, max-video-preview:-1\" \/>\n<link rel=\"canonical\" href=\"https:\/\/www.amidacareny.org\/es\/sobre-nosotros\/\" class=\"yoast-seo-meta-tag\" \/>\n<meta property=\"og:locale\" content=\"es_ES\" class=\"yoast-seo-meta-tag\" \/>\n<meta property=\"og:type\" content=\"article\" class=\"yoast-seo-meta-tag\" \/>\n<meta property=\"og:title\" content=\"Quienes somos | Amida Care: Espa\u00f1ol\" class=\"yoast-seo-meta-tag\" \/>\n<meta property=\"og:description\" content=\"Learn about nonprofit\u00a0community health plan provider Amida Care and the types of coverage they provide the Medicaid and Medicare members of New York City.\" class=\"yoast-seo-meta-tag\" \/>\n<meta property=\"og:url\" content=\"https:\/\/www.amidacareny.org\/es\/sobre-nosotros\/\" class=\"yoast-seo-meta-tag\" \/>\n<meta property=\"og:site_name\" content=\"Amida Care: Espanol\" class=\"yoast-seo-meta-tag\" \/>\n<meta property=\"article:modified_time\" content=\"2023-11-14T20:40:24+00:00\" class=\"yoast-seo-meta-tag\" \/>\n<meta property=\"og:image\" content=\"https:\/\/www.amidacareny.org\/wp-content\/uploads\/image-collage2-300x75.jpg\" class=\"yoast-seo-meta-tag\" \/>\n<meta name=\"twitter:card\" content=\"summary_large_image\" class=\"yoast-seo-meta-tag\" \/>\n<meta name=\"twitter:label1\" content=\"Tiempo de lectura\" class=\"yoast-seo-meta-tag\" \/>\n\t<meta name=\"twitter:data1\" content=\"2 minutos\" class=\"yoast-seo-meta-tag\" \/>\n<script type=\"application\/ld+json\" class=\"yoast-schema-graph\">{\"@context\":\"https:\\\/\\\/schema.org\",\"@graph\":[{\"@type\":\"WebPage\",\"@id\":\"https:\\\/\\\/www.amidacareny.org\\\/es\\\/sobre-nosotros\\\/\",\"url\":\"https:\\\/\\\/www.amidacareny.org\\\/es\\\/sobre-nosotros\\\/\",\"name\":\"Quienes somos | Amida Care: Espa\u00f1ol\",\"isPartOf\":{\"@id\":\"https:\\\/\\\/www.amidacareny.org\\\/es\\\/#website\"},\"primaryImageOfPage\":{\"@id\":\"https:\\\/\\\/www.amidacareny.org\\\/es\\\/sobre-nosotros\\\/#primaryimage\"},\"image\":{\"@id\":\"https:\\\/\\\/www.amidacareny.org\\\/es\\\/sobre-nosotros\\\/#primaryimage\"},\"thumbnailUrl\":\"https:\\\/\\\/www.amidacareny.org\\\/wp-content\\\/uploads\\\/image-collage2-300x75.jpg\",\"datePublished\":\"2016-03-09T22:50:24+00:00\",\"dateModified\":\"2023-11-14T20:40:24+00:00\",\"description\":\"Learn about nonprofit\u00a0community health plan provider Amida Care and the types of coverage they provide the Medicaid and Medicare members of New York City.\",\"breadcrumb\":{\"@id\":\"https:\\\/\\\/www.amidacareny.org\\\/es\\\/sobre-nosotros\\\/#breadcrumb\"},\"inLanguage\":\"es\",\"potentialAction\":[{\"@type\":\"ReadAction\",\"target\":[\"https:\\\/\\\/www.amidacareny.org\\\/es\\\/sobre-nosotros\\\/\"]}]},{\"@type\":\"ImageObject\",\"inLanguage\":\"es\",\"@id\":\"https:\\\/\\\/www.amidacareny.org\\\/es\\\/sobre-nosotros\\\/#primaryimage\",\"url\":\"https:\\\/\\\/www.amidacareny.org\\\/wp-content\\\/uploads\\\/image-collage2-300x75.jpg\",\"contentUrl\":\"https:\\\/\\\/www.amidacareny.org\\\/wp-content\\\/uploads\\\/image-collage2-300x75.jpg\"},{\"@type\":\"BreadcrumbList\",\"@id\":\"https:\\\/\\\/www.amidacareny.org\\\/es\\\/sobre-nosotros\\\/#breadcrumb\",\"itemListElement\":[{\"@type\":\"ListItem\",\"position\":1,\"name\":\"Portada\",\"item\":\"https:\\\/\\\/www.amidacareny.org\\\/es\\\/\"},{\"@type\":\"ListItem\",\"position\":2,\"name\":\"Sobre Nosotros\"}]},{\"@type\":\"WebSite\",\"@id\":\"https:\\\/\\\/www.amidacareny.org\\\/es\\\/#website\",\"url\":\"https:\\\/\\\/www.amidacareny.org\\\/es\\\/\",\"name\":\"Amida Care: Espanol\",\"description\":\"Proveedor de planes de salud sin fines de lucro en NYC.\",\"potentialAction\":[{\"@type\":\"SearchAction\",\"target\":{\"@type\":\"EntryPoint\",\"urlTemplate\":\"https:\\\/\\\/www.amidacareny.org\\\/es\\\/?s={search_term_string}\"},\"query-input\":{\"@type\":\"PropertyValueSpecification\",\"valueRequired\":true,\"valueName\":\"search_term_string\"}}],\"inLanguage\":\"es\"}]}<\/script>\n<!-- \/ Yoast SEO plugin. -->","yoast_head_json":{"title":"Quienes somos | Amida Care: Espa\u00f1ol","description":"Learn about nonprofit\u00a0community health plan provider Amida Care and the types of coverage they provide the Medicaid and Medicare members of New York City.","robots":{"index":"index","follow":"follow","max-snippet":"max-snippet:-1","max-image-preview":"max-image-preview:large","max-video-preview":"max-video-preview:-1"},"canonical":"https:\/\/www.amidacareny.org\/es\/sobre-nosotros\/","og_locale":"es_ES","og_type":"article","og_title":"Quienes somos | Amida Care: Espa\u00f1ol","og_description":"Learn about nonprofit\u00a0community health plan provider Amida Care and the types of coverage they provide the Medicaid and Medicare members of New York City.","og_url":"https:\/\/www.amidacareny.org\/es\/sobre-nosotros\/","og_site_name":"Amida Care: Espanol","article_modified_time":"2023-11-14T20:40:24+00:00","og_image":[{"url":"https:\/\/www.amidacareny.org\/wp-content\/uploads\/image-collage2-300x75.jpg","type":"","width":"","height":""}],"twitter_card":"summary_large_image","twitter_misc":{"Tiempo de lectura":"2 minutos"},"schema":{"@context":"https:\/\/schema.org","@graph":[{"@type":"WebPage","@id":"https:\/\/www.amidacareny.org\/es\/sobre-nosotros\/","url":"https:\/\/www.amidacareny.org\/es\/sobre-nosotros\/","name":"Quienes somos | Amida Care: Espa\u00f1ol","isPartOf":{"@id":"https:\/\/www.amidacareny.org\/es\/#website"},"primaryImageOfPage":{"@id":"https:\/\/www.amidacareny.org\/es\/sobre-nosotros\/#primaryimage"},"image":{"@id":"https:\/\/www.amidacareny.org\/es\/sobre-nosotros\/#primaryimage"},"thumbnailUrl":"https:\/\/www.amidacareny.org\/wp-content\/uploads\/image-collage2-300x75.jpg","datePublished":"2016-03-09T22:50:24+00:00","dateModified":"2023-11-14T20:40:24+00:00","description":"Learn about nonprofit\u00a0community health plan provider Amida Care and the types of coverage they provide the Medicaid and Medicare members of New York City.","breadcrumb":{"@id":"https:\/\/www.amidacareny.org\/es\/sobre-nosotros\/#breadcrumb"},"inLanguage":"es","potentialAction":[{"@type":"ReadAction","target":["https:\/\/www.amidacareny.org\/es\/sobre-nosotros\/"]}]},{"@type":"ImageObject","inLanguage":"es","@id":"https:\/\/www.amidacareny.org\/es\/sobre-nosotros\/#primaryimage","url":"https:\/\/www.amidacareny.org\/wp-content\/uploads\/image-collage2-300x75.jpg","contentUrl":"https:\/\/www.amidacareny.org\/wp-content\/uploads\/image-collage2-300x75.jpg"},{"@type":"BreadcrumbList","@id":"https:\/\/www.amidacareny.org\/es\/sobre-nosotros\/#breadcrumb","itemListElement":[{"@type":"ListItem","position":1,"name":"Portada","item":"https:\/\/www.amidacareny.org\/es\/"},{"@type":"ListItem","position":2,"name":"Sobre Nosotros"}]},{"@type":"WebSite","@id":"https:\/\/www.amidacareny.org\/es\/#website","url":"https:\/\/www.amidacareny.org\/es\/","name":"Amida Care: Espanol","description":"Proveedor de planes de salud sin fines de lucro en NYC.","potentialAction":[{"@type":"SearchAction","target":{"@type":"EntryPoint","urlTemplate":"https:\/\/www.amidacareny.org\/es\/?s={search_term_string}"},"query-input":{"@type":"PropertyValueSpecification","valueRequired":true,"valueName":"search_term_string"}}],"inLanguage":"es"}]}},"_links":{"self":[{"href":"https:\/\/www.amidacareny.org\/es\/wp-json\/wp\/v2\/pages\/540","targetHints":{"allow":["GET"]}}],"collection":[{"href":"https:\/\/www.amidacareny.org\/es\/wp-json\/wp\/v2\/pages"}],"about":[{"href":"https:\/\/www.amidacareny.org\/es\/wp-json\/wp\/v2\/types\/page"}],"author":[{"embeddable":true,"href":"https:\/\/www.amidacareny.org\/es\/wp-json\/wp\/v2\/users\/1"}],"replies":[{"embeddable":true,"href":"https:\/\/www.amidacareny.org\/es\/wp-json\/wp\/v2\/comments?post=540"}],"version-history":[{"count":0,"href":"https:\/\/www.amidacareny.org\/es\/wp-json\/wp\/v2\/pages\/540\/revisions"}],"wp:attachment":[{"href":"https:\/\/www.amidacareny.org\/es\/wp-json\/wp\/v2\/media?parent=540"}],"curies":[{"name":"wp","href":"https:\/\/api.w.org\/{rel}","templated":true}]}}