{"id":5452,"date":"2023-05-18T08:15:31","date_gmt":"2023-05-18T12:15:31","guid":{"rendered":"https:\/\/www.amidacareny.org\/es\/?page_id=5452"},"modified":"2023-11-16T11:42:44","modified_gmt":"2023-11-16T16:42:44","slug":"panel-de-oradores","status":"publish","type":"page","link":"https:\/\/www.amidacareny.org\/es\/media-center\/panel-de-oradores\/","title":{"rendered":"Panel de oradores"},"content":{"rendered":"<h2>Amida Care: Expertos en atenci\u00f3n al VIH y afirmaci\u00f3n de g\u00e9nero<\/h2>\n<p>El Panel de oradores est\u00e1 compuesto por miembros y personal de Amida Care que pueden hablar sobre temas relevantes para la misi\u00f3n de Amida Care de brindar cobertura de salud de la m\u00e1s alta calidad a las personas afectadas por el VIH. Nuestros miembros y personal son diversos y tienen conocimiento y experiencia directos con los problemas complejos que enfrentan las comunidades de menos recursos en la ciudad de New York. Esto incluye a las personas que han experimentado la falta de vivienda y las personas trans, independientemente de su estado serol\u00f3gico.<\/p>\n<p>Los oradores miembros son expertos en compartir sus historias personales, y los oradores del personal est\u00e1n disponibles para brindar comentarios de expertos. Los temas disponibles abarcan:<\/p>\n<ul>\n<li>Tratamiento del VIH para volverse indetectable<\/li>\n<li>Herramientas para la prevenci\u00f3n del VIH PrEP\/PEP<\/li>\n<li>Tratamiento de la Hepatitis C<\/li>\n<li>Sexual salud<\/li>\n<li>Barreras para la atenci\u00f3n<\/li>\n<li>Problemas de salud trans en todo el espectro, incluidos los servicios transmasculinos y la atenci\u00f3n m\u00e9dica integral que afirma el g\u00e9nero<\/li>\n<li>Salud de la comunidad LGBTQIA+<\/li>\n<\/ul>\n<p>Los oradores est\u00e1n disponibles para charlas y entrevistas.<\/p>\n<p>Para solicitar hablar con un miembro de nuestra oficina, env\u00ede un correo electr\u00f3nico a <a href=\"mailto:scroce@amidacareny.org\">scroce@amidacareny.org<\/a>.<\/p>\n<p><strong>Amida Care tambi\u00e9n es un l\u00edder visionario en pol\u00edtica de salud y promoci\u00f3n en relaci\u00f3n con el VIH y la salud sexual. <\/strong><\/p>\n<div id=\"attachment_8566\" style=\"width: 510px\" class=\"wp-caption alignright inner-callout\"><img loading=\"lazy\" decoding=\"async\" aria-describedby=\"caption-attachment-8566\" class=\"size-full wp-image-8566\" src=\"https:\/\/www.amidacareny.org\/wp-content\/uploads\/Wirth-Doug-updated.jpg\" alt=\"\" width=\"500\" height=\"500\" \/><p id=\"caption-attachment-8566\" class=\"wp-caption-text\">Doug Wirth &#8211; President and CEO<\/p><\/div>\n<p><strong>Adem\u00e1s de los temas mencionados anteriormente, Doug Wirth, nuestro presidente y director ejecutivo, tiene experiencia en:<\/strong><\/p>\n<ul>\n<li>Atenci\u00f3n Administrada de Medicaid<\/li>\n<li>Pol\u00edtica de salud<\/li>\n<li>Tratamiento y prevenci\u00f3n del VIH<\/li>\n<li>Acceso a servicios de salud trans y cuidados de afirmaci\u00f3n de g\u00e9nero<\/li>\n<li>Salud de las minor\u00edas<\/li>\n<li>Determinantes sociales de la salud<\/li>\n<li>El racismo como una crisis de salud p\u00fablica<\/li>\n<li>Objetivo del Estado de New York para <a href=\"https:\/\/etedashboardny.org\/\" target=\"_blank\" rel=\"noopener\">poner fin a la epidemia de VIH<\/a><\/li>\n<li>y m\u00e1s.<\/li>\n<\/ul>\n<p>No ve su tema de inter\u00e9s en la lista? Es posible que a\u00fan podamos ayudar. Comun\u00edquese con Shakira Croce, Directora de Comunicaciones y Relaciones P\u00fablicas en <a href=\"mailto:scroce@amidacareny.org\">scroce@amidacareny.org<\/a> para obtener m\u00e1s informaci\u00f3n. Lea m\u00e1s acerca de Amida Care <a href=\"https:\/\/www.amidacareny.org\/wp-content\/uploads\/sites\/2\/AC-FastFacts-revised-V5_spa-final-1.pdf\" target=\"_blank\" rel=\"noopener\">aqu\u00ed<\/a>.<\/p>\n","protected":false},"excerpt":{"rendered":"<p>Amida Care: Expertos en atenci\u00f3n al VIH y afirmaci\u00f3n de g\u00e9nero El Panel de oradores est\u00e1 compuesto por miembros y personal de Amida Care que&#8230;<\/p>\n","protected":false},"author":18,"featured_media":0,"parent":634,"menu_order":0,"comment_status":"closed","ping_status":"closed","template":"","meta":{"_acf_changed":false,"footnotes":""},"class_list":["post-5452","page","type-page","status-publish","hentry"],"acf":[],"yoast_head":"<!-- This site is optimized with the Yoast SEO plugin v27.3 - https:\/\/yoast.com\/product\/yoast-seo-wordpress\/ -->\n<title>Panel de oradores - Amida Care: Espanol<\/title>\n<meta name=\"description\" content=\"El Panel de oradores est\u00e1 compuesto por miembros y personal de Amida Care que pueden hablar sobre temas relevantes para la misi\u00f3n de Amida Care de brindar cobertura de salud de la m\u00e1s alta calidad a las personas afectadas por el VIH.\" class=\"yoast-seo-meta-tag\" \/>\n<meta name=\"robots\" content=\"index, follow, max-snippet:-1, max-image-preview:large, max-video-preview:-1\" \/>\n<link rel=\"canonical\" href=\"https:\/\/www.amidacareny.org\/es\/media-center\/panel-de-oradores\/\" class=\"yoast-seo-meta-tag\" \/>\n<meta property=\"og:locale\" content=\"es_ES\" class=\"yoast-seo-meta-tag\" \/>\n<meta property=\"og:type\" content=\"article\" class=\"yoast-seo-meta-tag\" \/>\n<meta property=\"og:title\" content=\"Panel de oradores - Amida Care: Espanol\" class=\"yoast-seo-meta-tag\" \/>\n<meta property=\"og:description\" content=\"El Panel de oradores est\u00e1 compuesto por miembros y personal de Amida Care que pueden hablar sobre temas relevantes para la misi\u00f3n de Amida Care de brindar cobertura de salud de la m\u00e1s alta calidad a las personas afectadas por el VIH.\" class=\"yoast-seo-meta-tag\" \/>\n<meta property=\"og:url\" content=\"https:\/\/www.amidacareny.org\/es\/media-center\/panel-de-oradores\/\" class=\"yoast-seo-meta-tag\" \/>\n<meta property=\"og:site_name\" content=\"Amida Care: Espanol\" class=\"yoast-seo-meta-tag\" \/>\n<meta property=\"article:modified_time\" content=\"2023-11-16T16:42:44+00:00\" class=\"yoast-seo-meta-tag\" \/>\n<meta property=\"og:image\" content=\"https:\/\/www.amidacareny.org\/wp-content\/uploads\/Wirth-Doug-updated.jpg\" class=\"yoast-seo-meta-tag\" \/>\n<meta name=\"twitter:card\" content=\"summary_large_image\" class=\"yoast-seo-meta-tag\" \/>\n<meta name=\"twitter:label1\" content=\"Tiempo de lectura\" class=\"yoast-seo-meta-tag\" \/>\n\t<meta name=\"twitter:data1\" content=\"2 minutos\" class=\"yoast-seo-meta-tag\" \/>\n<script type=\"application\/ld+json\" class=\"yoast-schema-graph\">{\"@context\":\"https:\\\/\\\/schema.org\",\"@graph\":[{\"@type\":\"WebPage\",\"@id\":\"https:\\\/\\\/www.amidacareny.org\\\/es\\\/media-center\\\/panel-de-oradores\\\/\",\"url\":\"https:\\\/\\\/www.amidacareny.org\\\/es\\\/media-center\\\/panel-de-oradores\\\/\",\"name\":\"Panel de oradores - Amida Care: Espanol\",\"isPartOf\":{\"@id\":\"https:\\\/\\\/www.amidacareny.org\\\/es\\\/#website\"},\"primaryImageOfPage\":{\"@id\":\"https:\\\/\\\/www.amidacareny.org\\\/es\\\/media-center\\\/panel-de-oradores\\\/#primaryimage\"},\"image\":{\"@id\":\"https:\\\/\\\/www.amidacareny.org\\\/es\\\/media-center\\\/panel-de-oradores\\\/#primaryimage\"},\"thumbnailUrl\":\"https:\\\/\\\/www.amidacareny.org\\\/wp-content\\\/uploads\\\/Wirth-Doug-updated.jpg\",\"datePublished\":\"2023-05-18T12:15:31+00:00\",\"dateModified\":\"2023-11-16T16:42:44+00:00\",\"description\":\"El Panel de oradores est\u00e1 compuesto por miembros y personal de Amida Care que pueden hablar sobre temas relevantes para la misi\u00f3n de Amida Care de brindar cobertura de salud de la m\u00e1s alta calidad a las personas afectadas por el VIH.\",\"breadcrumb\":{\"@id\":\"https:\\\/\\\/www.amidacareny.org\\\/es\\\/media-center\\\/panel-de-oradores\\\/#breadcrumb\"},\"inLanguage\":\"es\",\"potentialAction\":[{\"@type\":\"ReadAction\",\"target\":[\"https:\\\/\\\/www.amidacareny.org\\\/es\\\/media-center\\\/panel-de-oradores\\\/\"]}]},{\"@type\":\"ImageObject\",\"inLanguage\":\"es\",\"@id\":\"https:\\\/\\\/www.amidacareny.org\\\/es\\\/media-center\\\/panel-de-oradores\\\/#primaryimage\",\"url\":\"https:\\\/\\\/www.amidacareny.org\\\/wp-content\\\/uploads\\\/Wirth-Doug-updated.jpg\",\"contentUrl\":\"https:\\\/\\\/www.amidacareny.org\\\/wp-content\\\/uploads\\\/Wirth-Doug-updated.jpg\"},{\"@type\":\"BreadcrumbList\",\"@id\":\"https:\\\/\\\/www.amidacareny.org\\\/es\\\/media-center\\\/panel-de-oradores\\\/#breadcrumb\",\"itemListElement\":[{\"@type\":\"ListItem\",\"position\":1,\"name\":\"Portada\",\"item\":\"https:\\\/\\\/www.amidacareny.org\\\/es\\\/\"},{\"@type\":\"ListItem\",\"position\":2,\"name\":\"Media Center\",\"item\":\"https:\\\/\\\/www.amidacareny.org\\\/es\\\/media-center\\\/\"},{\"@type\":\"ListItem\",\"position\":3,\"name\":\"Panel de oradores\"}]},{\"@type\":\"WebSite\",\"@id\":\"https:\\\/\\\/www.amidacareny.org\\\/es\\\/#website\",\"url\":\"https:\\\/\\\/www.amidacareny.org\\\/es\\\/\",\"name\":\"Amida Care: Espanol\",\"description\":\"Proveedor de planes de salud sin fines de lucro en NYC.\",\"potentialAction\":[{\"@type\":\"SearchAction\",\"target\":{\"@type\":\"EntryPoint\",\"urlTemplate\":\"https:\\\/\\\/www.amidacareny.org\\\/es\\\/?s={search_term_string}\"},\"query-input\":{\"@type\":\"PropertyValueSpecification\",\"valueRequired\":true,\"valueName\":\"search_term_string\"}}],\"inLanguage\":\"es\"}]}<\/script>\n<!-- \/ Yoast SEO plugin. -->","yoast_head_json":{"title":"Panel de oradores - Amida Care: Espanol","description":"El Panel de oradores est\u00e1 compuesto por miembros y personal de Amida Care que pueden hablar sobre temas relevantes para la misi\u00f3n de Amida Care de brindar cobertura de salud de la m\u00e1s alta calidad a las personas afectadas por el VIH.","robots":{"index":"index","follow":"follow","max-snippet":"max-snippet:-1","max-image-preview":"max-image-preview:large","max-video-preview":"max-video-preview:-1"},"canonical":"https:\/\/www.amidacareny.org\/es\/media-center\/panel-de-oradores\/","og_locale":"es_ES","og_type":"article","og_title":"Panel de oradores - Amida Care: Espanol","og_description":"El Panel de oradores est\u00e1 compuesto por miembros y personal de Amida Care que pueden hablar sobre temas relevantes para la misi\u00f3n de Amida Care de brindar cobertura de salud de la m\u00e1s alta calidad a las personas afectadas por el VIH.","og_url":"https:\/\/www.amidacareny.org\/es\/media-center\/panel-de-oradores\/","og_site_name":"Amida Care: Espanol","article_modified_time":"2023-11-16T16:42:44+00:00","og_image":[{"url":"https:\/\/www.amidacareny.org\/wp-content\/uploads\/Wirth-Doug-updated.jpg","type":"","width":"","height":""}],"twitter_card":"summary_large_image","twitter_misc":{"Tiempo de lectura":"2 minutos"},"schema":{"@context":"https:\/\/schema.org","@graph":[{"@type":"WebPage","@id":"https:\/\/www.amidacareny.org\/es\/media-center\/panel-de-oradores\/","url":"https:\/\/www.amidacareny.org\/es\/media-center\/panel-de-oradores\/","name":"Panel de oradores - Amida Care: Espanol","isPartOf":{"@id":"https:\/\/www.amidacareny.org\/es\/#website"},"primaryImageOfPage":{"@id":"https:\/\/www.amidacareny.org\/es\/media-center\/panel-de-oradores\/#primaryimage"},"image":{"@id":"https:\/\/www.amidacareny.org\/es\/media-center\/panel-de-oradores\/#primaryimage"},"thumbnailUrl":"https:\/\/www.amidacareny.org\/wp-content\/uploads\/Wirth-Doug-updated.jpg","datePublished":"2023-05-18T12:15:31+00:00","dateModified":"2023-11-16T16:42:44+00:00","description":"El Panel de oradores est\u00e1 compuesto por miembros y personal de Amida Care que pueden hablar sobre temas relevantes para la misi\u00f3n de Amida Care de brindar cobertura de salud de la m\u00e1s alta calidad a las personas afectadas por el VIH.","breadcrumb":{"@id":"https:\/\/www.amidacareny.org\/es\/media-center\/panel-de-oradores\/#breadcrumb"},"inLanguage":"es","potentialAction":[{"@type":"ReadAction","target":["https:\/\/www.amidacareny.org\/es\/media-center\/panel-de-oradores\/"]}]},{"@type":"ImageObject","inLanguage":"es","@id":"https:\/\/www.amidacareny.org\/es\/media-center\/panel-de-oradores\/#primaryimage","url":"https:\/\/www.amidacareny.org\/wp-content\/uploads\/Wirth-Doug-updated.jpg","contentUrl":"https:\/\/www.amidacareny.org\/wp-content\/uploads\/Wirth-Doug-updated.jpg"},{"@type":"BreadcrumbList","@id":"https:\/\/www.amidacareny.org\/es\/media-center\/panel-de-oradores\/#breadcrumb","itemListElement":[{"@type":"ListItem","position":1,"name":"Portada","item":"https:\/\/www.amidacareny.org\/es\/"},{"@type":"ListItem","position":2,"name":"Media Center","item":"https:\/\/www.amidacareny.org\/es\/media-center\/"},{"@type":"ListItem","position":3,"name":"Panel de oradores"}]},{"@type":"WebSite","@id":"https:\/\/www.amidacareny.org\/es\/#website","url":"https:\/\/www.amidacareny.org\/es\/","name":"Amida Care: Espanol","description":"Proveedor de planes de salud sin fines de lucro en NYC.","potentialAction":[{"@type":"SearchAction","target":{"@type":"EntryPoint","urlTemplate":"https:\/\/www.amidacareny.org\/es\/?s={search_term_string}"},"query-input":{"@type":"PropertyValueSpecification","valueRequired":true,"valueName":"search_term_string"}}],"inLanguage":"es"}]}},"_links":{"self":[{"href":"https:\/\/www.amidacareny.org\/es\/wp-json\/wp\/v2\/pages\/5452","targetHints":{"allow":["GET"]}}],"collection":[{"href":"https:\/\/www.amidacareny.org\/es\/wp-json\/wp\/v2\/pages"}],"about":[{"href":"https:\/\/www.amidacareny.org\/es\/wp-json\/wp\/v2\/types\/page"}],"author":[{"embeddable":true,"href":"https:\/\/www.amidacareny.org\/es\/wp-json\/wp\/v2\/users\/18"}],"replies":[{"embeddable":true,"href":"https:\/\/www.amidacareny.org\/es\/wp-json\/wp\/v2\/comments?post=5452"}],"version-history":[{"count":0,"href":"https:\/\/www.amidacareny.org\/es\/wp-json\/wp\/v2\/pages\/5452\/revisions"}],"up":[{"embeddable":true,"href":"https:\/\/www.amidacareny.org\/es\/wp-json\/wp\/v2\/pages\/634"}],"wp:attachment":[{"href":"https:\/\/www.amidacareny.org\/es\/wp-json\/wp\/v2\/media?parent=5452"}],"curies":[{"name":"wp","href":"https:\/\/api.w.org\/{rel}","templated":true}]}}