{"id":546,"date":"2016-03-09T22:50:25","date_gmt":"2016-03-09T22:50:25","guid":{"rendered":"https:\/\/www.amidacareny.org\/es\/about-us\/corporate-compliance\/"},"modified":"2024-04-24T09:43:43","modified_gmt":"2024-04-24T13:43:43","slug":"cumplimiento-corporativo","status":"publish","type":"page","link":"https:\/\/www.amidacareny.org\/es\/sobre-nosotros\/cumplimiento-corporativo\/","title":{"rendered":"Cumplimiento Corporativo"},"content":{"rendered":"<h2><span style=\"color: #ea2529;\">Cumplimiento en Amida Care<\/span><\/h2>\n<p>El Departamento de Cumplimiento es responsable del cumplimiento institucional de las leyes, normas, regulaciones y requisitos contractuales aplicables a todas las ramas operacionales de Amida Care. El Departamento de Cumplimiento asegura que\u00a0<a href=\"\/es\/sobre-nosotros\/\">Amida Care<\/a>, su\u00a0<a href=\"https:\/\/www.amidacareny.org\/es\/sobre-nosotros\/equipo-ejecutivo\/junta-directiva\/\">Junta Directiva<\/a>, empleados, vendedores, consultores y socios comerciales, realizan actividades comerciales de manera \u00e9tica, profesional y legal.<\/p>\n<h3><span style=\"color: #ea2529;\">Cumplimiento Corporativo<\/span><\/h3>\n<ul>\n<li>Mantiene el programa de Cumplimiento Corporativo y el <a href=\"https:\/\/www.amidacareny.org\/wp-content\/uploads\/sites\/2\/Code-of-Conduct_FINAL-2023_SPA.pdf\" target=\"_blank\" rel=\"noopener\">C\u00f3digo de Conducta<\/a>.<\/li>\n<li>Protege la integridad y los recursos financieros de Amida Care de actividades fraudulentas, derrochadoras y abusivas, identificando, investigando y resolviendo casos de fraude de atenci\u00f3n m\u00e9dica, as\u00ed como los alegatos relacionados al cumplimiento.<\/li>\n<li>Identifica y eval\u00faa los riesgos para la organizaci\u00f3n y trabaja para controlar, monitorear y mitigar los riesgos.<\/li>\n<li>Brinda supervisi\u00f3n al cumplimiento de todas las entidades delegadas y proveedores.<\/li>\n<li>Asegura que todas las regulaciones de la Ley de Privacidad del Paciente (HIPAA por sus siglas en ingl\u00e9s) se cumplan.<\/li>\n<li>Desarrolla y organiza programas de capacitaci\u00f3n para temas de cumplimiento en toda la organizaci\u00f3n.<\/li>\n<li>Revisa y difunde informaci\u00f3n acerca de los Factores Sociales Determinantes de la Salud (SDOH por sus siglas en ingl\u00e9s) y la Agencia Federal para los Centros de Servicios de Medicare y Medicaid (CMS en ingl\u00e9s), asegurando que se tomen las acciones apropiadas.<\/li>\n<li>Revisa la situaci\u00f3n de todos los planes de acci\u00f3n correctiva y asegura informes puntuales a SDOH y CMS.<\/li>\n<\/ul>\n<p class=\"highlight\"><strong>L\u00cdNEA DE CUMPLIMIENTO 1-888-394-2285<\/strong><\/p>\n<p class=\"highlight\"><div class='content-column one_half'><\/div><\/p>\n<h4>Direcci\u00f3n postal de cumplimiento:<\/h4>\n<p>Amida Care<br \/>\nAttn: Compliance,<br \/>\n14 Penn Plaza\u00a02nd floor<br \/>\nNew York, NY 10122<\/p>\n<p>&nbsp;<\/p>\n<p>&nbsp;<\/p>\n","protected":false},"excerpt":{"rendered":"<p>Cumplimiento en Amida Care El Departamento de Cumplimiento es responsable del cumplimiento institucional de las leyes, normas, regulaciones y requisitos contractuales aplicables a todas las&#8230;<\/p>\n","protected":false},"author":1,"featured_media":0,"parent":540,"menu_order":4,"comment_status":"closed","ping_status":"closed","template":"","meta":{"_acf_changed":false,"footnotes":""},"class_list":["post-546","page","type-page","status-publish","hentry"],"acf":[],"yoast_head":"<!-- This site is optimized with the Yoast SEO plugin v27.3 - https:\/\/yoast.com\/product\/yoast-seo-wordpress\/ -->\n<title>Cumplimiento Corporativo | Amida Care: Espa\u00f1ol<\/title>\n<meta name=\"description\" content=\"El Departamento de Cumplimiento es responsable del cumplimiento institucional de las leyes, normas, regulaciones y ...\" class=\"yoast-seo-meta-tag\" \/>\n<meta name=\"robots\" content=\"index, follow, max-snippet:-1, max-image-preview:large, max-video-preview:-1\" \/>\n<link rel=\"canonical\" href=\"https:\/\/www.amidacareny.org\/es\/sobre-nosotros\/cumplimiento-corporativo\/\" class=\"yoast-seo-meta-tag\" \/>\n<meta property=\"og:locale\" content=\"es_ES\" class=\"yoast-seo-meta-tag\" \/>\n<meta property=\"og:type\" content=\"article\" class=\"yoast-seo-meta-tag\" \/>\n<meta property=\"og:title\" content=\"Cumplimiento Corporativo | Amida Care: Espa\u00f1ol\" class=\"yoast-seo-meta-tag\" \/>\n<meta property=\"og:description\" content=\"El Departamento de Cumplimiento es responsable del cumplimiento institucional de las leyes, normas, regulaciones y ...\" class=\"yoast-seo-meta-tag\" \/>\n<meta property=\"og:url\" content=\"https:\/\/www.amidacareny.org\/es\/sobre-nosotros\/cumplimiento-corporativo\/\" class=\"yoast-seo-meta-tag\" \/>\n<meta property=\"og:site_name\" content=\"Amida Care: Espanol\" class=\"yoast-seo-meta-tag\" \/>\n<meta property=\"article:modified_time\" content=\"2024-04-24T13:43:43+00:00\" class=\"yoast-seo-meta-tag\" \/>\n<meta name=\"twitter:card\" content=\"summary_large_image\" class=\"yoast-seo-meta-tag\" \/>\n<meta name=\"twitter:label1\" content=\"Tiempo de lectura\" class=\"yoast-seo-meta-tag\" \/>\n\t<meta name=\"twitter:data1\" content=\"2 minutos\" class=\"yoast-seo-meta-tag\" \/>\n<script type=\"application\/ld+json\" class=\"yoast-schema-graph\">{\"@context\":\"https:\\\/\\\/schema.org\",\"@graph\":[{\"@type\":\"WebPage\",\"@id\":\"https:\\\/\\\/www.amidacareny.org\\\/es\\\/sobre-nosotros\\\/cumplimiento-corporativo\\\/\",\"url\":\"https:\\\/\\\/www.amidacareny.org\\\/es\\\/sobre-nosotros\\\/cumplimiento-corporativo\\\/\",\"name\":\"Cumplimiento Corporativo | Amida Care: Espa\u00f1ol\",\"isPartOf\":{\"@id\":\"https:\\\/\\\/www.amidacareny.org\\\/es\\\/#website\"},\"datePublished\":\"2016-03-09T22:50:25+00:00\",\"dateModified\":\"2024-04-24T13:43:43+00:00\",\"description\":\"El Departamento de Cumplimiento es responsable del cumplimiento institucional de las leyes, normas, regulaciones y ...\",\"breadcrumb\":{\"@id\":\"https:\\\/\\\/www.amidacareny.org\\\/es\\\/sobre-nosotros\\\/cumplimiento-corporativo\\\/#breadcrumb\"},\"inLanguage\":\"es\",\"potentialAction\":[{\"@type\":\"ReadAction\",\"target\":[\"https:\\\/\\\/www.amidacareny.org\\\/es\\\/sobre-nosotros\\\/cumplimiento-corporativo\\\/\"]}]},{\"@type\":\"BreadcrumbList\",\"@id\":\"https:\\\/\\\/www.amidacareny.org\\\/es\\\/sobre-nosotros\\\/cumplimiento-corporativo\\\/#breadcrumb\",\"itemListElement\":[{\"@type\":\"ListItem\",\"position\":1,\"name\":\"Portada\",\"item\":\"https:\\\/\\\/www.amidacareny.org\\\/es\\\/\"},{\"@type\":\"ListItem\",\"position\":2,\"name\":\"Sobre Nosotros\",\"item\":\"https:\\\/\\\/www.amidacareny.org\\\/es\\\/sobre-nosotros\\\/\"},{\"@type\":\"ListItem\",\"position\":3,\"name\":\"Cumplimiento Corporativo\"}]},{\"@type\":\"WebSite\",\"@id\":\"https:\\\/\\\/www.amidacareny.org\\\/es\\\/#website\",\"url\":\"https:\\\/\\\/www.amidacareny.org\\\/es\\\/\",\"name\":\"Amida Care: Espanol\",\"description\":\"Proveedor de planes de salud sin fines de lucro en NYC.\",\"potentialAction\":[{\"@type\":\"SearchAction\",\"target\":{\"@type\":\"EntryPoint\",\"urlTemplate\":\"https:\\\/\\\/www.amidacareny.org\\\/es\\\/?s={search_term_string}\"},\"query-input\":{\"@type\":\"PropertyValueSpecification\",\"valueRequired\":true,\"valueName\":\"search_term_string\"}}],\"inLanguage\":\"es\"}]}<\/script>\n<!-- \/ Yoast SEO plugin. -->","yoast_head_json":{"title":"Cumplimiento Corporativo | Amida Care: Espa\u00f1ol","description":"El Departamento de Cumplimiento es responsable del cumplimiento institucional de las leyes, normas, regulaciones y ...","robots":{"index":"index","follow":"follow","max-snippet":"max-snippet:-1","max-image-preview":"max-image-preview:large","max-video-preview":"max-video-preview:-1"},"canonical":"https:\/\/www.amidacareny.org\/es\/sobre-nosotros\/cumplimiento-corporativo\/","og_locale":"es_ES","og_type":"article","og_title":"Cumplimiento Corporativo | Amida Care: Espa\u00f1ol","og_description":"El Departamento de Cumplimiento es responsable del cumplimiento institucional de las leyes, normas, regulaciones y ...","og_url":"https:\/\/www.amidacareny.org\/es\/sobre-nosotros\/cumplimiento-corporativo\/","og_site_name":"Amida Care: Espanol","article_modified_time":"2024-04-24T13:43:43+00:00","twitter_card":"summary_large_image","twitter_misc":{"Tiempo de lectura":"2 minutos"},"schema":{"@context":"https:\/\/schema.org","@graph":[{"@type":"WebPage","@id":"https:\/\/www.amidacareny.org\/es\/sobre-nosotros\/cumplimiento-corporativo\/","url":"https:\/\/www.amidacareny.org\/es\/sobre-nosotros\/cumplimiento-corporativo\/","name":"Cumplimiento Corporativo | Amida Care: Espa\u00f1ol","isPartOf":{"@id":"https:\/\/www.amidacareny.org\/es\/#website"},"datePublished":"2016-03-09T22:50:25+00:00","dateModified":"2024-04-24T13:43:43+00:00","description":"El Departamento de Cumplimiento es responsable del cumplimiento institucional de las leyes, normas, regulaciones y ...","breadcrumb":{"@id":"https:\/\/www.amidacareny.org\/es\/sobre-nosotros\/cumplimiento-corporativo\/#breadcrumb"},"inLanguage":"es","potentialAction":[{"@type":"ReadAction","target":["https:\/\/www.amidacareny.org\/es\/sobre-nosotros\/cumplimiento-corporativo\/"]}]},{"@type":"BreadcrumbList","@id":"https:\/\/www.amidacareny.org\/es\/sobre-nosotros\/cumplimiento-corporativo\/#breadcrumb","itemListElement":[{"@type":"ListItem","position":1,"name":"Portada","item":"https:\/\/www.amidacareny.org\/es\/"},{"@type":"ListItem","position":2,"name":"Sobre Nosotros","item":"https:\/\/www.amidacareny.org\/es\/sobre-nosotros\/"},{"@type":"ListItem","position":3,"name":"Cumplimiento Corporativo"}]},{"@type":"WebSite","@id":"https:\/\/www.amidacareny.org\/es\/#website","url":"https:\/\/www.amidacareny.org\/es\/","name":"Amida Care: Espanol","description":"Proveedor de planes de salud sin fines de lucro en NYC.","potentialAction":[{"@type":"SearchAction","target":{"@type":"EntryPoint","urlTemplate":"https:\/\/www.amidacareny.org\/es\/?s={search_term_string}"},"query-input":{"@type":"PropertyValueSpecification","valueRequired":true,"valueName":"search_term_string"}}],"inLanguage":"es"}]}},"_links":{"self":[{"href":"https:\/\/www.amidacareny.org\/es\/wp-json\/wp\/v2\/pages\/546","targetHints":{"allow":["GET"]}}],"collection":[{"href":"https:\/\/www.amidacareny.org\/es\/wp-json\/wp\/v2\/pages"}],"about":[{"href":"https:\/\/www.amidacareny.org\/es\/wp-json\/wp\/v2\/types\/page"}],"author":[{"embeddable":true,"href":"https:\/\/www.amidacareny.org\/es\/wp-json\/wp\/v2\/users\/1"}],"replies":[{"embeddable":true,"href":"https:\/\/www.amidacareny.org\/es\/wp-json\/wp\/v2\/comments?post=546"}],"version-history":[{"count":0,"href":"https:\/\/www.amidacareny.org\/es\/wp-json\/wp\/v2\/pages\/546\/revisions"}],"up":[{"embeddable":true,"href":"https:\/\/www.amidacareny.org\/es\/wp-json\/wp\/v2\/pages\/540"}],"wp:attachment":[{"href":"https:\/\/www.amidacareny.org\/es\/wp-json\/wp\/v2\/media?parent=546"}],"curies":[{"name":"wp","href":"https:\/\/api.w.org\/{rel}","templated":true}]}}