{"id":548,"date":"2016-03-09T22:50:25","date_gmt":"2016-03-09T22:50:25","guid":{"rendered":"https:\/\/www.amidacareny.org\/es\/about-us\/support-our-work\/"},"modified":"2025-08-07T08:39:09","modified_gmt":"2025-08-07T12:39:09","slug":"apoya-nuestro-trabajo","status":"publish","type":"page","link":"https:\/\/www.amidacareny.org\/es\/sobre-nosotros\/apoya-nuestro-trabajo\/","title":{"rendered":"Apoya Nuestro Trabajo"},"content":{"rendered":"<h2><span style=\"color: #ea2529;\">Haz Tu Donativo<\/span><\/h2>\n<p>Amida Care es una entidad de plan de salud sin fines de lucro que da la bienvenida a donaciones para nuestra misi\u00f3n de proveer cuidado de salud de alta calidad para los residentes de Nueva York. As\u00ed es como tu\u00a0<a href=\"https:\/\/www.eservicepayments.com\/cgi-bin\/Vanco_ver3.vps?appver3=H8t6qzieEfRPTwXql__IIVwtxMLM6Xdm6c1-KZ6VeiNvAtj9Y5uKYO-x4RyCIk1JYiECLrShMlussNQNLRzVpkfRUnKmQe7OjNAOtHzXC8EenHaiCCvrQPjg6jxOR5c6V5Xl8ZH9eqOVrUOlZWbx6GAcZMi6IEbdYpcvH83MjdZNMNu0tHMbBAp6GsHggf9_ehEvuZOCSEuUMWMOpab33g==&amp;ver=3\" target=\"_blank\" rel=\"noopener noreferrer\">donativo<\/a>\u00a0puede ayudar:<\/p>\n<h3><span style=\"color: #ea2529;\">Fondo de Amida Care en la Fundaci\u00f3n Comunitaria Stonewall<\/span><\/h3>\n<p><a href=\"https:\/\/www.amidacareny.org\/es\/assets\/sites\/2\/Amida-Care-Fund-Logo.jpg\"><img loading=\"lazy\" decoding=\"async\" class=\"wp-image-3257 aligncenter\" src=\"https:\/\/www.amidacareny.org\/es\/assets\/sites\/2\/Amida-Care-Fund-Logo-300x83.jpg\" alt=\"\" width=\"390\" height=\"108\" srcset=\"https:\/\/www.amidacareny.org\/wp-content\/uploads\/sites\/2\/Amida-Care-Fund-Logo-300x83.jpg 300w, https:\/\/www.amidacareny.org\/wp-content\/uploads\/sites\/2\/Amida-Care-Fund-Logo-100x28.jpg 100w, https:\/\/www.amidacareny.org\/wp-content\/uploads\/sites\/2\/Amida-Care-Fund-Logo.jpg 600w\" sizes=\"auto, (max-width: 390px) 100vw, 390px\" \/><\/a><\/p>\n<p>El Fondo Amida Care de la Fundaci\u00f3n Comunitaria Stonewall se cre\u00f3 como parte de los Programas de Bienestar para Socios de Amida Care, los cuales son de financiaci\u00f3n privada. Estos programas, que incluyen los eventos \u00abLive Your Life\u00bb (LYL), \u00abLife Celebrations\u00bb, \u00abLYL Rewards\u00bb y \u00abLYL Undetectable\u00bb, buscan apoyar programas innovadores de educaci\u00f3n, prevenci\u00f3n, intervenci\u00f3n y tratamiento del VIH, dise\u00f1ados para los neoyorquinos que se ven afectados de manera desproporcionada por este virus.<\/p>\n<p>El Fondo apoya programas de educaci\u00f3n, prevenci\u00f3n, intervenci\u00f3n y tratamiento del VIH para que los neoyorquinos que corren mayor riesgo de contraer el VIH &#8211; como los hombres j\u00f3venes de color que tienen relaciones sexuales con hombres (HSH), las mujeres transg\u00e9nero y las personas VIH-positivas que a\u00fan no tienen el virus suprimido, reciban el acceso necesario a la atenci\u00f3n de salud. El objetivo de Amida Care es seguir recaudando m\u00e1s dinero para aumentar el Fondo y ampliar el apoyo financiero para este trabajo cr\u00edtico. Tu\u00a0<a href=\"https:\/\/www.eservicepayments.com\/cgi-bin\/Vanco_ver3.vps?appver3=H8t6qzieEfRPTwXql__IIVwtxMLM6Xdm6c1-KZ6VeiNvAtj9Y5uKYO-x4RyCIk1JYiECLrShMlussNQNLRzVpkfRUnKmQe7OjNAOtHzXC8EenHaiCCvrQPjg6jxOR5c6V5Xl8ZH9eqOVrUOlZWbx6GAcZMi6IEbdYpcvH83MjdZNMNu0tHMbBAp6GsHggf9_ehEvuZOCSEuUMWMOpab33g==&amp;ver=3\">donativo<\/a>\u00a0puede ayudarnos a cambiar vidas y acabar la epidemia del SIDA en Nueva York.<\/p>\n<h3><span style=\"color: #ff0000;\">Programa de Bienestar \u201cVive tu Vida\u201d <em>(Live Your Life)<\/em><\/span><\/h3>\n<p><a href=\"https:\/\/www.amidacareny.org\/wp-content\/uploads\/sites\/2\/lyl_logo_2012.png\"><img loading=\"lazy\" decoding=\"async\" class=\"wp-image-2238 alignleft\" src=\"https:\/\/www.amidacareny.org\/wp-content\/uploads\/sites\/2\/lyl_logo_2012-300x300.png\" alt=\"live your life\" width=\"150\" height=\"150\" srcset=\"https:\/\/www.amidacareny.org\/wp-content\/uploads\/sites\/2\/lyl_logo_2012-300x300.png 300w, https:\/\/www.amidacareny.org\/wp-content\/uploads\/sites\/2\/lyl_logo_2012-150x150.png 150w, https:\/\/www.amidacareny.org\/wp-content\/uploads\/sites\/2\/lyl_logo_2012-100x100.png 100w, https:\/\/www.amidacareny.org\/wp-content\/uploads\/sites\/2\/lyl_logo_2012.png 306w\" sizes=\"auto, (max-width: 150px) 100vw, 150px\" \/><\/a>Tu apoyo nos ayuda a ofrecer nuestros eventos mensuales para el bienestar <a href=\"https:\/\/www.amidacareny.org\/es\/nuestro-plan\/nuestro-plan-medicaid-live-life-plus\/\">Vive tu Vida \/ Live Your Life<\/a>\u00a0en organizaciones comunitarias en los cinco condados de la Ciudad de Nueva York. Estos eventos gratis para todos los socios de Amida Care y sus invitados, ofrecen oportunidades para participar en una variedad de actividades que promueven la salud y el bienestar, como cocina y nutrici\u00f3n saludables, terapia de arte, meditaci\u00f3n, yoga, danza latina y africana, y m\u00e1s .<\/p>\n<p>Los socios expresan consistentemente su gratitud por la alegr\u00eda y la satisfacci\u00f3n que obtienen de participar en los eventos \u201cVive tu Vida\u201d de Amida Care. \u00a1Gracias por sus\u00a0<span style=\"color: #0000ee;\"><u><a href=\"https:\/\/www.eservicepayments.com\/cgi-bin\/Vanco_ver3.vps?appver3=H8t6qzieEfRPTwXql__IIVwtxMLM6Xdm6c1-KZ6VeiNvAtj9Y5uKYO-x4RyCIk1JYiECLrShMlussNQNLRzVpkfRUnKmQe7OjNAOtHzXC8EenHaiCCvrQPjg6jxOR5c6V5Xl8ZH9eqOVrUOlZWbx6GAcZMi6IEbdYpcvH83MjdZNMNu0tHMbBAp6GsHggf9_ehEvuZOCSEuUMWMOpab33g==&amp;ver=3\">donativos<\/a>,<\/u><\/span>\u00a0que ayudan a que miles de neoyorquinos vivan vidas m\u00e1s saludables! Hacemos que sea f\u00e1cil y conveniente apoyar a Amida Care. Elige tu m\u00e9todo preferido de entre las siguientes opciones.<\/p>\n<h4>Haz un donativo por internet:<\/h4>\n<p><a class=\"btn\" href=\"https:\/\/www.eservicepayments.com\/cgi-bin\/Vanco_ver3.vps?appver3=H8t6qzieEfRPTwXql__IIVwtxMLM6Xdm6c1-KZ6VeiNvAtj9Y5uKYO-x4RyCIk1JYiECLrShMlussNQNLRzVpkfRUnKmQe7OjNAOtHzXC8EenHaiCCvrQPjg6jxOR5c6V5Xl8ZH9eqOVrUOlZWbx6GAcZMi6IEbdYpcvH83MjdZNMNu0tHMbBAp6GsHggf9_ehEvuZOCSEuUMWMOpab33g==&amp;ver=3\" target=\"_blank\" rel=\"noopener noreferrer\">DONA AHORA<\/a><\/p>\n<h4>Para hacer tu donativo por correo postal, haz un cheque pagadero a Amida Care, Inc. y env\u00edalo a:<\/h4>\n<p>Amida Care, Inc.<br \/>\nP.O. Box 874<br \/>\nNew York, NY 10116-0874<br \/>\nAtt.: Finance<\/p>\n<h4>Para contactar a Amida Care para conocer m\u00e1s acerca de c\u00f3mo hacer un donativo:<\/h4>\n<p>Escribe por correo electr\u00f3nico: <a href=\"mailto:donations@amidacareny.org\">donations@amidacareny.org<\/a><\/p>\n<p class=\"highlight\">Gracias por apoyar la misi\u00f3n y visi\u00f3n de Amida Care.<\/p>\n","protected":false},"excerpt":{"rendered":"<p>Haz Tu Donativo Amida Care es una entidad de plan de salud sin fines de lucro que da la bienvenida a donaciones para nuestra misi\u00f3n&#8230;<\/p>\n","protected":false},"author":1,"featured_media":0,"parent":540,"menu_order":5,"comment_status":"closed","ping_status":"closed","template":"","meta":{"_acf_changed":false,"footnotes":""},"class_list":["post-548","page","type-page","status-publish","hentry"],"acf":[],"yoast_head":"<!-- This site is optimized with the Yoast SEO plugin v27.3 - https:\/\/yoast.com\/product\/yoast-seo-wordpress\/ -->\n<title>Dona Ahora y Apoya Nuestro Trabajo | Amida Care:Espa\u00f1ol<\/title>\n<meta name=\"description\" content=\"Apoya Nuestro Trabajo. Amida Care es una entidad de plan de salud sin fines de lucro que da la bienvenida a donaciones para nuestra misi\u00f3n...\" class=\"yoast-seo-meta-tag\" \/>\n<meta name=\"robots\" content=\"index, follow, max-snippet:-1, max-image-preview:large, max-video-preview:-1\" \/>\n<link rel=\"canonical\" href=\"https:\/\/www.amidacareny.org\/es\/sobre-nosotros\/apoya-nuestro-trabajo\/\" class=\"yoast-seo-meta-tag\" \/>\n<meta property=\"og:locale\" content=\"es_ES\" class=\"yoast-seo-meta-tag\" \/>\n<meta property=\"og:type\" content=\"article\" class=\"yoast-seo-meta-tag\" \/>\n<meta property=\"og:title\" content=\"Dona Ahora y Apoya Nuestro Trabajo | Amida Care:Espa\u00f1ol\" class=\"yoast-seo-meta-tag\" \/>\n<meta property=\"og:description\" content=\"Apoya Nuestro Trabajo. Amida Care es una entidad de plan de salud sin fines de lucro que da la bienvenida a donaciones para nuestra misi\u00f3n...\" class=\"yoast-seo-meta-tag\" \/>\n<meta property=\"og:url\" content=\"https:\/\/www.amidacareny.org\/es\/sobre-nosotros\/apoya-nuestro-trabajo\/\" class=\"yoast-seo-meta-tag\" \/>\n<meta property=\"og:site_name\" content=\"Amida Care: Espanol\" class=\"yoast-seo-meta-tag\" \/>\n<meta property=\"article:modified_time\" content=\"2025-08-07T12:39:09+00:00\" class=\"yoast-seo-meta-tag\" \/>\n<meta property=\"og:image\" content=\"https:\/\/www.amidacareny.org\/wp-content\/uploads\/sites\/2\/Amida-Care-Fund-Logo.jpg\" class=\"yoast-seo-meta-tag\" \/>\n\t<meta property=\"og:image:width\" content=\"600\" class=\"yoast-seo-meta-tag\" \/>\n\t<meta property=\"og:image:height\" content=\"165\" class=\"yoast-seo-meta-tag\" \/>\n\t<meta property=\"og:image:type\" content=\"image\/jpeg\" class=\"yoast-seo-meta-tag\" \/>\n<meta name=\"twitter:card\" content=\"summary_large_image\" class=\"yoast-seo-meta-tag\" \/>\n<meta name=\"twitter:label1\" content=\"Tiempo de lectura\" class=\"yoast-seo-meta-tag\" \/>\n\t<meta name=\"twitter:data1\" content=\"3 minutos\" class=\"yoast-seo-meta-tag\" \/>\n<script type=\"application\/ld+json\" class=\"yoast-schema-graph\">{\"@context\":\"https:\\\/\\\/schema.org\",\"@graph\":[{\"@type\":\"WebPage\",\"@id\":\"https:\\\/\\\/www.amidacareny.org\\\/es\\\/sobre-nosotros\\\/apoya-nuestro-trabajo\\\/\",\"url\":\"https:\\\/\\\/www.amidacareny.org\\\/es\\\/sobre-nosotros\\\/apoya-nuestro-trabajo\\\/\",\"name\":\"Dona Ahora y Apoya Nuestro Trabajo | Amida Care:Espa\u00f1ol\",\"isPartOf\":{\"@id\":\"https:\\\/\\\/www.amidacareny.org\\\/es\\\/#website\"},\"primaryImageOfPage\":{\"@id\":\"https:\\\/\\\/www.amidacareny.org\\\/es\\\/sobre-nosotros\\\/apoya-nuestro-trabajo\\\/#primaryimage\"},\"image\":{\"@id\":\"https:\\\/\\\/www.amidacareny.org\\\/es\\\/sobre-nosotros\\\/apoya-nuestro-trabajo\\\/#primaryimage\"},\"thumbnailUrl\":\"https:\\\/\\\/www.amidacareny.org\\\/es\\\/assets\\\/sites\\\/2\\\/Amida-Care-Fund-Logo-300x83.jpg\",\"datePublished\":\"2016-03-09T22:50:25+00:00\",\"dateModified\":\"2025-08-07T12:39:09+00:00\",\"description\":\"Apoya Nuestro Trabajo. Amida Care es una entidad de plan de salud sin fines de lucro que da la bienvenida a donaciones para nuestra misi\u00f3n...\",\"breadcrumb\":{\"@id\":\"https:\\\/\\\/www.amidacareny.org\\\/es\\\/sobre-nosotros\\\/apoya-nuestro-trabajo\\\/#breadcrumb\"},\"inLanguage\":\"es\",\"potentialAction\":[{\"@type\":\"ReadAction\",\"target\":[\"https:\\\/\\\/www.amidacareny.org\\\/es\\\/sobre-nosotros\\\/apoya-nuestro-trabajo\\\/\"]}]},{\"@type\":\"ImageObject\",\"inLanguage\":\"es\",\"@id\":\"https:\\\/\\\/www.amidacareny.org\\\/es\\\/sobre-nosotros\\\/apoya-nuestro-trabajo\\\/#primaryimage\",\"url\":\"https:\\\/\\\/www.amidacareny.org\\\/es\\\/assets\\\/sites\\\/2\\\/Amida-Care-Fund-Logo-300x83.jpg\",\"contentUrl\":\"https:\\\/\\\/www.amidacareny.org\\\/es\\\/assets\\\/sites\\\/2\\\/Amida-Care-Fund-Logo-300x83.jpg\"},{\"@type\":\"BreadcrumbList\",\"@id\":\"https:\\\/\\\/www.amidacareny.org\\\/es\\\/sobre-nosotros\\\/apoya-nuestro-trabajo\\\/#breadcrumb\",\"itemListElement\":[{\"@type\":\"ListItem\",\"position\":1,\"name\":\"Portada\",\"item\":\"https:\\\/\\\/www.amidacareny.org\\\/es\\\/\"},{\"@type\":\"ListItem\",\"position\":2,\"name\":\"Sobre Nosotros\",\"item\":\"https:\\\/\\\/www.amidacareny.org\\\/es\\\/sobre-nosotros\\\/\"},{\"@type\":\"ListItem\",\"position\":3,\"name\":\"Apoya Nuestro Trabajo\"}]},{\"@type\":\"WebSite\",\"@id\":\"https:\\\/\\\/www.amidacareny.org\\\/es\\\/#website\",\"url\":\"https:\\\/\\\/www.amidacareny.org\\\/es\\\/\",\"name\":\"Amida Care: Espanol\",\"description\":\"Proveedor de planes de salud sin fines de lucro en NYC.\",\"potentialAction\":[{\"@type\":\"SearchAction\",\"target\":{\"@type\":\"EntryPoint\",\"urlTemplate\":\"https:\\\/\\\/www.amidacareny.org\\\/es\\\/?s={search_term_string}\"},\"query-input\":{\"@type\":\"PropertyValueSpecification\",\"valueRequired\":true,\"valueName\":\"search_term_string\"}}],\"inLanguage\":\"es\"}]}<\/script>\n<!-- \/ Yoast SEO plugin. -->","yoast_head_json":{"title":"Dona Ahora y Apoya Nuestro Trabajo | Amida Care:Espa\u00f1ol","description":"Apoya Nuestro Trabajo. Amida Care es una entidad de plan de salud sin fines de lucro que da la bienvenida a donaciones para nuestra misi\u00f3n...","robots":{"index":"index","follow":"follow","max-snippet":"max-snippet:-1","max-image-preview":"max-image-preview:large","max-video-preview":"max-video-preview:-1"},"canonical":"https:\/\/www.amidacareny.org\/es\/sobre-nosotros\/apoya-nuestro-trabajo\/","og_locale":"es_ES","og_type":"article","og_title":"Dona Ahora y Apoya Nuestro Trabajo | Amida Care:Espa\u00f1ol","og_description":"Apoya Nuestro Trabajo. Amida Care es una entidad de plan de salud sin fines de lucro que da la bienvenida a donaciones para nuestra misi\u00f3n...","og_url":"https:\/\/www.amidacareny.org\/es\/sobre-nosotros\/apoya-nuestro-trabajo\/","og_site_name":"Amida Care: Espanol","article_modified_time":"2025-08-07T12:39:09+00:00","og_image":[{"width":600,"height":165,"url":"https:\/\/www.amidacareny.org\/wp-content\/uploads\/sites\/2\/Amida-Care-Fund-Logo.jpg","type":"image\/jpeg"}],"twitter_card":"summary_large_image","twitter_misc":{"Tiempo de lectura":"3 minutos"},"schema":{"@context":"https:\/\/schema.org","@graph":[{"@type":"WebPage","@id":"https:\/\/www.amidacareny.org\/es\/sobre-nosotros\/apoya-nuestro-trabajo\/","url":"https:\/\/www.amidacareny.org\/es\/sobre-nosotros\/apoya-nuestro-trabajo\/","name":"Dona Ahora y Apoya Nuestro Trabajo | Amida Care:Espa\u00f1ol","isPartOf":{"@id":"https:\/\/www.amidacareny.org\/es\/#website"},"primaryImageOfPage":{"@id":"https:\/\/www.amidacareny.org\/es\/sobre-nosotros\/apoya-nuestro-trabajo\/#primaryimage"},"image":{"@id":"https:\/\/www.amidacareny.org\/es\/sobre-nosotros\/apoya-nuestro-trabajo\/#primaryimage"},"thumbnailUrl":"https:\/\/www.amidacareny.org\/es\/assets\/sites\/2\/Amida-Care-Fund-Logo-300x83.jpg","datePublished":"2016-03-09T22:50:25+00:00","dateModified":"2025-08-07T12:39:09+00:00","description":"Apoya Nuestro Trabajo. Amida Care es una entidad de plan de salud sin fines de lucro que da la bienvenida a donaciones para nuestra misi\u00f3n...","breadcrumb":{"@id":"https:\/\/www.amidacareny.org\/es\/sobre-nosotros\/apoya-nuestro-trabajo\/#breadcrumb"},"inLanguage":"es","potentialAction":[{"@type":"ReadAction","target":["https:\/\/www.amidacareny.org\/es\/sobre-nosotros\/apoya-nuestro-trabajo\/"]}]},{"@type":"ImageObject","inLanguage":"es","@id":"https:\/\/www.amidacareny.org\/es\/sobre-nosotros\/apoya-nuestro-trabajo\/#primaryimage","url":"https:\/\/www.amidacareny.org\/es\/assets\/sites\/2\/Amida-Care-Fund-Logo-300x83.jpg","contentUrl":"https:\/\/www.amidacareny.org\/es\/assets\/sites\/2\/Amida-Care-Fund-Logo-300x83.jpg"},{"@type":"BreadcrumbList","@id":"https:\/\/www.amidacareny.org\/es\/sobre-nosotros\/apoya-nuestro-trabajo\/#breadcrumb","itemListElement":[{"@type":"ListItem","position":1,"name":"Portada","item":"https:\/\/www.amidacareny.org\/es\/"},{"@type":"ListItem","position":2,"name":"Sobre Nosotros","item":"https:\/\/www.amidacareny.org\/es\/sobre-nosotros\/"},{"@type":"ListItem","position":3,"name":"Apoya Nuestro Trabajo"}]},{"@type":"WebSite","@id":"https:\/\/www.amidacareny.org\/es\/#website","url":"https:\/\/www.amidacareny.org\/es\/","name":"Amida Care: Espanol","description":"Proveedor de planes de salud sin fines de lucro en NYC.","potentialAction":[{"@type":"SearchAction","target":{"@type":"EntryPoint","urlTemplate":"https:\/\/www.amidacareny.org\/es\/?s={search_term_string}"},"query-input":{"@type":"PropertyValueSpecification","valueRequired":true,"valueName":"search_term_string"}}],"inLanguage":"es"}]}},"_links":{"self":[{"href":"https:\/\/www.amidacareny.org\/es\/wp-json\/wp\/v2\/pages\/548","targetHints":{"allow":["GET"]}}],"collection":[{"href":"https:\/\/www.amidacareny.org\/es\/wp-json\/wp\/v2\/pages"}],"about":[{"href":"https:\/\/www.amidacareny.org\/es\/wp-json\/wp\/v2\/types\/page"}],"author":[{"embeddable":true,"href":"https:\/\/www.amidacareny.org\/es\/wp-json\/wp\/v2\/users\/1"}],"replies":[{"embeddable":true,"href":"https:\/\/www.amidacareny.org\/es\/wp-json\/wp\/v2\/comments?post=548"}],"version-history":[{"count":0,"href":"https:\/\/www.amidacareny.org\/es\/wp-json\/wp\/v2\/pages\/548\/revisions"}],"up":[{"embeddable":true,"href":"https:\/\/www.amidacareny.org\/es\/wp-json\/wp\/v2\/pages\/540"}],"wp:attachment":[{"href":"https:\/\/www.amidacareny.org\/es\/wp-json\/wp\/v2\/media?parent=548"}],"curies":[{"name":"wp","href":"https:\/\/api.w.org\/{rel}","templated":true}]}}