{"id":5532,"date":"2023-08-21T11:51:34","date_gmt":"2023-08-21T15:51:34","guid":{"rendered":"https:\/\/www.amidacareny.org\/es\/?page_id=5532"},"modified":"2024-01-02T08:25:51","modified_gmt":"2024-01-02T13:25:51","slug":"20-anos-de-servicio","status":"publish","type":"page","link":"https:\/\/www.amidacareny.org\/es\/sobre-nosotros\/20-anos-de-servicio\/","title":{"rendered":"20 a\u00f1os de servicio"},"content":{"rendered":"<h1 style=\"text-align: center;\"><strong>Amida Care <\/strong><strong>celebra 20 a\u00f1os de excelencia<br \/>\n<\/strong><strong>en <\/strong><strong>salud, defensa y atenci\u00f3n<\/strong><\/h1>\n<p>&nbsp;<\/p>\n<h3><strong>NUESTRA HISTORIA<\/strong><\/h3>\n<p><span style=\"color: #000000;\">\u00a1Celebraremos el 20mo aniversario de Amida Care! Hace dos d\u00e9cadas, en agosto de 2003, siete proveedores comunitarios se unieron para formar un plan de salud para atender a los neoyorquinos afectados por el VIH. La creaci\u00f3n de un plan de seguro de salud dise\u00f1ado por proveedores con experiencia en VIH que priorizaran las necesidades de los socios fue una idea visionaria. Ahora, Amida Care es el plan de salud para necesidades especiales (Special Needs Health Plan, SNP) de atenci\u00f3n administrada de Medicaid m\u00e1s grande de New York, y los expertos en VIH y cuidados de afirmaci\u00f3n de g\u00e9nero.<\/span><\/p>\n<p>&nbsp;<\/p>\n<p style=\"text-align: center;\"><a href=\"https:\/\/www.amidacareny.org\/wp-content\/uploads\/sites\/2\/20th-Anniversary-SPA-01.png\"><img loading=\"lazy\" decoding=\"async\" class=\"alignnone wp-image-5547 size-full\" src=\"https:\/\/www.amidacareny.org\/wp-content\/uploads\/sites\/2\/20th-Anniversary-SPA-01.png\" alt=\"\" width=\"5040\" height=\"1488\" srcset=\"https:\/\/www.amidacareny.org\/wp-content\/uploads\/sites\/2\/\/20th-Anniversary-SPA-01.png 5040w, https:\/\/www.amidacareny.org\/wp-content\/uploads\/sites\/2\/\/20th-Anniversary-SPA-01-300x89.png 300w, https:\/\/www.amidacareny.org\/wp-content\/uploads\/sites\/2\/\/20th-Anniversary-SPA-01-1024x302.png 1024w, https:\/\/www.amidacareny.org\/wp-content\/uploads\/sites\/2\/\/20th-Anniversary-SPA-01-768x227.png 768w, https:\/\/www.amidacareny.org\/wp-content\/uploads\/sites\/2\/\/20th-Anniversary-SPA-01-1536x453.png 1536w, https:\/\/www.amidacareny.org\/wp-content\/uploads\/sites\/2\/\/20th-Anniversary-SPA-01-2048x605.png 2048w, https:\/\/www.amidacareny.org\/wp-content\/uploads\/sites\/2\/\/20th-Anniversary-SPA-01-100x30.png 100w\" sizes=\"auto, (max-width: 5040px) 100vw, 5040px\" \/><\/a><\/p>\n<p><span style=\"color: #000000;\"><br \/>\nLa historia de Amida Care es un gran ejemplo de c\u00f3mo el pensamiento innovador y el liderazgo llevaron al \u00e9xito. Amida Care fue una de las primeras organizaciones en abogar por la cobertura y el tratamiento tempranos de la hepatitis C, que ahora es un beneficio cubierto para todos los beneficiarios de Medicaid. De manera similar, fuimos uno de los primeros en abogar por los cuidados de afirmaci\u00f3n de g\u00e9nero, incluida la terapia hormonal y las cirug\u00edas, y en 2017, nuestros esfuerzos de promoci\u00f3n ampliaron la elegibilidad de SNP para personas con experiencia transg\u00e9nero, g\u00e9nero no conforme y no binaria (transgender, gender nonconforming, and non-binary, TGNCNB), independientemente del estado serol\u00f3gico respecto al VIH. Durante veinte a\u00f1os hemos crecido y evolucionado, pero nuestro compromiso de abordar las disparidades de salud, terminar con el VIH, derribar las barreras para atender a las comunidades marginadas y abordar el racismo como una crisis de salud p\u00fablica se mantiene firme.<\/span><\/p>\n<hr \/>\n<h3><strong>NUESTROS LOGROS<\/strong><\/h3>\n<p><span style=\"color: #000000;\">Hemos logrado mucho desde 2003, incluyendo:<\/span><\/p>\n<ul>\n<li><span style=\"color: #000000;\">lograr la supresi\u00f3n viral para el 80 por ciento de los socios que viven con el VIH, un aumento del 60 por ciento a principios de la d\u00e9cada de 2000;<\/span><\/li>\n<li><span style=\"color: #000000;\">curar a m\u00e1s de 1,200 socios de la Hepatitis C, una de las principales causas de muerte entre las personas que viven con el VIH;<\/span><\/li>\n<li><span style=\"color: #000000;\">ayudar a m\u00e1s del 60 por ciento de los socios TGNCNB a acceder a cuidados de afirmaci\u00f3n de g\u00e9nero, incluidas cirug\u00edas, dentro de los tres a\u00f1os posteriores a la membres\u00eda;<\/span><\/li>\n<li><span style=\"color: #000000;\">crear nuestro innovador Consejo Asesor de Socios, un grupo de socios que brindan aportes para ayudar a mejorar los servicios del plan, incluidos tres representantes que son elegidos para formar parte de nuestra Junta Directiva; y <\/span><\/li>\n<li><span style=\"color: #000000;\">formar relaciones de trabajo cercanas con nuestros socios proveedores, quienes contin\u00faan guiando a la organizaci\u00f3n y brindan servicios de salud especializados para atender a nuestros socios.<\/span><\/li>\n<\/ul>\n<p style=\"text-align: center;\"><a href=\"https:\/\/www.amidacareny.org\/wp-content\/uploads\/sites\/2\/20th-Anniversary-SPA-02.png\"><img loading=\"lazy\" decoding=\"async\" class=\"alignnone wp-image-5545 size-full\" src=\"https:\/\/www.amidacareny.org\/wp-content\/uploads\/sites\/2\/20th-Anniversary-SPA-02.png\" alt=\"\" width=\"5040\" height=\"2792\" srcset=\"https:\/\/www.amidacareny.org\/wp-content\/uploads\/sites\/2\/\/20th-Anniversary-SPA-02.png 5040w, https:\/\/www.amidacareny.org\/wp-content\/uploads\/sites\/2\/\/20th-Anniversary-SPA-02-300x166.png 300w, https:\/\/www.amidacareny.org\/wp-content\/uploads\/sites\/2\/\/20th-Anniversary-SPA-02-1024x567.png 1024w, https:\/\/www.amidacareny.org\/wp-content\/uploads\/sites\/2\/\/20th-Anniversary-SPA-02-768x425.png 768w, https:\/\/www.amidacareny.org\/wp-content\/uploads\/sites\/2\/\/20th-Anniversary-SPA-02-1536x851.png 1536w, https:\/\/www.amidacareny.org\/wp-content\/uploads\/sites\/2\/\/20th-Anniversary-SPA-02-2048x1135.png 2048w, https:\/\/www.amidacareny.org\/wp-content\/uploads\/sites\/2\/\/20th-Anniversary-SPA-02-100x55.png 100w\" sizes=\"auto, (max-width: 5040px) 100vw, 5040px\" \/><\/a><\/p>\n<p>&nbsp;<\/p>\n<hr \/>\n<h3><strong>NUESTRA GRATITUD<\/strong><\/h3>\n<p><span style=\"color: #000000;\">Agradecemos a nuestros fundadores, a la Junta Directiva, proveedores y personal por ser parte de la visi\u00f3n y el legado de Amida Care. Ninguno de nuestros \u00e9xitos podr\u00eda haberse logrado sin su arduo trabajo y compromiso. Tambi\u00e9n nos gustar\u00eda agradecer a nuestros socios, que siempre han inspirado nuestro trabajo. Finalmente, agradecemos a los l\u00edderes del Instituto del SIDA del Estado de New York, Medicaid y la Oficina de Programas de Seguro M\u00e9dico por la visi\u00f3n y el compromiso que crearon el modelo de atenci\u00f3n experimentado por el VIH de SNP, y esperamos continuar sirviendo a las comunidades afectadas por el VIH.<\/span><\/p>\n<p><a href=\"https:\/\/www.amidacareny.org\/wp-content\/uploads\/sites\/2\/20th-Anniversary-SPA-03.png\"><img loading=\"lazy\" decoding=\"async\" class=\"aligncenter wp-image-5546 size-full\" src=\"https:\/\/www.amidacareny.org\/wp-content\/uploads\/sites\/2\/20th-Anniversary-SPA-03.png\" alt=\"\" width=\"5012\" height=\"900\" srcset=\"https:\/\/www.amidacareny.org\/wp-content\/uploads\/sites\/2\/\/20th-Anniversary-SPA-03.png 5012w, https:\/\/www.amidacareny.org\/wp-content\/uploads\/sites\/2\/\/20th-Anniversary-SPA-03-300x54.png 300w, https:\/\/www.amidacareny.org\/wp-content\/uploads\/sites\/2\/\/20th-Anniversary-SPA-03-1024x184.png 1024w, https:\/\/www.amidacareny.org\/wp-content\/uploads\/sites\/2\/\/20th-Anniversary-SPA-03-768x138.png 768w, https:\/\/www.amidacareny.org\/wp-content\/uploads\/sites\/2\/\/20th-Anniversary-SPA-03-1536x276.png 1536w, https:\/\/www.amidacareny.org\/wp-content\/uploads\/sites\/2\/\/20th-Anniversary-SPA-03-2048x368.png 2048w, https:\/\/www.amidacareny.org\/wp-content\/uploads\/sites\/2\/\/20th-Anniversary-SPA-03-100x18.png 100w\" sizes=\"auto, (max-width: 5012px) 100vw, 5012px\" \/><\/a><\/p>\n<hr \/>\n<h3><strong>MEDIOS<\/strong><\/h3>\n<p><span style=\"color: #000000;\">Los socios, el personal y los miembros de la Junta Directiva de Amida Care est\u00e1n disponibles para hablar en entrevistas con los medios sobre nuestro trabajo visionario para brindar cobertura de salud de la m\u00e1s alta calidad a las personas afectadas por el VIH. Para solicitar una entrevista, env\u00eda un correo electr\u00f3nico a scroce@amidacareny.org.<\/span><\/p>\n<p><strong>Leer m\u00e1s:<\/strong><\/p>\n<p><a href=\"https:\/\/www.amidacareny.org\/wp-content\/uploads\/Amida-Care-20th-anniversary-press-release_8-7-2023.docx.pdf\">Comunicado de prensa<\/a>: Amida Care celebra 20 a\u00f1os mejorando los resultados de salud de los neoyorquinos afectados por el VIH<\/p>\n<p><a href=\"https:\/\/finance.yahoo.com\/news\/amida-care-celebrates-20-years-122000033.html\">Yahoo!<\/a><br \/>\n<a href=\"https:\/\/fox5sandiego.com\/business\/press-releases\/cision\/20230808NY74824\/amida-care-celebrates-20-years-of-improving-health-outcomes-for-new-yorkers-impacted-by-hiv\/\">FOX\/5<\/a><br \/>\n<a href=\"https:\/\/www.positivelypositive.ca\/hiv-aids-news-12\/Amida_Care_Celebrates_20_Years_of_Improving_Health_Outcomes_for_New_Yorkers_Impacted_by_HIV.html\">Positively Positive<\/a><br \/>\n<a href=\"https:\/\/www.theglobeandmail.com\/investing\/markets\/markets-news\/PR%20Newswire\/19179872\/amida-care-celebrates-20-years-of-improving-health-outcomes-for-new-yorkers-impacted-by-hiv\/\">Globe and Mail<\/a><br \/>\n<a href=\"https:\/\/www.benzinga.com\/pressreleases\/23\/08\/n33626225\/amida-care-celebrates-20-years-of-improving-health-outcomes-for-new-yorkers-impacted-by-hiv\">Benzinga<\/a><br \/>\n<a href=\"https:\/\/www.poz.com\/article\/amida-care-celebrates-20-years-serving-new-yorkers-affected-hiv\">POZ<\/a><br \/>\n<a href=\"https:\/\/www.marketwatch.com\/press-release\/amida-care-celebrates-20-years-of-improving-health-outcomes-for-new-yorkers-impacted-by-hiv-c43ed45a?mod=search_headline\">MarketWatch<\/a><br \/>\n<a href=\"https:\/\/pix11.com\/business\/press-releases\/cision\/20230808NY74824\/amida-care-celebrates-20-years-of-improving-health-outcomes-for-new-yorkers-impacted-by-hiv\/\">PIX\/11<\/a><br \/>\n<a href=\"https:\/\/www.myprideonline.com\/prnewswire-pe.html?rkey=20230808NY74824&amp;filter=12686\">Pride &amp; Equality Magazine<\/a><br \/>\n<a href=\"https:\/\/healthcaretoday.news\/pr-newswire\/?rkey=20230808NY74824&amp;filter=24911\">Healthcare Today<\/a><br \/>\n<a href=\"https:\/\/www.wfla.com\/business\/press-releases\/cision\/20230808NY74824\/amida-care-celebrates-20-years-of-improving-health-outcomes-for-new-yorkers-impacted-by-hiv\/\">NBC\/8<\/a><\/p>\n","protected":false},"excerpt":{"rendered":"<p>Amida Care celebra 20 a\u00f1os de excelencia en salud, defensa y atenci\u00f3n &nbsp; NUESTRA HISTORIA \u00a1Celebraremos el 20mo aniversario de Amida Care! Hace dos d\u00e9cadas,&#8230;<\/p>\n","protected":false},"author":13,"featured_media":0,"parent":540,"menu_order":0,"comment_status":"closed","ping_status":"closed","template":"","meta":{"_acf_changed":false,"footnotes":""},"class_list":["post-5532","page","type-page","status-publish","hentry"],"acf":[],"yoast_head":"<!-- This site is optimized with the Yoast SEO plugin v27.3 - https:\/\/yoast.com\/product\/yoast-seo-wordpress\/ -->\n<title>20 a\u00f1os de servicio - Amida Care: Espanol<\/title>\n<meta name=\"description\" content=\"Amida Care celebra 20 a\u00f1os de excelenciaen salud, defensa y atenci\u00f3n. Hemos logrado mucho desde 2003. Conoce nuestra historia...\" class=\"yoast-seo-meta-tag\" \/>\n<meta name=\"robots\" content=\"index, follow, max-snippet:-1, max-image-preview:large, max-video-preview:-1\" \/>\n<link rel=\"canonical\" href=\"https:\/\/www.amidacareny.org\/es\/sobre-nosotros\/20-anos-de-servicio\/\" class=\"yoast-seo-meta-tag\" \/>\n<meta property=\"og:locale\" content=\"es_ES\" class=\"yoast-seo-meta-tag\" \/>\n<meta property=\"og:type\" content=\"article\" class=\"yoast-seo-meta-tag\" \/>\n<meta property=\"og:title\" content=\"20 a\u00f1os de servicio - Amida Care: Espanol\" class=\"yoast-seo-meta-tag\" \/>\n<meta property=\"og:description\" content=\"Amida Care celebra 20 a\u00f1os de excelenciaen salud, defensa y atenci\u00f3n. Hemos logrado mucho desde 2003. Conoce nuestra historia...\" class=\"yoast-seo-meta-tag\" \/>\n<meta property=\"og:url\" content=\"https:\/\/www.amidacareny.org\/es\/sobre-nosotros\/20-anos-de-servicio\/\" class=\"yoast-seo-meta-tag\" \/>\n<meta property=\"og:site_name\" content=\"Amida Care: Espanol\" class=\"yoast-seo-meta-tag\" \/>\n<meta property=\"article:modified_time\" content=\"2024-01-02T13:25:51+00:00\" class=\"yoast-seo-meta-tag\" \/>\n<meta property=\"og:image\" content=\"https:\/\/www.amidacareny.org\/wp-content\/uploads\/sites\/2\/20th-Anniversary-SPA-01.png\" class=\"yoast-seo-meta-tag\" \/>\n<meta name=\"twitter:card\" content=\"summary_large_image\" class=\"yoast-seo-meta-tag\" \/>\n<meta name=\"twitter:label1\" content=\"Tiempo de lectura\" class=\"yoast-seo-meta-tag\" \/>\n\t<meta name=\"twitter:data1\" content=\"4 minutos\" class=\"yoast-seo-meta-tag\" \/>\n<script type=\"application\/ld+json\" class=\"yoast-schema-graph\">{\"@context\":\"https:\\\/\\\/schema.org\",\"@graph\":[{\"@type\":\"WebPage\",\"@id\":\"https:\\\/\\\/www.amidacareny.org\\\/es\\\/sobre-nosotros\\\/20-anos-de-servicio\\\/\",\"url\":\"https:\\\/\\\/www.amidacareny.org\\\/es\\\/sobre-nosotros\\\/20-anos-de-servicio\\\/\",\"name\":\"20 a\u00f1os de servicio - Amida Care: Espanol\",\"isPartOf\":{\"@id\":\"https:\\\/\\\/www.amidacareny.org\\\/es\\\/#website\"},\"primaryImageOfPage\":{\"@id\":\"https:\\\/\\\/www.amidacareny.org\\\/es\\\/sobre-nosotros\\\/20-anos-de-servicio\\\/#primaryimage\"},\"image\":{\"@id\":\"https:\\\/\\\/www.amidacareny.org\\\/es\\\/sobre-nosotros\\\/20-anos-de-servicio\\\/#primaryimage\"},\"thumbnailUrl\":\"https:\\\/\\\/www.amidacareny.org\\\/wp-content\\\/uploads\\\/sites\\\/2\\\/20th-Anniversary-SPA-01.png\",\"datePublished\":\"2023-08-21T15:51:34+00:00\",\"dateModified\":\"2024-01-02T13:25:51+00:00\",\"description\":\"Amida Care celebra 20 a\u00f1os de excelenciaen salud, defensa y atenci\u00f3n. Hemos logrado mucho desde 2003. Conoce nuestra historia...\",\"breadcrumb\":{\"@id\":\"https:\\\/\\\/www.amidacareny.org\\\/es\\\/sobre-nosotros\\\/20-anos-de-servicio\\\/#breadcrumb\"},\"inLanguage\":\"es\",\"potentialAction\":[{\"@type\":\"ReadAction\",\"target\":[\"https:\\\/\\\/www.amidacareny.org\\\/es\\\/sobre-nosotros\\\/20-anos-de-servicio\\\/\"]}]},{\"@type\":\"ImageObject\",\"inLanguage\":\"es\",\"@id\":\"https:\\\/\\\/www.amidacareny.org\\\/es\\\/sobre-nosotros\\\/20-anos-de-servicio\\\/#primaryimage\",\"url\":\"https:\\\/\\\/www.amidacareny.org\\\/wp-content\\\/uploads\\\/sites\\\/2\\\/20th-Anniversary-SPA-01.png\",\"contentUrl\":\"https:\\\/\\\/www.amidacareny.org\\\/wp-content\\\/uploads\\\/sites\\\/2\\\/20th-Anniversary-SPA-01.png\"},{\"@type\":\"BreadcrumbList\",\"@id\":\"https:\\\/\\\/www.amidacareny.org\\\/es\\\/sobre-nosotros\\\/20-anos-de-servicio\\\/#breadcrumb\",\"itemListElement\":[{\"@type\":\"ListItem\",\"position\":1,\"name\":\"Portada\",\"item\":\"https:\\\/\\\/www.amidacareny.org\\\/es\\\/\"},{\"@type\":\"ListItem\",\"position\":2,\"name\":\"Sobre Nosotros\",\"item\":\"https:\\\/\\\/www.amidacareny.org\\\/es\\\/sobre-nosotros\\\/\"},{\"@type\":\"ListItem\",\"position\":3,\"name\":\"20 a\u00f1os de servicio\"}]},{\"@type\":\"WebSite\",\"@id\":\"https:\\\/\\\/www.amidacareny.org\\\/es\\\/#website\",\"url\":\"https:\\\/\\\/www.amidacareny.org\\\/es\\\/\",\"name\":\"Amida Care: Espanol\",\"description\":\"Proveedor de planes de salud sin fines de lucro en NYC.\",\"potentialAction\":[{\"@type\":\"SearchAction\",\"target\":{\"@type\":\"EntryPoint\",\"urlTemplate\":\"https:\\\/\\\/www.amidacareny.org\\\/es\\\/?s={search_term_string}\"},\"query-input\":{\"@type\":\"PropertyValueSpecification\",\"valueRequired\":true,\"valueName\":\"search_term_string\"}}],\"inLanguage\":\"es\"}]}<\/script>\n<!-- \/ Yoast SEO plugin. -->","yoast_head_json":{"title":"20 a\u00f1os de servicio - Amida Care: Espanol","description":"Amida Care celebra 20 a\u00f1os de excelenciaen salud, defensa y atenci\u00f3n. Hemos logrado mucho desde 2003. Conoce nuestra historia...","robots":{"index":"index","follow":"follow","max-snippet":"max-snippet:-1","max-image-preview":"max-image-preview:large","max-video-preview":"max-video-preview:-1"},"canonical":"https:\/\/www.amidacareny.org\/es\/sobre-nosotros\/20-anos-de-servicio\/","og_locale":"es_ES","og_type":"article","og_title":"20 a\u00f1os de servicio - Amida Care: Espanol","og_description":"Amida Care celebra 20 a\u00f1os de excelenciaen salud, defensa y atenci\u00f3n. Hemos logrado mucho desde 2003. Conoce nuestra historia...","og_url":"https:\/\/www.amidacareny.org\/es\/sobre-nosotros\/20-anos-de-servicio\/","og_site_name":"Amida Care: Espanol","article_modified_time":"2024-01-02T13:25:51+00:00","og_image":[{"url":"https:\/\/www.amidacareny.org\/wp-content\/uploads\/sites\/2\/20th-Anniversary-SPA-01.png","type":"","width":"","height":""}],"twitter_card":"summary_large_image","twitter_misc":{"Tiempo de lectura":"4 minutos"},"schema":{"@context":"https:\/\/schema.org","@graph":[{"@type":"WebPage","@id":"https:\/\/www.amidacareny.org\/es\/sobre-nosotros\/20-anos-de-servicio\/","url":"https:\/\/www.amidacareny.org\/es\/sobre-nosotros\/20-anos-de-servicio\/","name":"20 a\u00f1os de servicio - Amida Care: Espanol","isPartOf":{"@id":"https:\/\/www.amidacareny.org\/es\/#website"},"primaryImageOfPage":{"@id":"https:\/\/www.amidacareny.org\/es\/sobre-nosotros\/20-anos-de-servicio\/#primaryimage"},"image":{"@id":"https:\/\/www.amidacareny.org\/es\/sobre-nosotros\/20-anos-de-servicio\/#primaryimage"},"thumbnailUrl":"https:\/\/www.amidacareny.org\/wp-content\/uploads\/sites\/2\/20th-Anniversary-SPA-01.png","datePublished":"2023-08-21T15:51:34+00:00","dateModified":"2024-01-02T13:25:51+00:00","description":"Amida Care celebra 20 a\u00f1os de excelenciaen salud, defensa y atenci\u00f3n. Hemos logrado mucho desde 2003. Conoce nuestra historia...","breadcrumb":{"@id":"https:\/\/www.amidacareny.org\/es\/sobre-nosotros\/20-anos-de-servicio\/#breadcrumb"},"inLanguage":"es","potentialAction":[{"@type":"ReadAction","target":["https:\/\/www.amidacareny.org\/es\/sobre-nosotros\/20-anos-de-servicio\/"]}]},{"@type":"ImageObject","inLanguage":"es","@id":"https:\/\/www.amidacareny.org\/es\/sobre-nosotros\/20-anos-de-servicio\/#primaryimage","url":"https:\/\/www.amidacareny.org\/wp-content\/uploads\/sites\/2\/20th-Anniversary-SPA-01.png","contentUrl":"https:\/\/www.amidacareny.org\/wp-content\/uploads\/sites\/2\/20th-Anniversary-SPA-01.png"},{"@type":"BreadcrumbList","@id":"https:\/\/www.amidacareny.org\/es\/sobre-nosotros\/20-anos-de-servicio\/#breadcrumb","itemListElement":[{"@type":"ListItem","position":1,"name":"Portada","item":"https:\/\/www.amidacareny.org\/es\/"},{"@type":"ListItem","position":2,"name":"Sobre Nosotros","item":"https:\/\/www.amidacareny.org\/es\/sobre-nosotros\/"},{"@type":"ListItem","position":3,"name":"20 a\u00f1os de servicio"}]},{"@type":"WebSite","@id":"https:\/\/www.amidacareny.org\/es\/#website","url":"https:\/\/www.amidacareny.org\/es\/","name":"Amida Care: Espanol","description":"Proveedor de planes de salud sin fines de lucro en NYC.","potentialAction":[{"@type":"SearchAction","target":{"@type":"EntryPoint","urlTemplate":"https:\/\/www.amidacareny.org\/es\/?s={search_term_string}"},"query-input":{"@type":"PropertyValueSpecification","valueRequired":true,"valueName":"search_term_string"}}],"inLanguage":"es"}]}},"_links":{"self":[{"href":"https:\/\/www.amidacareny.org\/es\/wp-json\/wp\/v2\/pages\/5532","targetHints":{"allow":["GET"]}}],"collection":[{"href":"https:\/\/www.amidacareny.org\/es\/wp-json\/wp\/v2\/pages"}],"about":[{"href":"https:\/\/www.amidacareny.org\/es\/wp-json\/wp\/v2\/types\/page"}],"author":[{"embeddable":true,"href":"https:\/\/www.amidacareny.org\/es\/wp-json\/wp\/v2\/users\/13"}],"replies":[{"embeddable":true,"href":"https:\/\/www.amidacareny.org\/es\/wp-json\/wp\/v2\/comments?post=5532"}],"version-history":[{"count":0,"href":"https:\/\/www.amidacareny.org\/es\/wp-json\/wp\/v2\/pages\/5532\/revisions"}],"up":[{"embeddable":true,"href":"https:\/\/www.amidacareny.org\/es\/wp-json\/wp\/v2\/pages\/540"}],"wp:attachment":[{"href":"https:\/\/www.amidacareny.org\/es\/wp-json\/wp\/v2\/media?parent=5532"}],"curies":[{"name":"wp","href":"https:\/\/api.w.org\/{rel}","templated":true}]}}