{"id":554,"date":"2016-03-09T22:50:26","date_gmt":"2016-03-10T03:50:26","guid":{"rendered":"https:\/\/www.amidacareny.org\/es\/our-plans\/our-medicaid-live-life-plus-plan\/"},"modified":"2025-12-12T09:08:13","modified_gmt":"2025-12-12T14:08:13","slug":"nuestro-plan-medicaid-live-life-plus","status":"publish","type":"page","link":"https:\/\/www.amidacareny.org\/es\/nuestro-plan-medicaid-live-life-plus\/","title":{"rendered":"Nuestro Plan Medicaid \u00abLive Life Plus\u00bb"},"content":{"rendered":"<h2>Plan de Salud Medicaid Live Life Plus:<\/h2>\n<p><strong>Atenci\u00f3n de expertos en VIH y cuidados de afirmaci\u00f3n de g\u00e9nero<\/strong><\/p>\n<p>Con m\u00e1s de 9,500 miembros, Amida Care es el plan de Necesidades Especiales de Medicaid m\u00e1s grande en la ciudad de Nueva York, y a\u00fan as\u00ed, es lo suficientemente peque\u00f1o para brindarte atenci\u00f3n individual. Nos especializamos en brindar atenci\u00f3n integral, de expertos en VIH, y cuidados de afirmaci\u00f3n de g\u00e9nero.<\/p>\n<p>Como nos gusta decir, amamos lo que eres y tratamos de demostr\u00e1rtelo en cada interacci\u00f3n.<\/p>\n<div id=\"accordion-beneficios\" class=\"accordion green \"><a class=\"accordion-label\" href=\"#beneficios\"><i class='fa fa-'><\/i> Beneficios<\/a><div class=\"accordion-content\"><\/p>\n<p>Como <a href=\"\/es\/para-miembros\/\">miembro<\/a> de Amida Care, tus beneficios y servicios incluyen:<\/p>\n<p><strong>M\u00e9dicos y hospitales<\/strong><\/p>\n<ul>\n<li>Una gran red de proveedores<\/li>\n<li>Servicios de cuidados hospitalarios y sala de emergencias<\/li>\n<li>Cuidados preventivos que incluyen visitas al m\u00e9dico, chequeos anuales, y derivaciones para visitas a los especialistas<\/li>\n<\/ul>\n<p><strong>Testeos y an\u00e1lisis de laboratorio<\/strong><\/p>\n<ul>\n<li>Testeos de laboratorio, y rayos x<\/li>\n<li>Testeos para ETS tales como VIH, herpes, hepatitis, etc.<\/li>\n<\/ul>\n<p><strong>Servicio de farmacias<\/strong><\/p>\n<ul>\n<li>obertura de medicamentos recetados (pueden aplican copagos)<\/li>\n<li>Algunas medicaciones de venta libre (pueden aplican copagos)<\/li>\n<\/ul>\n<p><strong>Servicios dentales y de visi\u00f3n<\/strong><\/p>\n<ul>\n<li>Ex\u00e1menes oculares y lentes<\/li>\n<li>Chequeos dentales preventivos, limpieza, rayos x, y arreglos<\/li>\n<\/ul>\n<p><strong>Cuidado personalizado<\/strong><\/p>\n<ul>\n<li>Equipo de apoyo personal integral asignado a cada miembro\n<ul>\n<li>Coordinador de cuidados para ayudarle en sus citas, coordinar con los m\u00e9dicos, etc.<\/li>\n<li>Coordinador de casos para ayudarlo a conectar con los recursos comunitarios, tales como:\n<ul>\n<li>servicios de tratamiento de salud mental y abuso de sustancias<\/li>\n<li>servicios de vivienda y servicios legales<\/li>\n<li>asistencia de transporte<\/li>\n<li>educaci\u00f3n en la salud<\/li>\n<li>servicios sobre violencia dom\u00e9stica<\/li>\n<li>servicios para personas sin hogar<\/li>\n<\/ul>\n<\/li>\n<li>Navegador de salud para ayudarlo a elegir un m\u00e9dico que se ajuste a sus necesidades y conectarlo con las agencias comunitarias<\/li>\n<\/ul>\n<\/li>\n<li>Eventos mensuales para miembros, que incluyen cocina saludable, arte terap\u00e9utico, meditaci\u00f3n, danzas latinas y africanas, y m\u00e1s&#8230;<\/li>\n<li>D\u00f3lares de recompensas saludables por visitas de cuidado preventivo, chequeo, vacunaciones, etc.<\/li>\n<li>Programa gratuito de entrenamiento para los trabajadores (Red de Iniciativa de Fuerzas Trabajadoras)<\/li>\n<\/ul>\n<p><strong>Cuidados relacionados con el VIH<\/strong><\/p>\n<ul>\n<li>Modelo \u00fanico de atenci\u00f3n individual<\/li>\n<li>Enfoque en lograr el estado indetectable (de carga viral) para que el virus del VIH no sea transmitido a otras personas<\/li>\n<\/ul>\n<p><strong>Terapia<\/strong><\/p>\n<ul>\n<li>Fisioterapia<\/li>\n<li>Terapia del habla<\/li>\n<li>Terapia ocupacional<\/li>\n<\/ul>\n<p><strong>Equipamiento<\/strong><\/p>\n<ul>\n<li>Equipo m\u00e9dico duradero (como por ejemplo: silla de ruedas, ox\u00edgeno, nebulizador, etc.)<\/li>\n<\/ul>\n<p><strong>Identidad de g\u00e9nero<\/strong><\/p>\n<ul>\n<li>Cuidados primarios de la afirmaci\u00f3n del g\u00e9nero<\/li>\n<li>Cirug\u00edas de afirmaci\u00f3n de g\u00e9nero<\/li>\n<li>Terapia hormonal<\/li>\n<\/ul>\n<p><strong>Servicios especializados de salud mental y uso de sustancias <\/strong><\/p>\n<ul>\n<li>Tratamientos para pacientes internados y ambulatorios<\/li>\n<li>Terapia individual y de grupo<\/li>\n<li>Intervenci\u00f3n en situaciones de crisis<\/li>\n<\/ul>\n<p><strong>Servicios de atenci\u00f3n en el hogar y cuidados de d\u00eda<\/strong><\/p>\n<ul>\n<li>Cuidado personal\/ asistente en el hogar<\/li>\n<li>Servicios de atenci\u00f3n en el hogar<\/li>\n<li>Env\u00edo de comidas<\/li>\n<li>Servicios de atenci\u00f3n diurna de adultos que padecen SIDA<\/li>\n<li>Cuidados paliativos<\/li>\n<\/ul>\n<p><strong>Programa de apoyo a los miembros y mejoras del plan<\/strong><\/p>\n<ul>\n<li>Promotor de las iniciativas de salud y justicia social<\/li>\n<li>Consejo Consultivo de Miembros para ayudarnos a mejorar<\/li>\n<li>Reuniones abiertas en el ayuntamiento<\/li>\n<li>Dos miembros en nuestro Directorio<\/li>\n<\/ul>\n<p>Pulse aqu\u00ed para obtener m\u00e1s informaci\u00f3n sobre los beneficios que brinda nuestro plan: <a href=\"https:\/\/www.amidacareny.org\/wp-content\/uploads\/sites\/2\/AC-BKLT-BENEFITGUIDE_09092025-spa-US-1.pdf\" target=\"_blank\" rel=\"noopener\"><strong>Gu\u00eda de beneficios<\/strong><\/a><\/p>\n<p><\/div><\/div>\n<h3><strong><span style=\"color: #8ec24b;\">Asociarse<\/span><\/strong><\/h3>\n<div id=\"accordion-descubre-si-eres-elegible-para-unirte-al-plan\" class=\"accordion green \"><a class=\"accordion-label\" href=\"#descubre-si-eres-elegible-para-unirte-al-plan\"><i class='fa fa-'><\/i> Descubre si eres elegible para unirte al plan<\/a><div class=\"accordion-content\"><\/p>\n<p>Eres elegible para <a href=\"https:\/\/www.amidacareny.org\/es\/nuestro-plan-medicaid-live-life-plus\/inscribete-a-nuestro-plan\/\" target=\"_blank\" rel=\"noopener\">unirte al plan Live Life Plus de Amida Care si<\/a>:<\/p>\n<ul>\n<li>calificas para los cuidados administrados de Medicaid, Y<\/li>\n<li>vives en la ciudad de Nueva York Y<\/li>\n<li>cumples con alguna de las siguientes condiciones:\n<ul>\n<li>tienes VIH\/SIDA<\/li>\n<li>eres transg\u00e9nero (VIH positivo o negativo)<\/li>\n<li>eres una persona sin hogar (VIH positivo o negativo)<\/li>\n<li>eres hijo\/a (VIH positivo o negativo) de un miembro activo de Amida Care*<\/li>\n<\/ul>\n<\/li>\n<\/ul>\n<p>*Los reci\u00e9n nacidos de los miembros de Amida Care ser\u00e1n inscriptos al plan, sin embargo, los padres podr\u00e1n elegir quitarlos del plan en cualquier momento.<\/p>\n<p>Si eres miembro de Medicaid y vives en la ciudad de Nueva York, es obligatorio para las personas con VIH\/SIDA elegir un plan de necesidades especiales o un plan regular de cuidados administrados de Medicaid.<\/p>\n<p><\/div><\/div>\n<p>Si eres elegible para unirte al plan, podemos ayudarte a inscribirte.<br \/>\nExisten varias maneras de inscribirse:<\/p>\n<p><strong>Cont\u00e1ctanos<\/strong><\/p>\n<ul>\n<li><a href=\"tel:1-800-556-0689\"><strong>1-800-556-0689 (TTY 711)<\/strong><\/a> O<\/li>\n<li><a href=\"https:\/\/www.amidacareny.org\/es\/nuestro-plan-medicaid-live-life-plus\/inscribete-a-nuestro-plan\/\" target=\"_blank\" rel=\"noopener\">Completa un formulario y nos pondremos en contacto contigo<\/a><\/li>\n<\/ul>\n<div id=\"accordion-otras-formas-de-unirse\" class=\"accordion green \"><a class=\"accordion-label\" href=\"#otras-formas-de-unirse\"><i class='fa fa-'><\/i> Otras formas de unirse<\/a><div class=\"accordion-content\"><\/p>\n<p><strong>Tienda virtual<\/strong><\/p>\n<ul>\n<li>Inscr\u00edbete en el Plan de Necesidades Especiales de Amida Care en el NY State of Health, el sitio web de la tienda en l\u00ednea oficial para planes de salud: <a href=\"https:\/\/nystateofhealth.ny.gov\" target=\"_blank\" rel=\"noopener\">https:\/\/nystateofhealth.ny.gov<\/a><\/li>\n<\/ul>\n<p><strong>Medicaid<\/strong><\/p>\n<ul>\n<li>Llama a New York Medicaid Choice al 1-800-505-5678 y solicita cambiar al plan de Necesidades Especiales de Amida Care.<\/li>\n<\/ul>\n<p><strong>New York State of Health<\/strong><\/p>\n<ul>\n<li>Si te uniste a Medicaid a trav\u00e9s de NY State of Health (NYSoH), llama al NYSoH al 1-855-355-5777 y solicita cambiar al plan de Necesidades Especiales de Amida Care.<\/li>\n<\/ul>\n<p><\/div><\/div>\n","protected":false},"excerpt":{"rendered":"<p>Plan de Salud Medicaid Live Life Plus: Atenci\u00f3n de expertos en VIH y cuidados de afirmaci\u00f3n de g\u00e9nero Con m\u00e1s de 9,500 miembros, Amida Care&#8230;<\/p>\n","protected":false},"author":1,"featured_media":0,"parent":0,"menu_order":1,"comment_status":"closed","ping_status":"closed","template":"","meta":{"_acf_changed":false,"footnotes":""},"class_list":["post-554","page","type-page","status-publish","hentry"],"acf":[],"yoast_head":"<!-- This site is optimized with the Yoast SEO plugin v27.3 - https:\/\/yoast.com\/product\/yoast-seo-wordpress\/ -->\n<title>Nuestro Plan Medicaid &quot;Live Life Plus&quot; | Amida Care: Espa\u00f1ol<\/title>\n<meta name=\"description\" content=\"Plan de Salud para Necesidades Especiales y Cuidado Administrado para socios del Medicaid (Special Needs Plan, SNP, en ingl\u00e9s), Live Life Plus, est\u00e1 especialmente dise\u00f1ado para brindar cobertura y servicios de salud completos a las personas que viven con\" class=\"yoast-seo-meta-tag\" \/>\n<meta name=\"robots\" content=\"index, follow, max-snippet:-1, max-image-preview:large, max-video-preview:-1\" \/>\n<link rel=\"canonical\" href=\"https:\/\/www.amidacareny.org\/es\/nuestro-plan-medicaid-live-life-plus\/\" class=\"yoast-seo-meta-tag\" \/>\n<meta property=\"og:locale\" content=\"es_ES\" class=\"yoast-seo-meta-tag\" \/>\n<meta property=\"og:type\" content=\"article\" class=\"yoast-seo-meta-tag\" \/>\n<meta property=\"og:title\" content=\"Nuestro Plan Medicaid &quot;Live Life Plus&quot; | Amida Care: Espa\u00f1ol\" class=\"yoast-seo-meta-tag\" \/>\n<meta property=\"og:description\" content=\"Plan de Salud para Necesidades Especiales y Cuidado Administrado para socios del Medicaid (Special Needs Plan, SNP, en ingl\u00e9s), Live Life Plus, est\u00e1 especialmente dise\u00f1ado para brindar cobertura y servicios de salud completos a las personas que viven con\" class=\"yoast-seo-meta-tag\" \/>\n<meta property=\"og:url\" content=\"https:\/\/www.amidacareny.org\/es\/nuestro-plan-medicaid-live-life-plus\/\" class=\"yoast-seo-meta-tag\" \/>\n<meta property=\"og:site_name\" content=\"Amida Care: Espanol\" class=\"yoast-seo-meta-tag\" \/>\n<meta property=\"article:modified_time\" content=\"2025-12-12T14:08:13+00:00\" class=\"yoast-seo-meta-tag\" \/>\n<meta name=\"twitter:card\" content=\"summary_large_image\" class=\"yoast-seo-meta-tag\" \/>\n<meta name=\"twitter:label1\" content=\"Tiempo de lectura\" class=\"yoast-seo-meta-tag\" \/>\n\t<meta name=\"twitter:data1\" content=\"4 minutos\" class=\"yoast-seo-meta-tag\" \/>\n<script type=\"application\/ld+json\" class=\"yoast-schema-graph\">{\"@context\":\"https:\\\/\\\/schema.org\",\"@graph\":[{\"@type\":\"WebPage\",\"@id\":\"https:\\\/\\\/www.amidacareny.org\\\/es\\\/nuestro-plan-medicaid-live-life-plus\\\/\",\"url\":\"https:\\\/\\\/www.amidacareny.org\\\/es\\\/nuestro-plan-medicaid-live-life-plus\\\/\",\"name\":\"Nuestro Plan Medicaid \\\"Live Life Plus\\\" | Amida Care: Espa\u00f1ol\",\"isPartOf\":{\"@id\":\"https:\\\/\\\/www.amidacareny.org\\\/es\\\/#website\"},\"datePublished\":\"2016-03-10T03:50:26+00:00\",\"dateModified\":\"2025-12-12T14:08:13+00:00\",\"description\":\"Plan de Salud para Necesidades Especiales y Cuidado Administrado para socios del Medicaid (Special Needs Plan, SNP, en ingl\u00e9s), Live Life Plus, est\u00e1 especialmente dise\u00f1ado para brindar cobertura y servicios de salud completos a las personas que viven con\",\"breadcrumb\":{\"@id\":\"https:\\\/\\\/www.amidacareny.org\\\/es\\\/nuestro-plan-medicaid-live-life-plus\\\/#breadcrumb\"},\"inLanguage\":\"es\",\"potentialAction\":[{\"@type\":\"ReadAction\",\"target\":[\"https:\\\/\\\/www.amidacareny.org\\\/es\\\/nuestro-plan-medicaid-live-life-plus\\\/\"]}]},{\"@type\":\"BreadcrumbList\",\"@id\":\"https:\\\/\\\/www.amidacareny.org\\\/es\\\/nuestro-plan-medicaid-live-life-plus\\\/#breadcrumb\",\"itemListElement\":[{\"@type\":\"ListItem\",\"position\":1,\"name\":\"Portada\",\"item\":\"https:\\\/\\\/www.amidacareny.org\\\/es\\\/\"},{\"@type\":\"ListItem\",\"position\":2,\"name\":\"Nuestro Plan Medicaid \u00abLive Life Plus\u00bb\"}]},{\"@type\":\"WebSite\",\"@id\":\"https:\\\/\\\/www.amidacareny.org\\\/es\\\/#website\",\"url\":\"https:\\\/\\\/www.amidacareny.org\\\/es\\\/\",\"name\":\"Amida Care: Espanol\",\"description\":\"Proveedor de planes de salud sin fines de lucro en NYC.\",\"potentialAction\":[{\"@type\":\"SearchAction\",\"target\":{\"@type\":\"EntryPoint\",\"urlTemplate\":\"https:\\\/\\\/www.amidacareny.org\\\/es\\\/?s={search_term_string}\"},\"query-input\":{\"@type\":\"PropertyValueSpecification\",\"valueRequired\":true,\"valueName\":\"search_term_string\"}}],\"inLanguage\":\"es\"}]}<\/script>\n<!-- \/ Yoast SEO plugin. -->","yoast_head_json":{"title":"Nuestro Plan Medicaid \"Live Life Plus\" | Amida Care: Espa\u00f1ol","description":"Plan de Salud para Necesidades Especiales y Cuidado Administrado para socios del Medicaid (Special Needs Plan, SNP, en ingl\u00e9s), Live Life Plus, est\u00e1 especialmente dise\u00f1ado para brindar cobertura y servicios de salud completos a las personas que viven con","robots":{"index":"index","follow":"follow","max-snippet":"max-snippet:-1","max-image-preview":"max-image-preview:large","max-video-preview":"max-video-preview:-1"},"canonical":"https:\/\/www.amidacareny.org\/es\/nuestro-plan-medicaid-live-life-plus\/","og_locale":"es_ES","og_type":"article","og_title":"Nuestro Plan Medicaid \"Live Life Plus\" | Amida Care: Espa\u00f1ol","og_description":"Plan de Salud para Necesidades Especiales y Cuidado Administrado para socios del Medicaid (Special Needs Plan, SNP, en ingl\u00e9s), Live Life Plus, est\u00e1 especialmente dise\u00f1ado para brindar cobertura y servicios de salud completos a las personas que viven con","og_url":"https:\/\/www.amidacareny.org\/es\/nuestro-plan-medicaid-live-life-plus\/","og_site_name":"Amida Care: Espanol","article_modified_time":"2025-12-12T14:08:13+00:00","twitter_card":"summary_large_image","twitter_misc":{"Tiempo de lectura":"4 minutos"},"schema":{"@context":"https:\/\/schema.org","@graph":[{"@type":"WebPage","@id":"https:\/\/www.amidacareny.org\/es\/nuestro-plan-medicaid-live-life-plus\/","url":"https:\/\/www.amidacareny.org\/es\/nuestro-plan-medicaid-live-life-plus\/","name":"Nuestro Plan Medicaid \"Live Life Plus\" | Amida Care: Espa\u00f1ol","isPartOf":{"@id":"https:\/\/www.amidacareny.org\/es\/#website"},"datePublished":"2016-03-10T03:50:26+00:00","dateModified":"2025-12-12T14:08:13+00:00","description":"Plan de Salud para Necesidades Especiales y Cuidado Administrado para socios del Medicaid (Special Needs Plan, SNP, en ingl\u00e9s), Live Life Plus, est\u00e1 especialmente dise\u00f1ado para brindar cobertura y servicios de salud completos a las personas que viven con","breadcrumb":{"@id":"https:\/\/www.amidacareny.org\/es\/nuestro-plan-medicaid-live-life-plus\/#breadcrumb"},"inLanguage":"es","potentialAction":[{"@type":"ReadAction","target":["https:\/\/www.amidacareny.org\/es\/nuestro-plan-medicaid-live-life-plus\/"]}]},{"@type":"BreadcrumbList","@id":"https:\/\/www.amidacareny.org\/es\/nuestro-plan-medicaid-live-life-plus\/#breadcrumb","itemListElement":[{"@type":"ListItem","position":1,"name":"Portada","item":"https:\/\/www.amidacareny.org\/es\/"},{"@type":"ListItem","position":2,"name":"Nuestro Plan Medicaid \u00abLive Life Plus\u00bb"}]},{"@type":"WebSite","@id":"https:\/\/www.amidacareny.org\/es\/#website","url":"https:\/\/www.amidacareny.org\/es\/","name":"Amida Care: Espanol","description":"Proveedor de planes de salud sin fines de lucro en NYC.","potentialAction":[{"@type":"SearchAction","target":{"@type":"EntryPoint","urlTemplate":"https:\/\/www.amidacareny.org\/es\/?s={search_term_string}"},"query-input":{"@type":"PropertyValueSpecification","valueRequired":true,"valueName":"search_term_string"}}],"inLanguage":"es"}]}},"_links":{"self":[{"href":"https:\/\/www.amidacareny.org\/es\/wp-json\/wp\/v2\/pages\/554","targetHints":{"allow":["GET"]}}],"collection":[{"href":"https:\/\/www.amidacareny.org\/es\/wp-json\/wp\/v2\/pages"}],"about":[{"href":"https:\/\/www.amidacareny.org\/es\/wp-json\/wp\/v2\/types\/page"}],"author":[{"embeddable":true,"href":"https:\/\/www.amidacareny.org\/es\/wp-json\/wp\/v2\/users\/1"}],"replies":[{"embeddable":true,"href":"https:\/\/www.amidacareny.org\/es\/wp-json\/wp\/v2\/comments?post=554"}],"version-history":[{"count":0,"href":"https:\/\/www.amidacareny.org\/es\/wp-json\/wp\/v2\/pages\/554\/revisions"}],"wp:attachment":[{"href":"https:\/\/www.amidacareny.org\/es\/wp-json\/wp\/v2\/media?parent=554"}],"curies":[{"name":"wp","href":"https:\/\/api.w.org\/{rel}","templated":true}]}}