{"id":562,"date":"2016-03-09T22:50:28","date_gmt":"2016-03-10T03:50:28","guid":{"rendered":"https:\/\/www.amidacareny.org\/es\/our-plans\/our-medicaid-live-life-plus-plan\/faqs\/"},"modified":"2025-03-27T11:03:29","modified_gmt":"2025-03-27T15:03:29","slug":"preguntas-frequentes","status":"publish","type":"page","link":"https:\/\/www.amidacareny.org\/es\/nuestro-plan-medicaid-live-life-plus\/preguntas-frequentes\/","title":{"rendered":"Preguntas Frequentes"},"content":{"rendered":"<h2><span style=\"color: #8ec24b;\">PREGUNTAS FREQUENTES<\/span><\/h2>\n<p>Las personas que est\u00e1n pensando inscribirse en el plan <em>Live Life Plus<\/em> de Amida Care, a menudo se hacen estas preguntas. Esperamos que estas respuestas te ayuden. Si tienes otras preguntas o inquietudes, llama a la L\u00ednea de Servicios para Socios al <a href=\"tel:18005560689\">1-800-556-0689 (TTY 711)<\/a>. Estamos aqu\u00ed para ayudarte.<\/p>\n<h3><strong><span style=\"color: #8ec24b;\">\u00bfPerder\u00e9 mi Medicaid si me uno a Amida Care?<\/span><\/strong><\/h3>\n<p>Todav\u00eda tendr\u00e1s Medicaid y todos los servicios que necesitas. Amida Care se convierte en tu compa\u00f1\u00eda de seguros bajo el programa de Cuidado Administrado de Medicaid (<em>Medicaid Managed Care<\/em>). Pagamos la mayor parte de tu atenci\u00f3n m\u00e9dica y de salud mental, incluyendo visitas m\u00e9dicas, atenci\u00f3n en el hospital y medicamentos. El Medicaid regular paga por otros servicios, tales como atenci\u00f3n dental y tratamiento ambulatorio de abuso de sustancias.<\/p>\n<h3><strong><span style=\"color: #8ec24b;\">\u00bfEntender\u00e1 mi m\u00e9dico de atenci\u00f3n primaria mis necesidades especiales?<\/span><\/strong><\/h3>\n<p>Amida Care cuenta con una amplia red de m\u00e9dicos de atenci\u00f3n primaria que son especialistas en VIH y entienden las necesidades espec\u00edficas de atenci\u00f3n de salud de las personas que viven con VIH.<\/p>\n<h3><strong><span style=\"color: #8ec24b;\">\u00bfPuedo continuar viendo al m\u00e9dico de atenci\u00f3n primaria que veo ahora?<\/span><\/strong><\/h3>\n<p>Puedes, si tu m\u00e9dico es un Proveedor de Atenci\u00f3n Primaria (PCP por sus siglas en ingl\u00e9s) participante con el plan Amida Care <em>Live Life Plus<\/em>. Es f\u00e1cil corroborar si tu m\u00e9dico es parte de la red de proveedores de Amida Care:<\/p>\n<ul>\n<li>Usa nuestro\u00a0<a href=\"\/es\/para-miembros\/encuentra-un-proveedor\/\">Buscador de Proveedores<\/a><\/li>\n<li>Llama al <a href=\"tel:18005560689\">1-800-556-0689 (TTY 711)<\/a> para hablar con un representante de Servicios para Socios<\/li>\n<\/ul>\n<h3><strong><span style=\"color: #8ec24b;\">\u00bfPuede Amida Care ayudarme con asuntos de vivienda?<\/span><\/strong><\/h3>\n<p>Amida Care es un plan de salud con servicios de coordinaci\u00f3n de cuidados especiales. Aunque no somos un programa de vivienda como HASA (Administraci\u00f3n de Servicios del VIH\/SIDA), podemos ayudar a nuestros socios refiri\u00e9ndolos a las organizaciones de vivienda y servicios de apoyo. Nuestro programa de Gesti\u00f3n, Alcance y Empoderamiento para Personas Sin Hogar (HOME por sus siglas en ingl\u00e9s), ayuda a nuestros socios que est\u00e1n sin hogar o que corren el riesgo de quedarse sin hogar, y los conecta a servicios vitales sociales y de salud.<\/p>\n<h3><strong><span style=\"color: #8ec24b;\">\u00bfTengo que hacer un copago cuando voy a los m\u00e9dicos?<\/span><\/strong><\/h3>\n<p>No tienes que hacer copagos. Como socio de Amida Care <em>Live Life Plus<\/em>, no efectuar\u00e1s ning\u00fan copago por los servicios cubiertos. Nosotros pagaremos a los m\u00e9dicos y hospitales directamente. Tu no les pagas nada.<\/p>\n<h3><strong><span style=\"color: #8ec24b;\">\u00bfQu\u00e9 si decido darme de baja del plan <em>Live Life Plus<\/em>?<\/span><\/strong><\/h3>\n<p>Hacemos todo lo posible por garantizar tu completa satisfacci\u00f3n en todo momento. Si el plan <em>Live Life Plus<\/em> no satisface tus necesidades, llama a nuestro Departamento de Servicios para Socios al <a href=\"tel:18005560689\">1-800-556-0689 (TTY 711)<\/a>\u00a0para que podamos trabajar contigo para resolver cualquier problema. Si a\u00fan as\u00ed deseas darte de baja del plan, puedes llamar a la l\u00ednea <em>New York Medicaid Choice <\/em>al 1-800-505-5678, para elegir un plan diferente. Es probable que la inscripci\u00f3n en Amida Care se cancele efectivo el primer d\u00eda del mes siguiente.<\/p>\n<h3><strong><span style=\"color: #8ec24b;\">\u00bfPuede mi c\u00f3nyuge o pareja inscribirse conmigo? \u00bfY qu\u00e9 de mis hijos?<\/span><\/strong><\/h3>\n<p>S\u00f3lo los adultos con VIH\/SIDA, o sin hogar independientemente de su estado de VIH\/SIDA, pueden inscribirse en el plan <em>Medicaid Live Life Plus<\/em> de Amida Care. Sin embargo, los socios que son padres o tutores tambi\u00e9n pueden inscribir a sus hijos, ya sea que los ni\u00f1os tengan VIH\/SIDA o no.<\/p>\n","protected":false},"excerpt":{"rendered":"<p>PREGUNTAS FREQUENTES Las personas que est\u00e1n pensando inscribirse en el plan Live Life Plus de Amida Care, a menudo se hacen estas preguntas. Esperamos que&#8230;<\/p>\n","protected":false},"author":1,"featured_media":0,"parent":554,"menu_order":6,"comment_status":"closed","ping_status":"closed","template":"","meta":{"_acf_changed":false,"footnotes":""},"class_list":["post-562","page","type-page","status-publish","hentry"],"acf":[],"yoast_head":"<!-- This site is optimized with the Yoast SEO plugin v27.3 - https:\/\/yoast.com\/product\/yoast-seo-wordpress\/ -->\n<title>Preguntas Frequentes| Amida Care: Espa\u00f1ol<\/title>\n<meta name=\"description\" content=\"Preguntas Frequentes. Las personas que est\u00e1n pensando inscribirse en el plan Live Life Plus de Amida Care, a menudo se hacen estas preguntas.\" class=\"yoast-seo-meta-tag\" \/>\n<meta name=\"robots\" content=\"index, follow, max-snippet:-1, max-image-preview:large, max-video-preview:-1\" \/>\n<link rel=\"canonical\" href=\"https:\/\/www.amidacareny.org\/es\/nuestro-plan-medicaid-live-life-plus\/preguntas-frequentes\/\" class=\"yoast-seo-meta-tag\" \/>\n<meta property=\"og:locale\" content=\"es_ES\" class=\"yoast-seo-meta-tag\" \/>\n<meta property=\"og:type\" content=\"article\" class=\"yoast-seo-meta-tag\" \/>\n<meta property=\"og:title\" content=\"Preguntas Frequentes| Amida Care: Espa\u00f1ol\" class=\"yoast-seo-meta-tag\" \/>\n<meta property=\"og:description\" content=\"Preguntas Frequentes. Las personas que est\u00e1n pensando inscribirse en el plan Live Life Plus de Amida Care, a menudo se hacen estas preguntas.\" class=\"yoast-seo-meta-tag\" \/>\n<meta property=\"og:url\" content=\"https:\/\/www.amidacareny.org\/es\/nuestro-plan-medicaid-live-life-plus\/preguntas-frequentes\/\" class=\"yoast-seo-meta-tag\" \/>\n<meta property=\"og:site_name\" content=\"Amida Care: Espanol\" class=\"yoast-seo-meta-tag\" \/>\n<meta property=\"article:modified_time\" content=\"2025-03-27T15:03:29+00:00\" class=\"yoast-seo-meta-tag\" \/>\n<meta name=\"twitter:card\" content=\"summary_large_image\" class=\"yoast-seo-meta-tag\" \/>\n<meta name=\"twitter:label1\" content=\"Tiempo de lectura\" class=\"yoast-seo-meta-tag\" \/>\n\t<meta name=\"twitter:data1\" content=\"3 minutos\" class=\"yoast-seo-meta-tag\" \/>\n<script type=\"application\/ld+json\" class=\"yoast-schema-graph\">{\"@context\":\"https:\\\/\\\/schema.org\",\"@graph\":[{\"@type\":\"WebPage\",\"@id\":\"https:\\\/\\\/www.amidacareny.org\\\/es\\\/nuestro-plan-medicaid-live-life-plus\\\/preguntas-frequentes\\\/\",\"url\":\"https:\\\/\\\/www.amidacareny.org\\\/es\\\/nuestro-plan-medicaid-live-life-plus\\\/preguntas-frequentes\\\/\",\"name\":\"Preguntas Frequentes| Amida Care: Espa\u00f1ol\",\"isPartOf\":{\"@id\":\"https:\\\/\\\/www.amidacareny.org\\\/es\\\/#website\"},\"datePublished\":\"2016-03-10T03:50:28+00:00\",\"dateModified\":\"2025-03-27T15:03:29+00:00\",\"description\":\"Preguntas Frequentes. Las personas que est\u00e1n pensando inscribirse en el plan Live Life Plus de Amida Care, a menudo se hacen estas preguntas.\",\"breadcrumb\":{\"@id\":\"https:\\\/\\\/www.amidacareny.org\\\/es\\\/nuestro-plan-medicaid-live-life-plus\\\/preguntas-frequentes\\\/#breadcrumb\"},\"inLanguage\":\"es\",\"potentialAction\":[{\"@type\":\"ReadAction\",\"target\":[\"https:\\\/\\\/www.amidacareny.org\\\/es\\\/nuestro-plan-medicaid-live-life-plus\\\/preguntas-frequentes\\\/\"]}]},{\"@type\":\"BreadcrumbList\",\"@id\":\"https:\\\/\\\/www.amidacareny.org\\\/es\\\/nuestro-plan-medicaid-live-life-plus\\\/preguntas-frequentes\\\/#breadcrumb\",\"itemListElement\":[{\"@type\":\"ListItem\",\"position\":1,\"name\":\"Portada\",\"item\":\"https:\\\/\\\/www.amidacareny.org\\\/es\\\/\"},{\"@type\":\"ListItem\",\"position\":2,\"name\":\"Nuestro Plan Medicaid \u00abLive Life Plus\u00bb\",\"item\":\"https:\\\/\\\/www.amidacareny.org\\\/es\\\/nuestro-plan-medicaid-live-life-plus\\\/\"},{\"@type\":\"ListItem\",\"position\":3,\"name\":\"Preguntas Frequentes\"}]},{\"@type\":\"WebSite\",\"@id\":\"https:\\\/\\\/www.amidacareny.org\\\/es\\\/#website\",\"url\":\"https:\\\/\\\/www.amidacareny.org\\\/es\\\/\",\"name\":\"Amida Care: Espanol\",\"description\":\"Proveedor de planes de salud sin fines de lucro en NYC.\",\"potentialAction\":[{\"@type\":\"SearchAction\",\"target\":{\"@type\":\"EntryPoint\",\"urlTemplate\":\"https:\\\/\\\/www.amidacareny.org\\\/es\\\/?s={search_term_string}\"},\"query-input\":{\"@type\":\"PropertyValueSpecification\",\"valueRequired\":true,\"valueName\":\"search_term_string\"}}],\"inLanguage\":\"es\"}]}<\/script>\n<!-- \/ Yoast SEO plugin. -->","yoast_head_json":{"title":"Preguntas Frequentes| Amida Care: Espa\u00f1ol","description":"Preguntas Frequentes. Las personas que est\u00e1n pensando inscribirse en el plan Live Life Plus de Amida Care, a menudo se hacen estas preguntas.","robots":{"index":"index","follow":"follow","max-snippet":"max-snippet:-1","max-image-preview":"max-image-preview:large","max-video-preview":"max-video-preview:-1"},"canonical":"https:\/\/www.amidacareny.org\/es\/nuestro-plan-medicaid-live-life-plus\/preguntas-frequentes\/","og_locale":"es_ES","og_type":"article","og_title":"Preguntas Frequentes| Amida Care: Espa\u00f1ol","og_description":"Preguntas Frequentes. Las personas que est\u00e1n pensando inscribirse en el plan Live Life Plus de Amida Care, a menudo se hacen estas preguntas.","og_url":"https:\/\/www.amidacareny.org\/es\/nuestro-plan-medicaid-live-life-plus\/preguntas-frequentes\/","og_site_name":"Amida Care: Espanol","article_modified_time":"2025-03-27T15:03:29+00:00","twitter_card":"summary_large_image","twitter_misc":{"Tiempo de lectura":"3 minutos"},"schema":{"@context":"https:\/\/schema.org","@graph":[{"@type":"WebPage","@id":"https:\/\/www.amidacareny.org\/es\/nuestro-plan-medicaid-live-life-plus\/preguntas-frequentes\/","url":"https:\/\/www.amidacareny.org\/es\/nuestro-plan-medicaid-live-life-plus\/preguntas-frequentes\/","name":"Preguntas Frequentes| Amida Care: Espa\u00f1ol","isPartOf":{"@id":"https:\/\/www.amidacareny.org\/es\/#website"},"datePublished":"2016-03-10T03:50:28+00:00","dateModified":"2025-03-27T15:03:29+00:00","description":"Preguntas Frequentes. Las personas que est\u00e1n pensando inscribirse en el plan Live Life Plus de Amida Care, a menudo se hacen estas preguntas.","breadcrumb":{"@id":"https:\/\/www.amidacareny.org\/es\/nuestro-plan-medicaid-live-life-plus\/preguntas-frequentes\/#breadcrumb"},"inLanguage":"es","potentialAction":[{"@type":"ReadAction","target":["https:\/\/www.amidacareny.org\/es\/nuestro-plan-medicaid-live-life-plus\/preguntas-frequentes\/"]}]},{"@type":"BreadcrumbList","@id":"https:\/\/www.amidacareny.org\/es\/nuestro-plan-medicaid-live-life-plus\/preguntas-frequentes\/#breadcrumb","itemListElement":[{"@type":"ListItem","position":1,"name":"Portada","item":"https:\/\/www.amidacareny.org\/es\/"},{"@type":"ListItem","position":2,"name":"Nuestro Plan Medicaid \u00abLive Life Plus\u00bb","item":"https:\/\/www.amidacareny.org\/es\/nuestro-plan-medicaid-live-life-plus\/"},{"@type":"ListItem","position":3,"name":"Preguntas Frequentes"}]},{"@type":"WebSite","@id":"https:\/\/www.amidacareny.org\/es\/#website","url":"https:\/\/www.amidacareny.org\/es\/","name":"Amida Care: Espanol","description":"Proveedor de planes de salud sin fines de lucro en NYC.","potentialAction":[{"@type":"SearchAction","target":{"@type":"EntryPoint","urlTemplate":"https:\/\/www.amidacareny.org\/es\/?s={search_term_string}"},"query-input":{"@type":"PropertyValueSpecification","valueRequired":true,"valueName":"search_term_string"}}],"inLanguage":"es"}]}},"_links":{"self":[{"href":"https:\/\/www.amidacareny.org\/es\/wp-json\/wp\/v2\/pages\/562","targetHints":{"allow":["GET"]}}],"collection":[{"href":"https:\/\/www.amidacareny.org\/es\/wp-json\/wp\/v2\/pages"}],"about":[{"href":"https:\/\/www.amidacareny.org\/es\/wp-json\/wp\/v2\/types\/page"}],"author":[{"embeddable":true,"href":"https:\/\/www.amidacareny.org\/es\/wp-json\/wp\/v2\/users\/1"}],"replies":[{"embeddable":true,"href":"https:\/\/www.amidacareny.org\/es\/wp-json\/wp\/v2\/comments?post=562"}],"version-history":[{"count":0,"href":"https:\/\/www.amidacareny.org\/es\/wp-json\/wp\/v2\/pages\/562\/revisions"}],"up":[{"embeddable":true,"href":"https:\/\/www.amidacareny.org\/es\/wp-json\/wp\/v2\/pages\/554"}],"wp:attachment":[{"href":"https:\/\/www.amidacareny.org\/es\/wp-json\/wp\/v2\/media?parent=562"}],"curies":[{"name":"wp","href":"https:\/\/api.w.org\/{rel}","templated":true}]}}