{"id":572,"date":"2016-03-09T22:50:30","date_gmt":"2016-03-09T22:50:30","guid":{"rendered":"https:\/\/www.amidacareny.org\/es\/our-plans\/our-medicaid-live-life-plus-plan\/prescription-drug-coverage\/"},"modified":"2026-02-18T13:22:23","modified_gmt":"2026-02-18T18:22:23","slug":"informacion-de-farmacia","status":"publish","type":"page","link":"https:\/\/www.amidacareny.org\/es\/nuestro-plan-medicaid-live-life-plus\/informacion-de-farmacia\/","title":{"rendered":"Informaci\u00f3n de Farmacia"},"content":{"rendered":"<p><img loading=\"lazy\" decoding=\"async\" class=\"alignnone size-full wp-image-8515\" style=\"margin-bottom: 20px;\" src=\"https:\/\/www.amidacareny.org\/wp-content\/uploads\/NYS-DOH-Rx-logo.png\" alt=\"\" width=\"624\" height=\"106\" \/><\/p>\n<p>A partir del 1 de abril de 2023, todos los miembros\/es de Medicaid que est\u00e9n afiliados a Amida Care recibir\u00e1n sus medicamentos prescriptos a trav\u00e9s de NYRx, el programa de farmacias de Medicaid.<\/p>\n<p>Puedes encontrar informaci\u00f3n sobre la transici\u00f3n del beneficio de farmacia de Amida Care a NYRx, el programa de farmacias de Medicaid, haciendo clic <a href=\"https:\/\/es.health.ny.gov\/health_care\/medicaid\/redesign\/mrt2\/pharmacy_transition\/index.htm\" target=\"_blank\" rel=\"noopener\">aqu\u00ed<\/a>.<\/p>\n<p>Puedes encontrar informaci\u00f3n general sobre NYRx, el programa de farmacias de Medicaid, <a href=\"https:\/\/es.health.ny.gov\/health_care\/medicaid\/redesign\/mrt2\/pharmacy_transition\/index.htm\" target=\"_blank\" rel=\"noopener\">AQU\u00cd<\/a>, junto con informaci\u00f3n para <a href=\"https:\/\/es.health.ny.gov\/health_care\/medicaid\/redesign\/mrt2\/pharmacy_transition\/consumers\/index.htm\" target=\"_blank\" rel=\"noopener\">miembros<\/a> y <a href=\"https:\/\/es.health.ny.gov\/health_care\/medicaid\/program\/pharmacy\/provider_info.htm\" target=\"_blank\" rel=\"noopener\">Proveedores<\/a> .<\/p>\n<p>Puedes encontrar la lista de medicamentos preferidos, los criterios cl\u00ednicos y m\u00e1s informaci\u00f3n adicional sobre el programa ingresando a <a href=\"https:\/\/newyork.fhsc.com\/providers\/pdp_about.asp\" target=\"_blank\" rel=\"noopener\">https:\/\/newyork.fhsc.com\/providers\/pdp_about.asp<\/a><\/p>\n<p><strong>Puedes volver a enviar los reclamos que tengan fecha de servicio a partir del 1 de abril de 2023 en adelante a NYRx.<\/strong><\/p>\n<p>Si es necesario, los proveedores pueden solicitar autorizaci\u00f3n previa llamando al centro de atenci\u00f3n Magellan al 1-877-309-9493.<\/p>\n<p>Para situaciones donde sea m\u00e9dicamente necesario, y de acuerdo con la Ley Estatal de Servicios Sociales en sus secciones \u00a7364-j (25) y (25-a), y la Secci\u00f3n 10.32 del modelo de Contrato de Cuidados Administrados\/Family Health Plus\/Plan de Necesidades Especiales de VHI\/Salud y Recuperaci\u00f3n de Medicaid, se le podr\u00e1 brindar a los miembros\/es un suministro de 72 horas.<\/p>\n<p><strong>Para las medicaciones que deben ser administradas por un profesional de la salud (c\u00f3digos J), vacunas, y medicamentos relacionados al COVID-19, revisa la secci\u00f3n de \u00abActualizaciones importantes\u00bb.<\/strong><\/p>\n<h2><span style=\"color: #8ec443;\"><br \/>\nCobertura de Vacunas<\/span><\/h2>\n<p>Consulta a continuaci\u00f3n las Pautas de Cobertura de Vacunas de Amida Care. Estas pautas de cobertura detallan la cobertura de vacunas para adultos y menores de edad, as\u00ed como las localidades donde puedes recibir vacunas y qu\u00e9 vacunas requieren autorizaci\u00f3n previa. Tambi\u00e9n puedes encontrar instrucciones actualizadas de farmacia minorista, para la facturaci\u00f3n por vacunas.<\/p>\n<p><a href=\"https:\/\/www.amidacareny.org\/wp-content\/uploads\/sites\/2\/vaccine_coverage_guidelines_202215105024.pdf\" target=\"_blank\" rel=\"noopener noreferrer\">Pautas de Cobertura de Vacunas<\/a><\/p>\n<p><a href=\"https:\/\/www.amidacareny.org\/wp-content\/uploads\/sites\/2\/Pharmacy_Vaccine_Billing_process.pdf\" target=\"_blank\" rel=\"noopener noreferrer\">Proceso de Facturaci\u00f3n de Farmacia por Vacunas<\/a><\/p>\n<h2><span style=\"color: #8ec443;\"><br \/>\nInformaci\u00f3n sobre COVID-19 para proveedores y farmacias\u00a0<\/span><\/h2>\n<ul>\n<li>\n<h3><span style=\"color: #8ec443;\"><a style=\"color: #8ec443;\" href=\"https:\/\/www.amidacareny.org\/wp-content\/uploads\/sites\/2\/COVID-19-VACCINE-CODES_Spa-US.pdf\" target=\"_blank\" rel=\"noopener\">Cobertura y c\u00f3digos de las vacunas contra el COVID-19<\/a><\/span><\/h3>\n<\/li>\n<li>\n<h3><span style=\"color: #8ec443;\"><a style=\"color: #8ec443;\" href=\"https:\/\/www.amidacareny.org\/wp-content\/uploads\/sites\/2\/website-pharmacy-test-for-covid19_spanishla_final.pdf\" target=\"_blank\" rel=\"noopener\">Gu\u00eda de facturaci\u00f3n de pruebas y recolecci\u00f3n de muestras de COVID-19 para farmacias<\/a><\/span><\/h3>\n<\/li>\n<li>\n<h3><span style=\"color: #8ec443;\"><a style=\"color: #8ec443;\" href=\"https:\/\/www.amidacareny.org\/wp-content\/uploads\/sites\/2\/Website-At-Home-Test-for-COVID19-Spanish-LA_Final.pdf\" target=\"_blank\" rel=\"noopener\">Pol\u00edtica y gu\u00eda de facturaci\u00f3n para la cobertura de prueba de COVID-19 en el hogar<\/a><\/span><\/h3>\n<\/li>\n<li>\n<h3><span style=\"color: #8ec443;\"><a style=\"color: #8ec443;\" href=\"https:\/\/www.amidacareny.org\/wp-content\/uploads\/sites\/2\/website-oral-antiviral-treatments-for-covid19_spanishla_final.pdf\" target=\"_blank\" rel=\"noopener\">Tratamientos antivirales orales para la COVID-19 \u2013 Autorizaci\u00f3n para uso de emergencia<\/a><\/span><\/h3>\n<\/li>\n<\/ul>\n<h2><span style=\"color: #8ec443;\"><br \/>\nCriterios de Autorizaci\u00f3n Previa por Misc.<\/span><\/h2>\n<p>Consulta a continuaci\u00f3n los Criterios de Autorizaci\u00f3n Previa de Amida Care para Medicamentos Miscel\u00e1neos (<em>Miscellaneous Agents<\/em> en ingl\u00e9s). Estas Pautas de Cobertura detallan si los medicamentos espec\u00edficos mencionados estar\u00e1n disponibles a trav\u00e9s de la farmacia o el beneficio m\u00e9dico de Amida Care.<\/p>\n<ul>\n<li><a href=\"https:\/\/www.amidacareny.org\/wp-content\/uploads\/sites\/2\/Duchenne-Muscular-Dystrophy-DMD-Drugs-Policy.pdf\" target=\"_blank\" rel=\"noopener\">Amondys 45, Exondys 51, Viltepso, Vyondys 53<\/a><\/li>\n<li><a href=\"https:\/\/www.amidacareny.org\/wp-content\/uploads\/sites\/2\/Avastin.pdf\" target=\"_blank\" rel=\"noopener noreferrer\">Avastin<\/a><\/li>\n<li><a href=\"https:\/\/www.amidacareny.org\/wp-content\/uploads\/sites\/2\/Herceptin.pdf\" target=\"_blank\" rel=\"noopener noreferrer\">Herceptin<\/a><\/li>\n<li><a href=\"https:\/\/www.amidacareny.org\/wp-content\/uploads\/sites\/2\/Perjeta.pdf\" target=\"_blank\" rel=\"noopener noreferrer\">Perjeta<\/a><\/li>\n<li><a href=\"https:\/\/www.amidacareny.org\/wp-content\/uploads\/sites\/2\/Spinraza-1.pdf\" target=\"_blank\" rel=\"noopener noreferrer\">Spinraza<\/a><\/li>\n<li><a href=\"https:\/\/www.amidacareny.org\/wp-content\/uploads\/sites\/2\/Xolair.pdf\" target=\"_blank\" rel=\"noopener noreferrer\">Xolair<\/a><\/li>\n<li><a href=\"https:\/\/www.amidacareny.org\/wp-content\/uploads\/sites\/2\/enteral-products-pa-form_2022128153628.pdf\" target=\"_blank\" rel=\"noopener\">Yescarta<\/a><\/li>\n<\/ul>\n<h2><span style=\"color: #000000; font-size: 16px;\">Encuentra una <\/span><strong style=\"color: #999999; font-size: 16px;\"><span style=\"color: #99cc00;\"><a style=\"color: #99cc00;\" href=\"https:\/\/www.express-scripts.com\/frontend\/open-enrollment\/amidacare\/plans\/5f5b8a3eebe9d9009857bf84\" target=\"_blank\" rel=\"noopener noreferrer\">farmacia participante<\/a><\/span><\/strong><span style=\"color: #999999; font-size: 16px;\">\u00a0<span style=\"color: #000000;\">cerca de ti.<\/span><\/span><\/h2>\n<p><span style=\"color: #99cc00;\"><a href=\"https:\/\/www.amidacareny.org\/wp-content\/uploads\/Pharmacy-1-600x203.jpg\"><img loading=\"lazy\" decoding=\"async\" class=\"alignnone wp-image-2852 size-full\" src=\"https:\/\/www.amidacareny.org\/wp-content\/uploads\/Pharmacy-1-600x203.jpg\" alt=\"Pharmacy-1-600x203\" width=\"600\" height=\"203\" srcset=\"https:\/\/www.amidacareny.org\/wp-content\/uploads\/sites\/2\/Pharmacy-1-600x203.jpg 600w, https:\/\/www.amidacareny.org\/wp-content\/uploads\/sites\/2\/Pharmacy-1-600x203-300x102.jpg 300w, https:\/\/www.amidacareny.org\/wp-content\/uploads\/sites\/2\/Pharmacy-1-600x203-100x34.jpg 100w\" sizes=\"auto, (max-width: 600px) 100vw, 600px\" \/><\/a><\/span><\/p>\n<p>Comenzando el 1ero de octubre, del 2016, las farmacias <strong>Walgreens\/Duane Reade<\/strong>\u00a0se han unido a nuestra red y ofrecen muchas localidades especializadas en VIH en los cinco condados de la Ciudad de Nueva York.<\/p>\n<p><strong>Farmacias especializadas por condado:<\/strong><\/p>\n<ul>\n<li><a href=\"https:\/\/www.amidacareny.org\/wp-content\/uploads\/331244-SP17-HIV_Overview_Services_NY-Bronx_X-1a.pdf\" target=\"_blank\" rel=\"noopener noreferrer\">Bronx<\/a><\/li>\n<li><a href=\"https:\/\/www.amidacareny.org\/wp-content\/uploads\/331244-SP17-HIV_Overview_Services_NY-Brooklyn_StatenIsland_X-1a.pdf\" target=\"_blank\" rel=\"noopener noreferrer\">Brooklyn\/Staten Island<\/a><\/li>\n<li><a href=\"https:\/\/www.amidacareny.org\/wp-content\/uploads\/331244-SP17-HIV_Overview_Services_NY-Manhattan_X-1a.pdf\" target=\"_blank\" rel=\"noopener noreferrer\">Manhattan<\/a><\/li>\n<li><a href=\"https:\/\/www.amidacareny.org\/wp-content\/uploads\/331244-SP17-HIV_Overview_Services_NY-Queens_X-1a-2.pdf\" target=\"_blank\" rel=\"noopener noreferrer\">Queens<\/a><\/li>\n<\/ul>\n<div id=\"accordion-nuevas-noticias-importantes\" class=\"accordion green \"><a class=\"accordion-label\" href=\"#nuevas-noticias-importantes\"><i class='fa fa-'><\/i> Nuevas Noticias Importantes<\/a><div class=\"accordion-content\"><\/p>\n<h3><span style=\"color: #99cc00;\">Pol\u00edtica de medicamentos dispensados \u200b\u200bpor m\u00e9dicos\u00a0\u00a0<\/span><\/h3>\n<ul>\n<li><a href=\"https:\/\/www.amidacareny.org\/wp-content\/uploads\/sites\/2\/PHYSICIAN-DISPENSED-DRUGS-POLICY.pdf\" target=\"_blank\" rel=\"noopener\">Pol\u00edtica de medicamentos dispensados \u200b\u200bpor m\u00e9dicos<\/a><\/li>\n<\/ul>\n<h3><span style=\"color: #99cc00;\">Anulaciones de proveedores \/ farmacias no inscritas\u00a0<\/span><\/h3>\n<ul>\n<li><a href=\"https:\/\/www.amidacareny.org\/wp-content\/uploads\/sites\/2\/non-enrolled-provider-pharmacy-overrides_2022928143351.pdf\" target=\"_blank\" rel=\"noopener\">C\u00f3mo anular el rechazo 889 (proveedor no inscrito)<\/a><\/li>\n<li><a href=\"https:\/\/www.amidacareny.org\/wp-content\/uploads\/sites\/2\/pharmacy-exceptions-guidance-for-non-enrolled-providers_20221214105141.pdf\" target=\"_blank\" rel=\"noopener\">Gu\u00eda de excepciones de farmacia para proveedores no inscritos<\/a><\/li>\n<\/ul>\n<h3><span style=\"color: #99cc00;\">Tratamiento Asistido por Medicamentos\u00a0<\/span><\/h3>\n<p>A partir del 1ero de octubre, 2021, los beneficios del Plan Medicaid de Amida Care ofrecer\u00e1n a sus socios un solo formulario (listado) ambulatorio a nivel estatal, para \u201cAgentes de Dependencia de Opi\u00e1ceos y Antagonistas de Opi\u00e1ceos\u201d, seg\u00fan el Formulario Estatal \u00danico para el Tratamiento Asistido por Medicamentos (Medication Assisted Treatment Formulary, MAT en ingl\u00e9s), del Departamento de Salud del Estado de Nueva York:<\/p>\n<p><a href=\"https:\/\/newyork.fhsc.com\/providers\/mat.asp\" target=\"_blank\" rel=\"noopener\">https:\/\/newyork.fhsc.com\/providers\/mat.asp<\/a><\/p>\n<p>Por favor consulta este <strong><a title=\"Link to PDF\" href=\"https:\/\/newyork.fhsc.com\/downloads\/providers\/NYRx_PDP_MAT_Agents.pdf\" target=\"_blank\" rel=\"noopener\">listado<\/a><i class=\"fa fa-file-pdf-o\" aria-label=\"Adobe Acrobat PDF Reader\" aria-hidden=\"true\"><\/i><\/strong> para la informaci\u00f3n m\u00e1s reciente acerca de los agentes de dependencia de opi\u00e1cieos y los antagonistas de los opi\u00e1ceos.<\/p>\n<h3><span style=\"color: #99cc00;\">Cobertura de Vacuna<\/span><\/h3>\n<p>Consulta a continuaci\u00f3n las Pautas de Cobertura de Vacunas de Amida Care. Estas Pautas de Cobertura detallan la cobertura de vacunas para adultos y menores de edad, as\u00ed como las localidades donde puede recibir las vacunas y qu\u00e9 vacunas requieren autorizaci\u00f3n previa. Tambi\u00e9n puedes encontrar instrucciones actualizadas de farmacia minorista para la facturaci\u00f3n por vacunas.<\/p>\n<ul>\n<li><a href=\"https:\/\/www.amidacareny.org\/wp-content\/uploads\/sites\/2\/vaccine_coverage_guidelines_202172695358.pdf\" target=\"_blank\" rel=\"noopener noreferrer\">Pautas de Cobertura de Vacunas<\/a><\/li>\n<li><a href=\"https:\/\/www.amidacareny.org\/wp-content\/uploads\/sites\/2\/Pharmacy_Vaccine_Billing_process.pdf\" target=\"_blank\" rel=\"noopener noreferrer\">Proceso de Facturaci\u00f3n de Farmacia por Vacunas<\/a><\/li>\n<\/ul>\n<h3><span style=\"color: #99cc00;\">C\u00f3digos J (J-Codes)<\/span><\/h3>\n<p>En la mayor\u00eda de los casos se les asigna un c\u00f3digo CPT o HCPCS, a los n\u00fameros NDC. La mayor\u00eda de los medicamentos inyectables comienzan con una \u00abJ\u00bb. Es importante que los reclamos se presenten con la informaci\u00f3n m\u00e1s precisa al facturar los medicamentos inyectables que se administran en el consultorio durante la visita de un paciente. Consulta el listado adjunto de \u201cC\u00f3digos J\u201d que requieren una autorizaci\u00f3n a trav\u00e9s de Amida Care. Antes de administrar cualquiera de los C\u00f3digos J del listado a continuaci\u00f3n, completa la Solicitud de Autorizaci\u00f3n Previa para la aprobaci\u00f3n del pago.<\/p>\n<ul>\n<li><a href=\"https:\/\/www.amidacareny.org\/wp-content\/uploads\/sites\/2\/physician-administered-drugs-that-require-prior-authorizations-2.2026_202621812596.pdf\">Listado de C\u00f3digos J<\/a><\/li>\n<li><a href=\"https:\/\/www.amidacareny.org\/wp-content\/uploads\/sites\/2\/JCODE-PA-FORM-2.pdf\" target=\"_blank\" rel=\"noopener noreferrer\">Solicitud de C\u00f3digos J<\/a><\/li>\n<\/ul>\n<p><\/div><\/div>\n<div id=\"accordion-informaci%c3%b3n-adicional-para-proveedores\" class=\"accordion green \"><a class=\"accordion-label\" href=\"#informaci%c3%b3n-adicional-para-proveedores\"><i class='fa fa-'><\/i> Informaci\u00f3n Adicional para Proveedores<\/a><div class=\"accordion-content\"><\/p>\n<p><span style=\"color: #99cc00;\"><strong>C\u00f3digos J (J-Codes):<\/strong> <\/span>En la mayor\u00eda de los casos, se les asigna un c\u00f3digo CPT o HCPCS a los n\u00fameros NDC. La mayor\u00eda de los medicamentos inyectables comienzan con una \u00abJ\u00bb. Es importante que los reclamos se presenten con la informaci\u00f3n m\u00e1s precisa al facturar los medicamentos inyectables que se administran en el consultorio durante la visita de un paciente. Consulta el listado adjunto de \u201cC\u00f3digos J\u201d que requieren una autorizaci\u00f3n a trav\u00e9s de Amida Care. Antes de administrar cualquier medicamento de la clasificaci\u00f3n C\u00f3digo J en el listado a continuaci\u00f3n, completa la Solicitud de Autorizaci\u00f3n Previa para la aprobaci\u00f3n del pago.<\/p>\n<ul>\n<li><a href=\"https:\/\/www.amidacareny.org\/wp-content\/uploads\/sites\/2\/physician-administered-drugs-that-require-prior-authorizations-2.2026_202621812596.pdf\">Listado de C\u00f3digos J<\/a><\/li>\n<li><a href=\"https:\/\/www.amidacareny.org\/wp-content\/uploads\/sites\/2\/JCODE-PA-FORM-2.pdf\" target=\"_blank\" rel=\"noopener noreferrer\">Solicitud de C\u00f3digos J<\/a><\/li>\n<\/ul>\n<p><strong><span style=\"color: #8ec443;\">Criterios de Autorizaci\u00f3n Previa por Miscel\u00e1neos: <\/span><\/strong>Consulte a continuaci\u00f3n los Criterios de autorizaci\u00f3n previa de Amida Care paralos Medicamentos Miscel\u00e1neos (\u201cMiscellaneous Agents\u201d en ingl\u00e9s). Estas pautas de cobertura detallan si los agentes espec\u00edficos mencionados estar\u00e1n disponibles a trav\u00e9s de la farmacia o el beneficio m\u00e9dico de Amida Care.<\/p>\n<ul>\n<li><a href=\"https:\/\/www.amidacareny.org\/wp-content\/uploads\/sites\/2\/Duchenne-Muscular-Dystrophy-DMD-Drugs-Policy.pdf\" target=\"_blank\" rel=\"noopener\">Amondys 45, Exondys 51, Viltepso, Vyondys 53<\/a><\/li>\n<li><a href=\"https:\/\/www.amidacareny.org\/wp-content\/uploads\/sites\/2\/Avastin.pdf\" target=\"_blank\" rel=\"noopener noreferrer\">Avastin<\/a><\/li>\n<li><a href=\"https:\/\/www.amidacareny.org\/wp-content\/uploads\/sites\/2\/Herceptin.pdf\" target=\"_blank\" rel=\"noopener noreferrer\">Herceptin<\/a><\/li>\n<li><a href=\"https:\/\/www.amidacareny.org\/wp-content\/uploads\/sites\/2\/Perjeta.pdf\" target=\"_blank\" rel=\"noopener noreferrer\">Perjeta<\/a><\/li>\n<li><a href=\"https:\/\/www.amidacareny.org\/wp-content\/uploads\/sites\/2\/Spinraza-1.pdf\" target=\"_blank\" rel=\"noopener noreferrer\">Spinraza<\/a><\/li>\n<li><a href=\"https:\/\/www.amidacareny.org\/wp-content\/uploads\/sites\/2\/Xolair.pdf\" target=\"_blank\" rel=\"noopener noreferrer\">Xolair<\/a><\/li>\n<li><a href=\"https:\/\/www.amidacareny.org\/wp-content\/uploads\/sites\/2\/enteral-products-pa-form_2022128153628.pdf\" target=\"_blank\" rel=\"noopener\">Yescarta<\/a><\/li>\n<\/ul>\n<p><\/div><\/div>\n","protected":false},"excerpt":{"rendered":"<p>A partir del 1 de abril de 2023, todos los miembros\/es de Medicaid que est\u00e9n afiliados a Amida Care recibir\u00e1n sus medicamentos prescriptos a trav\u00e9s&#8230;<\/p>\n","protected":false},"author":1,"featured_media":0,"parent":554,"menu_order":4,"comment_status":"closed","ping_status":"closed","template":"","meta":{"_acf_changed":false,"footnotes":""},"class_list":["post-572","page","type-page","status-publish","hentry"],"acf":[],"yoast_head":"<!-- This site is optimized with the Yoast SEO plugin v27.1.1 - https:\/\/yoast.com\/product\/yoast-seo-wordpress\/ -->\n<title>Informaci\u00f3n de Farmacia | Amida Care:Espa\u00f1ol<\/title>\n<meta name=\"description\" content=\"Vea el Formulario de Medicaid de New York para saber cuales medicamentos estan cubiertos,y luego una farmacia cerca de ti que participe en la red de Amida Care.\" class=\"yoast-seo-meta-tag\" \/>\n<meta name=\"robots\" content=\"index, follow, max-snippet:-1, max-image-preview:large, max-video-preview:-1\" \/>\n<link rel=\"canonical\" href=\"https:\/\/www.amidacareny.org\/es\/nuestro-plan-medicaid-live-life-plus\/informacion-de-farmacia\/\" class=\"yoast-seo-meta-tag\" \/>\n<meta property=\"og:locale\" content=\"es_ES\" class=\"yoast-seo-meta-tag\" \/>\n<meta property=\"og:type\" content=\"article\" class=\"yoast-seo-meta-tag\" \/>\n<meta property=\"og:title\" content=\"Informaci\u00f3n de Farmacia | Amida Care:Espa\u00f1ol\" class=\"yoast-seo-meta-tag\" \/>\n<meta property=\"og:description\" content=\"Vea el Formulario de Medicaid de New York para saber cuales medicamentos estan cubiertos,y luego una farmacia cerca de ti que participe en la red de Amida Care.\" class=\"yoast-seo-meta-tag\" \/>\n<meta property=\"og:url\" content=\"https:\/\/www.amidacareny.org\/es\/nuestro-plan-medicaid-live-life-plus\/informacion-de-farmacia\/\" class=\"yoast-seo-meta-tag\" \/>\n<meta property=\"og:site_name\" content=\"Amida Care: Espanol\" class=\"yoast-seo-meta-tag\" \/>\n<meta property=\"article:modified_time\" content=\"2026-02-18T18:22:23+00:00\" class=\"yoast-seo-meta-tag\" \/>\n<meta name=\"twitter:card\" content=\"summary_large_image\" class=\"yoast-seo-meta-tag\" \/>\n<meta name=\"twitter:label1\" content=\"Tiempo de lectura\" class=\"yoast-seo-meta-tag\" \/>\n\t<meta name=\"twitter:data1\" content=\"5 minutos\" class=\"yoast-seo-meta-tag\" \/>\n<script type=\"application\/ld+json\" class=\"yoast-schema-graph\">{\"@context\":\"https:\/\/schema.org\",\"@graph\":[{\"@type\":\"WebPage\",\"@id\":\"https:\/\/www.amidacareny.org\/es\/nuestro-plan-medicaid-live-life-plus\/informacion-de-farmacia\/\",\"url\":\"https:\/\/www.amidacareny.org\/es\/nuestro-plan-medicaid-live-life-plus\/informacion-de-farmacia\/\",\"name\":\"Informaci\u00f3n de Farmacia | Amida Care:Espa\u00f1ol\",\"isPartOf\":{\"@id\":\"https:\/\/www.amidacareny.org\/es\/#website\"},\"primaryImageOfPage\":{\"@id\":\"https:\/\/www.amidacareny.org\/es\/nuestro-plan-medicaid-live-life-plus\/informacion-de-farmacia\/#primaryimage\"},\"image\":{\"@id\":\"https:\/\/www.amidacareny.org\/es\/nuestro-plan-medicaid-live-life-plus\/informacion-de-farmacia\/#primaryimage\"},\"thumbnailUrl\":\"https:\/\/www.amidacareny.org\/wp-content\/uploads\/NYS-DOH-Rx-logo.png\",\"datePublished\":\"2016-03-09T22:50:30+00:00\",\"dateModified\":\"2026-02-18T18:22:23+00:00\",\"description\":\"Vea el Formulario de Medicaid de New York para saber cuales medicamentos estan cubiertos,y luego una farmacia cerca de ti que participe en la red de Amida Care.\",\"breadcrumb\":{\"@id\":\"https:\/\/www.amidacareny.org\/es\/nuestro-plan-medicaid-live-life-plus\/informacion-de-farmacia\/#breadcrumb\"},\"inLanguage\":\"es\",\"potentialAction\":[{\"@type\":\"ReadAction\",\"target\":[\"https:\/\/www.amidacareny.org\/es\/nuestro-plan-medicaid-live-life-plus\/informacion-de-farmacia\/\"]}]},{\"@type\":\"ImageObject\",\"inLanguage\":\"es\",\"@id\":\"https:\/\/www.amidacareny.org\/es\/nuestro-plan-medicaid-live-life-plus\/informacion-de-farmacia\/#primaryimage\",\"url\":\"https:\/\/www.amidacareny.org\/wp-content\/uploads\/NYS-DOH-Rx-logo.png\",\"contentUrl\":\"https:\/\/www.amidacareny.org\/wp-content\/uploads\/NYS-DOH-Rx-logo.png\"},{\"@type\":\"BreadcrumbList\",\"@id\":\"https:\/\/www.amidacareny.org\/es\/nuestro-plan-medicaid-live-life-plus\/informacion-de-farmacia\/#breadcrumb\",\"itemListElement\":[{\"@type\":\"ListItem\",\"position\":1,\"name\":\"Portada\",\"item\":\"https:\/\/www.amidacareny.org\/es\/\"},{\"@type\":\"ListItem\",\"position\":2,\"name\":\"Nuestro Plan Medicaid \u00abLive Life Plus\u00bb\",\"item\":\"https:\/\/www.amidacareny.org\/es\/nuestro-plan-medicaid-live-life-plus\/\"},{\"@type\":\"ListItem\",\"position\":3,\"name\":\"Informaci\u00f3n de Farmacia\"}]},{\"@type\":\"WebSite\",\"@id\":\"https:\/\/www.amidacareny.org\/es\/#website\",\"url\":\"https:\/\/www.amidacareny.org\/es\/\",\"name\":\"Amida Care: Espanol\",\"description\":\"Proveedor de planes de salud sin fines de lucro en NYC.\",\"potentialAction\":[{\"@type\":\"SearchAction\",\"target\":{\"@type\":\"EntryPoint\",\"urlTemplate\":\"https:\/\/www.amidacareny.org\/es\/?s={search_term_string}\"},\"query-input\":{\"@type\":\"PropertyValueSpecification\",\"valueRequired\":true,\"valueName\":\"search_term_string\"}}],\"inLanguage\":\"es\"}]}<\/script>\n<!-- \/ Yoast SEO plugin. -->","yoast_head_json":{"title":"Informaci\u00f3n de Farmacia | Amida Care:Espa\u00f1ol","description":"Vea el Formulario de Medicaid de New York para saber cuales medicamentos estan cubiertos,y luego una farmacia cerca de ti que participe en la red de Amida Care.","robots":{"index":"index","follow":"follow","max-snippet":"max-snippet:-1","max-image-preview":"max-image-preview:large","max-video-preview":"max-video-preview:-1"},"canonical":"https:\/\/www.amidacareny.org\/es\/nuestro-plan-medicaid-live-life-plus\/informacion-de-farmacia\/","og_locale":"es_ES","og_type":"article","og_title":"Informaci\u00f3n de Farmacia | Amida Care:Espa\u00f1ol","og_description":"Vea el Formulario de Medicaid de New York para saber cuales medicamentos estan cubiertos,y luego una farmacia cerca de ti que participe en la red de Amida Care.","og_url":"https:\/\/www.amidacareny.org\/es\/nuestro-plan-medicaid-live-life-plus\/informacion-de-farmacia\/","og_site_name":"Amida Care: Espanol","article_modified_time":"2026-02-18T18:22:23+00:00","twitter_card":"summary_large_image","twitter_misc":{"Tiempo de lectura":"5 minutos"},"schema":{"@context":"https:\/\/schema.org","@graph":[{"@type":"WebPage","@id":"https:\/\/www.amidacareny.org\/es\/nuestro-plan-medicaid-live-life-plus\/informacion-de-farmacia\/","url":"https:\/\/www.amidacareny.org\/es\/nuestro-plan-medicaid-live-life-plus\/informacion-de-farmacia\/","name":"Informaci\u00f3n de Farmacia | Amida Care:Espa\u00f1ol","isPartOf":{"@id":"https:\/\/www.amidacareny.org\/es\/#website"},"primaryImageOfPage":{"@id":"https:\/\/www.amidacareny.org\/es\/nuestro-plan-medicaid-live-life-plus\/informacion-de-farmacia\/#primaryimage"},"image":{"@id":"https:\/\/www.amidacareny.org\/es\/nuestro-plan-medicaid-live-life-plus\/informacion-de-farmacia\/#primaryimage"},"thumbnailUrl":"https:\/\/www.amidacareny.org\/wp-content\/uploads\/NYS-DOH-Rx-logo.png","datePublished":"2016-03-09T22:50:30+00:00","dateModified":"2026-02-18T18:22:23+00:00","description":"Vea el Formulario de Medicaid de New York para saber cuales medicamentos estan cubiertos,y luego una farmacia cerca de ti que participe en la red de Amida Care.","breadcrumb":{"@id":"https:\/\/www.amidacareny.org\/es\/nuestro-plan-medicaid-live-life-plus\/informacion-de-farmacia\/#breadcrumb"},"inLanguage":"es","potentialAction":[{"@type":"ReadAction","target":["https:\/\/www.amidacareny.org\/es\/nuestro-plan-medicaid-live-life-plus\/informacion-de-farmacia\/"]}]},{"@type":"ImageObject","inLanguage":"es","@id":"https:\/\/www.amidacareny.org\/es\/nuestro-plan-medicaid-live-life-plus\/informacion-de-farmacia\/#primaryimage","url":"https:\/\/www.amidacareny.org\/wp-content\/uploads\/NYS-DOH-Rx-logo.png","contentUrl":"https:\/\/www.amidacareny.org\/wp-content\/uploads\/NYS-DOH-Rx-logo.png"},{"@type":"BreadcrumbList","@id":"https:\/\/www.amidacareny.org\/es\/nuestro-plan-medicaid-live-life-plus\/informacion-de-farmacia\/#breadcrumb","itemListElement":[{"@type":"ListItem","position":1,"name":"Portada","item":"https:\/\/www.amidacareny.org\/es\/"},{"@type":"ListItem","position":2,"name":"Nuestro Plan Medicaid \u00abLive Life Plus\u00bb","item":"https:\/\/www.amidacareny.org\/es\/nuestro-plan-medicaid-live-life-plus\/"},{"@type":"ListItem","position":3,"name":"Informaci\u00f3n de Farmacia"}]},{"@type":"WebSite","@id":"https:\/\/www.amidacareny.org\/es\/#website","url":"https:\/\/www.amidacareny.org\/es\/","name":"Amida Care: Espanol","description":"Proveedor de planes de salud sin fines de lucro en NYC.","potentialAction":[{"@type":"SearchAction","target":{"@type":"EntryPoint","urlTemplate":"https:\/\/www.amidacareny.org\/es\/?s={search_term_string}"},"query-input":{"@type":"PropertyValueSpecification","valueRequired":true,"valueName":"search_term_string"}}],"inLanguage":"es"}]}},"_links":{"self":[{"href":"https:\/\/www.amidacareny.org\/es\/wp-json\/wp\/v2\/pages\/572","targetHints":{"allow":["GET"]}}],"collection":[{"href":"https:\/\/www.amidacareny.org\/es\/wp-json\/wp\/v2\/pages"}],"about":[{"href":"https:\/\/www.amidacareny.org\/es\/wp-json\/wp\/v2\/types\/page"}],"author":[{"embeddable":true,"href":"https:\/\/www.amidacareny.org\/es\/wp-json\/wp\/v2\/users\/1"}],"replies":[{"embeddable":true,"href":"https:\/\/www.amidacareny.org\/es\/wp-json\/wp\/v2\/comments?post=572"}],"version-history":[{"count":1,"href":"https:\/\/www.amidacareny.org\/es\/wp-json\/wp\/v2\/pages\/572\/revisions"}],"predecessor-version":[{"id":6158,"href":"https:\/\/www.amidacareny.org\/es\/wp-json\/wp\/v2\/pages\/572\/revisions\/6158"}],"up":[{"embeddable":true,"href":"https:\/\/www.amidacareny.org\/es\/wp-json\/wp\/v2\/pages\/554"}],"wp:attachment":[{"href":"https:\/\/www.amidacareny.org\/es\/wp-json\/wp\/v2\/media?parent=572"}],"curies":[{"name":"wp","href":"https:\/\/api.w.org\/{rel}","templated":true}]}}