{"id":5860,"date":"2025-03-14T17:45:36","date_gmt":"2025-03-14T21:45:36","guid":{"rendered":"https:\/\/www.amidacareny.org\/es\/?page_id=5860"},"modified":"2025-11-18T10:54:52","modified_gmt":"2025-11-18T15:54:52","slug":"servicios-de-salud-sexual-y-prevencion-del-vih","status":"publish","type":"page","link":"https:\/\/www.amidacareny.org\/es\/servicios-de-salud-sexual-y-prevencion-del-vih\/","title":{"rendered":"Servicios de salud sexual y prevenci\u00f3n del VIH"},"content":{"rendered":"<p><b>La importancia de la salud sexual y las pruebas de ITS\u00a0<\/b><\/p>\n<p><span style=\"font-weight: 400;\">Toda persona sexualmente activa debe asegurarse de hacerse pruebas peri\u00f3dicas de infecciones de transmisi\u00f3n sexual (ITS), como clamidia, gonorrea, s\u00edfilis y hepatitis C. Las pruebas de ITS son tan importantes como tus chequeos regulares con tu m\u00e9dico de cabecera.<\/span><\/p>\n<p><span style=\"font-weight: 400;\">No todas las personas con una infecci\u00f3n de transmisi\u00f3n sexual experimentan s\u00edntomas de inmediato. Las pruebas regulares pueden detectar una infecci\u00f3n que podr\u00edas no saber que tienes.<\/span><\/p>\n<p><span style=\"font-weight: 400;\">Aseg\u00farate de hablar con tu m\u00e9dico de cabecera sobre:<\/span><\/p>\n<ul>\n<li style=\"font-weight: 400;\" aria-level=\"1\"><span style=\"font-weight: 400;\">\u00bfQu\u00e9 tipo de pr\u00e1cticas sexuales realizas y qu\u00e9 partes de tu cuerpo utilizas durante las relaciones sexuales?<\/span><\/li>\n<li style=\"font-weight: 400;\" aria-level=\"1\"><span style=\"font-weight: 400;\">\u00bfCu\u00e1l es tu red de contactos sexuales y te sientes seguro de conocer el estado de infecciones de transmisi\u00f3n sexual (ITS) de tus parejas sexuales?<a href=\"https:\/\/www.amidacareny.org\/wp-content\/uploads\/sites\/2\/ac-brochure-2025-08-PrEP-PEP-V7_spa-US.pdf\" target=\"_blank\" rel=\"noopener\"><img loading=\"lazy\" decoding=\"async\" class=\"size-medium wp-image-6101 alignright\" src=\"https:\/\/www.amidacareny.org\/wp-content\/uploads\/sites\/2\/ac-brochure-2025-08-PrEP-PEP-V7_spa-US_Page_1-121x300.jpg\" alt=\"\" width=\"121\" height=\"300\" srcset=\"https:\/\/www.amidacareny.org\/wp-content\/uploads\/sites\/2\/ac-brochure-2025-08-PrEP-PEP-V7_spa-US_Page_1-121x300.jpg 121w, https:\/\/www.amidacareny.org\/wp-content\/uploads\/sites\/2\/ac-brochure-2025-08-PrEP-PEP-V7_spa-US_Page_1-100x247.jpg 100w, https:\/\/www.amidacareny.org\/wp-content\/uploads\/sites\/2\/ac-brochure-2025-08-PrEP-PEP-V7_spa-US_Page_1.jpg 253w\" sizes=\"auto, (max-width: 121px) 100vw, 121px\" \/><\/a><\/span><\/li>\n<\/ul>\n<p><span style=\"font-weight: 400;\">\u00bfNo te sientes c\u00f3modo hablando de estos temas con tu m\u00e9dico de cabecera actual?<\/span><\/p>\n<ul>\n<li style=\"font-weight: 400;\" aria-level=\"1\"><span style=\"font-weight: 400;\">Perm\u00edtenos ayudarte a encontrar a alguien que pueda brindarte la atenci\u00f3n que te mereces.<\/span><\/li>\n<li style=\"font-weight: 400;\" aria-level=\"1\">Llame a Servicios para Miembros al 1-800-556-0689, TTY: 711.<\/li>\n<\/ul>\n<p>Consulte las Preguntas Frecuentes e Informaci\u00f3n sobre PrEP, PEP y Salud Sexual en nuestro <a href=\"https:\/\/www.amidacareny.org\/wp-content\/uploads\/sites\/2\/ac-brochure-2025-08-PrEP-PEP-V7_spa-US.pdf\" target=\"_blank\" rel=\"noopener\">folleto<\/a>.<\/p>\n<p><b>Prevenci\u00f3n del VIH: PrEP (Profilaxis Preexposici\u00f3n)\u00a0<\/b><\/p>\n<p><span style=\"font-weight: 400;\">\u00bfHas o\u00eddo hablar de la PrEP o la PEP? Estas son herramientas que pueden ayudar a prevenir la infecci\u00f3n por el VIH<\/span><\/p>\n<p><span style=\"font-weight: 400;\">en personas que est\u00e1n en riesgo a trav\u00e9s de relaciones sexuales o el uso de drogas inyectables.<\/span><\/p>\n<p><span style=\"font-weight: 400;\">PrEP significa profilaxis preexposici\u00f3n. La palabra \u201cprofilaxis\u201d significa prevenir o controlar la propagaci\u00f3n de una infecci\u00f3n o enfermedad.\u00a0 La PrEP es un medicamento que las personas VIH negativas pueden tomar de forma continua para prevenir la infecci\u00f3n por el VIH a trav\u00e9s de relaciones sexuales o el uso de drogas inyectables.<\/span><\/p>\n<p><span style=\"font-weight: 400;\">Cualquier persona sexualmente activa puede ser una buena candidata para la PrEP, independientemente de la cantidad de parejas que tenga, la frecuencia con la que tenga relaciones sexuales, su orientaci\u00f3n sexual o identidad de g\u00e9nero.<\/span><\/p>\n<p><b>Prevenci\u00f3n del VIH: PPE (Profilaxis Posexposici\u00f3n)<\/b><\/p>\n<p><span style=\"font-weight: 400;\">PPE son las siglas para profilaxis posexposici\u00f3n. Consiste en tomar medicamentos antirretrovirales (TAR) despu\u00e9s de una posible exposici\u00f3n al VIH para prevenir la infecci\u00f3n.<\/span><\/p>\n<p><span style=\"font-weight: 400;\">Mientras que la PrEP es un medicamento que se puede tomar antes de la exposici\u00f3n al VIH, la PPE puede ayudar a protegerle despu\u00e9s de la exposici\u00f3n.<\/span><\/p>\n<p><span style=\"font-weight: 400;\">Si has tenido una posible exposici\u00f3n al VIH a trav\u00e9s de relaciones sexuales o al compartir agujas, comenzar la PPE dentro de las 72 horas puede protegerte del VIH. Las pastillas de la PPE se toman durante 28 d\u00edas despu\u00e9s de una exposici\u00f3n conocida o sospechada.<\/span><\/p>\n<p><span style=\"font-weight: 400;\">Si respondes \u00abs\u00ed\u00bb a cualquiera de estas preguntas, la PPE podr\u00eda ser adecuada para ti:<\/span><\/p>\n<ul>\n<li style=\"font-weight: 400;\" aria-level=\"1\"><span style=\"font-weight: 400;\">\u00bfTuviste relaciones sexuales sin protecci\u00f3n (sin cond\u00f3n) o se rompi\u00f3 el cond\u00f3n durante las relaciones sexuales con alguien que es VIH positivo o cuyo estado serol\u00f3gico desconoces?<\/span><\/li>\n<li style=\"font-weight: 400;\" aria-level=\"1\"><span style=\"font-weight: 400;\">\u00bfFuiste forzado a tener relaciones sexuales en contra de tu voluntad?<\/span><\/li>\n<li style=\"font-weight: 400;\" aria-level=\"1\"><span style=\"font-weight: 400;\">\u00bfCompartiste equipo de inyecci\u00f3n de drogas, como jeringas o agujas?<\/span><\/li>\n<\/ul>\n<p><span style=\"font-weight: 400;\">La profilaxis posexposici\u00f3n (PPE) debe usarse solo en situaciones de emergencia.<\/span><\/p>\n<p><span style=\"font-weight: 400;\">Si crees que estuviste expuesto al VIH, puedes comunicarte con su proveedor de atenci\u00f3n m\u00e9dica primaria, o llamar a la l\u00ednea directa de PPE de la ciudad de New York al (844) 3-PEPNYC (844-373-7692) o ir inmediatamente a una cl\u00ednica o sala de emergencias y solicitar la <\/span><a href=\"https:\/\/www.nyc.gov\/site\/doh\/health\/health-topics\/post-exposure-prophylaxis-pep.page\"><span style=\"font-weight: 400;\">PPE<\/span><\/a><span style=\"font-weight: 400;\">.<\/span><\/p>\n<p><b>La PrEP es para todos\u00a0<\/b><\/p>\n<p>Existen cuatro formas de PrEP disponibles: dos son comprimidos que pueden tomarse una vez al d\u00eda, o bien uno de ellos puede administrarse de manera puntual en circunstancias especiales; las otras dos corresponden a medicamentos inyectables de acci\u00f3n prolongada. La PrEP es para todas las personas, independientemente de su orientaci\u00f3n sexual o identidad de g\u00e9nero. Cualquier persona sexualmente activa, que se inyecte drogas o que est\u00e9 interesada en la prevenci\u00f3n del VIH deber\u00eda hablar con su m\u00e9dico de cabecera y considerar comenzar a usar la PrEP. Las investigaciones demuestran que muchas personas de color e hispanas, mujeres y j\u00f3venes que se beneficiar\u00edan de la PrEP no la est\u00e1n utilizando. Si te identificas con alguna de estas comunidades, considera hablar con tu m\u00e9dico de cabecera sobre si la PrEP es adecuada para ti, para asegurarte de que no se pase por alto esta opci\u00f3n.<\/p>\n<p><b>\u00bfQu\u00e9 opci\u00f3n de PrEP es la indicada para m\u00ed?\u00a0<\/b><\/p>\n<p><strong>Tipos de PrEP disponibles:<\/strong><\/p>\n<ul>\n<li>TRUVADA (emtricitabina\/tenofovir df) es un medicamento oral aprobado para todas las personas con riesgo de contraer el VIH. Puede tomarse una vez al d\u00eda o, en ciertas situaciones, \u201ca demanda\u201d.<\/li>\n<li>DESCOVY (emtricitabina\/tenofovir af) es un medicamento oral de administraci\u00f3n diaria aprobado para hombres sexualmente activos y mujeres transg\u00e9nero con riesgo de contraer el VIH por contacto sexual o por el uso de drogas inyectables. Descovy no se ha investigado para la prevenci\u00f3n del VIH en personas asignadas al sexo femenino al nacer.<\/li>\n<li>APRETUDE (cabotegravir) es una forma inyectable de PrEP de acci\u00f3n prolongada. Se trata de una inyecci\u00f3n intramuscular que administra un profesional de la salud cada 2 meses. Es una buena alternativa para quienes tienen dificultades para tomar pastillas diarias, les preocupan los efectos secundarios de la PrEP oral o prefieren medicamentos inyectables de acci\u00f3n prolongada.<\/li>\n<li>YEZTUGO (lenacapavir) es una forma inyectable de PrEP de acci\u00f3n prolongada aprobada para adultos y adolescentes. Requiere dos inyecciones iniciales y la toma de comprimidos durante 2 d\u00edas, seguidas de una inyecci\u00f3n cada 6 meses.<\/li>\n<\/ul>\n<p><b>\u00bfQu\u00e9 pasa si me preocupa tener que tomar una pastilla todos los d\u00edas?<\/b><\/p>\n<p><span style=\"font-weight: 400;\">Si tienes dificultades para tomar pastillas a diario, o no te mantienes sexualmente activo con la frecuencia suficiente como para que una pastilla diaria te parezca una estrategia adecuada, tienes dos opciones:<\/span><\/p>\n<ul>\n<li>PrEP inyectable de acci\u00f3n prolongada (Apretude)<br \/>\nApretude y Yeztugo son las dos formas inyectables de acci\u00f3n prolongada aprobadas para la PrEP.\u00a0 Apretude se administra cada dos meses mediante una inyecci\u00f3n intramuscular en el gl\u00fateo, aplicada por un profesional de la salud. Las personas que reciben Apretude deben acudir a su PCP cada dos meses. Por su parte, Yeztugo se administra cada seis meses en forma de dos inyecciones subcut\u00e1neas en la zona abdominal o en la parte superior del muslo, siempre bajo la supervisi\u00f3n de un profesional de la salud. Tanto Apretude como Yeztugo representan una buena alternativa para quienes tienen dificultades para mantener la toma diaria de comprimidos.<\/li>\n<li>PrEP 2-1-1 o PrEP \u201ca demanda\u201d<br \/>\nLa PrEP a demanda se refiere a la toma de PrEP \u00fanicamente en preparaci\u00f3n para encuentros sexuales planificados, mediante el m\u00e9todo \u00ab2-1-1\u00bb. Esto implica tomar dos pastillas entre 2 y 24 horas antes de la relaci\u00f3n sexual; una pastilla 24 horas despu\u00e9s de la primera dosis, y una pastilla 24 horas despu\u00e9s de la segunda dosis.<\/p>\n<ul>\n<li>2-1-1 se refiere a tomar:\n<ul>\n<li>Dos pastillas, 2-24 horas antes de tener relaciones sexuales<\/li>\n<li>Una pastilla 24 horas despu\u00e9s de la dosis inicial<\/li>\n<li>Una \u00faltima pastilla 24 horas despu\u00e9s de la segunda dosis.<\/li>\n<\/ul>\n<\/li>\n<\/ul>\n<p>La PrEP a demanda podr\u00eda ser la opci\u00f3n preferida para aquellas personas que solo mantienen encuentros sexuales poco frecuentes y planificados. La PrEP a demanda requiere planificaci\u00f3n anticipada y no es un m\u00e9todo de prevenci\u00f3n confiable para encuentros sexuales espont\u00e1neos. Solo se ha estudiado en hombres cisg\u00e9nero que tienen sexo anal con otros hombres cisg\u00e9nero. No se ha estudiado en personas asignadas como mujeres al nacer, personas que toman estr\u00f3genos o para el sexo vaginal.<\/li>\n<\/ul>\n<p><b>\u00bfQu\u00e9 pasa si experimento efectos secundarios?<\/b><\/p>\n<p><span style=\"font-weight: 400;\">Cada opci\u00f3n de PrEP tiene su propio riesgo de efectos secundarios. Los pacientes que toman PrEP de manera regular ser\u00e1n examinados peri\u00f3dicamente por su m\u00e9dico para detectar infecciones de transmisi\u00f3n sexual y signos de efectos secundarios.<\/span><\/p>\n<p><b>\u00bfLa PrEP interferir\u00e1 con otros medicamentos?<\/b><\/p>\n<ul>\n<li>Algunos medicamentos para la PrEP pueden interactuar con otros f\u00e1rmacos. Siempre consulta con tu m\u00e9dico sobre cualquier otro medicamento que est\u00e9s tomando antes de comenzar la PrEP.<\/li>\n<li>La PrEP es segura y efectiva para pacientes transg\u00e9nero y no binarios que est\u00e9n recibiendo terapia hormonal de afirmaci\u00f3n de g\u00e9nero (THAG). <a href=\"https:\/\/i-base.info\/guides\/prep\/prep-for-trans-and-non-binary-people\"><span style=\"font-weight: 400;\">PrEP para personas trans y no binarias | Gu\u00edas | HIV i-Base<\/span><\/a><\/li>\n<\/ul>\n<p><b>Videos para la campa\u00f1a de PrEP<\/b><span style=\"font-weight: 400;\"><br \/>\n<\/span><span style=\"font-weight: 400;\">(haz clic en la imagen a continuaci\u00f3n)<\/span><\/p>\n<p><iframe loading=\"lazy\" title=\"My Body. My Life. My PrEP. \u2022 Mi Cuerpo. Mi Vida. Mi PrEP.\" width=\"500\" height=\"281\" src=\"https:\/\/www.youtube.com\/embed\/videoseries?list=PLHyi5iLlzM3amtgQ71mIDEavRgKhn2w3G\" frameborder=\"0\" allow=\"accelerometer; autoplay; clipboard-write; encrypted-media; gyroscope; picture-in-picture; web-share\" referrerpolicy=\"strict-origin-when-cross-origin\" allowfullscreen><\/iframe><\/p>\n<p><b>Doxy-PEP\u00a0<\/b><\/p>\n<p>La Doxi-PEP consiste en tomar el antibi\u00f3tico doxiciclina despu\u00e9s de tener relaciones sexuales para disminuir en aproximadamente dos tercios el riesgo de contraer s\u00edfilis, gonorrea y clamidia. Se deben tomar dos comprimidos de 100 mg de doxiciclina idealmente dentro de las 24 horas posteriores a una relaci\u00f3n sexual sin protecci\u00f3n, y en ning\u00fan caso m\u00e1s tarde de las 72 horas. La Doxy-PEP no es efectiva para las relaciones sexuales vaginales.<\/p>\n<p>La doxiciclina es un antibi\u00f3tico, por lo que la Doxi-PEP solo ayuda a prevenir infecciones bacterianas de transmisi\u00f3n sexual como la gonorrea, la clamidia y la s\u00edfilis. No protege contra el VIH, la viruela del mono, el herpes u otras infecciones virales. No se trata del mismo medicamento utilizado para la PEP del VIH, y ambos tratamientos no son intercambiables. Para acceder a la Doxi-PEP, consulte a su PCP o acuda a una Cl\u00ednica de salud sexual de la ciudad de New York.<\/p>\n<p>Puedes encontrar m\u00e1s informaci\u00f3n en:\u00a0<a href=\"https:\/\/www.nyc.gov\/site\/doh\/health\/health-topics\/post-exposure-prophylaxis-pep.page\">Profilaxis Post-Exposici\u00f3n de Emergencia (PPE) \u2013 NYC Health<\/a><\/p>\n<p><b>Recursos\u00a0<\/b><\/p>\n<p><span style=\"font-weight: 400;\">Para obtener m\u00e1s informaci\u00f3n, consulta a tu m\u00e9dico y visita sitios web gubernamentales confiables, como los <\/span><a href=\"https:\/\/www.cdc.gov\/hiv\/default.html\"><span style=\"font-weight: 400;\">Centros para el Control y la Prevenci\u00f3n de Enfermedades de los EE. UU<\/span><\/a><span style=\"font-weight: 400;\">.\u00a0<\/span><a href=\"https:\/\/a816-healthpsi.nyc.gov\/NYCHealthMap\"><span style=\"font-weight: 400;\">Encuentra un centro de pruebas de VIH o servicios relacionados con el VIH cerca suyo.<\/span><\/a><\/p>\n","protected":false},"excerpt":{"rendered":"<p>La importancia de la salud sexual y las pruebas de ITS\u00a0 Toda persona sexualmente activa debe asegurarse de hacerse pruebas peri\u00f3dicas de infecciones de transmisi\u00f3n&#8230;<\/p>\n","protected":false},"author":18,"featured_media":0,"parent":0,"menu_order":0,"comment_status":"closed","ping_status":"closed","template":"","meta":{"_acf_changed":false,"footnotes":""},"class_list":["post-5860","page","type-page","status-publish","hentry"],"acf":[],"yoast_head":"<!-- This site is optimized with the Yoast SEO plugin v27.3 - https:\/\/yoast.com\/product\/yoast-seo-wordpress\/ -->\n<title>Servicios de salud sexual y prevenci\u00f3n del VIH - Amida Care: Espanol<\/title>\n<meta name=\"robots\" content=\"index, follow, max-snippet:-1, max-image-preview:large, max-video-preview:-1\" \/>\n<link rel=\"canonical\" href=\"https:\/\/www.amidacareny.org\/es\/servicios-de-salud-sexual-y-prevencion-del-vih\/\" class=\"yoast-seo-meta-tag\" \/>\n<meta property=\"og:locale\" content=\"es_ES\" class=\"yoast-seo-meta-tag\" \/>\n<meta property=\"og:type\" content=\"article\" class=\"yoast-seo-meta-tag\" \/>\n<meta property=\"og:title\" content=\"Servicios de salud sexual y prevenci\u00f3n del VIH - Amida Care: Espanol\" class=\"yoast-seo-meta-tag\" \/>\n<meta property=\"og:description\" content=\"La importancia de la salud sexual y las pruebas de ITS\u00a0 Toda persona sexualmente activa debe asegurarse de hacerse pruebas peri\u00f3dicas de infecciones de transmisi\u00f3n...\" class=\"yoast-seo-meta-tag\" \/>\n<meta property=\"og:url\" content=\"https:\/\/www.amidacareny.org\/es\/servicios-de-salud-sexual-y-prevencion-del-vih\/\" class=\"yoast-seo-meta-tag\" \/>\n<meta property=\"og:site_name\" content=\"Amida Care: Espanol\" class=\"yoast-seo-meta-tag\" \/>\n<meta property=\"article:modified_time\" content=\"2025-11-18T15:54:52+00:00\" class=\"yoast-seo-meta-tag\" \/>\n<meta property=\"og:image\" content=\"https:\/\/www.amidacareny.org\/wp-content\/uploads\/sites\/2\/ac-brochure-2025-08-PrEP-PEP-V7_spa-US_Page_1.jpg\" class=\"yoast-seo-meta-tag\" \/>\n\t<meta property=\"og:image:width\" content=\"253\" class=\"yoast-seo-meta-tag\" \/>\n\t<meta property=\"og:image:height\" content=\"626\" class=\"yoast-seo-meta-tag\" \/>\n\t<meta property=\"og:image:type\" content=\"image\/jpeg\" class=\"yoast-seo-meta-tag\" \/>\n<meta name=\"twitter:card\" content=\"summary_large_image\" class=\"yoast-seo-meta-tag\" \/>\n<meta name=\"twitter:label1\" content=\"Tiempo de lectura\" class=\"yoast-seo-meta-tag\" \/>\n\t<meta name=\"twitter:data1\" content=\"8 minutos\" class=\"yoast-seo-meta-tag\" \/>\n<script type=\"application\/ld+json\" class=\"yoast-schema-graph\">{\"@context\":\"https:\\\/\\\/schema.org\",\"@graph\":[{\"@type\":\"WebPage\",\"@id\":\"https:\\\/\\\/www.amidacareny.org\\\/es\\\/servicios-de-salud-sexual-y-prevencion-del-vih\\\/\",\"url\":\"https:\\\/\\\/www.amidacareny.org\\\/es\\\/servicios-de-salud-sexual-y-prevencion-del-vih\\\/\",\"name\":\"Servicios de salud sexual y prevenci\u00f3n del VIH - Amida Care: Espanol\",\"isPartOf\":{\"@id\":\"https:\\\/\\\/www.amidacareny.org\\\/es\\\/#website\"},\"primaryImageOfPage\":{\"@id\":\"https:\\\/\\\/www.amidacareny.org\\\/es\\\/servicios-de-salud-sexual-y-prevencion-del-vih\\\/#primaryimage\"},\"image\":{\"@id\":\"https:\\\/\\\/www.amidacareny.org\\\/es\\\/servicios-de-salud-sexual-y-prevencion-del-vih\\\/#primaryimage\"},\"thumbnailUrl\":\"https:\\\/\\\/www.amidacareny.org\\\/wp-content\\\/uploads\\\/sites\\\/2\\\/ac-brochure-2025-08-PrEP-PEP-V7_spa-US_Page_1-121x300.jpg\",\"datePublished\":\"2025-03-14T21:45:36+00:00\",\"dateModified\":\"2025-11-18T15:54:52+00:00\",\"breadcrumb\":{\"@id\":\"https:\\\/\\\/www.amidacareny.org\\\/es\\\/servicios-de-salud-sexual-y-prevencion-del-vih\\\/#breadcrumb\"},\"inLanguage\":\"es\",\"potentialAction\":[{\"@type\":\"ReadAction\",\"target\":[\"https:\\\/\\\/www.amidacareny.org\\\/es\\\/servicios-de-salud-sexual-y-prevencion-del-vih\\\/\"]}]},{\"@type\":\"ImageObject\",\"inLanguage\":\"es\",\"@id\":\"https:\\\/\\\/www.amidacareny.org\\\/es\\\/servicios-de-salud-sexual-y-prevencion-del-vih\\\/#primaryimage\",\"url\":\"https:\\\/\\\/www.amidacareny.org\\\/wp-content\\\/uploads\\\/sites\\\/2\\\/ac-brochure-2025-08-PrEP-PEP-V7_spa-US_Page_1-121x300.jpg\",\"contentUrl\":\"https:\\\/\\\/www.amidacareny.org\\\/wp-content\\\/uploads\\\/sites\\\/2\\\/ac-brochure-2025-08-PrEP-PEP-V7_spa-US_Page_1-121x300.jpg\"},{\"@type\":\"BreadcrumbList\",\"@id\":\"https:\\\/\\\/www.amidacareny.org\\\/es\\\/servicios-de-salud-sexual-y-prevencion-del-vih\\\/#breadcrumb\",\"itemListElement\":[{\"@type\":\"ListItem\",\"position\":1,\"name\":\"Portada\",\"item\":\"https:\\\/\\\/www.amidacareny.org\\\/es\\\/\"},{\"@type\":\"ListItem\",\"position\":2,\"name\":\"Servicios de salud sexual y prevenci\u00f3n del VIH\"}]},{\"@type\":\"WebSite\",\"@id\":\"https:\\\/\\\/www.amidacareny.org\\\/es\\\/#website\",\"url\":\"https:\\\/\\\/www.amidacareny.org\\\/es\\\/\",\"name\":\"Amida Care: Espanol\",\"description\":\"Proveedor de planes de salud sin fines de lucro en NYC.\",\"potentialAction\":[{\"@type\":\"SearchAction\",\"target\":{\"@type\":\"EntryPoint\",\"urlTemplate\":\"https:\\\/\\\/www.amidacareny.org\\\/es\\\/?s={search_term_string}\"},\"query-input\":{\"@type\":\"PropertyValueSpecification\",\"valueRequired\":true,\"valueName\":\"search_term_string\"}}],\"inLanguage\":\"es\"}]}<\/script>\n<!-- \/ Yoast SEO plugin. -->","yoast_head_json":{"title":"Servicios de salud sexual y prevenci\u00f3n del VIH - Amida Care: Espanol","robots":{"index":"index","follow":"follow","max-snippet":"max-snippet:-1","max-image-preview":"max-image-preview:large","max-video-preview":"max-video-preview:-1"},"canonical":"https:\/\/www.amidacareny.org\/es\/servicios-de-salud-sexual-y-prevencion-del-vih\/","og_locale":"es_ES","og_type":"article","og_title":"Servicios de salud sexual y prevenci\u00f3n del VIH - Amida Care: Espanol","og_description":"La importancia de la salud sexual y las pruebas de ITS\u00a0 Toda persona sexualmente activa debe asegurarse de hacerse pruebas peri\u00f3dicas de infecciones de transmisi\u00f3n...","og_url":"https:\/\/www.amidacareny.org\/es\/servicios-de-salud-sexual-y-prevencion-del-vih\/","og_site_name":"Amida Care: Espanol","article_modified_time":"2025-11-18T15:54:52+00:00","og_image":[{"width":253,"height":626,"url":"https:\/\/www.amidacareny.org\/wp-content\/uploads\/sites\/2\/ac-brochure-2025-08-PrEP-PEP-V7_spa-US_Page_1.jpg","type":"image\/jpeg"}],"twitter_card":"summary_large_image","twitter_misc":{"Tiempo de lectura":"8 minutos"},"schema":{"@context":"https:\/\/schema.org","@graph":[{"@type":"WebPage","@id":"https:\/\/www.amidacareny.org\/es\/servicios-de-salud-sexual-y-prevencion-del-vih\/","url":"https:\/\/www.amidacareny.org\/es\/servicios-de-salud-sexual-y-prevencion-del-vih\/","name":"Servicios de salud sexual y prevenci\u00f3n del VIH - Amida Care: Espanol","isPartOf":{"@id":"https:\/\/www.amidacareny.org\/es\/#website"},"primaryImageOfPage":{"@id":"https:\/\/www.amidacareny.org\/es\/servicios-de-salud-sexual-y-prevencion-del-vih\/#primaryimage"},"image":{"@id":"https:\/\/www.amidacareny.org\/es\/servicios-de-salud-sexual-y-prevencion-del-vih\/#primaryimage"},"thumbnailUrl":"https:\/\/www.amidacareny.org\/wp-content\/uploads\/sites\/2\/ac-brochure-2025-08-PrEP-PEP-V7_spa-US_Page_1-121x300.jpg","datePublished":"2025-03-14T21:45:36+00:00","dateModified":"2025-11-18T15:54:52+00:00","breadcrumb":{"@id":"https:\/\/www.amidacareny.org\/es\/servicios-de-salud-sexual-y-prevencion-del-vih\/#breadcrumb"},"inLanguage":"es","potentialAction":[{"@type":"ReadAction","target":["https:\/\/www.amidacareny.org\/es\/servicios-de-salud-sexual-y-prevencion-del-vih\/"]}]},{"@type":"ImageObject","inLanguage":"es","@id":"https:\/\/www.amidacareny.org\/es\/servicios-de-salud-sexual-y-prevencion-del-vih\/#primaryimage","url":"https:\/\/www.amidacareny.org\/wp-content\/uploads\/sites\/2\/ac-brochure-2025-08-PrEP-PEP-V7_spa-US_Page_1-121x300.jpg","contentUrl":"https:\/\/www.amidacareny.org\/wp-content\/uploads\/sites\/2\/ac-brochure-2025-08-PrEP-PEP-V7_spa-US_Page_1-121x300.jpg"},{"@type":"BreadcrumbList","@id":"https:\/\/www.amidacareny.org\/es\/servicios-de-salud-sexual-y-prevencion-del-vih\/#breadcrumb","itemListElement":[{"@type":"ListItem","position":1,"name":"Portada","item":"https:\/\/www.amidacareny.org\/es\/"},{"@type":"ListItem","position":2,"name":"Servicios de salud sexual y prevenci\u00f3n del VIH"}]},{"@type":"WebSite","@id":"https:\/\/www.amidacareny.org\/es\/#website","url":"https:\/\/www.amidacareny.org\/es\/","name":"Amida Care: Espanol","description":"Proveedor de planes de salud sin fines de lucro en NYC.","potentialAction":[{"@type":"SearchAction","target":{"@type":"EntryPoint","urlTemplate":"https:\/\/www.amidacareny.org\/es\/?s={search_term_string}"},"query-input":{"@type":"PropertyValueSpecification","valueRequired":true,"valueName":"search_term_string"}}],"inLanguage":"es"}]}},"_links":{"self":[{"href":"https:\/\/www.amidacareny.org\/es\/wp-json\/wp\/v2\/pages\/5860","targetHints":{"allow":["GET"]}}],"collection":[{"href":"https:\/\/www.amidacareny.org\/es\/wp-json\/wp\/v2\/pages"}],"about":[{"href":"https:\/\/www.amidacareny.org\/es\/wp-json\/wp\/v2\/types\/page"}],"author":[{"embeddable":true,"href":"https:\/\/www.amidacareny.org\/es\/wp-json\/wp\/v2\/users\/18"}],"replies":[{"embeddable":true,"href":"https:\/\/www.amidacareny.org\/es\/wp-json\/wp\/v2\/comments?post=5860"}],"version-history":[{"count":0,"href":"https:\/\/www.amidacareny.org\/es\/wp-json\/wp\/v2\/pages\/5860\/revisions"}],"wp:attachment":[{"href":"https:\/\/www.amidacareny.org\/es\/wp-json\/wp\/v2\/media?parent=5860"}],"curies":[{"name":"wp","href":"https:\/\/api.w.org\/{rel}","templated":true}]}}