{"id":700,"date":"2016-03-14T15:08:07","date_gmt":"2016-03-14T15:08:07","guid":{"rendered":"https:\/\/www.amidacareny.org\/es\/?page_id=700"},"modified":"2018-01-26T15:32:22","modified_gmt":"2018-01-26T20:32:22","slug":"terminos-de-uso","status":"publish","type":"page","link":"https:\/\/www.amidacareny.org\/es\/terminos-de-uso\/","title":{"rendered":"T\u00e9rminos de Uso"},"content":{"rendered":"<h2>T\u00e9rminos de Uso de Amida Care<\/h2>\n<p><strong>Introducci\u00f3n<\/strong><br \/>\nEstos T\u00e9rminos de Uso describen los t\u00e9rminos y condiciones por los cuales el visitante (\u00abtu\u00bb) puedes acceder y usar este portal de Internet. AL ACCEDER A ESTE PORTAL DE INTERNET O CUALQUIER CONTENIDO DE ESTE PORTAL WEB, TE COMPROMETES A ADHERIRTE A ESTOS T\u00c9RMINOS DE USO.<\/p>\n<p>Tal como se utiliza en estos T\u00e9rminos de Uso, los t\u00e9rminos como \u00abnosotros\u00bb y \u00abnuestro\u00bb se refieren a Amida Care, Inc. (\u00abAmida Care\u00bb) y sus entidades afiliadas actuales y futuras.<\/p>\n<p><strong>Propiedad<\/strong><br \/>\nToda la informaci\u00f3n, propiedad intelectual, materiales y otros contenidos en este portal de Internet (\u00abContenido\u00bb) son propiedad de Amida Care o, seg\u00fan corresponda, sus licenciantes terceros. Amida Care y sus licenciantes, conservan todos los derechos de propiedad del contenido, que est\u00e1 protegido por las Leyes de Propiedad Intelectual aplicables.<\/p>\n<p>El nombre, logo y todas las dem\u00e1s marcas comerciales, marcas de servicio, nombres comerciales, logo y nombres de dominio (nombre e hilo de autonom\u00eda administrativa en la Red Internet) que aparecen en este portal web, registrados o no, son propiedad de Amida Care o, seg\u00fan corresponda, sus licenciantes. Nada en este portal web te otorga a ti, ni a ninguna persona, ning\u00fan derecho o licencia para usar o modificar cualquier contenido en este portal web.<\/p>\n<p>Excepto por lo expresamente autorizado por nosotros, no puedes usar, alterar, modificar, copiar, reproducir, publicar, republicar, cargar, descargar, divulgar (post) o re-divulgar (repost), representar en p\u00fablico, transmitir, retransmitir o distribuir de ninguna manera, cualquier contenido de este portal web.<\/p>\n<p><strong>Declaraci\u00f3n de Privacidad<\/strong><br \/>\nMientras utilizar este portal web podr\u00edas proporcionarnos cierta informaci\u00f3n personal. El uso de esta informaci\u00f3n personal se regir\u00e1 por nuestra Declaraci\u00f3n de Privacidad, que se incorpora aqu\u00ed como referencia.<\/p>\n<p><strong>Representaciones<\/strong><br \/>\nTu declaras, garantizas y prometes NO participar en ninguna de las siguientes actividades, que est\u00e1n estrictamente prohibidas y constituyen un incumplimiento sustancial a estos T\u00e9rminos de Uso:<\/p>\n<ul>\n<li>Usar este portal web para cualquier prop\u00f3sito en violaci\u00f3n de cualquier ley aplicable;<\/li>\n<li>Interferir o interrumpir cualquier servidor o red utilizada para el funcionamiento del portal web, o desobedecer los requisitos, procedimientos, normas y reglamentos de las redes utilizadas para operar el portal web;<\/li>\n<li>Usar el portal web para tomar la identidad de cualquier persona o entidad, o declarar falsamente o tergiversar tu afiliaci\u00f3n con una persona o entidad;<\/li>\n<li>Obtener acceso no autorizado al portal web, o a cualquier cuenta, sistema inform\u00e1tico o red vinculados a este portal web, por medio de pirater\u00eda, extracci\u00f3n de contrase\u00f1as u otros medios no \u00e9ticos o ilegales;<\/li>\n<li>Recopilar informaci\u00f3n sobre otros sin su consentimiento; o<\/li>\n<li>Participar en cualquier otra conducta que sea contraria al prop\u00f3sito o la naturaleza de este portal web, o seg\u00fan lo determine Amida Care, a su total discreci\u00f3n, que exponga a cualquier persona o entidad a alguna responsabilidad o da\u00f1os.<\/li>\n<\/ul>\n<p><strong>No ventas ni endosos<\/strong><br \/>\nNada en este portal web debe interpretarse como un pedido (solicitud) u oferta para comprar cobertura de Amida Care. Las descripciones de los planes y servicios brindados en este portal web no pretenden constituir ofertas para ventas o pedidos (solicitudes) relacionados con ning\u00fan plan o servicio. Todos los planes no est\u00e1n disponibles en todas las \u00e1reas y est\u00e1n sujetos a las regulaciones locales aplicables. Los planes y servicios se proporcionar\u00e1n seg\u00fan los t\u00e9rminos de los contratos por separado, incluso limitaciones y exclusiones.<\/p>\n<p>No representamos ni promovemos la precisi\u00f3n o confiabilidad de ning\u00fan consejo, opini\u00f3n, declaraci\u00f3n, ni ning\u00fan otro contenido distribuido o de otra forma accesible en o a trav\u00e9s de este portal web. Tu reconoces que cualquier confiabilidad en la informaci\u00f3n brindada en este portal web, ser\u00e1 bajo tu propio riesgo. Nos reservamos el derecho, a nuestro exclusivo criterio, de corregir cualquier error u omisi\u00f3n en cualquier parte de este portal web.<\/p>\n<p>La informaci\u00f3n de salud contenida en este portal web es de naturaleza general y no sustituye la atenci\u00f3n m\u00e9dica profesional. No est\u00e1 destinado a reemplazar el consejo de profesionales de la salud. Si tienes necesidades espec\u00edficas de atenci\u00f3n m\u00e9dica o de informaci\u00f3n de salud completa, consulta a un m\u00e9dico u otro proveedor de atenci\u00f3n m\u00e9dica.<\/p>\n<p>Algunas declaraciones en este portal web se pueden considerar prospectivas. Estas declaraciones prospectivas se han actualizado solo hasta la fecha de su publicaci\u00f3n original y no se han actualizado necesariamente despu\u00e9s de la publicaci\u00f3n original. Los factores de riesgo importantes podr\u00edan causar que los resultados futuros reales y otros eventos futuros, difieran materialmente de los estimados por Amida Care en el presente.<\/p>\n<p><strong>Enlazando a Otros Portales Web<\/strong><br \/>\nDe vez en cuando proporcionaremos enlaces a otros portales web que Amida Care no posee ni controla. Hacemos esto porque creemos que estos recursos externos podr\u00edan ser de tu inter\u00e9s o utilidad. No revisamos, respaldamos, aprobamos ni ejercemos ning\u00fan control sobre el contenido de los portales web vinculados. No hacemos ning\u00fan reclamo ni representaci\u00f3n con respecto a, y no aceptamos ninguna responsabilidad por, la calidad, el contenido, la naturaleza o la confiabilidad de los portales web a los que se puede acceder mediante un enlace desde este portal web o los portales web que enlazan con este portal web. El uso de dichos portales web es bajo tu responsabilidad y est\u00e1 sujeto a los t\u00e9rminos y condiciones aplicables a dichos portales web. Amida Care no controla, respalda, promociona ni tiene ninguna afiliaci\u00f3n con ning\u00fan otro portal web a menos que se indique expresamente.<\/p>\n<p><strong>Aviso de Garant\u00eda<\/strong><br \/>\nLas palabras y la informaci\u00f3n contenida en este portal web son solo informativas. El funcionamiento de este portal web y cualquier contenido en este portal web se proporciona \u00abTAL CUAL\u00bb sin garant\u00eda de ning\u00fan tipo, ya sea expresada o insinuada, incluyendo mas no limitado, a las garant\u00edas impl\u00edcitas de comerciabilidad, capacidad para un prop\u00f3sito particular y no infracci\u00f3n. NO OFRECEMOS NINGUNA GARANT\u00cdA DE NING\u00daN TIPO CON RESPECTO AL FUNCIONAMIENTO DE ESTE PORTAL WEB O LA INFORMACI\u00d3N CONTENIDA EN ESTE PORTAL WEB, O CUALQUIER OTRO PORTAL WEB VINCULADO A \u00c9STE DE CUALQUIER FORMA. NO ASUMIMOS NINGUNA RESPONSABILIDAD POR NINGUNA DECISI\u00d3N O ACCI\u00d3N TOMADA EN CONFIANZA BASADO EN EL CONTENIDO, LA INFORMACI\u00d3N O LOS SERVICIOS OBTENIDOS A TRAV\u00c9S DEL USO DE ESTE PORTAL WEB. AMIDA CARE NO DECLARA NI GARANTIZA QUE ESTE PORTAL WEB FUNCIONAR\u00c1, ESTAR\u00c1 DISPONIBLE, ACCESIBLE, ININTERRUMPIDO, OPORTUNO, SEGURO, EXACTO, COMPLETO, LIBRE DE ERRORES O SIN VIRUS. AMIDA CARE TAMPOCO GARANTIZA LOS RESULTADOS QUE SE PUEDAN OBTENER DEL USO DEL PORTAL WEB.<\/p>\n<p><strong>Limitation Of Liability<\/strong><br \/>\nEN NINGUNA CIRCUNSTANCIA, AMIDA CARE SER\u00c1 RESPONSABLE ANTE TI O CUALQUIER TERCERO POR P\u00c9RDIDAS, O DA\u00d1OS Y PERJUICIOS, INCLUYENDO DA\u00d1OS DIRECTOS, INDIRECTOS, INCIDENTALES, ESPECIALES O DE OTRA \u00cdNDOLE, QUE SURJAN DE CUALQUIER USO DE ESTE PORTAL WEB O DE CUALQUIER OTRO PORTAL WEB VINCULADO, INCLUYENDO, SIN LIMITACI\u00d3N, CUALQUIER P\u00c9RDIDA DE GANANCIAS, P\u00c9RDIDA DE INFORMACI\u00d3N DE NEGOCIOS, INTERRUPCI\u00d3N DE NEGOCIOS, PROGRAMAS DE COMPUTADORAS QUE INFRINJAN LA SEGURIDAD (TROJAN HORSES), VIRUS INFORM\u00c1TICOS, P\u00c9RDIDA DE PROGRAMAS O DATOS, O DE OTROS MODOS, AUNQUE SE NOS HAYA INFORMADO EXPRESAMENTE SOBRE LA POSIBILIDAD O PROBABILIDAD DE DICHOS DA\u00d1OS. LA RESPONSABILIDAD DE AMIDA CARE Y LA RESPONSABILIDAD DE SUS AFILIADOS, Y SUS REPRESENTANTES, DIRECTORES, EMPLEADOS Y AGENTES PARA TI O CUALQUIER TERCERO EN CUALQUIER CIRCUNSTANCIA QUE SURJA BAJO EL USO DE ESTE PORTAL WEB, SE LIMITAR\u00c1 A $100<\/p>\n<p><strong>Indemnizaci\u00f3n<\/strong><br \/>\nAl usar este portal aceptas indemnizar y eximir de responsabilidad a Amida Care, sus afiliados y sus directores, funcionarios, empleados y agentes, de y contra todos los reclamos y gastos (incluidos los honorarios razonables de abogados) que surjan de tu uso de este portal web o que violen estos T\u00e9rminos de Uso.<\/p>\n<p><strong>Ley Aplicable<\/strong><br \/>\nThese Terms of Use are governed by and to be construed under New York law, without respect to its conflict of laws principles. You agree that any disputes shall be subject to the exclusive jurisdiction of the New York courts.<\/p>\n<p><strong>Cambios a este Portal Web<\/strong><br \/>\nEstos T\u00e9rminos de Uso son efectivos a partir del 21 de octubre del 2013. Es posible que debamos actualizar estos T\u00e9rminos de Uso ocasionalmente sin notific\u00e1rtelo. Publicaremos los cambios en los T\u00e9rminos de Uso en el portal web, aunque es tu responsabilidad revisar estos T\u00e9rminos de Uso en las visitas posteriores al portal web y mantenerte informado de los cambios. Tu uso y acceso continuo del portal web constituye un acuerdo con las actualizaciones posteriores.<\/p>\n<p><strong>Cont\u00e1ctanos<\/strong><br \/>\nPuedes contactarnos por:<br \/>\nCorreo electr\u00f3nico: <a href=\"mailto:compliance@amidacareny.org\">compliance@amidacareny.org<\/a><br \/>\nTel\u00e9fono: 646-757-7000<\/p>\n<p>Correo postal::<br \/>\nAmida Care<br \/>\nAttn: Chief Compliance and Privacy Officer<br \/>\n14 Penn Plaza, 2nd floor<br \/>\nNew York, NY 10122<\/p>\n","protected":false},"excerpt":{"rendered":"<p>T\u00e9rminos de Uso de Amida Care Introducci\u00f3n Estos T\u00e9rminos de Uso describen los t\u00e9rminos y condiciones por los cuales el visitante (\u00abtu\u00bb) puedes acceder y&#8230;<\/p>\n","protected":false},"author":1,"featured_media":0,"parent":0,"menu_order":400,"comment_status":"closed","ping_status":"closed","template":"","meta":{"_acf_changed":false,"footnotes":""},"class_list":["post-700","page","type-page","status-publish","hentry"],"acf":[],"yoast_head":"<!-- This site is optimized with the Yoast SEO plugin v27.3 - https:\/\/yoast.com\/product\/yoast-seo-wordpress\/ -->\n<title>T\u00e9rminos de Uso | Amida Care: Espa\u00f1ol<\/title>\n<meta name=\"description\" content=\"View the terms and conditions the visitor agrees to in order to access and use the Amida Care website.\" class=\"yoast-seo-meta-tag\" \/>\n<meta name=\"robots\" content=\"index, follow, max-snippet:-1, max-image-preview:large, max-video-preview:-1\" \/>\n<link rel=\"canonical\" href=\"https:\/\/www.amidacareny.org\/es\/terminos-de-uso\/\" class=\"yoast-seo-meta-tag\" \/>\n<meta property=\"og:locale\" content=\"es_ES\" class=\"yoast-seo-meta-tag\" \/>\n<meta property=\"og:type\" content=\"article\" class=\"yoast-seo-meta-tag\" \/>\n<meta property=\"og:title\" content=\"T\u00e9rminos de Uso | Amida Care: Espa\u00f1ol\" class=\"yoast-seo-meta-tag\" \/>\n<meta property=\"og:description\" content=\"View the terms and conditions the visitor agrees to in order to access and use the Amida Care website.\" class=\"yoast-seo-meta-tag\" \/>\n<meta property=\"og:url\" content=\"https:\/\/www.amidacareny.org\/es\/terminos-de-uso\/\" class=\"yoast-seo-meta-tag\" \/>\n<meta property=\"og:site_name\" content=\"Amida Care: Espanol\" class=\"yoast-seo-meta-tag\" \/>\n<meta property=\"article:modified_time\" content=\"2018-01-26T20:32:22+00:00\" class=\"yoast-seo-meta-tag\" \/>\n<meta name=\"twitter:card\" content=\"summary_large_image\" class=\"yoast-seo-meta-tag\" \/>\n<meta name=\"twitter:label1\" content=\"Tiempo de lectura\" class=\"yoast-seo-meta-tag\" \/>\n\t<meta name=\"twitter:data1\" content=\"7 minutos\" class=\"yoast-seo-meta-tag\" \/>\n<script type=\"application\/ld+json\" class=\"yoast-schema-graph\">{\"@context\":\"https:\\\/\\\/schema.org\",\"@graph\":[{\"@type\":\"WebPage\",\"@id\":\"https:\\\/\\\/www.amidacareny.org\\\/es\\\/terminos-de-uso\\\/\",\"url\":\"https:\\\/\\\/www.amidacareny.org\\\/es\\\/terminos-de-uso\\\/\",\"name\":\"T\u00e9rminos de Uso | Amida Care: Espa\u00f1ol\",\"isPartOf\":{\"@id\":\"https:\\\/\\\/www.amidacareny.org\\\/es\\\/#website\"},\"datePublished\":\"2016-03-14T15:08:07+00:00\",\"dateModified\":\"2018-01-26T20:32:22+00:00\",\"description\":\"View the terms and conditions the visitor agrees to in order to access and use the Amida Care website.\",\"breadcrumb\":{\"@id\":\"https:\\\/\\\/www.amidacareny.org\\\/es\\\/terminos-de-uso\\\/#breadcrumb\"},\"inLanguage\":\"es\",\"potentialAction\":[{\"@type\":\"ReadAction\",\"target\":[\"https:\\\/\\\/www.amidacareny.org\\\/es\\\/terminos-de-uso\\\/\"]}]},{\"@type\":\"BreadcrumbList\",\"@id\":\"https:\\\/\\\/www.amidacareny.org\\\/es\\\/terminos-de-uso\\\/#breadcrumb\",\"itemListElement\":[{\"@type\":\"ListItem\",\"position\":1,\"name\":\"Portada\",\"item\":\"https:\\\/\\\/www.amidacareny.org\\\/es\\\/\"},{\"@type\":\"ListItem\",\"position\":2,\"name\":\"T\u00e9rminos de Uso\"}]},{\"@type\":\"WebSite\",\"@id\":\"https:\\\/\\\/www.amidacareny.org\\\/es\\\/#website\",\"url\":\"https:\\\/\\\/www.amidacareny.org\\\/es\\\/\",\"name\":\"Amida Care: Espanol\",\"description\":\"Proveedor de planes de salud sin fines de lucro en NYC.\",\"potentialAction\":[{\"@type\":\"SearchAction\",\"target\":{\"@type\":\"EntryPoint\",\"urlTemplate\":\"https:\\\/\\\/www.amidacareny.org\\\/es\\\/?s={search_term_string}\"},\"query-input\":{\"@type\":\"PropertyValueSpecification\",\"valueRequired\":true,\"valueName\":\"search_term_string\"}}],\"inLanguage\":\"es\"}]}<\/script>\n<!-- \/ Yoast SEO plugin. -->","yoast_head_json":{"title":"T\u00e9rminos de Uso | Amida Care: Espa\u00f1ol","description":"View the terms and conditions the visitor agrees to in order to access and use the Amida Care website.","robots":{"index":"index","follow":"follow","max-snippet":"max-snippet:-1","max-image-preview":"max-image-preview:large","max-video-preview":"max-video-preview:-1"},"canonical":"https:\/\/www.amidacareny.org\/es\/terminos-de-uso\/","og_locale":"es_ES","og_type":"article","og_title":"T\u00e9rminos de Uso | Amida Care: Espa\u00f1ol","og_description":"View the terms and conditions the visitor agrees to in order to access and use the Amida Care website.","og_url":"https:\/\/www.amidacareny.org\/es\/terminos-de-uso\/","og_site_name":"Amida Care: Espanol","article_modified_time":"2018-01-26T20:32:22+00:00","twitter_card":"summary_large_image","twitter_misc":{"Tiempo de lectura":"7 minutos"},"schema":{"@context":"https:\/\/schema.org","@graph":[{"@type":"WebPage","@id":"https:\/\/www.amidacareny.org\/es\/terminos-de-uso\/","url":"https:\/\/www.amidacareny.org\/es\/terminos-de-uso\/","name":"T\u00e9rminos de Uso | Amida Care: Espa\u00f1ol","isPartOf":{"@id":"https:\/\/www.amidacareny.org\/es\/#website"},"datePublished":"2016-03-14T15:08:07+00:00","dateModified":"2018-01-26T20:32:22+00:00","description":"View the terms and conditions the visitor agrees to in order to access and use the Amida Care website.","breadcrumb":{"@id":"https:\/\/www.amidacareny.org\/es\/terminos-de-uso\/#breadcrumb"},"inLanguage":"es","potentialAction":[{"@type":"ReadAction","target":["https:\/\/www.amidacareny.org\/es\/terminos-de-uso\/"]}]},{"@type":"BreadcrumbList","@id":"https:\/\/www.amidacareny.org\/es\/terminos-de-uso\/#breadcrumb","itemListElement":[{"@type":"ListItem","position":1,"name":"Portada","item":"https:\/\/www.amidacareny.org\/es\/"},{"@type":"ListItem","position":2,"name":"T\u00e9rminos de Uso"}]},{"@type":"WebSite","@id":"https:\/\/www.amidacareny.org\/es\/#website","url":"https:\/\/www.amidacareny.org\/es\/","name":"Amida Care: Espanol","description":"Proveedor de planes de salud sin fines de lucro en NYC.","potentialAction":[{"@type":"SearchAction","target":{"@type":"EntryPoint","urlTemplate":"https:\/\/www.amidacareny.org\/es\/?s={search_term_string}"},"query-input":{"@type":"PropertyValueSpecification","valueRequired":true,"valueName":"search_term_string"}}],"inLanguage":"es"}]}},"_links":{"self":[{"href":"https:\/\/www.amidacareny.org\/es\/wp-json\/wp\/v2\/pages\/700","targetHints":{"allow":["GET"]}}],"collection":[{"href":"https:\/\/www.amidacareny.org\/es\/wp-json\/wp\/v2\/pages"}],"about":[{"href":"https:\/\/www.amidacareny.org\/es\/wp-json\/wp\/v2\/types\/page"}],"author":[{"embeddable":true,"href":"https:\/\/www.amidacareny.org\/es\/wp-json\/wp\/v2\/users\/1"}],"replies":[{"embeddable":true,"href":"https:\/\/www.amidacareny.org\/es\/wp-json\/wp\/v2\/comments?post=700"}],"version-history":[{"count":0,"href":"https:\/\/www.amidacareny.org\/es\/wp-json\/wp\/v2\/pages\/700\/revisions"}],"wp:attachment":[{"href":"https:\/\/www.amidacareny.org\/es\/wp-json\/wp\/v2\/media?parent=700"}],"curies":[{"name":"wp","href":"https:\/\/api.w.org\/{rel}","templated":true}]}}