{"id":803,"date":"2016-05-18T16:21:04","date_gmt":"2016-05-18T16:21:04","guid":{"rendered":"https:\/\/www.amidacareny.org\/es\/?page_id=803"},"modified":"2025-03-14T18:17:03","modified_gmt":"2025-03-14T22:17:03","slug":"salud-del-comportamiento","status":"publish","type":"page","link":"https:\/\/www.amidacareny.org\/es\/nuestro-plan-medicaid-live-life-plus\/salud-del-comportamiento\/","title":{"rendered":"Salud del Comportamiento"},"content":{"rendered":"<h2>Salud del comportamiento<\/h2>\n<p><a href=\"https:\/\/www.amidacareny.org\/wp-content\/uploads\/sites\/2\/Counseling-1.jpg\"><img loading=\"lazy\" decoding=\"async\" class=\"size-medium wp-image-970 alignright\" src=\"https:\/\/www.amidacareny.org\/wp-content\/uploads\/sites\/2\/Counseling-1-300x200.jpg\" alt=\"counseling\" width=\"300\" height=\"200\" srcset=\"https:\/\/www.amidacareny.org\/wp-content\/uploads\/sites\/2\/Counseling-1-300x200.jpg 300w, https:\/\/www.amidacareny.org\/wp-content\/uploads\/sites\/2\/Counseling-1-100x67.jpg 100w, https:\/\/www.amidacareny.org\/wp-content\/uploads\/sites\/2\/Counseling-1.jpg 600w\" sizes=\"auto, (max-width: 300px) 100vw, 300px\" \/><\/a>La atenci\u00f3n de salud conductual incluye servicios de rehabilitaci\u00f3n y tratamiento de salud mental y consumo de sustancias (alcohol y drogas). \u00a0Todos nuestros <a href=\"https:\/\/amidastg.wpengine.com\/for-members\/\">socios<\/a> tienen acceso a servicios de ayuda con la salud emocional o con problemas de consumo de alcohol u otras sustancias. Amida Care se asocia con Carelon Behavioral Health* (antes Beacon Health Options) para coordinar la atenci\u00f3n de salud conductual y la gesti\u00f3n de casos de salud conductual, garantizando as\u00ed la m\u00e1s alta calidad de atenci\u00f3n para todas las necesidades de sus socios.<\/p>\n<p>Estos servicios pueden incluir, entre otros:<\/p>\n<p><b>Cuidados de la salud mental<\/b><\/p>\n<ul>\n<li>Tratamiento de salud mental para pacientes hospitalizados y ambulatorios<\/li>\n<li>Atenci\u00f3n hospitalaria parcial<\/li>\n<li>Servicios de rehabilitaci\u00f3n si te encuentras en un hogar comunitario o en tratamiento centrado en la familia<\/li>\n<li>Tratamiento diurno continuo<\/li>\n<li>Servicios personalizados de recuperaci\u00f3n (Personalized recovery oriented services, PROS)<\/li>\n<li>Servicios de Tratamiento Asertivo en la Comunidad (Assertive Community Treatment, ACT)<\/li>\n<li>Terapia individual y de grupo<\/li>\n<li>Servicios de intervenci\u00f3n en crisis<\/li>\n<\/ul>\n<p><b>Trastornos por consumo de sustancias<\/b><\/p>\n<ul>\n<li>Tratamiento de trastornos por consumo de sustancias (alcohol y drogas) para pacientes hospitalizados y ambulatorios<\/li>\n<li>Servicios de desintoxicaci\u00f3n para pacientes hospitalizados y ambulatorios<\/li>\n<li>Programas para el tratamiento con opioides, incluido el tratamiento de mantenimiento con metadona<\/li>\n<li>Tratamiento residencial de trastornos por consumo de sustancias<\/li>\n<\/ul>\n<p>* Para obtener m\u00e1s informaci\u00f3n, llama a Carelon Behavioral Health al 1-800-866-714 o visita <a href=\"http:\/\/www.carelonbehavioralhealth.com\">www.carelonbehavioralhealth.com<\/a>.<\/p>\n<h3>Servicios de Recuperaci\u00f3n y Empoderamiento Orientados a la Comunidad (Community Oriented Recovery and Empowerment Services, CORE)<\/h3>\n<p>Si necesitas ayuda para vivir de manera independiente en la comunidad, Amida Care ofrece un servicio adicional llamado Servicios de Recuperaci\u00f3n y Empoderamiento Orientados a la Comunidad (Community Oriented Recovery and Empowerment Services, CORE). Este servicio puede ayudarte a permanecer fuera del hospital y vivir en la comunidad. Algunos servicios pueden ayudarte a alcanzar tus objetivos de vida para el empleo, la escuela u otras \u00e1reas de tu vida.<\/p>\n<p>Los servicios CORE incluyen:<\/p>\n<ul>\n<li>Apoyo y Tratamiento Psiqui\u00e1trico en la Comunidad (Community Psychiatric Supports and Treatment, CPST)<\/li>\n<li>Servicios de empoderamiento \u2013 Apoyo entre pares<\/li>\n<li>Apoyo familiar y capacitaci\u00f3n (Family Support and Training, FST)<\/li>\n<li>Rehabilitaci\u00f3n psicosocial (Psychosocial Rehabilitation, PSR)<\/li>\n<\/ul>\n<p><b>Servicios Comunitarios de Atenci\u00f3n de Salud Conductual en el Hogar (BH HCBS)**<\/b><\/p>\n<p>Si necesitas ayuda para sustentar tu vida en la comunidad, Amida Care brinda servicios adicionales, llamados Servicios Comunitarios de Atenci\u00f3n de Salud Conductual en el Hogar (BH HCBS). Este servicio puede ayudarte a permanecer fuera del hospital y vivir en la comunidad. Algunos servicios pueden ayudarte a alcanzar tus objetivos de vida para el empleo, la escuela u otras \u00e1reas de tu vida.<\/p>\n<p>Los servicios BH HCBS incluyen:<\/p>\n<ul>\n<li>Habilitaci\u00f3n<\/li>\n<li>Servicios de Apoyo Educativo<\/li>\n<li>Servicios prevocacionales<\/li>\n<li>Empleo transitorio<\/li>\n<li>Empleo intensivo con apoyo<\/li>\n<li>Empleo continuo con apoyo<\/li>\n<li>Transporte no m\u00e9dico<\/li>\n<\/ul>\n<p>**Solo para socios elegibles de HARP, si calificas Para obtener m\u00e1s informaci\u00f3n, consulta las <a href=\"https:\/\/amidastg.wpengine.com\/wp-content\/uploads\/2024-Member-Handbook-Eng_061224_web.pdf#page=37\">p\u00e1ginas 36-38<\/a> del <a href=\"https:\/\/amidastg.wpengine.com\/wp-content\/uploads\/2024-Member-Handbook-Eng_061224_web.pdf\">Manual para Socios<\/a> o llama a Carelon Behavioral Health al 1-800-866-664-7142.<\/p>\n<p><b>Servicios residenciales para situaciones de crisis para adultos y ni\u00f1os<\/b><\/p>\n<p>Las Residencias para situaciones de crisis atienden a dos grupos etarios: hasta 21 a\u00f1os y de 21 a\u00f1os en adelante. Estas residencias ofrecen alojamiento temporal por un m\u00e1ximo de 28 d\u00edas, mientras se estabilizan los s\u00edntomas de una crisis psiqui\u00e1trica. Durante esta breve estad\u00eda de 28 d\u00edas, las personas recibir\u00e1n servicios cl\u00ednicos y de pares para:<\/p>\n<ul>\n<li>restablecer un nivel de funcionamiento y estabilidad que facilite la transici\u00f3n a servicios, apoyos y recursos comunitarios,\u00a0<\/li>\n<li>movilizar recursos y redes de apoyo naturales para abordar las necesidades continuas de tratamiento y recuperaci\u00f3n, previniendo as\u00ed futuras crisis,\u00a0<\/li>\n<li>reducir la intensidad y duraci\u00f3n de las crisis que puedan presentarse,\u00a0<\/li>\n<li>proporcionar un entorno seguro y terap\u00e9utico donde los servicios se ofrezcan desde una perspectiva informada sobre traumas, y sean coherentes con las condiciones y necesidades individuales,<\/li>\n<li>en \u00faltima instancia, se pretende evitar ingresos hospitalarios innecesarios.\u00a0<\/li>\n<\/ul>\n<p><b>Servicios de salud conductual para menores<\/b><\/p>\n<p>(Para obtener m\u00e1s informaci\u00f3n, consulta las <a href=\"https:\/\/amidastg.wpengine.com\/wp-content\/uploads\/2024-Member-Handbook-Eng_061224_web.pdf#page=39\">p\u00e1ginas 38-43<\/a> del <a href=\"https:\/\/amidastg.wpengine.com\/wp-content\/uploads\/2024-Member-Handbook-Eng_061224_web.pdf\">Manual para Socios<\/a> y dir\u00edgete a la secci\u00f3n de Servicios para Menores del sitio web, bajo el apartado \u201cNuestro Plan\u201d).<\/p>\n<ul>\n<li>Servicios de apoyo comunitario para familias:<br \/>\n<a href=\"https:\/\/omh.ny.gov\/omhweb\/bho\/docs\/cftss_brochure_english.pdf\">https:\/\/omh.ny.gov\/omhweb\/bho\/docs\/cftss_brochure_english.pdf<br \/>\n<\/a><a href=\"https:\/\/omh.ny.gov\/omhweb\/bho\/childrensmc\/cftss_spanish.pdf\">https:\/\/omh.ny.gov\/omhweb\/bho\/childrensmc\/cftss_spanish.pdf<\/a><\/li>\n<li>Exenci\u00f3n de Servicios Basados en la Comunidad y el Hogar para Menores (Home and Community Based Services, HCBS):<a href=\"https:\/\/omh.ny.gov\/omhweb\/bho\/docs\/hcbs_brochure_english.pdf\">https:\/\/omh.ny.gov\/omhweb\/bho\/docs\/hcbs_brochure_english.pdf<\/a><a href=\"https:\/\/omh.ny.gov\/omhweb\/bho\/childrensmc\/hcbs_brochure_spanish.pdf\">https:\/\/omh.ny.gov\/omhweb\/bho\/childrensmc\/hcbs_brochure_spanish.pdf<\/a><\/li>\n<\/ul>\n<p><a href=\"https:\/\/www.achievesolutions.net\/achievesolutions\/en\/healthresources\/Content.do?contentId=21484\">Transition Age Youth (TAY): J\u00f3venes en Transici\u00f3n a la Adultez<\/a><\/p>\n<p><a href=\"https:\/\/www.naminycmetro.org\/diagnoses-mental-health\/early-psychosis-and-psychosis\/\">Primer Episodio Psic\u00f3tico (PEP): \u00bfqu\u00e9 es?<\/a><\/p>\n<p><a href=\"http:\/\/www.ontrackny.org\/\">OnTrackNY<\/a>:<br \/>\nOnTrackNY es un innovador programa de tratamiento para adolescentes y j\u00f3venes adultos que han experimentado pensamientos y conductas inusuales, o que han comenzado a escuchar o ver cosas que otros no ven. OnTrackNY ayuda a las personas a alcanzar sus metas escolares, laborales y de relaciones. Los programas se encuentran en todo el estado de New York.<\/p>\n<p>Si necesitas m\u00e1s informaci\u00f3n sobre cualquiera de los servicios enumerados en esta p\u00e1gina, llama a Carelon Behavioral Health al 866-664-7142.<\/p>\n","protected":false},"excerpt":{"rendered":"<p>Salud del comportamiento La atenci\u00f3n de salud conductual incluye servicios de rehabilitaci\u00f3n y tratamiento de salud mental y consumo de sustancias (alcohol y drogas). \u00a0Todos&#8230;<\/p>\n","protected":false},"author":1,"featured_media":0,"parent":554,"menu_order":5,"comment_status":"closed","ping_status":"closed","template":"","meta":{"_acf_changed":false,"footnotes":""},"class_list":["post-803","page","type-page","status-publish","hentry"],"acf":[],"yoast_head":"<!-- This site is optimized with the Yoast SEO plugin v27.3 - https:\/\/yoast.com\/product\/yoast-seo-wordpress\/ -->\n<title>Salud del Comportamiento | Amida Care:Espa\u00f1ol<\/title>\n<meta name=\"description\" content=\"El cuidado de la salud del comportamiento incluye servicios de salud mental y uso de sustancias, y servicios de tratamiento y rehabilitaci\u00f3n.\" class=\"yoast-seo-meta-tag\" \/>\n<meta name=\"robots\" content=\"index, follow, max-snippet:-1, max-image-preview:large, max-video-preview:-1\" \/>\n<link rel=\"canonical\" href=\"https:\/\/www.amidacareny.org\/es\/nuestro-plan-medicaid-live-life-plus\/salud-del-comportamiento\/\" class=\"yoast-seo-meta-tag\" \/>\n<meta property=\"og:locale\" content=\"es_ES\" class=\"yoast-seo-meta-tag\" \/>\n<meta property=\"og:type\" content=\"article\" class=\"yoast-seo-meta-tag\" \/>\n<meta property=\"og:title\" content=\"Salud del Comportamiento\" class=\"yoast-seo-meta-tag\" \/>\n<meta property=\"og:description\" content=\"El cuidado de la salud del comportamiento incluye servicios de salud mental y uso de sustancias (drogas y alcohol), y servicios de tratamiento y rehabilitaci\u00f3n.\" class=\"yoast-seo-meta-tag\" \/>\n<meta property=\"og:url\" content=\"https:\/\/www.amidacareny.org\/es\/nuestro-plan-medicaid-live-life-plus\/salud-del-comportamiento\/\" class=\"yoast-seo-meta-tag\" \/>\n<meta property=\"og:site_name\" content=\"Amida Care: Espanol\" class=\"yoast-seo-meta-tag\" \/>\n<meta property=\"article:modified_time\" content=\"2025-03-14T22:17:03+00:00\" class=\"yoast-seo-meta-tag\" \/>\n<meta property=\"og:image\" content=\"https:\/\/www.amidacareny.org\/wp-content\/uploads\/sites\/2\/Banner-mobile-11.jpg\" class=\"yoast-seo-meta-tag\" \/>\n\t<meta property=\"og:image:width\" content=\"800\" class=\"yoast-seo-meta-tag\" \/>\n\t<meta property=\"og:image:height\" content=\"600\" class=\"yoast-seo-meta-tag\" \/>\n\t<meta property=\"og:image:type\" content=\"image\/jpeg\" class=\"yoast-seo-meta-tag\" \/>\n<meta name=\"twitter:card\" content=\"summary_large_image\" class=\"yoast-seo-meta-tag\" \/>\n<meta name=\"twitter:title\" content=\"Salud del Comportamiento\" class=\"yoast-seo-meta-tag\" \/>\n<meta name=\"twitter:description\" content=\"El cuidado de la salud del comportamiento incluye servicios de salud mental y uso de sustancias (drogas y alcohol), y servicios de tratamiento y rehabilitaci\u00f3n.\" class=\"yoast-seo-meta-tag\" \/>\n<meta name=\"twitter:image\" content=\"https:\/\/www.amidacareny.org\/wp-content\/uploads\/sites\/2\/Banner-mobile-11.jpg\" class=\"yoast-seo-meta-tag\" \/>\n<meta name=\"twitter:label1\" content=\"Tiempo de lectura\" class=\"yoast-seo-meta-tag\" \/>\n\t<meta name=\"twitter:data1\" content=\"4 minutos\" class=\"yoast-seo-meta-tag\" \/>\n<script type=\"application\/ld+json\" class=\"yoast-schema-graph\">{\"@context\":\"https:\\\/\\\/schema.org\",\"@graph\":[{\"@type\":\"WebPage\",\"@id\":\"https:\\\/\\\/www.amidacareny.org\\\/es\\\/nuestro-plan-medicaid-live-life-plus\\\/salud-del-comportamiento\\\/\",\"url\":\"https:\\\/\\\/www.amidacareny.org\\\/es\\\/nuestro-plan-medicaid-live-life-plus\\\/salud-del-comportamiento\\\/\",\"name\":\"Salud del Comportamiento | Amida Care:Espa\u00f1ol\",\"isPartOf\":{\"@id\":\"https:\\\/\\\/www.amidacareny.org\\\/es\\\/#website\"},\"primaryImageOfPage\":{\"@id\":\"https:\\\/\\\/www.amidacareny.org\\\/es\\\/nuestro-plan-medicaid-live-life-plus\\\/salud-del-comportamiento\\\/#primaryimage\"},\"image\":{\"@id\":\"https:\\\/\\\/www.amidacareny.org\\\/es\\\/nuestro-plan-medicaid-live-life-plus\\\/salud-del-comportamiento\\\/#primaryimage\"},\"thumbnailUrl\":\"https:\\\/\\\/www.amidacareny.org\\\/wp-content\\\/uploads\\\/sites\\\/2\\\/Counseling-1-300x200.jpg\",\"datePublished\":\"2016-05-18T16:21:04+00:00\",\"dateModified\":\"2025-03-14T22:17:03+00:00\",\"description\":\"El cuidado de la salud del comportamiento incluye servicios de salud mental y uso de sustancias, y servicios de tratamiento y rehabilitaci\u00f3n.\",\"breadcrumb\":{\"@id\":\"https:\\\/\\\/www.amidacareny.org\\\/es\\\/nuestro-plan-medicaid-live-life-plus\\\/salud-del-comportamiento\\\/#breadcrumb\"},\"inLanguage\":\"es\",\"potentialAction\":[{\"@type\":\"ReadAction\",\"target\":[\"https:\\\/\\\/www.amidacareny.org\\\/es\\\/nuestro-plan-medicaid-live-life-plus\\\/salud-del-comportamiento\\\/\"]}]},{\"@type\":\"ImageObject\",\"inLanguage\":\"es\",\"@id\":\"https:\\\/\\\/www.amidacareny.org\\\/es\\\/nuestro-plan-medicaid-live-life-plus\\\/salud-del-comportamiento\\\/#primaryimage\",\"url\":\"https:\\\/\\\/www.amidacareny.org\\\/wp-content\\\/uploads\\\/sites\\\/2\\\/Counseling-1-300x200.jpg\",\"contentUrl\":\"https:\\\/\\\/www.amidacareny.org\\\/wp-content\\\/uploads\\\/sites\\\/2\\\/Counseling-1-300x200.jpg\"},{\"@type\":\"BreadcrumbList\",\"@id\":\"https:\\\/\\\/www.amidacareny.org\\\/es\\\/nuestro-plan-medicaid-live-life-plus\\\/salud-del-comportamiento\\\/#breadcrumb\",\"itemListElement\":[{\"@type\":\"ListItem\",\"position\":1,\"name\":\"Portada\",\"item\":\"https:\\\/\\\/www.amidacareny.org\\\/es\\\/\"},{\"@type\":\"ListItem\",\"position\":2,\"name\":\"Nuestro Plan Medicaid \u00abLive Life Plus\u00bb\",\"item\":\"https:\\\/\\\/www.amidacareny.org\\\/es\\\/nuestro-plan-medicaid-live-life-plus\\\/\"},{\"@type\":\"ListItem\",\"position\":3,\"name\":\"Salud del Comportamiento\"}]},{\"@type\":\"WebSite\",\"@id\":\"https:\\\/\\\/www.amidacareny.org\\\/es\\\/#website\",\"url\":\"https:\\\/\\\/www.amidacareny.org\\\/es\\\/\",\"name\":\"Amida Care: Espanol\",\"description\":\"Proveedor de planes de salud sin fines de lucro en NYC.\",\"potentialAction\":[{\"@type\":\"SearchAction\",\"target\":{\"@type\":\"EntryPoint\",\"urlTemplate\":\"https:\\\/\\\/www.amidacareny.org\\\/es\\\/?s={search_term_string}\"},\"query-input\":{\"@type\":\"PropertyValueSpecification\",\"valueRequired\":true,\"valueName\":\"search_term_string\"}}],\"inLanguage\":\"es\"}]}<\/script>\n<!-- \/ Yoast SEO plugin. -->","yoast_head_json":{"title":"Salud del Comportamiento | Amida Care:Espa\u00f1ol","description":"El cuidado de la salud del comportamiento incluye servicios de salud mental y uso de sustancias, y servicios de tratamiento y rehabilitaci\u00f3n.","robots":{"index":"index","follow":"follow","max-snippet":"max-snippet:-1","max-image-preview":"max-image-preview:large","max-video-preview":"max-video-preview:-1"},"canonical":"https:\/\/www.amidacareny.org\/es\/nuestro-plan-medicaid-live-life-plus\/salud-del-comportamiento\/","og_locale":"es_ES","og_type":"article","og_title":"Salud del Comportamiento","og_description":"El cuidado de la salud del comportamiento incluye servicios de salud mental y uso de sustancias (drogas y alcohol), y servicios de tratamiento y rehabilitaci\u00f3n.","og_url":"https:\/\/www.amidacareny.org\/es\/nuestro-plan-medicaid-live-life-plus\/salud-del-comportamiento\/","og_site_name":"Amida Care: Espanol","article_modified_time":"2025-03-14T22:17:03+00:00","og_image":[{"width":800,"height":600,"url":"https:\/\/www.amidacareny.org\/wp-content\/uploads\/sites\/2\/Banner-mobile-11.jpg","type":"image\/jpeg"}],"twitter_card":"summary_large_image","twitter_title":"Salud del Comportamiento","twitter_description":"El cuidado de la salud del comportamiento incluye servicios de salud mental y uso de sustancias (drogas y alcohol), y servicios de tratamiento y rehabilitaci\u00f3n.","twitter_image":"https:\/\/www.amidacareny.org\/wp-content\/uploads\/sites\/2\/Banner-mobile-11.jpg","twitter_misc":{"Tiempo de lectura":"4 minutos"},"schema":{"@context":"https:\/\/schema.org","@graph":[{"@type":"WebPage","@id":"https:\/\/www.amidacareny.org\/es\/nuestro-plan-medicaid-live-life-plus\/salud-del-comportamiento\/","url":"https:\/\/www.amidacareny.org\/es\/nuestro-plan-medicaid-live-life-plus\/salud-del-comportamiento\/","name":"Salud del Comportamiento | Amida Care:Espa\u00f1ol","isPartOf":{"@id":"https:\/\/www.amidacareny.org\/es\/#website"},"primaryImageOfPage":{"@id":"https:\/\/www.amidacareny.org\/es\/nuestro-plan-medicaid-live-life-plus\/salud-del-comportamiento\/#primaryimage"},"image":{"@id":"https:\/\/www.amidacareny.org\/es\/nuestro-plan-medicaid-live-life-plus\/salud-del-comportamiento\/#primaryimage"},"thumbnailUrl":"https:\/\/www.amidacareny.org\/wp-content\/uploads\/sites\/2\/Counseling-1-300x200.jpg","datePublished":"2016-05-18T16:21:04+00:00","dateModified":"2025-03-14T22:17:03+00:00","description":"El cuidado de la salud del comportamiento incluye servicios de salud mental y uso de sustancias, y servicios de tratamiento y rehabilitaci\u00f3n.","breadcrumb":{"@id":"https:\/\/www.amidacareny.org\/es\/nuestro-plan-medicaid-live-life-plus\/salud-del-comportamiento\/#breadcrumb"},"inLanguage":"es","potentialAction":[{"@type":"ReadAction","target":["https:\/\/www.amidacareny.org\/es\/nuestro-plan-medicaid-live-life-plus\/salud-del-comportamiento\/"]}]},{"@type":"ImageObject","inLanguage":"es","@id":"https:\/\/www.amidacareny.org\/es\/nuestro-plan-medicaid-live-life-plus\/salud-del-comportamiento\/#primaryimage","url":"https:\/\/www.amidacareny.org\/wp-content\/uploads\/sites\/2\/Counseling-1-300x200.jpg","contentUrl":"https:\/\/www.amidacareny.org\/wp-content\/uploads\/sites\/2\/Counseling-1-300x200.jpg"},{"@type":"BreadcrumbList","@id":"https:\/\/www.amidacareny.org\/es\/nuestro-plan-medicaid-live-life-plus\/salud-del-comportamiento\/#breadcrumb","itemListElement":[{"@type":"ListItem","position":1,"name":"Portada","item":"https:\/\/www.amidacareny.org\/es\/"},{"@type":"ListItem","position":2,"name":"Nuestro Plan Medicaid \u00abLive Life Plus\u00bb","item":"https:\/\/www.amidacareny.org\/es\/nuestro-plan-medicaid-live-life-plus\/"},{"@type":"ListItem","position":3,"name":"Salud del Comportamiento"}]},{"@type":"WebSite","@id":"https:\/\/www.amidacareny.org\/es\/#website","url":"https:\/\/www.amidacareny.org\/es\/","name":"Amida Care: Espanol","description":"Proveedor de planes de salud sin fines de lucro en NYC.","potentialAction":[{"@type":"SearchAction","target":{"@type":"EntryPoint","urlTemplate":"https:\/\/www.amidacareny.org\/es\/?s={search_term_string}"},"query-input":{"@type":"PropertyValueSpecification","valueRequired":true,"valueName":"search_term_string"}}],"inLanguage":"es"}]}},"_links":{"self":[{"href":"https:\/\/www.amidacareny.org\/es\/wp-json\/wp\/v2\/pages\/803","targetHints":{"allow":["GET"]}}],"collection":[{"href":"https:\/\/www.amidacareny.org\/es\/wp-json\/wp\/v2\/pages"}],"about":[{"href":"https:\/\/www.amidacareny.org\/es\/wp-json\/wp\/v2\/types\/page"}],"author":[{"embeddable":true,"href":"https:\/\/www.amidacareny.org\/es\/wp-json\/wp\/v2\/users\/1"}],"replies":[{"embeddable":true,"href":"https:\/\/www.amidacareny.org\/es\/wp-json\/wp\/v2\/comments?post=803"}],"version-history":[{"count":0,"href":"https:\/\/www.amidacareny.org\/es\/wp-json\/wp\/v2\/pages\/803\/revisions"}],"up":[{"embeddable":true,"href":"https:\/\/www.amidacareny.org\/es\/wp-json\/wp\/v2\/pages\/554"}],"wp:attachment":[{"href":"https:\/\/www.amidacareny.org\/es\/wp-json\/wp\/v2\/media?parent=803"}],"curies":[{"name":"wp","href":"https:\/\/api.w.org\/{rel}","templated":true}]}}