{"id":938,"date":"2016-05-23T19:28:42","date_gmt":"2016-05-23T19:28:42","guid":{"rendered":"https:\/\/www.amidacareny.org\/es\/?page_id=938"},"modified":"2023-11-06T17:42:08","modified_gmt":"2023-11-06T22:42:08","slug":"recursos-de-salud","status":"publish","type":"page","link":"https:\/\/www.amidacareny.org\/es\/recursos-de-salud\/","title":{"rendered":"Recursos de Salud"},"content":{"rendered":"<h2><span style=\"color: #902c8e;\">Recursos<\/span><\/h2>\n<ul class=\"two-column\">\n<li><a href=\"https:\/\/www.amidacareny.org\/es\/media-center\/lgbtq-youth-resources-page\/\">Encuentra recursos para los\u00a0j\u00f3venes LGBTQ<\/a><\/li>\n<li><a href=\"https:\/\/www.positivelyaware.com\/hiv-drug-guide\"> Eche un vistazo a la gu\u00eda de drogas contra el VIH de Positively Aware<\/a><\/li>\n<li><a href=\"https:\/\/www.amidacareny.org\/es\/for-members\/health-resources\/amida-care-prep-abcs\/\">Conoce m\u00e1s acerca del PrEP\u00a0(pre-exposure prophylaxis)<\/a><\/li>\n<\/ul>\n<h4><span style=\"color: #902c8e;\">\u00bfEst\u00e1s recibiendo todas las pruebas de salud que puedes recibir para mantenerte lo m\u00e1s saludable posible?<br \/>\n<\/span><\/h4>\n<p>Trae esta lista de cotejo a tu pr\u00f3xima cita con tu proveedor de cuidado primario (PCP):<br \/>\n<strong><a href=\"https:\/\/www.amidacareny.org\/wp-content\/uploads\/Women_Health_Checklist.pdf\" target=\"_blank\" rel=\"noopener noreferrer\">Pruebas de salud para la mujer <\/a><\/strong> | <strong><a href=\"https:\/\/www.amidacareny.org\/wp-content\/uploads\/Men_Health_Checklist.pdf\" target=\"_blank\" rel=\"noopener noreferrer\">Pruebas de salud para los hombres<\/a><\/strong><\/p>\n<h3><span style=\"color: #902c8e;\">Portales de Salud<\/span><\/h3>\n<ul class=\"two-column\">\n<li><a href=\"https:\/\/www.thebody.com\/espanol.html\" target=\"_blank\" rel=\"noopener noreferrer\">The Body: El Recurso Completo para el VIH\/SIDA<\/a><\/li>\n<li><a href=\"https:\/\/www.achievesolutions.net\/achievesolutions\/en\/amidacare\/Home.do\" target=\"_blank\" rel=\"noopener noreferrer\">Amida Care \/ Value Options\u2019 Achieve Solutions<\/a><\/li>\n<li><a href=\"https:\/\/www.hiv-druginteractions.org\/checker\" target=\"_blank\" rel=\"noopener noreferrer\">Interacciones entre Medicamentos con ART<\/a><\/li>\n<li><a href=\"http:\/\/www.cdc.gov\/hepatitis\/hcv\/index.htm\" target=\"_blank\" rel=\"noopener noreferrer\">Hepatitis C (Centro para el Control y la Prevenci\u00f3n de Enfermedades)<\/a><\/li>\n<li><a href=\"http:\/\/www.cdc.gov\/flu\/\" target=\"_blank\" rel=\"noopener noreferrer\">Influenza (Centro para el Control y la Prevenci\u00f3n de Enfermedades)<\/a><\/li>\n<li><a href=\"http:\/\/www.nhlbi.nih.gov\/health-pro\/guidelines\/current\/asthma-guidelines\" target=\"_blank\" rel=\"noopener noreferrer\">Directrices NHLBI para el Diagn\u00f3stico y Manejo del Asma (EPR-3)<\/a><\/li>\n<\/ul>\n<h3><span style=\"color: #902c8e;\">Agencias del Gobierno y Organizaciones Comunitarias*<\/span><\/h3>\n<ul class=\"two-column\">\n<li><a href=\"http:\/\/www1.nyc.gov\/site\/doh\/index.page\" target=\"_blank\" rel=\"noopener noreferrer\">Departamento de Salud e Higiene Mental de la Ciudad de Nueva York<\/a><\/li>\n<li><a href=\"http:\/\/www.health.ny.gov\/diseases\/aids\/\" target=\"_blank\" rel=\"noopener noreferrer\">Instituto del SIDA del Departamento de Salud del Estado de Nueva York<\/a>\n<ul>\n<li><strong><a href=\"https:\/\/www.health.ny.gov\/publications\/0214.pdf\">Preguntas y respuestas acerca del VIH\/SIDA<\/a><\/strong><\/li>\n<li><strong><a href=\"https:\/\/providerdirectory.aidsinstituteny.org\/\">Nuevo directorio de proveedores en l\u00ednea<\/a><\/strong><\/li>\n<\/ul>\n<\/li>\n<li><a href=\"http:\/\/www.health.ny.gov\/health_care\/medicaid\/index.htm\" target=\"_blank\" rel=\"noopener noreferrer\">Informaci\u00f3n para Medicaid del Estado de Nueva York<\/a><\/li>\n<li><a href=\"http:\/\/www.opdv.ny.gov\/\" target=\"_blank\" rel=\"noopener noreferrer\">Oficina para la Prevenci\u00f3n de Violencia Dom\u00e9stica<\/a><\/li>\n<li><a href=\"https:\/\/ocfs.ny.gov\/main\/languages\/spanish.asp\">Recursos en Espa\u00f1ol en el Portal de la Oficina de Servicios para Ni\u00f1os y Familias del Estado de Nueva York<\/a><\/li>\n<li><a href=\"https:\/\/www.omh.ny.gov\/\">Oficina de Salud Mental<\/a><\/li>\n<li><a href=\"https:\/\/www.oasas.ny.gov\/\">Oficina de Alcoholismo y Abuso de Sustancias<\/a><\/li>\n<li><a href=\"https:\/\/www1.nyc.gov\/site\/hra\/help\/hiv-aids-services.page\">Servicios de VIH \/ SIDA<\/a><\/li>\n<li><a href=\"https:\/\/www1.nyc.gov\/site\/hra\/about\/about-hra.page\">Administraci\u00f3n de Recursos Humanos<\/a><\/li>\n<li><a href=\"https:\/\/opwdd.ny.gov\/\">Oficina para Personas con Discapacidades del Desarrollo<\/a><\/li>\n<\/ul>\n<p>*Estas paginas utilizan la aplicaci\u00f3n \u00abGoogle Translate\u00bb, solo tienes que seleccionar el idioma.<\/p>\n<h3><span style=\"color: #902c8e;\">Videos<\/span><\/h3>\n<p>Una de las formas en que en Amida Care damos lo m\u00e1ximo por nuestros socios &#8211; especialmente aquellos que viven con problemas cr\u00f3nicos de salud &#8211; es brindando v\u00eddeos \u00fatiles. T\u00f3mate un momento para disfrutar de estos v\u00eddeos sobre temas como terapia a trav\u00e9s del arte, danza, cocina saludable y yoga.<\/p>\n<p><a class=\"btn\" href=\"https:\/\/www.youtube.com\/user\/AmidaCare\" target=\"_blank\" rel=\"noopener noreferrer\">MIRA LOS VIDEOS<\/a><\/p>\n","protected":false},"excerpt":{"rendered":"<p>Recursos Encuentra recursos para los\u00a0j\u00f3venes LGBTQ Eche un vistazo a la gu\u00eda de drogas contra el VIH de Positively Aware Conoce m\u00e1s acerca del PrEP\u00a0(pre-exposure&#8230;<\/p>\n","protected":false},"author":1,"featured_media":0,"parent":0,"menu_order":8,"comment_status":"closed","ping_status":"closed","template":"resources.php","meta":{"_acf_changed":false,"footnotes":""},"class_list":["post-938","page","type-page","status-publish","hentry"],"acf":[],"yoast_head":"<!-- This site is optimized with the Yoast SEO plugin v27.3 - https:\/\/yoast.com\/product\/yoast-seo-wordpress\/ -->\n<title>Recursos de Salud | Amida Care: Espa\u00f1ol<\/title>\n<meta name=\"description\" content=\"Recursos para el VIH, para LGBTQ , Comprensi\u00f3n Adicci\u00f3n, Educaci\u00f3n sanitaria, Agencias gubernamentales y organizaci\u00f3n de la salud....\" class=\"yoast-seo-meta-tag\" \/>\n<meta name=\"robots\" content=\"index, follow, max-snippet:-1, max-image-preview:large, max-video-preview:-1\" \/>\n<link rel=\"canonical\" href=\"https:\/\/www.amidacareny.org\/es\/recursos-de-salud\/\" class=\"yoast-seo-meta-tag\" \/>\n<meta property=\"og:locale\" content=\"es_ES\" class=\"yoast-seo-meta-tag\" \/>\n<meta property=\"og:type\" content=\"article\" class=\"yoast-seo-meta-tag\" \/>\n<meta property=\"og:title\" content=\"Recursos de Salud | Amida Care: Espa\u00f1ol\" class=\"yoast-seo-meta-tag\" \/>\n<meta property=\"og:description\" content=\"Recursos para el VIH, para LGBTQ , Comprensi\u00f3n Adicci\u00f3n, Educaci\u00f3n sanitaria, Agencias gubernamentales y organizaci\u00f3n de la salud....\" class=\"yoast-seo-meta-tag\" \/>\n<meta property=\"og:url\" content=\"https:\/\/www.amidacareny.org\/es\/recursos-de-salud\/\" class=\"yoast-seo-meta-tag\" \/>\n<meta property=\"og:site_name\" content=\"Amida Care: Espanol\" class=\"yoast-seo-meta-tag\" \/>\n<meta property=\"article:modified_time\" content=\"2023-11-06T22:42:08+00:00\" class=\"yoast-seo-meta-tag\" \/>\n<meta name=\"twitter:card\" content=\"summary_large_image\" class=\"yoast-seo-meta-tag\" \/>\n<meta name=\"twitter:label1\" content=\"Tiempo de lectura\" class=\"yoast-seo-meta-tag\" \/>\n\t<meta name=\"twitter:data1\" content=\"2 minutos\" class=\"yoast-seo-meta-tag\" \/>\n<script type=\"application\/ld+json\" class=\"yoast-schema-graph\">{\"@context\":\"https:\\\/\\\/schema.org\",\"@graph\":[{\"@type\":\"WebPage\",\"@id\":\"https:\\\/\\\/www.amidacareny.org\\\/es\\\/recursos-de-salud\\\/\",\"url\":\"https:\\\/\\\/www.amidacareny.org\\\/es\\\/recursos-de-salud\\\/\",\"name\":\"Recursos de Salud | Amida Care: Espa\u00f1ol\",\"isPartOf\":{\"@id\":\"https:\\\/\\\/www.amidacareny.org\\\/es\\\/#website\"},\"datePublished\":\"2016-05-23T19:28:42+00:00\",\"dateModified\":\"2023-11-06T22:42:08+00:00\",\"description\":\"Recursos para el VIH, para LGBTQ , Comprensi\u00f3n Adicci\u00f3n, Educaci\u00f3n sanitaria, Agencias gubernamentales y organizaci\u00f3n de la salud....\",\"breadcrumb\":{\"@id\":\"https:\\\/\\\/www.amidacareny.org\\\/es\\\/recursos-de-salud\\\/#breadcrumb\"},\"inLanguage\":\"es\",\"potentialAction\":[{\"@type\":\"ReadAction\",\"target\":[\"https:\\\/\\\/www.amidacareny.org\\\/es\\\/recursos-de-salud\\\/\"]}]},{\"@type\":\"BreadcrumbList\",\"@id\":\"https:\\\/\\\/www.amidacareny.org\\\/es\\\/recursos-de-salud\\\/#breadcrumb\",\"itemListElement\":[{\"@type\":\"ListItem\",\"position\":1,\"name\":\"Portada\",\"item\":\"https:\\\/\\\/www.amidacareny.org\\\/es\\\/\"},{\"@type\":\"ListItem\",\"position\":2,\"name\":\"Recursos de Salud\"}]},{\"@type\":\"WebSite\",\"@id\":\"https:\\\/\\\/www.amidacareny.org\\\/es\\\/#website\",\"url\":\"https:\\\/\\\/www.amidacareny.org\\\/es\\\/\",\"name\":\"Amida Care: Espanol\",\"description\":\"Proveedor de planes de salud sin fines de lucro en NYC.\",\"potentialAction\":[{\"@type\":\"SearchAction\",\"target\":{\"@type\":\"EntryPoint\",\"urlTemplate\":\"https:\\\/\\\/www.amidacareny.org\\\/es\\\/?s={search_term_string}\"},\"query-input\":{\"@type\":\"PropertyValueSpecification\",\"valueRequired\":true,\"valueName\":\"search_term_string\"}}],\"inLanguage\":\"es\"}]}<\/script>\n<!-- \/ Yoast SEO plugin. -->","yoast_head_json":{"title":"Recursos de Salud | Amida Care: Espa\u00f1ol","description":"Recursos para el VIH, para LGBTQ , Comprensi\u00f3n Adicci\u00f3n, Educaci\u00f3n sanitaria, Agencias gubernamentales y organizaci\u00f3n de la salud....","robots":{"index":"index","follow":"follow","max-snippet":"max-snippet:-1","max-image-preview":"max-image-preview:large","max-video-preview":"max-video-preview:-1"},"canonical":"https:\/\/www.amidacareny.org\/es\/recursos-de-salud\/","og_locale":"es_ES","og_type":"article","og_title":"Recursos de Salud | Amida Care: Espa\u00f1ol","og_description":"Recursos para el VIH, para LGBTQ , Comprensi\u00f3n Adicci\u00f3n, Educaci\u00f3n sanitaria, Agencias gubernamentales y organizaci\u00f3n de la salud....","og_url":"https:\/\/www.amidacareny.org\/es\/recursos-de-salud\/","og_site_name":"Amida Care: Espanol","article_modified_time":"2023-11-06T22:42:08+00:00","twitter_card":"summary_large_image","twitter_misc":{"Tiempo de lectura":"2 minutos"},"schema":{"@context":"https:\/\/schema.org","@graph":[{"@type":"WebPage","@id":"https:\/\/www.amidacareny.org\/es\/recursos-de-salud\/","url":"https:\/\/www.amidacareny.org\/es\/recursos-de-salud\/","name":"Recursos de Salud | Amida Care: Espa\u00f1ol","isPartOf":{"@id":"https:\/\/www.amidacareny.org\/es\/#website"},"datePublished":"2016-05-23T19:28:42+00:00","dateModified":"2023-11-06T22:42:08+00:00","description":"Recursos para el VIH, para LGBTQ , Comprensi\u00f3n Adicci\u00f3n, Educaci\u00f3n sanitaria, Agencias gubernamentales y organizaci\u00f3n de la salud....","breadcrumb":{"@id":"https:\/\/www.amidacareny.org\/es\/recursos-de-salud\/#breadcrumb"},"inLanguage":"es","potentialAction":[{"@type":"ReadAction","target":["https:\/\/www.amidacareny.org\/es\/recursos-de-salud\/"]}]},{"@type":"BreadcrumbList","@id":"https:\/\/www.amidacareny.org\/es\/recursos-de-salud\/#breadcrumb","itemListElement":[{"@type":"ListItem","position":1,"name":"Portada","item":"https:\/\/www.amidacareny.org\/es\/"},{"@type":"ListItem","position":2,"name":"Recursos de Salud"}]},{"@type":"WebSite","@id":"https:\/\/www.amidacareny.org\/es\/#website","url":"https:\/\/www.amidacareny.org\/es\/","name":"Amida Care: Espanol","description":"Proveedor de planes de salud sin fines de lucro en NYC.","potentialAction":[{"@type":"SearchAction","target":{"@type":"EntryPoint","urlTemplate":"https:\/\/www.amidacareny.org\/es\/?s={search_term_string}"},"query-input":{"@type":"PropertyValueSpecification","valueRequired":true,"valueName":"search_term_string"}}],"inLanguage":"es"}]}},"_links":{"self":[{"href":"https:\/\/www.amidacareny.org\/es\/wp-json\/wp\/v2\/pages\/938","targetHints":{"allow":["GET"]}}],"collection":[{"href":"https:\/\/www.amidacareny.org\/es\/wp-json\/wp\/v2\/pages"}],"about":[{"href":"https:\/\/www.amidacareny.org\/es\/wp-json\/wp\/v2\/types\/page"}],"author":[{"embeddable":true,"href":"https:\/\/www.amidacareny.org\/es\/wp-json\/wp\/v2\/users\/1"}],"replies":[{"embeddable":true,"href":"https:\/\/www.amidacareny.org\/es\/wp-json\/wp\/v2\/comments?post=938"}],"version-history":[{"count":0,"href":"https:\/\/www.amidacareny.org\/es\/wp-json\/wp\/v2\/pages\/938\/revisions"}],"wp:attachment":[{"href":"https:\/\/www.amidacareny.org\/es\/wp-json\/wp\/v2\/media?parent=938"}],"curies":[{"name":"wp","href":"https:\/\/api.w.org\/{rel}","templated":true}]}}